{"id":813,"date":"2017-05-17T19:24:42","date_gmt":"2017-05-17T16:24:42","guid":{"rendered":"http:\/\/pakkoneuloosi86.blogaaja.fi\/?page_id=813"},"modified":"2017-05-17T19:24:42","modified_gmt":"2017-05-17T16:24:42","slug":"kortit-ja-lahjat-paivakodin-tadeille-17-5-17","status":"publish","type":"page","link":"https:\/\/pakkoneuloosi86.blogaaja.fi\/","title":{"rendered":"-Kortit ja lahjat p\u00e4iv\u00e4kodin t\u00e4deille 17.5.17"},"content":{"rendered":"<p>Idean kortteihin sain jostain Facebookin lasten kanssa askartelua-ryhm\u00e4st\u00e4.<\/p>\n<p><em>Tarvitset: Eriv\u00e4risi\u00e4 sormiv\u00e4rej\u00e4, pahvia kortteihin, piparkakkumuotteja, siveltimen<\/em><\/p>\n<p><img loading=\"lazy\" class=\"alignnone size-medium wp-image-812\" src=\"http:\/\/pakkoneuloosi86.blogaaja.fi\/files\/2017\/05\/IMG_20170301_133959-300x169.jpg\" alt=\"\" width=\"300\" height=\"169\" srcset=\"https:\/\/pakkoneuloosi86.blogaaja.fi\/files\/2017\/05\/IMG_20170301_133959-300x169.jpg 300w, https:\/\/pakkoneuloosi86.blogaaja.fi\/files\/2017\/05\/IMG_20170301_133959-768x433.jpg 768w, https:\/\/pakkoneuloosi86.blogaaja.fi\/files\/2017\/05\/IMG_20170301_133959.jpg 1024w\" sizes=\"(max-width: 300px) 100vw, 300px\" \/><\/p>\n<p><img loading=\"lazy\" class=\"alignnone size-medium wp-image-811\" src=\"http:\/\/pakkoneuloosi86.blogaaja.fi\/files\/2017\/05\/IMG_20170301_141317-300x180.jpg\" alt=\"\" width=\"300\" height=\"180\" srcset=\"https:\/\/pakkoneuloosi86.blogaaja.fi\/files\/2017\/05\/IMG_20170301_141317-300x180.jpg 300w, https:\/\/pakkoneuloosi86.blogaaja.fi\/files\/2017\/05\/IMG_20170301_141317-768x462.jpg 768w, https:\/\/pakkoneuloosi86.blogaaja.fi\/files\/2017\/05\/IMG_20170301_141317.jpg 994w\" sizes=\"(max-width: 300px) 100vw, 300px\" \/><\/p>\n<p>Pahvit taitettiin kahtia, jotta korteista tulee ns. 2-osaset. Siveltimen kanssa otettiin v\u00e4ri\u00e4 ja levitettiin sit\u00e4 piparimuotin tyls\u00e4reunaselle puolelle. Sitten painettiin muotti korttiin ja nostettiin pois, jolloin syd\u00e4men \u00e4\u00e4riviivat muodostui pahville.<\/p>\n<p><img loading=\"lazy\" class=\"alignnone size-medium wp-image-810\" src=\"http:\/\/pakkoneuloosi86.blogaaja.fi\/files\/2017\/05\/IMG_20170515_160146-300x209.jpg\" alt=\"\" width=\"300\" height=\"209\" srcset=\"https:\/\/pakkoneuloosi86.blogaaja.fi\/files\/2017\/05\/IMG_20170515_160146-300x209.jpg 300w, https:\/\/pakkoneuloosi86.blogaaja.fi\/files\/2017\/05\/IMG_20170515_160146-768x534.jpg 768w, https:\/\/pakkoneuloosi86.blogaaja.fi\/files\/2017\/05\/IMG_20170515_160146.jpg 1024w\" sizes=\"(max-width: 300px) 100vw, 300px\" \/><\/p>\n<p>Kortin sis\u00e4lle tulostin valkoselle paperille tekstin:<\/p>\n<p><em>Minun yst\u00e4v\u00e4ni on kuin villasukka, joka talvella l\u00e4mmitt\u00e4\u00e4.<\/em><br \/>\n<em>Minun yst\u00e4v\u00e4ni on kuin niitynkukka, joka saa minut hymyilem\u00e4\u00e4n.<\/em><br \/>\n<em>\u00a0\u00a0\u00a0\u00a0 <\/em><br \/>\n<em>\u00a0\u00a0\u00a0 Ota k\u00e4dest\u00e4 kiinni, tule kanssani rantaan, vien sinut katsomaan.<\/em><br \/>\n<em>\u00a0\u00a0\u00a0\u00a0Kuinka aurinko laskee puiden taakse, ja saa <\/em><br \/>\n<em>\u00a0\u00a0\u00a0 taivaan punertamaan.<\/em><br \/>\n<em>\u00a0\u00a0\u00a0\u00a0Min\u00e4 olen viel\u00e4 pikkuinen, ja siksi tahtoisin. Oppia t\u00e4n\u00b4\u00a0<\/em><br \/>\n<em>\u00a0\u00a0\u00a0\u00a0maailman, paljon<\/em><em>\u00a0paremmin.<\/em><br \/>\n<em>\u00a0\u00a0\u00a0 Ja kun m\u00e4 sitten joskus, olen aikuinen. Niin toivon ett\u00e4<\/em><br \/>\n<em>\u00a0\u00a0\u00a0\u00a0oppimasta koskaan lakkaa en.<\/em><\/p>\n<p>Koska p\u00e4iv\u00e4kodin t\u00e4dit saa ne villasukat lahjaks. Poika kirjotti korttiin Kiitos ja oman nimen. Lis\u00e4ksi kirjoitin ja kysyin pojalta kysymykset: Millainen (hoitajan nimi) on? Mik\u00e4 (hoitajassa) on kivaa? Ja mit\u00e4 teette yhdess\u00e4? Alle kirjotin aina pojan vastaukset.<\/p>\n<p>Itse tein viel omasta puolestani kiitoskortit ihan vaan helposti ja yksinkertasesti, sek\u00e4 sis\u00e4lle lis\u00e4sin sukkienhoito-ohjeet.<\/p>\n<p><img loading=\"lazy\" class=\"alignnone size-medium wp-image-808\" src=\"http:\/\/pakkoneuloosi86.blogaaja.fi\/files\/2017\/05\/IMG_20170515_152016-270x300.jpg\" alt=\"\" width=\"270\" height=\"300\" srcset=\"https:\/\/pakkoneuloosi86.blogaaja.fi\/files\/2017\/05\/IMG_20170515_152016-270x300.jpg 270w, https:\/\/pakkoneuloosi86.blogaaja.fi\/files\/2017\/05\/IMG_20170515_152016-768x853.jpg 768w, https:\/\/pakkoneuloosi86.blogaaja.fi\/files\/2017\/05\/IMG_20170515_152016.jpg 922w\" sizes=\"(max-width: 270px) 100vw, 270px\" \/>\u00a0<img loading=\"lazy\" class=\"alignnone size-medium wp-image-807\" src=\"http:\/\/pakkoneuloosi86.blogaaja.fi\/files\/2017\/05\/IMG_20170515_151718-300x146.jpg\" alt=\"\" width=\"300\" height=\"146\" srcset=\"https:\/\/pakkoneuloosi86.blogaaja.fi\/files\/2017\/05\/IMG_20170515_151718-300x146.jpg 300w, https:\/\/pakkoneuloosi86.blogaaja.fi\/files\/2017\/05\/IMG_20170515_151718-768x374.jpg 768w, https:\/\/pakkoneuloosi86.blogaaja.fi\/files\/2017\/05\/IMG_20170515_151718.jpg 1024w\" sizes=\"(max-width: 300px) 100vw, 300px\" \/><\/p>\n<p>Ja yhteisen kortin tein viel\u00e4 ryhm\u00e4n hoitajille, jossa kiitin pojan hoitovuodesta, sek\u00e4 lis\u00e4sin omia ajatuksia, kokemuksia ja tuntemuksia.<\/p>\n<p><img loading=\"lazy\" class=\"alignnone size-medium wp-image-803\" src=\"http:\/\/pakkoneuloosi86.blogaaja.fi\/files\/2017\/05\/yritys-300x146.jpg\" alt=\"\" width=\"300\" height=\"146\" srcset=\"https:\/\/pakkoneuloosi86.blogaaja.fi\/files\/2017\/05\/yritys-300x146.jpg 300w, https:\/\/pakkoneuloosi86.blogaaja.fi\/files\/2017\/05\/yritys.jpg 435w\" sizes=\"(max-width: 300px) 100vw, 300px\" \/><\/p>\n<p>Lopuksi sukat, pojan tekem\u00e4t kortit ja mun tekem\u00e4t kiitoskortit paketoitiin sellofaaniin ja viimeisteltiin lahjanarulla.<\/p>\n<p><img loading=\"lazy\" class=\"alignnone size-medium wp-image-809\" src=\"http:\/\/pakkoneuloosi86.blogaaja.fi\/files\/2017\/05\/IMG_20170515_172528-220x300.jpg\" alt=\"\" width=\"220\" height=\"300\" srcset=\"https:\/\/pakkoneuloosi86.blogaaja.fi\/files\/2017\/05\/IMG_20170515_172528-220x300.jpg 220w, https:\/\/pakkoneuloosi86.blogaaja.fi\/files\/2017\/05\/IMG_20170515_172528.jpg 751w\" sizes=\"(max-width: 220px) 100vw, 220px\" \/><\/p>\n<p>Nyt paketit oottavat maanantaita, jolloin ne siirtyv\u00e4t hoitajille \ud83d\ude42<\/p>\n<p>Nyt t\u00e4\u00e4 kurkkukipunen siirtyy kattomaan eilist\u00e4 Suomen surkein kuski-ohjelmaa, k\u00e4y saunassa l\u00e4mmittelem\u00e4ss\u00e4 ja ottaa kupin teet\u00e4.<\/p>\n<p>Mukavaa iltaa \ud83d\ude42<\/p>\n<p>&lt;3 Heidi<\/p>\n<p>&nbsp;<\/p>\n","protected":false},"excerpt":{"rendered":"<p>Idean kortteihin sain jostain Facebookin lasten kanssa askartelua-ryhm\u00e4st\u00e4. Tarvitset: Eriv\u00e4risi\u00e4 sormiv\u00e4rej\u00e4, pahvia kortteihin, piparkakkumuotteja, siveltimen Pahvit taitettiin kahtia, jotta korteista tulee ns. 2-osaset. Siveltimen kanssa otettiin v\u00e4ri\u00e4 ja levitettiin sit\u00e4 piparimuotin tyls\u00e4reunaselle puolelle. Sitten painettiin muotti korttiin ja nostettiin pois, jolloin syd\u00e4men \u00e4\u00e4riviivat muodostui pahville. Kortin sis\u00e4lle tulostin valkoselle paperille tekstin: Minun yst\u00e4v\u00e4ni on kuin &hellip; <a href=\"https:\/\/pakkoneuloosi86.blogaaja.fi\/\" class=\"more-link\">Jatka artikkeliin <span class=\"screen-reader-text\">-Kortit ja lahjat p\u00e4iv\u00e4kodin t\u00e4deille 17.5.17<\/span><\/a><\/p>\n","protected":false},"author":15737,"featured_media":0,"parent":186,"menu_order":7,"comment_status":"open","ping_status":"closed","template":"","meta":[],"yoast_head":"<!-- This site is optimized with the Yoast SEO plugin v15.6.2 - https:\/\/yoast.com\/wordpress\/plugins\/seo\/ -->\n<title>-Kortit ja lahjat p\u00e4iv\u00e4kodin t\u00e4deille 17.5.17 - Pakkoneulootikon el\u00e4m\u00e4\u00e4<\/title>\n<meta name=\"robots\" content=\"index, follow, max-snippet:-1, max-image-preview:large, max-video-preview:-1\" \/>\n<link rel=\"canonical\" href=\"https:\/\/pakkoneuloosi86.blogaaja.fi\/\" \/>\n<meta property=\"og:locale\" content=\"fi_FI\" \/>\n<meta property=\"og:type\" content=\"article\" \/>\n<meta property=\"og:title\" content=\"-Kortit ja lahjat p\u00e4iv\u00e4kodin t\u00e4deille 17.5.17 - Pakkoneulootikon el\u00e4m\u00e4\u00e4\" \/>\n<meta property=\"og:description\" content=\"Idean kortteihin sain jostain Facebookin lasten kanssa askartelua-ryhm\u00e4st\u00e4. Tarvitset: Eriv\u00e4risi\u00e4 sormiv\u00e4rej\u00e4, pahvia kortteihin, piparkakkumuotteja, siveltimen Pahvit taitettiin kahtia, jotta korteista tulee ns. 2-osaset. Siveltimen kanssa otettiin v\u00e4ri\u00e4 ja levitettiin sit\u00e4 piparimuotin tyls\u00e4reunaselle puolelle. Sitten painettiin muotti korttiin ja nostettiin pois, jolloin syd\u00e4men \u00e4\u00e4riviivat muodostui pahville. Kortin sis\u00e4lle tulostin valkoselle paperille tekstin: Minun yst\u00e4v\u00e4ni on kuin &hellip; Jatka artikkeliin -Kortit ja lahjat p\u00e4iv\u00e4kodin t\u00e4deille 17.5.17\" \/>\n<meta property=\"og:url\" content=\"https:\/\/pakkoneuloosi86.blogaaja.fi\/\" \/>\n<meta property=\"og:site_name\" content=\"Pakkoneulootikon el\u00e4m\u00e4\u00e4\" \/>\n<meta property=\"og:image\" content=\"http:\/\/pakkoneuloosi86.blogaaja.fi\/files\/2017\/05\/IMG_20170301_133959-300x169.jpg\" \/>\n<meta name=\"twitter:card\" content=\"summary_large_image\" \/>\n<meta name=\"twitter:label1\" content=\"Est. reading time\">\n\t<meta name=\"twitter:data1\" content=\"1 minuutti\">\n<script type=\"application\/ld+json\" class=\"yoast-schema-graph\">{\"@context\":\"https:\/\/schema.org\",\"@graph\":[{\"@type\":\"WebSite\",\"@id\":\"https:\/\/pakkoneuloosi86.blogaaja.fi\/#website\",\"url\":\"https:\/\/pakkoneuloosi86.blogaaja.fi\/\",\"name\":\"Pakkoneulootikon el\\u00e4m\\u00e4\\u00e4\",\"description\":\"Asiasta aidanseip\\u00e4\\u00e4seen ja takasin ;)\",\"potentialAction\":[{\"@type\":\"SearchAction\",\"target\":\"https:\/\/pakkoneuloosi86.blogaaja.fi\/?s={search_term_string}\",\"query-input\":\"required name=search_term_string\"}],\"inLanguage\":\"fi\"},{\"@type\":\"ImageObject\",\"@id\":\"https:\/\/pakkoneuloosi86.blogaaja.fi\/#primaryimage\",\"inLanguage\":\"fi\",\"url\":\"http:\/\/pakkoneuloosi86.blogaaja.fi\/files\/2017\/05\/IMG_20170301_133959-300x169.jpg\"},{\"@type\":\"WebPage\",\"@id\":\"https:\/\/pakkoneuloosi86.blogaaja.fi\/#webpage\",\"url\":\"https:\/\/pakkoneuloosi86.blogaaja.fi\/\",\"name\":\"-Kortit ja lahjat p\\u00e4iv\\u00e4kodin t\\u00e4deille 17.5.17 - Pakkoneulootikon el\\u00e4m\\u00e4\\u00e4\",\"isPartOf\":{\"@id\":\"https:\/\/pakkoneuloosi86.blogaaja.fi\/#website\"},\"primaryImageOfPage\":{\"@id\":\"https:\/\/pakkoneuloosi86.blogaaja.fi\/#primaryimage\"},\"datePublished\":\"2017-05-17T16:24:42+00:00\",\"dateModified\":\"2017-05-17T16:24:42+00:00\",\"inLanguage\":\"fi\",\"potentialAction\":[{\"@type\":\"ReadAction\",\"target\":[\"https:\/\/pakkoneuloosi86.blogaaja.fi\/\"]}]}]}<\/script>\n<!-- \/ Yoast SEO plugin. -->","_links":{"self":[{"href":"https:\/\/pakkoneuloosi86.blogaaja.fi\/index.php?rest_route=\/wp\/v2\/pages\/813"}],"collection":[{"href":"https:\/\/pakkoneuloosi86.blogaaja.fi\/index.php?rest_route=\/wp\/v2\/pages"}],"about":[{"href":"https:\/\/pakkoneuloosi86.blogaaja.fi\/index.php?rest_route=\/wp\/v2\/types\/page"}],"author":[{"embeddable":true,"href":"https:\/\/pakkoneuloosi86.blogaaja.fi\/index.php?rest_route=\/wp\/v2\/users\/15737"}],"replies":[{"embeddable":true,"href":"https:\/\/pakkoneuloosi86.blogaaja.fi\/index.php?rest_route=%2Fwp%2Fv2%2Fcomments&post=813"}],"version-history":[{"count":0,"href":"https:\/\/pakkoneuloosi86.blogaaja.fi\/index.php?rest_route=\/wp\/v2\/pages\/813\/revisions"}],"up":[{"embeddable":true,"href":"https:\/\/pakkoneuloosi86.blogaaja.fi\/index.php?rest_route=\/wp\/v2\/pages\/186"}],"wp:attachment":[{"href":"https:\/\/pakkoneuloosi86.blogaaja.fi\/index.php?rest_route=%2Fwp%2Fv2%2Fmedia&parent=813"}],"curies":[{"name":"wp","href":"https:\/\/api.w.org\/{rel}","templated":true}]}}