{"id":802,"date":"2017-05-15T17:56:47","date_gmt":"2017-05-15T14:56:47","guid":{"rendered":"http:\/\/pakkoneuloosi86.blogaaja.fi\/?page_id=802"},"modified":"2017-05-17T19:27:36","modified_gmt":"2017-05-17T16:27:36","slug":"broken-seed-sukat-15-5-17","status":"publish","type":"page","link":"https:\/\/pakkoneuloosi86.blogaaja.fi\/?page_id=802","title":{"rendered":"-Broken seed -sukat 15.5.17"},"content":{"rendered":"<p>Tuossa loppuvuodesta, kun hankaluuksia aiheutti p\u00e4iv\u00e4kodin henkil\u00f6kunnan joulumuistamiset niin pisti miettim\u00e4\u00e4n, ett\u00e4 mit\u00e4 sitten kev\u00e4tjuhlassa. Poika l\u00e4htee syksyll\u00e4 eskariin ja hein\u00e4kuun lopulla p\u00e4\u00e4ttyy p\u00e4iv\u00e4koti. Olis kiva muistaa jotenkin niit\u00e4 ihania p\u00e4iv\u00e4kodin t\u00e4tej\u00e4 pojan ryhm\u00e4ss\u00e4. Yhdest\u00e4 kylm\u00e4st\u00e4 p\u00e4iv\u00e4st\u00e4 se idea l\u00e4hti, neulon niille sukat! Loppuvuodesta ne sukkatalkoot alko. Poika sai p\u00e4\u00e4tt\u00e4\u00e4 mustan tai valkosen pohjav\u00e4rin v\u00e4lill\u00e4 ja siihen lis\u00e4ks p\u00e4\u00e4tt\u00e4\u00e4 toisen v\u00e4rin mit\u00e4 sukkiin laitetaan. Ihanan helposti se lapselta onnistuu. Itelt\u00e4 olis menny ikuisuus v\u00e4riyhdistelm\u00e4n p\u00e4\u00e4tt\u00e4miseen.<\/p>\n<p>T\u00e4mm\u00f6seth\u00e4n niist\u00e4 sukista sit tuli:<\/p>\n<p><img loading=\"lazy\" class=\"alignnone size-medium wp-image-803\" src=\"http:\/\/pakkoneuloosi86.blogaaja.fi\/files\/2017\/05\/yritys-300x146.jpg\" alt=\"\" width=\"300\" height=\"146\" srcset=\"https:\/\/pakkoneuloosi86.blogaaja.fi\/files\/2017\/05\/yritys-300x146.jpg 300w, https:\/\/pakkoneuloosi86.blogaaja.fi\/files\/2017\/05\/yritys.jpg 435w\" sizes=\"(max-width: 300px) 100vw, 300px\" \/><\/p>\n<p>Sukan mallina on k\u00e4ytetty Broken seed-tekniikkaa. Ohjeen l\u00f6yd\u00e4t\u00a0<a href=\"http:\/\/rakkaudestavillasukkiin.blogspot.fi\/2014\/05\/broken-seed-sukat.html?m=1\">t\u00e4\u00e4lt\u00e4<\/a>\u00a0\ud83d\ude42 Toisen sukkaparin j\u00e4lkeen alko jo tylsistytt\u00e4m\u00e4\u00e4n koko malli. Luultavasti en ihan heti n\u00e4iden nelj\u00e4n parin j\u00e4lkeen samalla mallilla tee \ud83d\ude00 Tyytyv\u00e4inen oon kuitenkin tulokseen \ud83d\ude42<\/p>\n<p>Mit\u00e4\u00e4n silmukkalukua en pysty antamaan, kun jokaisessa on v\u00e4h\u00e4n erim\u00e4\u00e4r\u00e4 niit\u00e4 sek\u00e4 kerroksia. Lankana kuitenkin k\u00e4ytin 7 veljest\u00e4.<\/p>\n<p>Valmiit sukat h\u00f6yrytin silitysraudalla.<\/p>\n<p>Nyt ne on sitten sellofaaniin paketoitu kera korttien, mut se onkin sit oma postauksensa \ud83d\ude42<\/p>\n<p>Mukavaa iltaa, nyt kutsuu pojan iltahommat!<\/p>\n<p>&lt;3 Heidi<\/p>\n","protected":false},"excerpt":{"rendered":"<p>Tuossa loppuvuodesta, kun hankaluuksia aiheutti p\u00e4iv\u00e4kodin henkil\u00f6kunnan joulumuistamiset niin pisti miettim\u00e4\u00e4n, ett\u00e4 mit\u00e4 sitten kev\u00e4tjuhlassa. Poika l\u00e4htee syksyll\u00e4 eskariin ja hein\u00e4kuun lopulla p\u00e4\u00e4ttyy p\u00e4iv\u00e4koti. Olis kiva muistaa jotenkin niit\u00e4 ihania p\u00e4iv\u00e4kodin t\u00e4tej\u00e4 pojan ryhm\u00e4ss\u00e4. Yhdest\u00e4 kylm\u00e4st\u00e4 p\u00e4iv\u00e4st\u00e4 se idea l\u00e4hti, neulon niille sukat! Loppuvuodesta ne sukkatalkoot alko. Poika sai p\u00e4\u00e4tt\u00e4\u00e4 mustan tai valkosen pohjav\u00e4rin v\u00e4lill\u00e4 &hellip; <a href=\"https:\/\/pakkoneuloosi86.blogaaja.fi\/?page_id=802\" class=\"more-link\">Jatka artikkeliin <span class=\"screen-reader-text\">-Broken seed -sukat 15.5.17<\/span><\/a><\/p>\n","protected":false},"author":15737,"featured_media":0,"parent":267,"menu_order":8,"comment_status":"closed","ping_status":"closed","template":"","meta":[],"yoast_head":"<!-- This site is optimized with the Yoast SEO plugin v15.6.2 - https:\/\/yoast.com\/wordpress\/plugins\/seo\/ -->\n<title>-Broken seed -sukat 15.5.17 - Pakkoneulootikon el\u00e4m\u00e4\u00e4<\/title>\n<meta name=\"robots\" content=\"index, follow, max-snippet:-1, max-image-preview:large, max-video-preview:-1\" \/>\n<link rel=\"canonical\" href=\"https:\/\/pakkoneuloosi86.blogaaja.fi\/?page_id=802\" \/>\n<meta property=\"og:locale\" content=\"fi_FI\" \/>\n<meta property=\"og:type\" content=\"article\" \/>\n<meta property=\"og:title\" content=\"-Broken seed -sukat 15.5.17 - Pakkoneulootikon el\u00e4m\u00e4\u00e4\" \/>\n<meta property=\"og:description\" content=\"Tuossa loppuvuodesta, kun hankaluuksia aiheutti p\u00e4iv\u00e4kodin henkil\u00f6kunnan joulumuistamiset niin pisti miettim\u00e4\u00e4n, ett\u00e4 mit\u00e4 sitten kev\u00e4tjuhlassa. Poika l\u00e4htee syksyll\u00e4 eskariin ja hein\u00e4kuun lopulla p\u00e4\u00e4ttyy p\u00e4iv\u00e4koti. Olis kiva muistaa jotenkin niit\u00e4 ihania p\u00e4iv\u00e4kodin t\u00e4tej\u00e4 pojan ryhm\u00e4ss\u00e4. Yhdest\u00e4 kylm\u00e4st\u00e4 p\u00e4iv\u00e4st\u00e4 se idea l\u00e4hti, neulon niille sukat! Loppuvuodesta ne sukkatalkoot alko. Poika sai p\u00e4\u00e4tt\u00e4\u00e4 mustan tai valkosen pohjav\u00e4rin v\u00e4lill\u00e4 &hellip; Jatka artikkeliin -Broken seed -sukat 15.5.17\" \/>\n<meta property=\"og:url\" content=\"https:\/\/pakkoneuloosi86.blogaaja.fi\/?page_id=802\" \/>\n<meta property=\"og:site_name\" content=\"Pakkoneulootikon el\u00e4m\u00e4\u00e4\" \/>\n<meta property=\"article:modified_time\" content=\"2017-05-17T16:27:36+00:00\" \/>\n<meta property=\"og:image\" content=\"http:\/\/pakkoneuloosi86.blogaaja.fi\/files\/2017\/05\/yritys-300x146.jpg\" \/>\n<meta name=\"twitter:card\" content=\"summary_large_image\" \/>\n<meta name=\"twitter:label1\" content=\"Est. reading time\">\n\t<meta name=\"twitter:data1\" content=\"1 minuutti\">\n<script type=\"application\/ld+json\" class=\"yoast-schema-graph\">{\"@context\":\"https:\/\/schema.org\",\"@graph\":[{\"@type\":\"WebSite\",\"@id\":\"https:\/\/pakkoneuloosi86.blogaaja.fi\/#website\",\"url\":\"https:\/\/pakkoneuloosi86.blogaaja.fi\/\",\"name\":\"Pakkoneulootikon el\\u00e4m\\u00e4\\u00e4\",\"description\":\"Asiasta aidanseip\\u00e4\\u00e4seen ja takasin ;)\",\"potentialAction\":[{\"@type\":\"SearchAction\",\"target\":\"https:\/\/pakkoneuloosi86.blogaaja.fi\/?s={search_term_string}\",\"query-input\":\"required name=search_term_string\"}],\"inLanguage\":\"fi\"},{\"@type\":\"ImageObject\",\"@id\":\"https:\/\/pakkoneuloosi86.blogaaja.fi\/?page_id=802#primaryimage\",\"inLanguage\":\"fi\",\"url\":\"http:\/\/pakkoneuloosi86.blogaaja.fi\/files\/2017\/05\/yritys-300x146.jpg\"},{\"@type\":\"WebPage\",\"@id\":\"https:\/\/pakkoneuloosi86.blogaaja.fi\/?page_id=802#webpage\",\"url\":\"https:\/\/pakkoneuloosi86.blogaaja.fi\/?page_id=802\",\"name\":\"-Broken seed -sukat 15.5.17 - Pakkoneulootikon el\\u00e4m\\u00e4\\u00e4\",\"isPartOf\":{\"@id\":\"https:\/\/pakkoneuloosi86.blogaaja.fi\/#website\"},\"primaryImageOfPage\":{\"@id\":\"https:\/\/pakkoneuloosi86.blogaaja.fi\/?page_id=802#primaryimage\"},\"datePublished\":\"2017-05-15T14:56:47+00:00\",\"dateModified\":\"2017-05-17T16:27:36+00:00\",\"inLanguage\":\"fi\",\"potentialAction\":[{\"@type\":\"ReadAction\",\"target\":[\"https:\/\/pakkoneuloosi86.blogaaja.fi\/?page_id=802\"]}]}]}<\/script>\n<!-- \/ Yoast SEO plugin. -->","_links":{"self":[{"href":"https:\/\/pakkoneuloosi86.blogaaja.fi\/index.php?rest_route=\/wp\/v2\/pages\/802"}],"collection":[{"href":"https:\/\/pakkoneuloosi86.blogaaja.fi\/index.php?rest_route=\/wp\/v2\/pages"}],"about":[{"href":"https:\/\/pakkoneuloosi86.blogaaja.fi\/index.php?rest_route=\/wp\/v2\/types\/page"}],"author":[{"embeddable":true,"href":"https:\/\/pakkoneuloosi86.blogaaja.fi\/index.php?rest_route=\/wp\/v2\/users\/15737"}],"replies":[{"embeddable":true,"href":"https:\/\/pakkoneuloosi86.blogaaja.fi\/index.php?rest_route=%2Fwp%2Fv2%2Fcomments&post=802"}],"version-history":[{"count":0,"href":"https:\/\/pakkoneuloosi86.blogaaja.fi\/index.php?rest_route=\/wp\/v2\/pages\/802\/revisions"}],"up":[{"embeddable":true,"href":"https:\/\/pakkoneuloosi86.blogaaja.fi\/index.php?rest_route=\/wp\/v2\/pages\/267"}],"wp:attachment":[{"href":"https:\/\/pakkoneuloosi86.blogaaja.fi\/index.php?rest_route=%2Fwp%2Fv2%2Fmedia&parent=802"}],"curies":[{"name":"wp","href":"https:\/\/api.w.org\/{rel}","templated":true}]}}