{"id":795,"date":"2017-05-14T08:52:43","date_gmt":"2017-05-14T05:52:43","guid":{"rendered":"http:\/\/pakkoneuloosi86.blogaaja.fi\/?page_id=795"},"modified":"2017-05-17T19:26:11","modified_gmt":"2017-05-17T16:26:12","slug":"paasiaiskortit-14-5-17","status":"publish","type":"page","link":"https:\/\/pakkoneuloosi86.blogaaja.fi\/?page_id=795","title":{"rendered":"-P\u00e4\u00e4si\u00e4iskortit 14.5.17"},"content":{"rendered":"<p>Kun nuo ilmat nyt on ollu v\u00e4h\u00e4n tommosia ja ennen muuttoa piti saada aika kulumaan, niin p\u00e4\u00e4si\u00e4isen\u00e4 askarreltiin pojan kanssa p\u00e4\u00e4si\u00e4iskortit h\u00e4nen mummille ja kummille.<\/p>\n<p><img loading=\"lazy\" class=\"alignnone size-medium wp-image-794\" src=\"http:\/\/pakkoneuloosi86.blogaaja.fi\/files\/2017\/05\/IMG_20170411_154426-202x300.jpg\" alt=\"\" width=\"202\" height=\"300\" srcset=\"https:\/\/pakkoneuloosi86.blogaaja.fi\/files\/2017\/05\/IMG_20170411_154426-202x300.jpg 202w, https:\/\/pakkoneuloosi86.blogaaja.fi\/files\/2017\/05\/IMG_20170411_154426.jpg 691w\" sizes=\"(max-width: 202px) 100vw, 202px\" \/>\u00a0<img loading=\"lazy\" class=\"alignnone size-medium wp-image-798\" src=\"http:\/\/pakkoneuloosi86.blogaaja.fi\/files\/2017\/05\/IMG_20170514_082427-203x300.jpg\" alt=\"\" width=\"203\" height=\"300\" srcset=\"https:\/\/pakkoneuloosi86.blogaaja.fi\/files\/2017\/05\/IMG_20170514_082427-203x300.jpg 203w, https:\/\/pakkoneuloosi86.blogaaja.fi\/files\/2017\/05\/IMG_20170514_082427.jpg 693w\" sizes=\"(max-width: 203px) 100vw, 203px\" \/><\/p>\n<p><img loading=\"lazy\" class=\"alignnone size-medium wp-image-792\" src=\"http:\/\/pakkoneuloosi86.blogaaja.fi\/files\/2017\/05\/IMG_20170411_154412-196x300.jpg\" alt=\"\" width=\"196\" height=\"300\" srcset=\"https:\/\/pakkoneuloosi86.blogaaja.fi\/files\/2017\/05\/IMG_20170411_154412-196x300.jpg 196w, https:\/\/pakkoneuloosi86.blogaaja.fi\/files\/2017\/05\/IMG_20170411_154412.jpg 670w\" sizes=\"(max-width: 196px) 100vw, 196px\" \/>\u00a0<img loading=\"lazy\" class=\"alignnone size-medium wp-image-797\" src=\"http:\/\/pakkoneuloosi86.blogaaja.fi\/files\/2017\/05\/IMG_20170514_082353-200x300.jpg\" alt=\"\" width=\"200\" height=\"300\" srcset=\"https:\/\/pakkoneuloosi86.blogaaja.fi\/files\/2017\/05\/IMG_20170514_082353-200x300.jpg 200w, https:\/\/pakkoneuloosi86.blogaaja.fi\/files\/2017\/05\/IMG_20170514_082353.jpg 682w\" sizes=\"(max-width: 200px) 100vw, 200px\" \/><\/p>\n<p>Tarvitset: Sormiv\u00e4rej\u00e4, jotain mill\u00e4 t\u00f6p\u00f6tt\u00e4\u00e4 v\u00e4ri\u00e4 jalkapohjaan, tarpeeksi ison kortipohjan jonka saat taitettua kahtia ja johon mahtuu jalkapohjan kuva, askarteluirtosilmi\u00e4, pahvia nokkaa varten, h\u00f6yheni\u00e4, koristeluarvikkeita, liimaa ja kyn\u00e4n kirjottamista varten<\/p>\n<figure id=\"attachment_790\" aria-describedby=\"caption-attachment-790\" style=\"width: 169px\" class=\"wp-caption alignnone\"><img loading=\"lazy\" class=\"size-medium wp-image-790\" src=\"http:\/\/pakkoneuloosi86.blogaaja.fi\/files\/2017\/05\/IMG_20170411_145119-169x300.jpg\" alt=\"\" width=\"169\" height=\"300\" srcset=\"https:\/\/pakkoneuloosi86.blogaaja.fi\/files\/2017\/05\/IMG_20170411_145119-169x300.jpg 169w, https:\/\/pakkoneuloosi86.blogaaja.fi\/files\/2017\/05\/IMG_20170411_145119.jpg 577w\" sizes=\"(max-width: 169px) 100vw, 169px\" \/><figcaption id=\"caption-attachment-790\" class=\"wp-caption-text\">Tarvikkeina Ikean sormiv\u00e4rit, vanhasta patjasta leikattu palat v\u00e4rien t\u00f6p\u00f6tt\u00e4miseen ja tietty pahvia mille tursottaa v\u00e4ri\u00e4.<\/figcaption><\/figure>\n<p>Meill\u00e4 poitsu on jostain syyst\u00e4 innostunu siit\u00e4, et jalkapohjia maalataan. Toki siin\u00e4 on omat haasteensa, kun kaveri kikattaa ja kiemurtelee, kun kutittaa \ud83d\ude00<\/p>\n<figure id=\"attachment_789\" aria-describedby=\"caption-attachment-789\" style=\"width: 136px\" class=\"wp-caption alignnone\"><img loading=\"lazy\" class=\"size-medium wp-image-789\" src=\"http:\/\/pakkoneuloosi86.blogaaja.fi\/files\/2017\/05\/IMG_20170411_150155-136x300.jpg\" alt=\"\" width=\"136\" height=\"300\" srcset=\"https:\/\/pakkoneuloosi86.blogaaja.fi\/files\/2017\/05\/IMG_20170411_150155-136x300.jpg 136w, https:\/\/pakkoneuloosi86.blogaaja.fi\/files\/2017\/05\/IMG_20170411_150155.jpg 465w\" sizes=\"(max-width: 136px) 100vw, 136px\" \/><figcaption id=\"caption-attachment-789\" class=\"wp-caption-text\">Tarvittiin my\u00f6s yksi jalka, kokoa 30 \ud83d\ude00<span style=\"color: #333333;font-family: 'Noto Serif', serif;font-size: 17px\">\u00a0<\/span><\/figcaption><\/figure>\n<p>Meill\u00e4 k\u00e4ytettiin valkosta pahvia. Pahvin taitoin kahtia ja piirsin kananmunan \u00e4\u00e4riviivat. Poika leikkasi kananmunan irti \u00e4\u00e4riviivoja pitkin. Huom! Leikatkaa niin, ett\u00e4 osa taitekohdasta j\u00e4\u00e4 leikkaamatta jolloin kortista tulee aukeava. Olipahan selkeesti selitetty \ud83d\ude00<\/p>\n<p>Koristelkaa kananmuna p\u00e4\u00e4lt\u00e4 miten ja mill\u00e4 tavalla vaan ikin\u00e4 haluatte. Anna kuivua tovi.<\/p>\n<p>Maalaa jalkapohja maalilla, avaa kortti ja paina jalkapohjan kuva kortin sis\u00e4puolelle. Kun maali on kuivunut liimataan silm\u00e4t, lapsen leikkaama nokka ja h\u00f6yhen, sek\u00e4 kirjotetaan p\u00e4\u00e4si\u00e4istoivotukset. Ja annetaan taas kuivua.<\/p>\n<p>&nbsp;<\/p>\n<p>Poitsu oli my\u00f6s ollu ennen p\u00e4\u00e4si\u00e4ist\u00e4 kummeillaan iltap\u00e4iv\u00e4ll\u00e4 kyl\u00e4ss\u00e4, jolloin oli saanu suklaamunia toisen kumminsa vanhemmilta. P\u00e4\u00e4tettiin tehd\u00e4 viel\u00e4 yks kortti, jonka sitten ite toimitin heid\u00e4n postiaatikkoon p\u00e4\u00e4si\u00e4isen\u00e4.<\/p>\n<p><img loading=\"lazy\" class=\"alignnone size-medium wp-image-799\" src=\"http:\/\/pakkoneuloosi86.blogaaja.fi\/files\/2017\/05\/IMG_20170514_082542-232x300.jpg\" alt=\"\" width=\"232\" height=\"300\" srcset=\"https:\/\/pakkoneuloosi86.blogaaja.fi\/files\/2017\/05\/IMG_20170514_082542-232x300.jpg 232w, https:\/\/pakkoneuloosi86.blogaaja.fi\/files\/2017\/05\/IMG_20170514_082542.jpg 274w\" sizes=\"(max-width: 232px) 100vw, 232px\" \/>\u00a0<img loading=\"lazy\" class=\"alignnone size-medium wp-image-796\" src=\"http:\/\/pakkoneuloosi86.blogaaja.fi\/files\/2017\/05\/IMG_20170514_081517-300x222.jpg\" alt=\"\" width=\"300\" height=\"222\" srcset=\"https:\/\/pakkoneuloosi86.blogaaja.fi\/files\/2017\/05\/IMG_20170514_081517-300x222.jpg 300w, https:\/\/pakkoneuloosi86.blogaaja.fi\/files\/2017\/05\/IMG_20170514_081517-768x569.jpg 768w, https:\/\/pakkoneuloosi86.blogaaja.fi\/files\/2017\/05\/IMG_20170514_081517.jpg 1024w\" sizes=\"(max-width: 300px) 100vw, 300px\" \/><\/p>\n<p>Askartelu on meill\u00e4 kyll\u00e4 ihan hitti! Sek\u00e4 pojalta, ett\u00e4 multa l\u00f6ytyy omat askartelulaatikot \ud83d\ude09<\/p>\n<p>Ihanaa \u00e4itienp\u00e4iv\u00e4\u00e4 jokaiselle \u00e4idille &lt;3 ja viett\u00e4k\u00e4\u00e4 oikein rento sununtai \ud83d\ude42 Sairastupa kuittaa!<\/p>\n<p>&lt;3 Heidi<\/p>\n<p>Ps. Kuumaliimapyssy on ihan pop! \ud83d\ude42<\/p>\n","protected":false},"excerpt":{"rendered":"<p>Kun nuo ilmat nyt on ollu v\u00e4h\u00e4n tommosia ja ennen muuttoa piti saada aika kulumaan, niin p\u00e4\u00e4si\u00e4isen\u00e4 askarreltiin pojan kanssa p\u00e4\u00e4si\u00e4iskortit h\u00e4nen mummille ja kummille. \u00a0 \u00a0 Tarvitset: Sormiv\u00e4rej\u00e4, jotain mill\u00e4 t\u00f6p\u00f6tt\u00e4\u00e4 v\u00e4ri\u00e4 jalkapohjaan, tarpeeksi ison kortipohjan jonka saat taitettua kahtia ja johon mahtuu jalkapohjan kuva, askarteluirtosilmi\u00e4, pahvia nokkaa varten, h\u00f6yheni\u00e4, koristeluarvikkeita, liimaa ja kyn\u00e4n &hellip; <a href=\"https:\/\/pakkoneuloosi86.blogaaja.fi\/?page_id=795\" class=\"more-link\">Jatka artikkeliin <span class=\"screen-reader-text\">-P\u00e4\u00e4si\u00e4iskortit 14.5.17<\/span><\/a><\/p>\n","protected":false},"author":15737,"featured_media":0,"parent":186,"menu_order":6,"comment_status":"closed","ping_status":"closed","template":"","meta":[],"yoast_head":"<!-- This site is optimized with the Yoast SEO plugin v15.6.2 - https:\/\/yoast.com\/wordpress\/plugins\/seo\/ -->\n<title>-P\u00e4\u00e4si\u00e4iskortit 14.5.17 - Pakkoneulootikon el\u00e4m\u00e4\u00e4<\/title>\n<meta name=\"robots\" content=\"index, follow, max-snippet:-1, max-image-preview:large, max-video-preview:-1\" \/>\n<link rel=\"canonical\" href=\"https:\/\/pakkoneuloosi86.blogaaja.fi\/?page_id=795\" \/>\n<meta property=\"og:locale\" content=\"fi_FI\" \/>\n<meta property=\"og:type\" content=\"article\" \/>\n<meta property=\"og:title\" content=\"-P\u00e4\u00e4si\u00e4iskortit 14.5.17 - Pakkoneulootikon el\u00e4m\u00e4\u00e4\" \/>\n<meta property=\"og:description\" content=\"Kun nuo ilmat nyt on ollu v\u00e4h\u00e4n tommosia ja ennen muuttoa piti saada aika kulumaan, niin p\u00e4\u00e4si\u00e4isen\u00e4 askarreltiin pojan kanssa p\u00e4\u00e4si\u00e4iskortit h\u00e4nen mummille ja kummille. \u00a0 \u00a0 Tarvitset: Sormiv\u00e4rej\u00e4, jotain mill\u00e4 t\u00f6p\u00f6tt\u00e4\u00e4 v\u00e4ri\u00e4 jalkapohjaan, tarpeeksi ison kortipohjan jonka saat taitettua kahtia ja johon mahtuu jalkapohjan kuva, askarteluirtosilmi\u00e4, pahvia nokkaa varten, h\u00f6yheni\u00e4, koristeluarvikkeita, liimaa ja kyn\u00e4n &hellip; Jatka artikkeliin -P\u00e4\u00e4si\u00e4iskortit 14.5.17\" \/>\n<meta property=\"og:url\" content=\"https:\/\/pakkoneuloosi86.blogaaja.fi\/?page_id=795\" \/>\n<meta property=\"og:site_name\" content=\"Pakkoneulootikon el\u00e4m\u00e4\u00e4\" \/>\n<meta property=\"article:modified_time\" content=\"2017-05-17T16:26:12+00:00\" \/>\n<meta property=\"og:image\" content=\"http:\/\/pakkoneuloosi86.blogaaja.fi\/files\/2017\/05\/IMG_20170411_154426-202x300.jpg\" \/>\n<meta name=\"twitter:card\" content=\"summary_large_image\" \/>\n<meta name=\"twitter:label1\" content=\"Est. reading time\">\n\t<meta name=\"twitter:data1\" content=\"1 minuutti\">\n<script type=\"application\/ld+json\" class=\"yoast-schema-graph\">{\"@context\":\"https:\/\/schema.org\",\"@graph\":[{\"@type\":\"WebSite\",\"@id\":\"https:\/\/pakkoneuloosi86.blogaaja.fi\/#website\",\"url\":\"https:\/\/pakkoneuloosi86.blogaaja.fi\/\",\"name\":\"Pakkoneulootikon el\\u00e4m\\u00e4\\u00e4\",\"description\":\"Asiasta aidanseip\\u00e4\\u00e4seen ja takasin ;)\",\"potentialAction\":[{\"@type\":\"SearchAction\",\"target\":\"https:\/\/pakkoneuloosi86.blogaaja.fi\/?s={search_term_string}\",\"query-input\":\"required name=search_term_string\"}],\"inLanguage\":\"fi\"},{\"@type\":\"ImageObject\",\"@id\":\"https:\/\/pakkoneuloosi86.blogaaja.fi\/?page_id=795#primaryimage\",\"inLanguage\":\"fi\",\"url\":\"http:\/\/pakkoneuloosi86.blogaaja.fi\/files\/2017\/05\/IMG_20170411_154426-202x300.jpg\"},{\"@type\":\"WebPage\",\"@id\":\"https:\/\/pakkoneuloosi86.blogaaja.fi\/?page_id=795#webpage\",\"url\":\"https:\/\/pakkoneuloosi86.blogaaja.fi\/?page_id=795\",\"name\":\"-P\\u00e4\\u00e4si\\u00e4iskortit 14.5.17 - Pakkoneulootikon el\\u00e4m\\u00e4\\u00e4\",\"isPartOf\":{\"@id\":\"https:\/\/pakkoneuloosi86.blogaaja.fi\/#website\"},\"primaryImageOfPage\":{\"@id\":\"https:\/\/pakkoneuloosi86.blogaaja.fi\/?page_id=795#primaryimage\"},\"datePublished\":\"2017-05-14T05:52:43+00:00\",\"dateModified\":\"2017-05-17T16:26:12+00:00\",\"inLanguage\":\"fi\",\"potentialAction\":[{\"@type\":\"ReadAction\",\"target\":[\"https:\/\/pakkoneuloosi86.blogaaja.fi\/?page_id=795\"]}]}]}<\/script>\n<!-- \/ Yoast SEO plugin. -->","_links":{"self":[{"href":"https:\/\/pakkoneuloosi86.blogaaja.fi\/index.php?rest_route=\/wp\/v2\/pages\/795"}],"collection":[{"href":"https:\/\/pakkoneuloosi86.blogaaja.fi\/index.php?rest_route=\/wp\/v2\/pages"}],"about":[{"href":"https:\/\/pakkoneuloosi86.blogaaja.fi\/index.php?rest_route=\/wp\/v2\/types\/page"}],"author":[{"embeddable":true,"href":"https:\/\/pakkoneuloosi86.blogaaja.fi\/index.php?rest_route=\/wp\/v2\/users\/15737"}],"replies":[{"embeddable":true,"href":"https:\/\/pakkoneuloosi86.blogaaja.fi\/index.php?rest_route=%2Fwp%2Fv2%2Fcomments&post=795"}],"version-history":[{"count":0,"href":"https:\/\/pakkoneuloosi86.blogaaja.fi\/index.php?rest_route=\/wp\/v2\/pages\/795\/revisions"}],"up":[{"embeddable":true,"href":"https:\/\/pakkoneuloosi86.blogaaja.fi\/index.php?rest_route=\/wp\/v2\/pages\/186"}],"wp:attachment":[{"href":"https:\/\/pakkoneuloosi86.blogaaja.fi\/index.php?rest_route=%2Fwp%2Fv2%2Fmedia&parent=795"}],"curies":[{"name":"wp","href":"https:\/\/api.w.org\/{rel}","templated":true}]}}