{"id":783,"date":"2017-05-13T21:04:31","date_gmt":"2017-05-13T18:04:31","guid":{"rendered":"http:\/\/pakkoneuloosi86.blogaaja.fi\/?page_id=783"},"modified":"2017-05-13T21:06:33","modified_gmt":"2017-05-13T18:06:33","slug":"heidin-keittiosa-13-5-17","status":"publish","type":"page","link":"https:\/\/pakkoneuloosi86.blogaaja.fi\/?page_id=783","title":{"rendered":"Heidin keitti\u00f6ss\u00e4"},"content":{"rendered":"<p>T\u00e4n otsikon alta tulee l\u00f6ytym\u00e4\u00e4n juttuja mun keitti\u00f6ss\u00e4 riehumisesta \ud83d\ude00<\/p>\n","protected":false},"excerpt":{"rendered":"<p>T\u00e4n otsikon alta tulee l\u00f6ytym\u00e4\u00e4n juttuja mun keitti\u00f6ss\u00e4 riehumisesta \ud83d\ude00<\/p>\n","protected":false},"author":15737,"featured_media":0,"parent":0,"menu_order":0,"comment_status":"open","ping_status":"closed","template":"","meta":[],"yoast_head":"<!-- This site is optimized with the Yoast SEO plugin v15.6.2 - https:\/\/yoast.com\/wordpress\/plugins\/seo\/ -->\n<title>Heidin keitti\u00f6ss\u00e4 - Pakkoneulootikon el\u00e4m\u00e4\u00e4<\/title>\n<meta name=\"robots\" content=\"index, follow, max-snippet:-1, max-image-preview:large, max-video-preview:-1\" \/>\n<link rel=\"canonical\" href=\"https:\/\/pakkoneuloosi86.blogaaja.fi\/?page_id=783\" \/>\n<meta property=\"og:locale\" content=\"fi_FI\" \/>\n<meta property=\"og:type\" content=\"article\" \/>\n<meta property=\"og:title\" content=\"Heidin keitti\u00f6ss\u00e4 - Pakkoneulootikon el\u00e4m\u00e4\u00e4\" \/>\n<meta property=\"og:description\" content=\"T\u00e4n otsikon alta tulee l\u00f6ytym\u00e4\u00e4n juttuja mun keitti\u00f6ss\u00e4 riehumisesta \ud83d\ude00\" \/>\n<meta property=\"og:url\" content=\"https:\/\/pakkoneuloosi86.blogaaja.fi\/?page_id=783\" \/>\n<meta property=\"og:site_name\" content=\"Pakkoneulootikon el\u00e4m\u00e4\u00e4\" \/>\n<meta property=\"article:modified_time\" content=\"2017-05-13T18:06:33+00:00\" \/>\n<meta name=\"twitter:card\" content=\"summary_large_image\" \/>\n<script type=\"application\/ld+json\" class=\"yoast-schema-graph\">{\"@context\":\"https:\/\/schema.org\",\"@graph\":[{\"@type\":\"WebSite\",\"@id\":\"https:\/\/pakkoneuloosi86.blogaaja.fi\/#website\",\"url\":\"https:\/\/pakkoneuloosi86.blogaaja.fi\/\",\"name\":\"Pakkoneulootikon el\\u00e4m\\u00e4\\u00e4\",\"description\":\"Asiasta aidanseip\\u00e4\\u00e4seen ja takasin ;)\",\"potentialAction\":[{\"@type\":\"SearchAction\",\"target\":\"https:\/\/pakkoneuloosi86.blogaaja.fi\/?s={search_term_string}\",\"query-input\":\"required name=search_term_string\"}],\"inLanguage\":\"fi\"},{\"@type\":\"WebPage\",\"@id\":\"https:\/\/pakkoneuloosi86.blogaaja.fi\/?page_id=783#webpage\",\"url\":\"https:\/\/pakkoneuloosi86.blogaaja.fi\/?page_id=783\",\"name\":\"Heidin keitti\\u00f6ss\\u00e4 - Pakkoneulootikon el\\u00e4m\\u00e4\\u00e4\",\"isPartOf\":{\"@id\":\"https:\/\/pakkoneuloosi86.blogaaja.fi\/#website\"},\"datePublished\":\"2017-05-13T18:04:31+00:00\",\"dateModified\":\"2017-05-13T18:06:33+00:00\",\"inLanguage\":\"fi\",\"potentialAction\":[{\"@type\":\"ReadAction\",\"target\":[\"https:\/\/pakkoneuloosi86.blogaaja.fi\/?page_id=783\"]}]}]}<\/script>\n<!-- \/ Yoast SEO plugin. -->","_links":{"self":[{"href":"https:\/\/pakkoneuloosi86.blogaaja.fi\/index.php?rest_route=\/wp\/v2\/pages\/783"}],"collection":[{"href":"https:\/\/pakkoneuloosi86.blogaaja.fi\/index.php?rest_route=\/wp\/v2\/pages"}],"about":[{"href":"https:\/\/pakkoneuloosi86.blogaaja.fi\/index.php?rest_route=\/wp\/v2\/types\/page"}],"author":[{"embeddable":true,"href":"https:\/\/pakkoneuloosi86.blogaaja.fi\/index.php?rest_route=\/wp\/v2\/users\/15737"}],"replies":[{"embeddable":true,"href":"https:\/\/pakkoneuloosi86.blogaaja.fi\/index.php?rest_route=%2Fwp%2Fv2%2Fcomments&post=783"}],"version-history":[{"count":0,"href":"https:\/\/pakkoneuloosi86.blogaaja.fi\/index.php?rest_route=\/wp\/v2\/pages\/783\/revisions"}],"wp:attachment":[{"href":"https:\/\/pakkoneuloosi86.blogaaja.fi\/index.php?rest_route=%2Fwp%2Fv2%2Fmedia&parent=783"}],"curies":[{"name":"wp","href":"https:\/\/api.w.org\/{rel}","templated":true}]}}