{"id":767,"date":"2017-05-13T20:27:41","date_gmt":"2017-05-13T17:27:41","guid":{"rendered":"http:\/\/pakkoneuloosi86.blogaaja.fi\/?page_id=767"},"modified":"2017-05-17T19:26:28","modified_gmt":"2017-05-17T16:26:28","slug":"mustekalakortti-13-5-17","status":"publish","type":"page","link":"https:\/\/pakkoneuloosi86.blogaaja.fi\/?page_id=767","title":{"rendered":"-Mustekalakortti 13.5.17"},"content":{"rendered":"<p>Pikkasen on j\u00e4\u00e4ny t\u00e4m\u00e4 blogin kirjottelu viime aikoina. Suurimpana syyn\u00e4 lienee ollu muuttohommat ja kev\u00e4\u00e4ll\u00e4 vaivannu tajuton v\u00e4symys. Ja jossain kohtaa ehk\u00e4 intokin v\u00e4h\u00e4n lopahti. Mutta nyt linjoilla taas, tosin sairastuvalta iltaa. Pojalle nosti torstaina kuumeen iltap\u00e4iv\u00e4ll\u00e4, yskii ja aivastelee. Toivottavasti on pian ohi!<\/p>\n<p>Poitsun kanssa askarreltiin avopuolison veljenpojalle kortti tuossa taannoin.<\/p>\n<p><img loading=\"lazy\" class=\"alignnone size-medium wp-image-769\" src=\"http:\/\/pakkoneuloosi86.blogaaja.fi\/files\/2017\/05\/IMG_20170507_114716-300x209.jpg\" alt=\"\" width=\"300\" height=\"209\" srcset=\"https:\/\/pakkoneuloosi86.blogaaja.fi\/files\/2017\/05\/IMG_20170507_114716-300x209.jpg 300w, https:\/\/pakkoneuloosi86.blogaaja.fi\/files\/2017\/05\/IMG_20170507_114716-768x535.jpg 768w, https:\/\/pakkoneuloosi86.blogaaja.fi\/files\/2017\/05\/IMG_20170507_114716.jpg 1024w\" sizes=\"(max-width: 300px) 100vw, 300px\" \/><\/p>\n<p>Mustekalat tehtiin levitt\u00e4m\u00e4ll\u00e4 maalia pojan k\u00e4mmeniin ja painamalla k\u00e4mmen pahviin. V\u00e4rien k\u00e4yt\u00f6ss\u00e4h\u00e4n vaan taivas ja mielikuvitus on rajana. Miten makee tulis joka lonkero olis eriv\u00e4rinen? \ud83d\ude09 \u00a0Poitsu valitsi keltasen ja punasen. Kalat on mun leikkaamat ja suut mun piirt\u00e4m\u00e4t, sek\u00e4 kuplina k\u00e4ytetyt blinblingit on mun liimaamat, mutta muuten poitsu on toteuttanu ty\u00f6n itte \ud83d\ude42 \u00a0Helppo, nopee ja kiva tehd\u00e4 \ud83d\ude42<\/p>\n<p>Mukavaa lauantai-iltaa itse kullekkin!<\/p>\n<p>&lt;3 Heidi<\/p>\n","protected":false},"excerpt":{"rendered":"<p>Pikkasen on j\u00e4\u00e4ny t\u00e4m\u00e4 blogin kirjottelu viime aikoina. Suurimpana syyn\u00e4 lienee ollu muuttohommat ja kev\u00e4\u00e4ll\u00e4 vaivannu tajuton v\u00e4symys. Ja jossain kohtaa ehk\u00e4 intokin v\u00e4h\u00e4n lopahti. Mutta nyt linjoilla taas, tosin sairastuvalta iltaa. Pojalle nosti torstaina kuumeen iltap\u00e4iv\u00e4ll\u00e4, yskii ja aivastelee. Toivottavasti on pian ohi! Poitsun kanssa askarreltiin avopuolison veljenpojalle kortti tuossa taannoin. Mustekalat tehtiin levitt\u00e4m\u00e4ll\u00e4 &hellip; <a href=\"https:\/\/pakkoneuloosi86.blogaaja.fi\/?page_id=767\" class=\"more-link\">Jatka artikkeliin <span class=\"screen-reader-text\">-Mustekalakortti 13.5.17<\/span><\/a><\/p>\n","protected":false},"author":15737,"featured_media":0,"parent":186,"menu_order":5,"comment_status":"open","ping_status":"closed","template":"","meta":[],"yoast_head":"<!-- This site is optimized with the Yoast SEO plugin v15.6.2 - https:\/\/yoast.com\/wordpress\/plugins\/seo\/ -->\n<title>-Mustekalakortti 13.5.17 - Pakkoneulootikon el\u00e4m\u00e4\u00e4<\/title>\n<meta name=\"robots\" content=\"index, follow, max-snippet:-1, max-image-preview:large, max-video-preview:-1\" \/>\n<link rel=\"canonical\" href=\"https:\/\/pakkoneuloosi86.blogaaja.fi\/?page_id=767\" \/>\n<meta property=\"og:locale\" content=\"fi_FI\" \/>\n<meta property=\"og:type\" content=\"article\" \/>\n<meta property=\"og:title\" content=\"-Mustekalakortti 13.5.17 - Pakkoneulootikon el\u00e4m\u00e4\u00e4\" \/>\n<meta property=\"og:description\" content=\"Pikkasen on j\u00e4\u00e4ny t\u00e4m\u00e4 blogin kirjottelu viime aikoina. Suurimpana syyn\u00e4 lienee ollu muuttohommat ja kev\u00e4\u00e4ll\u00e4 vaivannu tajuton v\u00e4symys. Ja jossain kohtaa ehk\u00e4 intokin v\u00e4h\u00e4n lopahti. Mutta nyt linjoilla taas, tosin sairastuvalta iltaa. Pojalle nosti torstaina kuumeen iltap\u00e4iv\u00e4ll\u00e4, yskii ja aivastelee. Toivottavasti on pian ohi! Poitsun kanssa askarreltiin avopuolison veljenpojalle kortti tuossa taannoin. Mustekalat tehtiin levitt\u00e4m\u00e4ll\u00e4 &hellip; Jatka artikkeliin -Mustekalakortti 13.5.17\" \/>\n<meta property=\"og:url\" content=\"https:\/\/pakkoneuloosi86.blogaaja.fi\/?page_id=767\" \/>\n<meta property=\"og:site_name\" content=\"Pakkoneulootikon el\u00e4m\u00e4\u00e4\" \/>\n<meta property=\"article:modified_time\" content=\"2017-05-17T16:26:28+00:00\" \/>\n<meta property=\"og:image\" content=\"http:\/\/pakkoneuloosi86.blogaaja.fi\/files\/2017\/05\/IMG_20170507_114716-300x209.jpg\" \/>\n<meta name=\"twitter:card\" content=\"summary_large_image\" \/>\n<meta name=\"twitter:label1\" content=\"Est. reading time\">\n\t<meta name=\"twitter:data1\" content=\"1 minuutti\">\n<script type=\"application\/ld+json\" class=\"yoast-schema-graph\">{\"@context\":\"https:\/\/schema.org\",\"@graph\":[{\"@type\":\"WebSite\",\"@id\":\"https:\/\/pakkoneuloosi86.blogaaja.fi\/#website\",\"url\":\"https:\/\/pakkoneuloosi86.blogaaja.fi\/\",\"name\":\"Pakkoneulootikon el\\u00e4m\\u00e4\\u00e4\",\"description\":\"Asiasta aidanseip\\u00e4\\u00e4seen ja takasin ;)\",\"potentialAction\":[{\"@type\":\"SearchAction\",\"target\":\"https:\/\/pakkoneuloosi86.blogaaja.fi\/?s={search_term_string}\",\"query-input\":\"required name=search_term_string\"}],\"inLanguage\":\"fi\"},{\"@type\":\"ImageObject\",\"@id\":\"https:\/\/pakkoneuloosi86.blogaaja.fi\/?page_id=767#primaryimage\",\"inLanguage\":\"fi\",\"url\":\"http:\/\/pakkoneuloosi86.blogaaja.fi\/files\/2017\/05\/IMG_20170507_114716-300x209.jpg\"},{\"@type\":\"WebPage\",\"@id\":\"https:\/\/pakkoneuloosi86.blogaaja.fi\/?page_id=767#webpage\",\"url\":\"https:\/\/pakkoneuloosi86.blogaaja.fi\/?page_id=767\",\"name\":\"-Mustekalakortti 13.5.17 - Pakkoneulootikon el\\u00e4m\\u00e4\\u00e4\",\"isPartOf\":{\"@id\":\"https:\/\/pakkoneuloosi86.blogaaja.fi\/#website\"},\"primaryImageOfPage\":{\"@id\":\"https:\/\/pakkoneuloosi86.blogaaja.fi\/?page_id=767#primaryimage\"},\"datePublished\":\"2017-05-13T17:27:41+00:00\",\"dateModified\":\"2017-05-17T16:26:28+00:00\",\"inLanguage\":\"fi\",\"potentialAction\":[{\"@type\":\"ReadAction\",\"target\":[\"https:\/\/pakkoneuloosi86.blogaaja.fi\/?page_id=767\"]}]}]}<\/script>\n<!-- \/ Yoast SEO plugin. -->","_links":{"self":[{"href":"https:\/\/pakkoneuloosi86.blogaaja.fi\/index.php?rest_route=\/wp\/v2\/pages\/767"}],"collection":[{"href":"https:\/\/pakkoneuloosi86.blogaaja.fi\/index.php?rest_route=\/wp\/v2\/pages"}],"about":[{"href":"https:\/\/pakkoneuloosi86.blogaaja.fi\/index.php?rest_route=\/wp\/v2\/types\/page"}],"author":[{"embeddable":true,"href":"https:\/\/pakkoneuloosi86.blogaaja.fi\/index.php?rest_route=\/wp\/v2\/users\/15737"}],"replies":[{"embeddable":true,"href":"https:\/\/pakkoneuloosi86.blogaaja.fi\/index.php?rest_route=%2Fwp%2Fv2%2Fcomments&post=767"}],"version-history":[{"count":0,"href":"https:\/\/pakkoneuloosi86.blogaaja.fi\/index.php?rest_route=\/wp\/v2\/pages\/767\/revisions"}],"up":[{"embeddable":true,"href":"https:\/\/pakkoneuloosi86.blogaaja.fi\/index.php?rest_route=\/wp\/v2\/pages\/186"}],"wp:attachment":[{"href":"https:\/\/pakkoneuloosi86.blogaaja.fi\/index.php?rest_route=%2Fwp%2Fv2%2Fmedia&parent=767"}],"curies":[{"name":"wp","href":"https:\/\/api.w.org\/{rel}","templated":true}]}}