{"id":735,"date":"2017-02-22T19:49:42","date_gmt":"2017-02-22T17:49:42","guid":{"rendered":"http:\/\/pakkoneuloosi86.blogaaja.fi\/?page_id=735"},"modified":"2017-02-22T20:16:09","modified_gmt":"2017-02-22T18:16:09","slug":"paivahoitomaksut-22-2-17","status":"publish","type":"page","link":"https:\/\/pakkoneuloosi86.blogaaja.fi\/?page_id=735","title":{"rendered":"-P\u00e4iv\u00e4hoitomaksut 22.2.17"},"content":{"rendered":"<p>Kyll\u00e4 min\u00e4 niin mieleni pahotin t\u00e4n\u00e4\u00e4n, kun n\u00e4in Kymen Sanomissa jutun p\u00e4iv\u00e4hoitomaksujen siirtymisest\u00e4 tuntiveloitteiseks. Tai ei siin\u00e4 jutussa viel\u00e4 mit\u00e4\u00e4n sin\u00e4ll\u00e4\u00e4n, mutta kun annappa kun v\u00e4h\u00e4n omasta n\u00e4k\u00f6kulmasta kerron.<\/p>\n<p>Kymen sanomat siis kirjotti <a href=\"http:\/\/www.kymensanomat.fi\/Online\/2017\/02\/22\/P\u00e4iv\u00e4hoitomaksut%20muuttuvat%20Kotkassa%20tuntiperusteisiksi\/2017321933059\/4\">n\u00e4in<\/a>:<\/p>\n<p><em><strong>&#8221;\u00a0<span style=\"font-size: 35px\">P\u00e4iv\u00e4hoitomaksut muuttuvat Kotkassa tuntiperusteisiksi<\/span><\/strong><\/em><\/p>\n<p><em><strong><span class=\"news-info\"><span class=\"date\">22.2.2017 7:10<\/span><\/span><\/strong><\/em><\/p>\n<div id=\"main_text\">\n<div class=\"img_wrapper clearfix\">\n<div class=\"caption\"><em><strong>P\u00e4iv\u00e4hoitomaksut muuttuvat Kotkassa tuntiperusteisiksi.<\/strong><\/em><\/div>\n<\/div>\n<p><em><strong>Varhaiskasvatuksen asiakasmaksuihin tulee muutoksia maaliskuun alusta l\u00e4htien. Tulevaisuudessa maksu m\u00e4\u00e4r\u00e4ytyy perheen koon ja tulojen sek\u00e4 varhaiskasvatukseen kalenterikuukauden ajaksi varatun ajan perusteella.<\/strong><\/em><\/p>\n<p><em><strong>Kotkan lasten ja nuorten palveluiden lautakunta p\u00e4\u00e4tti tiistaina Kotkassa maaliskuun alusta l\u00e4htien peritt\u00e4vist\u00e4 maksuista. Maksutaulukko on neliportainen.<\/strong><\/em><\/p>\n<p><em><strong>Kotkalaisperhe maksaa sille m\u00e4\u00e4r\u00e4ytyv\u00e4n kokoaikaisen varhaiskasvatuksen maksun silloin, kun lapsen hoitotarve on yli 37,5 tuntia viikossa. Jos tarvetta on keskim\u00e4\u00e4rin enint\u00e4\u00e4n 37,5 tuntia, perhe maksaa 85 prosenttia t\u00e4ydest\u00e4 maksusta.<\/strong><\/em><\/p>\n<p><em><strong>Kun lapsen palvelun tarve on keskim\u00e4\u00e4rin enint\u00e4\u00e4n 25 tuntia viikossa, t\u00e4ydest\u00e4 maksusta maksetaan 70 prosenttia. Keskim\u00e4\u00e4rin enint\u00e4\u00e4n 20 tuntia viikossa varhaiskasvatusta tarvitseva perhe maksaa t\u00e4ydest\u00e4 maksusta puolet.<\/strong><\/em><\/p>\n<p><em><strong>Maksun m\u00e4\u00e4r\u00e4ytymisen tulorajoja korotetaan niin, ett\u00e4 kaksi- ja kolmehenkisill\u00e4 pienituloisilla perheill\u00e4 asiakasmaksut pienenev\u00e4t jonkin verran, mutta sit\u00e4 suuremmilla tilanne ei muutu nykyisest\u00e4. Lapsen hoitomaksu voi olla 27\u2014290 euroa kuukaudessa. <\/strong><\/em><\/p>\n<p><em><strong>Eija Anttila &#8221;<\/strong><\/em><\/p>\n<\/div>\n<p>Noniin (Alkuun j\u00e4niskevennyksen\u00e4: On muuten Suomen t\u00e4rkein sana; Youtube ja Ismo <a href=\"https:\/\/m.youtube.com\/watch?v=9EWMlCusxjQ\">Leikola<\/a>\u00a0\ud83d\ude09 )\u00a0.. Meill\u00e4 on 15 p\u00e4iv\u00e4\u00e4\/kk hoitop\u00e4ivien tarve. Perhekoko 3. Maksetaan t\u00e4ll\u00e4 hetkell\u00e4 217,50\u20ac\/kk p\u00e4iv\u00e4hoidosta 15 p\u00e4iv\u00e4lt\u00e4, ei siis t\u00e4ysilt\u00e4 p\u00e4ivilt\u00e4. Kyseisess\u00e4 artikkelissa sanotaan, ett\u00e4 juurikin meid\u00e4n perhekoon kokoisilla perheill\u00e4 asiakasmaksut pienenev\u00e4t jonkin verran. Laskin, ett\u00e4 meill\u00e4 tarvitaan noin 108 tuntia hoitoa kuukaudessa. Suurin hoitomaksu on 290\u20ac. Me sijotutaan siis tohon 101-150 tuntia tarvitseviin, joilta velotetaan 85% \u00a0t\u00e4ydest\u00e4 maksusta. Mun matematiikalla se tekee\u00a0<strong>246,50\u20ac!!\u00a0<\/strong>Eli meid\u00e4n p\u00e4iv\u00e4hoitomaksuhan nousee\u00a0<strong>29\u20ac\u00a0<\/strong>nykyisest\u00e4 vaikka artikkelissa nimenomaan v\u00e4itet\u00e4\u00e4n maksujen pienentyv\u00e4n tai pysyv\u00e4n ennallaan. Toinen asia mihin kiinnitin huomiota oli se, ett\u00e4 Kym\u00e4ri v\u00e4itt\u00e4\u00e4 tulorajaa muutettavan. Mutta, kattokaapas mit\u00e4 Kotkan kaupunki sanoo omalla\u00a0<a href=\"http:\/\/www.kotka.fi\/asukkaalle\/ajankohtaista_kotkassa\/101\/0\/varhaiskasvatuksen_asiakasmaksulaki_tulee_voimaan_1_3\">sivullaan<\/a>\u00a0asiasta: <em><strong>&#8221;Varhaiskasvatuksen maksun m\u00e4\u00e4r\u00e4\u00e4misen perusteena oleviin tuloihin ei tule muutoksia.&#8221;<\/strong><\/em><\/p>\n<p>Kokonaisuudessaan voit lukea Kotkan Kaupungin tekstin asiasta my\u00f6s alta:<\/p>\n<div class=\"breadcrumbs-area\">\n<div class=\"breadcrumbs\"><em><strong>&#8221;Varhaiskasvatuksen asiakasmaksulaki tulee voimaan 1.3.<\/strong><\/em><\/div>\n<div class=\"socialmedia\"><em><strong>\u00a0<\/strong><\/em><\/div>\n<\/div>\n<div id=\"content\" class=\"onecols \">\n<p><em><strong><span class=\"publishdate\">21.02.2017<\/span><\/strong><\/em><\/p>\n<div class=\"xmldoc\">\n<h1><em><strong>Varhaiskasvatuksen asiakasmaksulaki tulee voimaan 1.3.<\/strong><\/em><\/h1>\n<p><em><strong>Laki varhaiskasvatuksen asiakasmaksuista tulee voimaan maaliskuun alussa. Laissa s\u00e4\u00e4det\u00e4\u00e4n kunnan j\u00e4rjest\u00e4m\u00e4ss\u00e4 p\u00e4iv\u00e4koti- ja perhep\u00e4iv\u00e4hoidossa peritt\u00e4vist\u00e4 asiakasmaksuista. <\/strong><\/em><br \/>\n<em><strong>Asiakasmaksu m\u00e4\u00e4r\u00e4ytyy perheen koon ja tulojen sek\u00e4 varhaiskasvatukseen kalenterikuukauden ajaksi varatun ajan perusteella, kuten ennenkin. <\/strong><\/em><br \/>\n<em><strong>Varhaiskasvatuksen maksun m\u00e4\u00e4r\u00e4\u00e4misen perusteena oleviin tuloihin ei tule muutoksia. Muutoksia ei my\u00f6sk\u00e4\u00e4n ole tulossa tuloihin, joita ei oteta maksun m\u00e4\u00e4rittelyss\u00e4 huomioon. Maksut m\u00e4\u00e4r\u00e4t\u00e4\u00e4n edelleen toistaiseksi.<\/strong><\/em><\/p>\n<p><em><strong>Kotkan kaupungin lasten ja nuorten lautakunta p\u00e4\u00e4tti kokouksessaan 21.2. ett\u00e4 Kotkan varhaiskasvatuksessa 1.3. alkaen valittavana olevat tuntiv\u00e4lit kuukaudessa ja asiakasmaksuprosentti kokoaikaisesta varhaiskasvatuksesta laskettuna ovat seuraavat:<\/strong><\/em><\/p>\n<p><em><strong>0 &#8211; 80 h\/kk 50 % (keskim\u00e4\u00e4rin enint\u00e4\u00e4n 20 h\/vko)<\/strong><\/em><br \/>\n<em><strong>81 &#8211; 100h\/kk 70 % (keskim\u00e4\u00e4rin enint\u00e4\u00e4n 25 h\/vko)<\/strong><\/em><br \/>\n<em><strong>101 &#8211; 150 h\/kk 85 % (keskim\u00e4\u00e4rin enint\u00e4\u00e4n 37,5 h\/vko)<\/strong><\/em><br \/>\n<em><strong>yli 151 h\/kk 100%<\/strong><\/em><\/p>\n<p><em><strong>Kotkan varhaiskasvatuksessa tuntiperusteiseen palvelun tarpeen seurantaan on valmiudet ja s\u00e4hk\u00f6inen hoitoaikojen kirjausj\u00e4rjestelm\u00e4 on p\u00e4iv\u00e4kodeissa ja perhep\u00e4iv\u00e4hoidossa jo k\u00e4yt\u00f6ss\u00e4.<\/strong><\/em><\/p>\n<p><em><strong>P\u00e4\u00e4tett\u00e4ess\u00e4 varhaiskasvatuksesta m\u00e4\u00e4r\u00e4tt\u00e4v\u00e4st\u00e4 maksusta otetaan perheen tuloina huomioon lapsen, h\u00e4nen vanhempansa tai muun huoltajansa sek\u00e4 heid\u00e4n kanssaan yhteistaloudessa avioliitossa tai avioliitonomaisissa olosuhteissa el\u00e4v\u00e4n henkil\u00f6n veronalaiset ansio- ja p\u00e4\u00e4omatulot sek\u00e4 verosta vapaat tulot. Jos kuukausittaiset tulot vaihtelevat, otetaan kuukausitulona huomioon viimeksi kuluneen vuoden keskim\u00e4\u00e4r\u00e4inen kuukausitulo.<\/strong><\/em><\/p>\n<p><em><strong>Uudessa asiakasmaksulaissa on kokop\u00e4iv\u00e4isen tai osap\u00e4iv\u00e4isen varhaiskasvatuksen sijaan k\u00e4site kokoaikainen varhaiskasvatus, joka tarkoittaa v\u00e4hint\u00e4\u00e4n 35 tuntia viikossa annettavaa varhaiskasvatusta sek\u00e4 osa-aikainen varhaiskasvatus, joka tarkoittaa alle 35 tuntia viikossa annettavaa varhaiskasvatusta.<\/strong><\/em><\/p>\n<\/div>\n<p><em><strong>Lis\u00e4tietoja varhaiskasvatuksen asiakasmaksuista l\u00f6ytyy mm. lasten ja nuorten lautakunnan esityslistasta, verkko-osoitteesta <a href=\"http:\/\/www.kotka.fi\/esityslistat\">www.kotka.fi\/esityslistat<\/a>\u00a0&#8221;<\/strong><\/em><\/p>\n<p>Ja t\u00e4n j\u00e4lkeen en ymm\u00e4rt\u00e4ny en\u00e4\u00e4 yht\u00e4\u00e4n, ett\u00e4 mist\u00e4 lasketaan ja mit\u00e4. Nyt jo teen lyhyemp\u00e4\u00e4 ty\u00f6tuntim\u00e4\u00e4r\u00e4\u00e4, ettei pojan tarvis olla niin paljon p\u00e4iv\u00e4kodissa pitki\u00e4 p\u00e4ivi\u00e4. Ja sen kunniaks, ett\u00e4 tarviin 108 tuntia kk pojalle p\u00e4iv\u00e4hoitoa saan maksaa yht\u00e4 paljon (eli enemm\u00e4n kun aiemmin) kun he, jotka tarviivat 150h. Eli vaihtoehtona on yritt\u00e4\u00e4 nipist\u00e4\u00e4 8h pois hoitoajasta jostain tai pit\u00e4\u00e4 poikaa 32h lis\u00e4\u00e4 p\u00e4iv\u00e4kodissa, jotta varmasti maksaa koko lystist\u00e4. Kumpikaan ei kauheesti ajatusta l\u00e4mmit\u00e4. Toivottavasti olen v\u00e4\u00e4r\u00e4ss\u00e4 t\u00e4n laskukaavani kanssa, enk\u00e4 joudu makselemaan viel\u00e4 lis\u00e4\u00e4. Asia lienee tarkentuu\u00a0vkolla 9, jolloin tiedotteet jaetaan koteihin p\u00e4iv\u00e4kodeissa. Mik\u00e4 on sekin outoa, koska uus hinnottelu alkaa Maaliskuussa ja ens viikolla alkaa jo Maaliskuu, eik\u00e4 asiaan ehi reagoida mitenk\u00e4\u00e4n. Etenkin, kun ei edes tied\u00e4 valitaanko toi tuntiluokka itte vai tuleeko automaattisesti aiempien kuukausien perusteella.<\/p>\n<p>Ja ei, mulla ei ole mit\u00e4\u00e4n tuntiper\u00e4st\u00e4 hinnottelua vastaan, jos se olis oikeesti tuntiper\u00e4nen! Alkas siit\u00e4, kun viet lapsen p\u00e4iv\u00e4kotiin ja p\u00e4\u00e4ttys heti, kun lapsen otat p\u00e4iv\u00e4kodista vastaan h\u00e4nen juostessa aulaan vastaan. Ennen kuin alotat sen puolen tunnin pukeutumiskiukkuraivari-shown kotiin l\u00e4htiess\u00e4 \ud83d\ude00 Eik\u00e4 niin, ett\u00e4 tunnit on merkattu noin ja n\u00e4in, silt\u00e4 ja t\u00e4lt\u00e4 v\u00e4lilt\u00e4 ja makselet sitte isompia summia vaikka oot tuntirajan alap\u00e4\u00e4ss\u00e4. Eieieieei n\u00e4in!!!! Ja miten t\u00e4m\u00e4 nyt sitten kannustaa esim. Koti\u00e4itej\u00e4 palaamaan aiemmin ty\u00f6el\u00e4m\u00e4\u00e4n? Kysynp\u00e4 vaan jos joku viisaampi osais kertoa.<\/p>\n<p>Loppukaneetiksi Putouksen Aina Inkeri Ankeista lainatakseni: &#8221; Luoja, ota minut jo pois t\u00e4\u00e4lt\u00e4. Miksi kaiken pit\u00e4\u00e4 aina muuttuaaaaaaaa!!!!&#8221; \ud83d\ude09<\/p>\n<p>&lt;3 Heidi<\/p>\n<\/div>\n","protected":false},"excerpt":{"rendered":"<p>Kyll\u00e4 min\u00e4 niin mieleni pahotin t\u00e4n\u00e4\u00e4n, kun n\u00e4in Kymen Sanomissa jutun p\u00e4iv\u00e4hoitomaksujen siirtymisest\u00e4 tuntiveloitteiseks. Tai ei siin\u00e4 jutussa viel\u00e4 mit\u00e4\u00e4n sin\u00e4ll\u00e4\u00e4n, mutta kun annappa kun v\u00e4h\u00e4n omasta n\u00e4k\u00f6kulmasta kerron. Kymen sanomat siis kirjotti n\u00e4in: &#8221;\u00a0P\u00e4iv\u00e4hoitomaksut muuttuvat Kotkassa tuntiperusteisiksi 22.2.2017 7:10 P\u00e4iv\u00e4hoitomaksut muuttuvat Kotkassa tuntiperusteisiksi. Varhaiskasvatuksen asiakasmaksuihin tulee muutoksia maaliskuun alusta l\u00e4htien. Tulevaisuudessa maksu m\u00e4\u00e4r\u00e4ytyy perheen &hellip; <a href=\"https:\/\/pakkoneuloosi86.blogaaja.fi\/?page_id=735\" class=\"more-link\">Jatka artikkeliin <span class=\"screen-reader-text\">-P\u00e4iv\u00e4hoitomaksut 22.2.17<\/span><\/a><\/p>\n","protected":false},"author":15737,"featured_media":0,"parent":232,"menu_order":11,"comment_status":"open","ping_status":"closed","template":"","meta":[],"yoast_head":"<!-- This site is optimized with the Yoast SEO plugin v15.6.2 - https:\/\/yoast.com\/wordpress\/plugins\/seo\/ -->\n<title>-P\u00e4iv\u00e4hoitomaksut 22.2.17 - Pakkoneulootikon el\u00e4m\u00e4\u00e4<\/title>\n<meta name=\"robots\" content=\"index, follow, max-snippet:-1, max-image-preview:large, max-video-preview:-1\" \/>\n<link rel=\"canonical\" href=\"https:\/\/pakkoneuloosi86.blogaaja.fi\/?page_id=735\" \/>\n<meta property=\"og:locale\" content=\"fi_FI\" \/>\n<meta property=\"og:type\" content=\"article\" \/>\n<meta property=\"og:title\" content=\"-P\u00e4iv\u00e4hoitomaksut 22.2.17 - Pakkoneulootikon el\u00e4m\u00e4\u00e4\" \/>\n<meta property=\"og:description\" content=\"Kyll\u00e4 min\u00e4 niin mieleni pahotin t\u00e4n\u00e4\u00e4n, kun n\u00e4in Kymen Sanomissa jutun p\u00e4iv\u00e4hoitomaksujen siirtymisest\u00e4 tuntiveloitteiseks. Tai ei siin\u00e4 jutussa viel\u00e4 mit\u00e4\u00e4n sin\u00e4ll\u00e4\u00e4n, mutta kun annappa kun v\u00e4h\u00e4n omasta n\u00e4k\u00f6kulmasta kerron. Kymen sanomat siis kirjotti n\u00e4in: &#8221;\u00a0P\u00e4iv\u00e4hoitomaksut muuttuvat Kotkassa tuntiperusteisiksi 22.2.2017 7:10 P\u00e4iv\u00e4hoitomaksut muuttuvat Kotkassa tuntiperusteisiksi. Varhaiskasvatuksen asiakasmaksuihin tulee muutoksia maaliskuun alusta l\u00e4htien. Tulevaisuudessa maksu m\u00e4\u00e4r\u00e4ytyy perheen &hellip; Jatka artikkeliin -P\u00e4iv\u00e4hoitomaksut 22.2.17\" \/>\n<meta property=\"og:url\" content=\"https:\/\/pakkoneuloosi86.blogaaja.fi\/?page_id=735\" \/>\n<meta property=\"og:site_name\" content=\"Pakkoneulootikon el\u00e4m\u00e4\u00e4\" \/>\n<meta property=\"article:modified_time\" content=\"2017-02-22T18:16:09+00:00\" \/>\n<meta name=\"twitter:card\" content=\"summary_large_image\" \/>\n<meta name=\"twitter:label1\" content=\"Est. reading time\">\n\t<meta name=\"twitter:data1\" content=\"4 minuuttia\">\n<script type=\"application\/ld+json\" class=\"yoast-schema-graph\">{\"@context\":\"https:\/\/schema.org\",\"@graph\":[{\"@type\":\"WebSite\",\"@id\":\"https:\/\/pakkoneuloosi86.blogaaja.fi\/#website\",\"url\":\"https:\/\/pakkoneuloosi86.blogaaja.fi\/\",\"name\":\"Pakkoneulootikon el\\u00e4m\\u00e4\\u00e4\",\"description\":\"Asiasta aidanseip\\u00e4\\u00e4seen ja takasin ;)\",\"potentialAction\":[{\"@type\":\"SearchAction\",\"target\":\"https:\/\/pakkoneuloosi86.blogaaja.fi\/?s={search_term_string}\",\"query-input\":\"required name=search_term_string\"}],\"inLanguage\":\"fi\"},{\"@type\":\"WebPage\",\"@id\":\"https:\/\/pakkoneuloosi86.blogaaja.fi\/?page_id=735#webpage\",\"url\":\"https:\/\/pakkoneuloosi86.blogaaja.fi\/?page_id=735\",\"name\":\"-P\\u00e4iv\\u00e4hoitomaksut 22.2.17 - Pakkoneulootikon el\\u00e4m\\u00e4\\u00e4\",\"isPartOf\":{\"@id\":\"https:\/\/pakkoneuloosi86.blogaaja.fi\/#website\"},\"datePublished\":\"2017-02-22T17:49:42+00:00\",\"dateModified\":\"2017-02-22T18:16:09+00:00\",\"inLanguage\":\"fi\",\"potentialAction\":[{\"@type\":\"ReadAction\",\"target\":[\"https:\/\/pakkoneuloosi86.blogaaja.fi\/?page_id=735\"]}]}]}<\/script>\n<!-- \/ Yoast SEO plugin. -->","_links":{"self":[{"href":"https:\/\/pakkoneuloosi86.blogaaja.fi\/index.php?rest_route=\/wp\/v2\/pages\/735"}],"collection":[{"href":"https:\/\/pakkoneuloosi86.blogaaja.fi\/index.php?rest_route=\/wp\/v2\/pages"}],"about":[{"href":"https:\/\/pakkoneuloosi86.blogaaja.fi\/index.php?rest_route=\/wp\/v2\/types\/page"}],"author":[{"embeddable":true,"href":"https:\/\/pakkoneuloosi86.blogaaja.fi\/index.php?rest_route=\/wp\/v2\/users\/15737"}],"replies":[{"embeddable":true,"href":"https:\/\/pakkoneuloosi86.blogaaja.fi\/index.php?rest_route=%2Fwp%2Fv2%2Fcomments&post=735"}],"version-history":[{"count":0,"href":"https:\/\/pakkoneuloosi86.blogaaja.fi\/index.php?rest_route=\/wp\/v2\/pages\/735\/revisions"}],"up":[{"embeddable":true,"href":"https:\/\/pakkoneuloosi86.blogaaja.fi\/index.php?rest_route=\/wp\/v2\/pages\/232"}],"wp:attachment":[{"href":"https:\/\/pakkoneuloosi86.blogaaja.fi\/index.php?rest_route=%2Fwp%2Fv2%2Fmedia&parent=735"}],"curies":[{"name":"wp","href":"https:\/\/api.w.org\/{rel}","templated":true}]}}