{"id":729,"date":"2017-02-05T17:36:18","date_gmt":"2017-02-05T15:36:18","guid":{"rendered":"http:\/\/pakkoneuloosi86.blogaaja.fi\/?page_id=729"},"modified":"2017-02-05T17:36:18","modified_gmt":"2017-02-05T15:36:18","slug":"bn-lapaset-5-2-2017","status":"publish","type":"page","link":"https:\/\/pakkoneuloosi86.blogaaja.fi\/?page_id=729","title":{"rendered":"-B&amp;N-lapaset 5.2.2017"},"content":{"rendered":"<p>Neuloin t\u00e4ss\u00e4 flunssatoipilaana pikkusiskon lapaset valmiiks.<\/p>\n<p><img loading=\"lazy\" class=\"alignnone size-medium wp-image-730\" src=\"http:\/\/pakkoneuloosi86.blogaaja.fi\/files\/2017\/02\/IMG_20170205_132902-300x154.jpg\" alt=\"\" width=\"300\" height=\"154\" srcset=\"https:\/\/pakkoneuloosi86.blogaaja.fi\/files\/2017\/02\/IMG_20170205_132902-300x154.jpg 300w, https:\/\/pakkoneuloosi86.blogaaja.fi\/files\/2017\/02\/IMG_20170205_132902-768x393.jpg 768w, https:\/\/pakkoneuloosi86.blogaaja.fi\/files\/2017\/02\/IMG_20170205_132902.jpg 1004w\" sizes=\"(max-width: 300px) 100vw, 300px\" \/><\/p>\n<p>Nimens\u00e4h\u00e4n lapaset sai noista koirien nimist\u00e4, jotka porukoilla asustaa; Bomi ja Nella, B&amp;N. Lankana oli Novita 7 veljest\u00e4 Eero. Hamstrasin sit\u00e4 Tokmannilta 4ker\u00e4\u00e4 10\u20ac:lla \ud83d\ude00 Ihan vaan lapasia varten \ud83d\ude00 \ud83d\ude09 Hassu, et Eero oli halvempaa, kun perus seiskaveikka\u00a0 \ud83d\ude2f<\/p>\n<p>Puikkoina oli Cubics koko 3. Mik\u00e4 osottautu k\u00e4sialan siisteyden perusteella hyv\u00e4ks, mut niskat ei sitten tyk\u00e4nnykk\u00e4\u00e4n yht\u00e4\u00e4n liian tiukasta k\u00e4sialasta. T\u00e4st\u00e4 l\u00e4htien siirryn suosiolla 3,5 cubicseihin, joita rakas yst\u00e4v\u00e4ni toi mulle useammat lis\u00e4\u00e4, kun h\u00e4n itte k\u00e4ytt\u00e4\u00e4 lyhyempi\u00e4 puikkoja nyky\u00e4\u00e4n.<\/p>\n<p>Resoriin tein 2o 2n-joustinta 30krs. Muutoin menin taas\u00a0<a href=\"https:\/\/www.novitaknits.com\/fi\/fi\/node\/2041\/instructions\">t\u00e4m\u00e4n<\/a>\u00a0ohjeen mukaan, suurimmalla silmukkam\u00e4\u00e4r\u00e4ll\u00e4. Peukalokiilan j\u00e4lkeen neuloin 32krs ennenkun aloin tekem\u00e4\u00e4n k\u00e4rkikavennuksia. Tekstit ja tassun kuvan tein <a href=\"http:\/\/www.garnstudio.com\/video.php?id=40&amp;lang=fi\">silmukoimalla<\/a>\u00a0valkosella langalla neulottujen silmukoiden p\u00e4\u00e4lle. Peukalon tekeminen on ehk\u00e4 edelleen se \u00e4rsytt\u00e4vin vaihe.<\/p>\n<p>Annoin tossa taannoin my\u00f6s kasan lankoja kiertoon. Ohuemmista virkkuulangoista kun en itte pysty virkkamaan. Samalla selvis, ett\u00e4 yhden perheen 8-vuotias poika oli innostunu virkkaamisesta ja sai siihen menem\u00e4\u00e4n ker\u00e4n\/p\u00e4iv\u00e4. Kaks muovikassillista j\u00e4\u00e4mist\u00f6st\u00e4 kaivettua lankaa l\u00e4hti h\u00e4nelle kahvipaketilla. Ja perjantaina oli tullu R-kioskille lis\u00e4\u00e4 lankaa odottamaa Adlibrikselt\u00e4. Muovipussillinen lankaa l\u00e4htee my\u00f6s \u00e4itille ens viikolla. Luovutettujen lankojen j\u00e4lkeen lankakasa n\u00e4ytti t\u00e4lt\u00e4;<\/p>\n<p><img loading=\"lazy\" class=\"alignnone size-medium wp-image-731\" src=\"http:\/\/pakkoneuloosi86.blogaaja.fi\/files\/2017\/02\/IMG_20170205_174255-292x300.jpg\" alt=\"\" width=\"292\" height=\"300\" srcset=\"https:\/\/pakkoneuloosi86.blogaaja.fi\/files\/2017\/02\/IMG_20170205_174255-292x300.jpg 292w, https:\/\/pakkoneuloosi86.blogaaja.fi\/files\/2017\/02\/IMG_20170205_174255-768x790.jpg 768w, https:\/\/pakkoneuloosi86.blogaaja.fi\/files\/2017\/02\/IMG_20170205_174255.jpg 996w\" sizes=\"(max-width: 292px) 100vw, 292px\" \/><\/p>\n<p>Ett\u00e4 siit\u00e4 sitten neulomaan, seuraava projekti jo puikoilla \ud83d\ude42<\/p>\n<p>Mukavaa alkavaa viikkoa!<\/p>\n<p>&lt;3 Heidi<\/p>\n<p>&nbsp;<\/p>\n","protected":false},"excerpt":{"rendered":"<p>Neuloin t\u00e4ss\u00e4 flunssatoipilaana pikkusiskon lapaset valmiiks. Nimens\u00e4h\u00e4n lapaset sai noista koirien nimist\u00e4, jotka porukoilla asustaa; Bomi ja Nella, B&amp;N. Lankana oli Novita 7 veljest\u00e4 Eero. Hamstrasin sit\u00e4 Tokmannilta 4ker\u00e4\u00e4 10\u20ac:lla \ud83d\ude00 Ihan vaan lapasia varten \ud83d\ude00 \ud83d\ude09 Hassu, et Eero oli halvempaa, kun perus seiskaveikka\u00a0 \ud83d\ude2f Puikkoina oli Cubics koko 3. Mik\u00e4 osottautu k\u00e4sialan siisteyden &hellip; <a href=\"https:\/\/pakkoneuloosi86.blogaaja.fi\/?page_id=729\" class=\"more-link\">Jatka artikkeliin <span class=\"screen-reader-text\">-B&amp;N-lapaset 5.2.2017<\/span><\/a><\/p>\n","protected":false},"author":15737,"featured_media":0,"parent":267,"menu_order":7,"comment_status":"open","ping_status":"closed","template":"","meta":[],"yoast_head":"<!-- This site is optimized with the Yoast SEO plugin v15.6.2 - https:\/\/yoast.com\/wordpress\/plugins\/seo\/ -->\n<title>-B&amp;N-lapaset 5.2.2017 - Pakkoneulootikon el\u00e4m\u00e4\u00e4<\/title>\n<meta name=\"robots\" content=\"index, follow, max-snippet:-1, max-image-preview:large, max-video-preview:-1\" \/>\n<link rel=\"canonical\" href=\"https:\/\/pakkoneuloosi86.blogaaja.fi\/?page_id=729\" \/>\n<meta property=\"og:locale\" content=\"fi_FI\" \/>\n<meta property=\"og:type\" content=\"article\" \/>\n<meta property=\"og:title\" content=\"-B&amp;N-lapaset 5.2.2017 - Pakkoneulootikon el\u00e4m\u00e4\u00e4\" \/>\n<meta property=\"og:description\" content=\"Neuloin t\u00e4ss\u00e4 flunssatoipilaana pikkusiskon lapaset valmiiks. Nimens\u00e4h\u00e4n lapaset sai noista koirien nimist\u00e4, jotka porukoilla asustaa; Bomi ja Nella, B&amp;N. Lankana oli Novita 7 veljest\u00e4 Eero. Hamstrasin sit\u00e4 Tokmannilta 4ker\u00e4\u00e4 10\u20ac:lla \ud83d\ude00 Ihan vaan lapasia varten \ud83d\ude00 \ud83d\ude09 Hassu, et Eero oli halvempaa, kun perus seiskaveikka\u00a0 \ud83d\ude2f Puikkoina oli Cubics koko 3. Mik\u00e4 osottautu k\u00e4sialan siisteyden &hellip; Jatka artikkeliin -B&amp;N-lapaset 5.2.2017\" \/>\n<meta property=\"og:url\" content=\"https:\/\/pakkoneuloosi86.blogaaja.fi\/?page_id=729\" \/>\n<meta property=\"og:site_name\" content=\"Pakkoneulootikon el\u00e4m\u00e4\u00e4\" \/>\n<meta property=\"og:image\" content=\"http:\/\/pakkoneuloosi86.blogaaja.fi\/files\/2017\/02\/IMG_20170205_132902-300x154.jpg\" \/>\n<meta name=\"twitter:card\" content=\"summary_large_image\" \/>\n<meta name=\"twitter:label1\" content=\"Est. reading time\">\n\t<meta name=\"twitter:data1\" content=\"1 minuutti\">\n<script type=\"application\/ld+json\" class=\"yoast-schema-graph\">{\"@context\":\"https:\/\/schema.org\",\"@graph\":[{\"@type\":\"WebSite\",\"@id\":\"https:\/\/pakkoneuloosi86.blogaaja.fi\/#website\",\"url\":\"https:\/\/pakkoneuloosi86.blogaaja.fi\/\",\"name\":\"Pakkoneulootikon el\\u00e4m\\u00e4\\u00e4\",\"description\":\"Asiasta aidanseip\\u00e4\\u00e4seen ja takasin ;)\",\"potentialAction\":[{\"@type\":\"SearchAction\",\"target\":\"https:\/\/pakkoneuloosi86.blogaaja.fi\/?s={search_term_string}\",\"query-input\":\"required name=search_term_string\"}],\"inLanguage\":\"fi\"},{\"@type\":\"ImageObject\",\"@id\":\"https:\/\/pakkoneuloosi86.blogaaja.fi\/?page_id=729#primaryimage\",\"inLanguage\":\"fi\",\"url\":\"http:\/\/pakkoneuloosi86.blogaaja.fi\/files\/2017\/02\/IMG_20170205_132902-300x154.jpg\"},{\"@type\":\"WebPage\",\"@id\":\"https:\/\/pakkoneuloosi86.blogaaja.fi\/?page_id=729#webpage\",\"url\":\"https:\/\/pakkoneuloosi86.blogaaja.fi\/?page_id=729\",\"name\":\"-B&amp;N-lapaset 5.2.2017 - Pakkoneulootikon el\\u00e4m\\u00e4\\u00e4\",\"isPartOf\":{\"@id\":\"https:\/\/pakkoneuloosi86.blogaaja.fi\/#website\"},\"primaryImageOfPage\":{\"@id\":\"https:\/\/pakkoneuloosi86.blogaaja.fi\/?page_id=729#primaryimage\"},\"datePublished\":\"2017-02-05T15:36:18+00:00\",\"dateModified\":\"2017-02-05T15:36:18+00:00\",\"inLanguage\":\"fi\",\"potentialAction\":[{\"@type\":\"ReadAction\",\"target\":[\"https:\/\/pakkoneuloosi86.blogaaja.fi\/?page_id=729\"]}]}]}<\/script>\n<!-- \/ Yoast SEO plugin. -->","_links":{"self":[{"href":"https:\/\/pakkoneuloosi86.blogaaja.fi\/index.php?rest_route=\/wp\/v2\/pages\/729"}],"collection":[{"href":"https:\/\/pakkoneuloosi86.blogaaja.fi\/index.php?rest_route=\/wp\/v2\/pages"}],"about":[{"href":"https:\/\/pakkoneuloosi86.blogaaja.fi\/index.php?rest_route=\/wp\/v2\/types\/page"}],"author":[{"embeddable":true,"href":"https:\/\/pakkoneuloosi86.blogaaja.fi\/index.php?rest_route=\/wp\/v2\/users\/15737"}],"replies":[{"embeddable":true,"href":"https:\/\/pakkoneuloosi86.blogaaja.fi\/index.php?rest_route=%2Fwp%2Fv2%2Fcomments&post=729"}],"version-history":[{"count":0,"href":"https:\/\/pakkoneuloosi86.blogaaja.fi\/index.php?rest_route=\/wp\/v2\/pages\/729\/revisions"}],"up":[{"embeddable":true,"href":"https:\/\/pakkoneuloosi86.blogaaja.fi\/index.php?rest_route=\/wp\/v2\/pages\/267"}],"wp:attachment":[{"href":"https:\/\/pakkoneuloosi86.blogaaja.fi\/index.php?rest_route=%2Fwp%2Fv2%2Fmedia&parent=729"}],"curies":[{"name":"wp","href":"https:\/\/api.w.org\/{rel}","templated":true}]}}