{"id":716,"date":"2017-01-27T14:47:26","date_gmt":"2017-01-27T12:47:26","guid":{"rendered":"http:\/\/pakkoneuloosi86.blogaaja.fi\/?page_id=716"},"modified":"2017-01-27T14:47:26","modified_gmt":"2017-01-27T12:47:26","slug":"lapsi-sairastaa-27-1-2017","status":"publish","type":"page","link":"https:\/\/pakkoneuloosi86.blogaaja.fi\/?page_id=716","title":{"rendered":"-Lapsi sairastaa 27.1.2017"},"content":{"rendered":"<p>Poika tuli sunnuntaina is\u00e4lt\u00e4\u00e4n kotio, olivat lauantaina k\u00e4yneet HopLopissa. Maanantaina tuli viesti, ett\u00e4 kaverin poika oksentaa, ett\u00e4 varokaa kohta se on kaikilla. Aamulla jo p\u00e4iv\u00e4kotiin viedess\u00e4 kuulostelin, et poika k\u00f6hisee. T\u00f6iden j\u00e4lkeen kun hain p\u00e4iv\u00e4kodista, niin kotiin p\u00e4\u00e4sty\u00e4 poika oli jotenkin v\u00e4syneen olonen ja itkunen. Istahti eteisen lattialle itkem\u00e4\u00e4n, ett\u00e4 jalkoja koskee ja p\u00e4\u00e4t\u00e4 s\u00e4rkee. L\u00e4mp\u00f6\u00e4h\u00e4n toisella sitte oli. T\u00e4h\u00e4n v\u00e4liin totean, et onneks ei ollu vatsatautia!<\/p>\n<p>P\u00e4\u00e4llimm\u00e4isen\u00e4 oireena oli ysk\u00e4 ja l\u00e4mp\u00f6ily, kunnes to aamy\u00f6ll\u00e4 poika yski niin pahasti, et v\u00e4\u00e4nsi itkua vessassa. Kuumetta oli p\u00e4\u00e4lle 38. Eih\u00e4n se auttanu, kun y\u00f6k\u00f6lle soittaa t\u00f6ihin, ettei meik\u00e4l\u00e4inen t\u00f6ihin tuu. Samaan syssyyn puhelinkin alko temppuamaan. Yritin varmaan yli 10 kertaa ottaa yhteytt\u00e4 numeroon ja v\u00e4h\u00e4 alko \u00e4rtymys nostamaa p\u00e4\u00e4t\u00e4\u00e4n, et mihin hemmetin numeroon olis pit\u00e4ny soittaa, et onko mulla v\u00e4\u00e4r\u00e4 numero. Lopulta sammutin ja k\u00e4ynnistin puhelimen, sit p\u00e4\u00e4sin l\u00e4pi. Aamulla kasilta, kun aloin soittamaan esimiehelle, sama juttu. K\u00e4ynnistin ja sammutin montamonta kertaa, kunnes p\u00e4\u00e4sin l\u00e4pi. Puhelimesta kuulu aina p\u00f6\u00f6p ja linja katkes ennen kun ehti h\u00e4lytys\u00e4\u00e4nt\u00e4k\u00e4\u00e4n kuuluu. Terveyskeskukseen en en\u00e4\u00e4 p\u00e4\u00e4ssy ollenkaan l\u00e4pi. Kokeiltiin viel\u00e4 niin, et avopuoliso soitti mulle. H\u00e4nell\u00e4 kyll\u00e4 kuulu h\u00e4lytys\u00e4\u00e4ni, mut mulla ei tullu n\u00e4ytt\u00f6\u00f6n mink\u00e4\u00e4nlaista ilmotusta, et joku mulle soittaa. Viimesen tiett\u00e4v\u00e4sti toimivan puhelun olin k\u00e4yny tiistaina iltap\u00e4iv\u00e4ll\u00e4. Viestit ja netti kyll\u00e4 toimi normaalisti. Avopuolison puhelimella sit soittelin terkkulaan ja ne soittikin sielt\u00e4 viiess\u00e4 minuutissa takasin.<\/p>\n<p>Hoitajalle saatiin aika ja etuajassa p\u00e4\u00e4stiin viel\u00e4 sis\u00e4lle, kun edellinen asiakas oli j\u00e4tt\u00e4ny saapumatta. Oli kyll\u00e4 ihana se hoitaja. Multa kyseli faktat ja muuten jututti poikaa. Reippaasti anto poika ottaa tulehdusarvotkin sormesta. Vaan kun hoitaja ty\u00f6nsi lastan kurkkuun, k\u00e4ski sanoo AA ja poika y\u00f6kk\u00e4s, niin poikapa suuttu ja tokas hoitajalle:&#8221; Miksi sinun piti ty\u00f6nt\u00e4\u00e4 se minun kurkkuun!&#8221; Ja m\u00f6k\u00f6tti loppuk\u00e4ynnin. Kivasti se hoitaja my\u00f6s vastaili pojan kysymyksiin. Torstai ja perjantai tuli sairaslomaa. Huomisesta olis nelj\u00e4 vapaata, jotka nekin menee toipumiseen.<\/p>\n<p>T\u00e4n\u00e4 aamuna oli taas 38.2 kuumetta. Ruoka kyll\u00e4 maistuu ja juoma, mut muuten poika onkin aikamoinen k\u00e4nkk\u00e4r\u00e4nkk\u00e4. Tunnin tappeli, ennenkun suostu p\u00e4iv\u00e4unille. Nyt nukkuu ja mi\u00e4 oon valmis hyppim\u00e4\u00e4n seinille. Mietin vaan, et ei toivoakaan ainaka kahteen p\u00e4iv\u00e4\u00e4n saada pojan kanssa k\u00e4yty\u00e4 ulkona hetken happihyppelyll\u00e4. T\u00e4\u00e4ll\u00e4 m\u00f6ll\u00f6tet\u00e4\u00e4n sis\u00e4ll\u00e4, kinataan kesken\u00e4mme, koska avopuolisokin l\u00e4hti reissuun eilen. Samalla on j\u00e4nnitetty miten k\u00e4y, kun epilepsial\u00e4\u00e4kitys lopetettiin joulukuussa ja nyt ekat korkeemmat kuumeet sen j\u00e4lkeen, mut hyvin on menny, ei kohtauksia \ud83d\ude42 On luettu, katottu lastenohjelmia, yritetty saada poikaa viihtym\u00e4\u00e4n. Ja samalla sit siivonnu, vaihtanu petivaatteet, tiskannu ja v\u00e4h\u00e4n neulonu. Hyv\u00e4 puoli on, et energiaa tolla on. Aikuinen ihminen olis tossa kuumeessa jo taju pois. Toisaalta on se huono puolikin, et energiaa on, kun ei sit\u00e4 p\u00e4\u00e4se mihink\u00e4\u00e4n purkamaan muuta kun kotona riekkumalla. Anteeks alakerran naapurit t\u00f6min\u00e4st\u00e4 mit\u00e4 meilt\u00e4 l\u00e4htee \ud83d\ude00 Silti t\u00e4ytyy sanoo, et mieluummin olisin t\u00f6iss\u00e4 ollu, ku halunnu lapsen tulevan kipeeks. Nyt toivotaan vaan, ettei itelleen tuu. Ja menih\u00e4n t\u00e4s omat viikonloppusuunnitelmatkin kerralla uusiks. Onneks meill\u00e4 on karkkia edes &lt;3<\/p>\n<p>Mukavaa viikonloppua! T\u00e4mm\u00f6st\u00e4 meill\u00e4..<\/p>\n<p>&lt;3 Heidi<\/p>\n","protected":false},"excerpt":{"rendered":"<p>Poika tuli sunnuntaina is\u00e4lt\u00e4\u00e4n kotio, olivat lauantaina k\u00e4yneet HopLopissa. Maanantaina tuli viesti, ett\u00e4 kaverin poika oksentaa, ett\u00e4 varokaa kohta se on kaikilla. Aamulla jo p\u00e4iv\u00e4kotiin viedess\u00e4 kuulostelin, et poika k\u00f6hisee. T\u00f6iden j\u00e4lkeen kun hain p\u00e4iv\u00e4kodista, niin kotiin p\u00e4\u00e4sty\u00e4 poika oli jotenkin v\u00e4syneen olonen ja itkunen. Istahti eteisen lattialle itkem\u00e4\u00e4n, ett\u00e4 jalkoja koskee ja p\u00e4\u00e4t\u00e4 s\u00e4rkee. &hellip; <a href=\"https:\/\/pakkoneuloosi86.blogaaja.fi\/?page_id=716\" class=\"more-link\">Jatka artikkeliin <span class=\"screen-reader-text\">-Lapsi sairastaa 27.1.2017<\/span><\/a><\/p>\n","protected":false},"author":15737,"featured_media":0,"parent":232,"menu_order":10,"comment_status":"open","ping_status":"closed","template":"","meta":[],"yoast_head":"<!-- This site is optimized with the Yoast SEO plugin v15.6.2 - https:\/\/yoast.com\/wordpress\/plugins\/seo\/ -->\n<title>-Lapsi sairastaa 27.1.2017 - Pakkoneulootikon el\u00e4m\u00e4\u00e4<\/title>\n<meta name=\"robots\" content=\"index, follow, max-snippet:-1, max-image-preview:large, max-video-preview:-1\" \/>\n<link rel=\"canonical\" href=\"https:\/\/pakkoneuloosi86.blogaaja.fi\/?page_id=716\" \/>\n<meta property=\"og:locale\" content=\"fi_FI\" \/>\n<meta property=\"og:type\" content=\"article\" \/>\n<meta property=\"og:title\" content=\"-Lapsi sairastaa 27.1.2017 - Pakkoneulootikon el\u00e4m\u00e4\u00e4\" \/>\n<meta property=\"og:description\" content=\"Poika tuli sunnuntaina is\u00e4lt\u00e4\u00e4n kotio, olivat lauantaina k\u00e4yneet HopLopissa. Maanantaina tuli viesti, ett\u00e4 kaverin poika oksentaa, ett\u00e4 varokaa kohta se on kaikilla. Aamulla jo p\u00e4iv\u00e4kotiin viedess\u00e4 kuulostelin, et poika k\u00f6hisee. T\u00f6iden j\u00e4lkeen kun hain p\u00e4iv\u00e4kodista, niin kotiin p\u00e4\u00e4sty\u00e4 poika oli jotenkin v\u00e4syneen olonen ja itkunen. Istahti eteisen lattialle itkem\u00e4\u00e4n, ett\u00e4 jalkoja koskee ja p\u00e4\u00e4t\u00e4 s\u00e4rkee. &hellip; Jatka artikkeliin -Lapsi sairastaa 27.1.2017\" \/>\n<meta property=\"og:url\" content=\"https:\/\/pakkoneuloosi86.blogaaja.fi\/?page_id=716\" \/>\n<meta property=\"og:site_name\" content=\"Pakkoneulootikon el\u00e4m\u00e4\u00e4\" \/>\n<meta name=\"twitter:card\" content=\"summary_large_image\" \/>\n<meta name=\"twitter:label1\" content=\"Est. reading time\">\n\t<meta name=\"twitter:data1\" content=\"3 minuuttia\">\n<script type=\"application\/ld+json\" class=\"yoast-schema-graph\">{\"@context\":\"https:\/\/schema.org\",\"@graph\":[{\"@type\":\"WebSite\",\"@id\":\"https:\/\/pakkoneuloosi86.blogaaja.fi\/#website\",\"url\":\"https:\/\/pakkoneuloosi86.blogaaja.fi\/\",\"name\":\"Pakkoneulootikon el\\u00e4m\\u00e4\\u00e4\",\"description\":\"Asiasta aidanseip\\u00e4\\u00e4seen ja takasin ;)\",\"potentialAction\":[{\"@type\":\"SearchAction\",\"target\":\"https:\/\/pakkoneuloosi86.blogaaja.fi\/?s={search_term_string}\",\"query-input\":\"required name=search_term_string\"}],\"inLanguage\":\"fi\"},{\"@type\":\"WebPage\",\"@id\":\"https:\/\/pakkoneuloosi86.blogaaja.fi\/?page_id=716#webpage\",\"url\":\"https:\/\/pakkoneuloosi86.blogaaja.fi\/?page_id=716\",\"name\":\"-Lapsi sairastaa 27.1.2017 - Pakkoneulootikon el\\u00e4m\\u00e4\\u00e4\",\"isPartOf\":{\"@id\":\"https:\/\/pakkoneuloosi86.blogaaja.fi\/#website\"},\"datePublished\":\"2017-01-27T12:47:26+00:00\",\"dateModified\":\"2017-01-27T12:47:26+00:00\",\"inLanguage\":\"fi\",\"potentialAction\":[{\"@type\":\"ReadAction\",\"target\":[\"https:\/\/pakkoneuloosi86.blogaaja.fi\/?page_id=716\"]}]}]}<\/script>\n<!-- \/ Yoast SEO plugin. -->","_links":{"self":[{"href":"https:\/\/pakkoneuloosi86.blogaaja.fi\/index.php?rest_route=\/wp\/v2\/pages\/716"}],"collection":[{"href":"https:\/\/pakkoneuloosi86.blogaaja.fi\/index.php?rest_route=\/wp\/v2\/pages"}],"about":[{"href":"https:\/\/pakkoneuloosi86.blogaaja.fi\/index.php?rest_route=\/wp\/v2\/types\/page"}],"author":[{"embeddable":true,"href":"https:\/\/pakkoneuloosi86.blogaaja.fi\/index.php?rest_route=\/wp\/v2\/users\/15737"}],"replies":[{"embeddable":true,"href":"https:\/\/pakkoneuloosi86.blogaaja.fi\/index.php?rest_route=%2Fwp%2Fv2%2Fcomments&post=716"}],"version-history":[{"count":0,"href":"https:\/\/pakkoneuloosi86.blogaaja.fi\/index.php?rest_route=\/wp\/v2\/pages\/716\/revisions"}],"up":[{"embeddable":true,"href":"https:\/\/pakkoneuloosi86.blogaaja.fi\/index.php?rest_route=\/wp\/v2\/pages\/232"}],"wp:attachment":[{"href":"https:\/\/pakkoneuloosi86.blogaaja.fi\/index.php?rest_route=%2Fwp%2Fv2%2Fmedia&parent=716"}],"curies":[{"name":"wp","href":"https:\/\/api.w.org\/{rel}","templated":true}]}}