{"id":712,"date":"2017-01-24T12:18:34","date_gmt":"2017-01-24T10:18:34","guid":{"rendered":"http:\/\/pakkoneuloosi86.blogaaja.fi\/?page_id=712"},"modified":"2017-01-24T12:24:00","modified_gmt":"2017-01-24T10:24:00","slug":"kerrostaloelamaa-24-1-2017","status":"publish","type":"page","link":"https:\/\/pakkoneuloosi86.blogaaja.fi\/?page_id=712","title":{"rendered":"-Kerrostaloel\u00e4m\u00e4\u00e4 24.1.2017"},"content":{"rendered":"<p>Ihan pienimuotonen avautuminen. Ottakaa huumorilla! Siit\u00e4kin huolimatta, et voisin pakata kamat heti ja muuttaa johonkin miss\u00e4 ei tunnu silt\u00e4, et asuis soluasunnossa naapureidensa kanssa \ud83d\ude00 Muutettiin toukokun alussa kerrostaloon pojan ja avopuolison kanssa. Muutama kuukausi tuntu olevan rauhallista, mut sitte meid\u00e4n yl\u00e4kertaan muutti ykslapsinen perhe ja sen my\u00f6t\u00e4 ilmeisesti muutkin kerrostalon asukkaat on villiintyny.<\/p>\n<p>Kerran jouduin jo vartijankin soittamaan, kun yl\u00e4viistossa asuva naapuri luukutti yht\u00e4 ja samaa kappaletta toista tuntia hiljasuuden j\u00e4lkeen. Ja siell\u00e4 sit porrask\u00e4yt\u00e4v\u00e4ss\u00e4 ovien takana hiippailin kuuntelemassa, et kuka hemmetti mesoaa, et osaan kertoo vartijalle oikeen asunnon \ud83d\ude00 Eik\u00e4 kukaan lopulta edes avannu asunnosta ovee vartijalle. Musiikki onneks hiljeni. P\u00e4\u00e4sin nukkumaan klo 02:00. Aamuvuoroon her\u00e4tyskello her\u00e4tti 5:40. Oli ihan tosi jees fiilis koko p\u00e4iv\u00e4n. J\u00e4tin luukusta heippalapun \ud83d\ude09 ja \u00a0laitoin s\u00e4hk\u00f6postia is\u00e4nn\u00f6itsij\u00e4lle. Sen j\u00e4lkeen on satunnaisesti kuulunu musiikinpauhua, mut hiljentyny ennen puoltay\u00f6t\u00e4.<\/p>\n<p>Sein\u00e4naapureilta ei ikin\u00e4 kuulu mit\u00e4\u00e4n h\u00e4iri\u00f6t\u00e4, vaikka todistetusti niit\u00e4 on olemassa \ud83d\ude00 En tii\u00e4 mist\u00e4 t\u00e4n talon katto ja lattia on tehty, mut kohta lahjotan yl\u00e4kerran naapureille huopatossut ja kokolattiamatot, sek\u00e4 pyyd\u00e4n pehmustamaan vessanp\u00f6nt\u00f6n. Kaikki t\u00f6min\u00e4 ja meluaminen kuuluu ihan liian selkeesti meille asti. Ilmeisesti heill\u00e4 on marssiharjotukset p\u00e4ivitt\u00e4in kahen tunnin jaksoissa \ud83d\ude00 Nytkin, kun flunssanen poika nukkuu p\u00e4iv\u00e4unia, kuuluu hirvee rymin\u00e4 ja pauke ja puheenpulina. Ja miten eksoottista on kun pelk\u00e4ll\u00e4 korvakuulolla voit sanoa, mik\u00e4 toimitus vessassa on menossa; rakon tyhjennys, suolen toimitus vai per\u00e4ti norjan kielikylpy p\u00f6ntt\u00f6\u00e4 halaillen \ud83d\ude00 Voipahan huolehtia l\u00e4himm\u00e4isist\u00e4 ja k\u00e4yd\u00e4 tarvittaessa lahjottamassa Imodiumia, maitohappobakteereja, hiilitabletteja tai vaikka pari Toilaxia \ud83d\ude09<\/p>\n<p>Jopa niiden lapsen \u00e4\u00e4nilelun melu kuuluu meille ihan selkeesti. Jos ne puhusivat suomea, ymm\u00e4rt\u00e4isin ja kuulisin joka sanan, joka meille kuuluu. Tottakai el\u00e4misen \u00e4\u00e4ni\u00e4 kuuluu olla, mut kuuluuko sen kuulua niinkun ne asuis meid\u00e4n makuuhuoneessa?? Raastaa v\u00e4lill\u00e4 niin hermoja niin lujaa!!<\/p>\n<p>Ehottomasti parasta on, kun meet nukkumaan, eik\u00e4 uni tuu heti. Sit kun alat kuuntelemaan oikein niit\u00e4 kaikkia melun \u00e4\u00e4ni\u00e4 mit\u00e4 kuuluu \ud83d\ude00 Jollain on tapana kuunnella tosi \u00e4rsytt\u00e4v\u00e4\u00e4 ohjelmaa radiosta tai tv:st\u00e4, se pulputus kuuluu meid\u00e4n makuuhuoneeseen ilmeisesti patteria pitkin kaikuen \ud83d\ude00 Ja kun ei o edes suomeks, et ymm\u00e4rt\u00e4isin mit\u00e4 ohjelma koskee, et onko ees hyv\u00e4 ohjelma \ud83d\ude00 Siit\u00e4 tulee v\u00e4h\u00e4n mieleen Serranon perheen polotus. Siin\u00e4 menee loputkin y\u00f6unet, ku alkaa villiintym\u00e4\u00e4n itekkin siin\u00e4 metakassa niin, et vois lenkille l\u00e4htee \ud83d\ude00<\/p>\n<p>Viime y\u00f6n\u00e4 kuuntelin puoleny\u00f6n aikaan, kun joku omasta mielest\u00e4\u00e4n loistavasti laulava kieku jossain asunnossa ja raiskas jotain popbiisi\u00e4. Sitte meni hermo ja sill\u00e4kin uhalla, et poika olis her\u00e4nny aloin kiekumaan takasin. Tied\u00e4 kuuluko sinne asuntoon, mut biisin loputtua laululintu hiljeni \ud83d\ude09 Ja kyll\u00e4, laululintu sirkuttaa v\u00e4lill\u00e4 my\u00f6s p\u00e4ivisinkin. Asuu t\u00e4\u00e4ll\u00e4 joku sellanenkin, joka osaa soittaa hyvin kitaraa, sit\u00e4 on kiva kuunnella \ud83d\ude42 Yhten\u00e4 y\u00f6n\u00e4 taas oli j\u00e4\u00e4ny rappuk\u00e4yt\u00e4v\u00e4n valo p\u00e4\u00e4lle, j\u00e4lleen kerran vaikka sen pit\u00e4s sammua automaattisesti, \u00a0ja se paisto h\u00e4iritsev\u00e4sti makuuhuoneen oven yl\u00e4puolen ikkunasta makuuhuoneeseen. Kun ulko-ovessa on ikkuna ja makuuhuone suoraan siin\u00e4 ulko-ovea vastap\u00e4\u00e4t\u00e4. No kuitenkii, ilmeisesti jollain muullakin meni hermo siihen tai sit tuli k\u00e4nniss\u00e4 kotiin, kun yht\u00e4kki\u00e4 joku huusi k\u00e4yt\u00e4v\u00e4ss\u00e4 V***u ja paiskas oven. Hetken p\u00e4\u00e4st\u00e4 kuulu taas kamala rymin\u00e4 ja uudestaan huudettiin alap\u00e4\u00e4t\u00e4 ja paiskottiin ovia. Sen j\u00e4lkeen sammu kyll\u00e4 valokin vihdoin \ud83d\ude00 Kello oli kolme aamuy\u00f6ll\u00e4. Onneks oli iltavuoro eess\u00e4.<\/p>\n<p>En varmaan ikin\u00e4 lakkaa ihmettelem\u00e4st\u00e4, miten t\u00e4\u00e4ll\u00e4 on niin huonot \u00e4\u00e4nieristeet, koska hiljasemmissaki kerrostaloissa on tullu asuttua\/k\u00e4yty\u00e4. S\u00e4\u00e4liks k\u00e4y etenkin alakerran naapureita klo 5:20, kun pojan kanssa her\u00e4t\u00e4\u00e4n p\u00e4iv\u00e4kotiin ja t\u00f6ihin. Toisaalta my\u00f6s tunnen ripauksen vahingoniloa, etenkin kun poika saa hepulin jostain olemattomasta ja huutaa ja kiukuttelee toista tuntia. Taikka sitten, kun avopuoliso kattoo jalkapalloa tai pelaa pleikkaria ja huutaa t\u00e4\u00e4ll\u00e4 \ud83d\ude00 Kyll\u00e4 meist\u00e4kin siis el\u00e4misen \u00e4\u00e4ni\u00e4 l\u00e4htee, niinkun jokaisesta luonnollisesti. V\u00e4lill\u00e4 k\u00e4y s\u00e4\u00e4liks niit\u00e4 vanhempia, joiden vauva itkee y\u00f6ll\u00e4 pitki\u00e4 aikoja jossain tuolla \ud83d\ude41 Toisinaan sit\u00e4 pys\u00e4htyy miettim\u00e4\u00e4n, et kuinka paljon meid\u00e4n normaalista puheesta kuuluu muihin asuntoihin, kun lattia ja katto tuntuu olevan paperia. Ainakin pojan ja kissan komentaminen varmasti kuuluu. Mut odotan sit\u00e4 p\u00e4iv\u00e4\u00e4, et muutetaan johonkin muualle miss\u00e4 naapureiden asiat pysyy naapureilla ja meid\u00e4n asiat meill\u00e4.<\/p>\n<p>Ugh! Olen puhunut \ud83d\ude00 Mukavaa viikkoa!<\/p>\n<p>&lt;3 Heidi<\/p>\n","protected":false},"excerpt":{"rendered":"<p>Ihan pienimuotonen avautuminen. Ottakaa huumorilla! Siit\u00e4kin huolimatta, et voisin pakata kamat heti ja muuttaa johonkin miss\u00e4 ei tunnu silt\u00e4, et asuis soluasunnossa naapureidensa kanssa \ud83d\ude00 Muutettiin toukokun alussa kerrostaloon pojan ja avopuolison kanssa. Muutama kuukausi tuntu olevan rauhallista, mut sitte meid\u00e4n yl\u00e4kertaan muutti ykslapsinen perhe ja sen my\u00f6t\u00e4 ilmeisesti muutkin kerrostalon asukkaat on villiintyny. Kerran &hellip; <a href=\"https:\/\/pakkoneuloosi86.blogaaja.fi\/?page_id=712\" class=\"more-link\">Jatka artikkeliin <span class=\"screen-reader-text\">-Kerrostaloel\u00e4m\u00e4\u00e4 24.1.2017<\/span><\/a><\/p>\n","protected":false},"author":15737,"featured_media":0,"parent":232,"menu_order":9,"comment_status":"open","ping_status":"closed","template":"","meta":[],"yoast_head":"<!-- This site is optimized with the Yoast SEO plugin v15.6.2 - https:\/\/yoast.com\/wordpress\/plugins\/seo\/ -->\n<title>-Kerrostaloel\u00e4m\u00e4\u00e4 24.1.2017 - Pakkoneulootikon el\u00e4m\u00e4\u00e4<\/title>\n<meta name=\"robots\" content=\"index, follow, max-snippet:-1, max-image-preview:large, max-video-preview:-1\" \/>\n<link rel=\"canonical\" href=\"https:\/\/pakkoneuloosi86.blogaaja.fi\/?page_id=712\" \/>\n<meta property=\"og:locale\" content=\"fi_FI\" \/>\n<meta property=\"og:type\" content=\"article\" \/>\n<meta property=\"og:title\" content=\"-Kerrostaloel\u00e4m\u00e4\u00e4 24.1.2017 - Pakkoneulootikon el\u00e4m\u00e4\u00e4\" \/>\n<meta property=\"og:description\" content=\"Ihan pienimuotonen avautuminen. Ottakaa huumorilla! Siit\u00e4kin huolimatta, et voisin pakata kamat heti ja muuttaa johonkin miss\u00e4 ei tunnu silt\u00e4, et asuis soluasunnossa naapureidensa kanssa \ud83d\ude00 Muutettiin toukokun alussa kerrostaloon pojan ja avopuolison kanssa. Muutama kuukausi tuntu olevan rauhallista, mut sitte meid\u00e4n yl\u00e4kertaan muutti ykslapsinen perhe ja sen my\u00f6t\u00e4 ilmeisesti muutkin kerrostalon asukkaat on villiintyny. Kerran &hellip; Jatka artikkeliin -Kerrostaloel\u00e4m\u00e4\u00e4 24.1.2017\" \/>\n<meta property=\"og:url\" content=\"https:\/\/pakkoneuloosi86.blogaaja.fi\/?page_id=712\" \/>\n<meta property=\"og:site_name\" content=\"Pakkoneulootikon el\u00e4m\u00e4\u00e4\" \/>\n<meta property=\"article:modified_time\" content=\"2017-01-24T10:24:00+00:00\" \/>\n<meta name=\"twitter:card\" content=\"summary_large_image\" \/>\n<meta name=\"twitter:label1\" content=\"Est. reading time\">\n\t<meta name=\"twitter:data1\" content=\"4 minuuttia\">\n<script type=\"application\/ld+json\" class=\"yoast-schema-graph\">{\"@context\":\"https:\/\/schema.org\",\"@graph\":[{\"@type\":\"WebSite\",\"@id\":\"https:\/\/pakkoneuloosi86.blogaaja.fi\/#website\",\"url\":\"https:\/\/pakkoneuloosi86.blogaaja.fi\/\",\"name\":\"Pakkoneulootikon el\\u00e4m\\u00e4\\u00e4\",\"description\":\"Asiasta aidanseip\\u00e4\\u00e4seen ja takasin ;)\",\"potentialAction\":[{\"@type\":\"SearchAction\",\"target\":\"https:\/\/pakkoneuloosi86.blogaaja.fi\/?s={search_term_string}\",\"query-input\":\"required name=search_term_string\"}],\"inLanguage\":\"fi\"},{\"@type\":\"WebPage\",\"@id\":\"https:\/\/pakkoneuloosi86.blogaaja.fi\/?page_id=712#webpage\",\"url\":\"https:\/\/pakkoneuloosi86.blogaaja.fi\/?page_id=712\",\"name\":\"-Kerrostaloel\\u00e4m\\u00e4\\u00e4 24.1.2017 - Pakkoneulootikon el\\u00e4m\\u00e4\\u00e4\",\"isPartOf\":{\"@id\":\"https:\/\/pakkoneuloosi86.blogaaja.fi\/#website\"},\"datePublished\":\"2017-01-24T10:18:34+00:00\",\"dateModified\":\"2017-01-24T10:24:00+00:00\",\"inLanguage\":\"fi\",\"potentialAction\":[{\"@type\":\"ReadAction\",\"target\":[\"https:\/\/pakkoneuloosi86.blogaaja.fi\/?page_id=712\"]}]}]}<\/script>\n<!-- \/ Yoast SEO plugin. -->","_links":{"self":[{"href":"https:\/\/pakkoneuloosi86.blogaaja.fi\/index.php?rest_route=\/wp\/v2\/pages\/712"}],"collection":[{"href":"https:\/\/pakkoneuloosi86.blogaaja.fi\/index.php?rest_route=\/wp\/v2\/pages"}],"about":[{"href":"https:\/\/pakkoneuloosi86.blogaaja.fi\/index.php?rest_route=\/wp\/v2\/types\/page"}],"author":[{"embeddable":true,"href":"https:\/\/pakkoneuloosi86.blogaaja.fi\/index.php?rest_route=\/wp\/v2\/users\/15737"}],"replies":[{"embeddable":true,"href":"https:\/\/pakkoneuloosi86.blogaaja.fi\/index.php?rest_route=%2Fwp%2Fv2%2Fcomments&post=712"}],"version-history":[{"count":0,"href":"https:\/\/pakkoneuloosi86.blogaaja.fi\/index.php?rest_route=\/wp\/v2\/pages\/712\/revisions"}],"up":[{"embeddable":true,"href":"https:\/\/pakkoneuloosi86.blogaaja.fi\/index.php?rest_route=\/wp\/v2\/pages\/232"}],"wp:attachment":[{"href":"https:\/\/pakkoneuloosi86.blogaaja.fi\/index.php?rest_route=%2Fwp%2Fv2%2Fmedia&parent=712"}],"curies":[{"name":"wp","href":"https:\/\/api.w.org\/{rel}","templated":true}]}}