{"id":707,"date":"2017-01-21T11:42:34","date_gmt":"2017-01-21T09:42:34","guid":{"rendered":"http:\/\/pakkoneuloosi86.blogaaja.fi\/?page_id=707"},"modified":"2017-01-21T11:45:44","modified_gmt":"2017-01-21T09:45:44","slug":"lapaset-intialaisella-peukalolla-21-1-2017","status":"publish","type":"page","link":"https:\/\/pakkoneuloosi86.blogaaja.fi\/?page_id=707","title":{"rendered":"-Lapaset intialaisella peukalolla 21.1.2017"},"content":{"rendered":"<p>Sain tuossa pari p\u00e4iv\u00e4\u00e4 sitten valmiiks lapaset pikkusiskolle \ud83d\ude42 Olin joskus saanu kaverilta ohjeen lapasiin hyvinistuvalla intialaisella peukalolla ja sit\u00e4 halusinkin kokeilla eka kertaa. Sen peukalon my\u00f6t\u00e4 voin sanoo, ettei lapasten neulominen oo en\u00e4\u00e4 yht\u00e4 inhottavaa, kun oli aiemmin.<\/p>\n<p>Lankana oli k\u00e4tk\u00f6ist\u00e4 kaivettu Seiska veikan joku raitalanka vuodelta kivi ja nakki. Puikkoina koko 3 cubics (elikk\u00e4 ne neliskanttiset, joiden nimeen vannon nyt ja aina &lt;3). Ohjeen lapaseen ja intialaiseen peukaloon l\u00f6yd\u00e4t\u00a0<a href=\"https:\/\/www.novitaknits.com\/fi\/fi\/node\/2041\/instructions\">t\u00e4\u00e4lt\u00e4<\/a>.<\/p>\n<p>Ja t\u00e4mm\u00f6set niist\u00e4 tuli<\/p>\n<p><img loading=\"lazy\" class=\"alignnone size-medium wp-image-708\" src=\"http:\/\/pakkoneuloosi86.blogaaja.fi\/files\/2017\/01\/20170119_193700-247x300.jpg\" alt=\"\" width=\"247\" height=\"300\" srcset=\"https:\/\/pakkoneuloosi86.blogaaja.fi\/files\/2017\/01\/20170119_193700-247x300.jpg 247w, https:\/\/pakkoneuloosi86.blogaaja.fi\/files\/2017\/01\/20170119_193700.jpg 504w\" sizes=\"(max-width: 247px) 100vw, 247px\" \/><\/p>\n<p>Vasen lapanen takaa ja oikea eest\u00e4. Onhan tuo v\u00e4h\u00e4n omintakeisen n\u00e4k\u00f6nen peukalon kohalta, mutta kun veti k\u00e4teen ne niin istuu kyll\u00e4 ihan eri tavalla, kun muut ikin\u00e4 tekem\u00e4t lapaset. Tosi hyv\u00e4ntuntuset k\u00e4dess\u00e4. Nyt on puikoilla menossa taas uudet lapaset, toiselle siskolle.<\/p>\n<p>Mukavaa viikonloppua, mi\u00e4 viet\u00e4n sen iltavuoroissa!<\/p>\n<p>&lt;3 Heidi<\/p>\n<p>&nbsp;<\/p>\n","protected":false},"excerpt":{"rendered":"<p>Sain tuossa pari p\u00e4iv\u00e4\u00e4 sitten valmiiks lapaset pikkusiskolle \ud83d\ude42 Olin joskus saanu kaverilta ohjeen lapasiin hyvinistuvalla intialaisella peukalolla ja sit\u00e4 halusinkin kokeilla eka kertaa. Sen peukalon my\u00f6t\u00e4 voin sanoo, ettei lapasten neulominen oo en\u00e4\u00e4 yht\u00e4 inhottavaa, kun oli aiemmin. Lankana oli k\u00e4tk\u00f6ist\u00e4 kaivettu Seiska veikan joku raitalanka vuodelta kivi ja nakki. Puikkoina koko 3 cubics &hellip; <a href=\"https:\/\/pakkoneuloosi86.blogaaja.fi\/?page_id=707\" class=\"more-link\">Jatka artikkeliin <span class=\"screen-reader-text\">-Lapaset intialaisella peukalolla 21.1.2017<\/span><\/a><\/p>\n","protected":false},"author":15737,"featured_media":0,"parent":267,"menu_order":6,"comment_status":"open","ping_status":"closed","template":"","meta":[],"yoast_head":"<!-- This site is optimized with the Yoast SEO plugin v15.6.2 - https:\/\/yoast.com\/wordpress\/plugins\/seo\/ -->\n<title>-Lapaset intialaisella peukalolla 21.1.2017 - Pakkoneulootikon el\u00e4m\u00e4\u00e4<\/title>\n<meta name=\"robots\" content=\"index, follow, max-snippet:-1, max-image-preview:large, max-video-preview:-1\" \/>\n<link rel=\"canonical\" href=\"https:\/\/pakkoneuloosi86.blogaaja.fi\/?page_id=707\" \/>\n<meta property=\"og:locale\" content=\"fi_FI\" \/>\n<meta property=\"og:type\" content=\"article\" \/>\n<meta property=\"og:title\" content=\"-Lapaset intialaisella peukalolla 21.1.2017 - Pakkoneulootikon el\u00e4m\u00e4\u00e4\" \/>\n<meta property=\"og:description\" content=\"Sain tuossa pari p\u00e4iv\u00e4\u00e4 sitten valmiiks lapaset pikkusiskolle \ud83d\ude42 Olin joskus saanu kaverilta ohjeen lapasiin hyvinistuvalla intialaisella peukalolla ja sit\u00e4 halusinkin kokeilla eka kertaa. Sen peukalon my\u00f6t\u00e4 voin sanoo, ettei lapasten neulominen oo en\u00e4\u00e4 yht\u00e4 inhottavaa, kun oli aiemmin. Lankana oli k\u00e4tk\u00f6ist\u00e4 kaivettu Seiska veikan joku raitalanka vuodelta kivi ja nakki. Puikkoina koko 3 cubics &hellip; Jatka artikkeliin -Lapaset intialaisella peukalolla 21.1.2017\" \/>\n<meta property=\"og:url\" content=\"https:\/\/pakkoneuloosi86.blogaaja.fi\/?page_id=707\" \/>\n<meta property=\"og:site_name\" content=\"Pakkoneulootikon el\u00e4m\u00e4\u00e4\" \/>\n<meta property=\"article:modified_time\" content=\"2017-01-21T09:45:44+00:00\" \/>\n<meta property=\"og:image\" content=\"http:\/\/pakkoneuloosi86.blogaaja.fi\/files\/2017\/01\/20170119_193700-247x300.jpg\" \/>\n<meta name=\"twitter:card\" content=\"summary_large_image\" \/>\n<meta name=\"twitter:label1\" content=\"Est. reading time\">\n\t<meta name=\"twitter:data1\" content=\"1 minuutti\">\n<script type=\"application\/ld+json\" class=\"yoast-schema-graph\">{\"@context\":\"https:\/\/schema.org\",\"@graph\":[{\"@type\":\"WebSite\",\"@id\":\"https:\/\/pakkoneuloosi86.blogaaja.fi\/#website\",\"url\":\"https:\/\/pakkoneuloosi86.blogaaja.fi\/\",\"name\":\"Pakkoneulootikon el\\u00e4m\\u00e4\\u00e4\",\"description\":\"Asiasta aidanseip\\u00e4\\u00e4seen ja takasin ;)\",\"potentialAction\":[{\"@type\":\"SearchAction\",\"target\":\"https:\/\/pakkoneuloosi86.blogaaja.fi\/?s={search_term_string}\",\"query-input\":\"required name=search_term_string\"}],\"inLanguage\":\"fi\"},{\"@type\":\"ImageObject\",\"@id\":\"https:\/\/pakkoneuloosi86.blogaaja.fi\/?page_id=707#primaryimage\",\"inLanguage\":\"fi\",\"url\":\"http:\/\/pakkoneuloosi86.blogaaja.fi\/files\/2017\/01\/20170119_193700-247x300.jpg\"},{\"@type\":\"WebPage\",\"@id\":\"https:\/\/pakkoneuloosi86.blogaaja.fi\/?page_id=707#webpage\",\"url\":\"https:\/\/pakkoneuloosi86.blogaaja.fi\/?page_id=707\",\"name\":\"-Lapaset intialaisella peukalolla 21.1.2017 - Pakkoneulootikon el\\u00e4m\\u00e4\\u00e4\",\"isPartOf\":{\"@id\":\"https:\/\/pakkoneuloosi86.blogaaja.fi\/#website\"},\"primaryImageOfPage\":{\"@id\":\"https:\/\/pakkoneuloosi86.blogaaja.fi\/?page_id=707#primaryimage\"},\"datePublished\":\"2017-01-21T09:42:34+00:00\",\"dateModified\":\"2017-01-21T09:45:44+00:00\",\"inLanguage\":\"fi\",\"potentialAction\":[{\"@type\":\"ReadAction\",\"target\":[\"https:\/\/pakkoneuloosi86.blogaaja.fi\/?page_id=707\"]}]}]}<\/script>\n<!-- \/ Yoast SEO plugin. -->","_links":{"self":[{"href":"https:\/\/pakkoneuloosi86.blogaaja.fi\/index.php?rest_route=\/wp\/v2\/pages\/707"}],"collection":[{"href":"https:\/\/pakkoneuloosi86.blogaaja.fi\/index.php?rest_route=\/wp\/v2\/pages"}],"about":[{"href":"https:\/\/pakkoneuloosi86.blogaaja.fi\/index.php?rest_route=\/wp\/v2\/types\/page"}],"author":[{"embeddable":true,"href":"https:\/\/pakkoneuloosi86.blogaaja.fi\/index.php?rest_route=\/wp\/v2\/users\/15737"}],"replies":[{"embeddable":true,"href":"https:\/\/pakkoneuloosi86.blogaaja.fi\/index.php?rest_route=%2Fwp%2Fv2%2Fcomments&post=707"}],"version-history":[{"count":0,"href":"https:\/\/pakkoneuloosi86.blogaaja.fi\/index.php?rest_route=\/wp\/v2\/pages\/707\/revisions"}],"up":[{"embeddable":true,"href":"https:\/\/pakkoneuloosi86.blogaaja.fi\/index.php?rest_route=\/wp\/v2\/pages\/267"}],"wp:attachment":[{"href":"https:\/\/pakkoneuloosi86.blogaaja.fi\/index.php?rest_route=%2Fwp%2Fv2%2Fmedia&parent=707"}],"curies":[{"name":"wp","href":"https:\/\/api.w.org\/{rel}","templated":true}]}}