{"id":660,"date":"2016-12-19T21:06:54","date_gmt":"2016-12-19T19:06:54","guid":{"rendered":"http:\/\/pakkoneuloosi86.blogaaja.fi\/?page_id=660"},"modified":"2016-12-19T21:06:54","modified_gmt":"2016-12-19T19:06:54","slug":"19-luukku-19-12-2016","status":"publish","type":"page","link":"https:\/\/pakkoneuloosi86.blogaaja.fi\/?page_id=660","title":{"rendered":"*19.Luukku 19.12.2016"},"content":{"rendered":"<p><img loading=\"lazy\" class=\"alignnone size-medium wp-image-661\" src=\"http:\/\/pakkoneuloosi86.blogaaja.fi\/files\/2016\/12\/20161219_205830-277x300.jpg\" alt=\"_20161219_205830\" width=\"277\" height=\"300\" srcset=\"https:\/\/pakkoneuloosi86.blogaaja.fi\/files\/2016\/12\/20161219_205830-277x300.jpg 277w, https:\/\/pakkoneuloosi86.blogaaja.fi\/files\/2016\/12\/20161219_205830.jpg 443w\" sizes=\"(max-width: 277px) 100vw, 277px\" \/><\/p>\n<p>T\u00e4n p\u00e4iv\u00e4n pussukka olis pit\u00e4ny p\u00e4\u00e4st\u00e4 avaamaan jo klo 6:20 \ud83d\ude00 Mist\u00e4 ihmeest\u00e4 lapset l\u00f6yt\u00e4\u00e4 virtaa siihen aikaan aamusta. Oon pojalle k\u00e4yny avaamassa tv:n lastenohjelmia varten, mut ei mulla kovin muistikuvaa siit\u00e4 oo. T\u00e4n\u00e4\u00e4n on otettu vaan rennosti. Pojan kanssa tehty teht\u00e4vi\u00e4 puuhakirjasta, luettu ja poika leikkiny pihalla naapurin tyt\u00f6n kanssa. Illalla tein yhen taatelikakunkin. Kurkku on tuntunu t\u00e4n\u00e4\u00e4n jo v\u00e4h\u00e4n paremmalta, v\u00e4symys on edelleen j\u00e4ljell\u00e4 ja v\u00e4lill\u00e4 tuntuu et k\u00e4y henkeen liikkuessa. Se saattaa kuulemma johtuu kyll\u00e4 niskan jumeistakin, sano naprapaatti.<\/p>\n<p>Hommasin itelleni tommosen foam roller-p\u00f6tkyl\u00e4n ja sill\u00e4 oon nyt paikkoja nitkuttanu auki. Aika masokistin hommaa! Sattuu ihan helvetisti, mut on tuo tuntunu kyll\u00e4 auttavan. Ehk\u00e4 mi\u00e4 sittenkin saan uuden niskan viel\u00e4 \ud83d\ude09<\/p>\n<p>T\u00e4m\u00e4n p\u00e4iv\u00e4n pussukasta paljastu purkkaa \ud83d\ude00<\/p>\n<p><img loading=\"lazy\" class=\"alignnone size-medium wp-image-662\" src=\"http:\/\/pakkoneuloosi86.blogaaja.fi\/files\/2016\/12\/20161219_205859-300x166.jpg\" alt=\"_20161219_205859\" width=\"300\" height=\"166\" srcset=\"https:\/\/pakkoneuloosi86.blogaaja.fi\/files\/2016\/12\/20161219_205859-300x166.jpg 300w, https:\/\/pakkoneuloosi86.blogaaja.fi\/files\/2016\/12\/20161219_205859.jpg 632w\" sizes=\"(max-width: 300px) 100vw, 300px\" \/><\/p>\n<p>Puoli p\u00e4iv\u00e4\u00e4 poika kuljeksi tuo k\u00e4dess\u00e4\u00e4n ja kyseli harvasen hetki, et saako jo ottaa \ud83d\ude00 T\u00e4\u00e4 p\u00e4iv\u00e4 on muutenkin menny kivasti, ei suuria hepuleita, eik\u00e4 riitoja tai uhmaamista. Reipas pieni mies ollu t\u00e4n\u00e4\u00e4n \ud83d\ude42 Ja reipas avopuolisokin oli kinkkutalkoissa t\u00e4n\u00e4\u00e4n \ud83d\ude42 Ressukka oli niin v\u00e4syny, et tuolla se s\u00f6p\u00f6sti makkarissa kuorsaa nyt. Yleens\u00e4 se oon mi\u00e4 kumpi meist\u00e4 ekana on nukkumassa \ud83d\ude00 Mut kohtahan mi\u00e4kin sinne viereen t\u00e4st\u00e4 varmaan suuntaan \ud83d\ude42<\/p>\n<p>T\u00e4n\u00e4\u00e4n j\u00e4ljell\u00e4 5 &lt;3<\/p>\n<p>&lt;3 Heidi<\/p>\n","protected":false},"excerpt":{"rendered":"<p>T\u00e4n p\u00e4iv\u00e4n pussukka olis pit\u00e4ny p\u00e4\u00e4st\u00e4 avaamaan jo klo 6:20 \ud83d\ude00 Mist\u00e4 ihmeest\u00e4 lapset l\u00f6yt\u00e4\u00e4 virtaa siihen aikaan aamusta. Oon pojalle k\u00e4yny avaamassa tv:n lastenohjelmia varten, mut ei mulla kovin muistikuvaa siit\u00e4 oo. T\u00e4n\u00e4\u00e4n on otettu vaan rennosti. Pojan kanssa tehty teht\u00e4vi\u00e4 puuhakirjasta, luettu ja poika leikkiny pihalla naapurin tyt\u00f6n kanssa. Illalla tein yhen taatelikakunkin. &hellip; <a href=\"https:\/\/pakkoneuloosi86.blogaaja.fi\/?page_id=660\" class=\"more-link\">Jatka artikkeliin <span class=\"screen-reader-text\">*19.Luukku 19.12.2016<\/span><\/a><\/p>\n","protected":false},"author":15737,"featured_media":0,"parent":511,"menu_order":19,"comment_status":"open","ping_status":"closed","template":"","meta":[],"yoast_head":"<!-- This site is optimized with the Yoast SEO plugin v15.6.2 - https:\/\/yoast.com\/wordpress\/plugins\/seo\/ -->\n<title>*19.Luukku 19.12.2016 - Pakkoneulootikon el\u00e4m\u00e4\u00e4<\/title>\n<meta name=\"robots\" content=\"index, follow, max-snippet:-1, max-image-preview:large, max-video-preview:-1\" \/>\n<link rel=\"canonical\" href=\"https:\/\/pakkoneuloosi86.blogaaja.fi\/?page_id=660\" \/>\n<meta property=\"og:locale\" content=\"fi_FI\" \/>\n<meta property=\"og:type\" content=\"article\" \/>\n<meta property=\"og:title\" content=\"*19.Luukku 19.12.2016 - Pakkoneulootikon el\u00e4m\u00e4\u00e4\" \/>\n<meta property=\"og:description\" content=\"T\u00e4n p\u00e4iv\u00e4n pussukka olis pit\u00e4ny p\u00e4\u00e4st\u00e4 avaamaan jo klo 6:20 \ud83d\ude00 Mist\u00e4 ihmeest\u00e4 lapset l\u00f6yt\u00e4\u00e4 virtaa siihen aikaan aamusta. Oon pojalle k\u00e4yny avaamassa tv:n lastenohjelmia varten, mut ei mulla kovin muistikuvaa siit\u00e4 oo. T\u00e4n\u00e4\u00e4n on otettu vaan rennosti. Pojan kanssa tehty teht\u00e4vi\u00e4 puuhakirjasta, luettu ja poika leikkiny pihalla naapurin tyt\u00f6n kanssa. Illalla tein yhen taatelikakunkin. &hellip; Jatka artikkeliin *19.Luukku 19.12.2016\" \/>\n<meta property=\"og:url\" content=\"https:\/\/pakkoneuloosi86.blogaaja.fi\/?page_id=660\" \/>\n<meta property=\"og:site_name\" content=\"Pakkoneulootikon el\u00e4m\u00e4\u00e4\" \/>\n<meta property=\"og:image\" content=\"http:\/\/pakkoneuloosi86.blogaaja.fi\/files\/2016\/12\/20161219_205830-277x300.jpg\" \/>\n<meta name=\"twitter:card\" content=\"summary_large_image\" \/>\n<meta name=\"twitter:label1\" content=\"Est. reading time\">\n\t<meta name=\"twitter:data1\" content=\"1 minuutti\">\n<script type=\"application\/ld+json\" class=\"yoast-schema-graph\">{\"@context\":\"https:\/\/schema.org\",\"@graph\":[{\"@type\":\"WebSite\",\"@id\":\"https:\/\/pakkoneuloosi86.blogaaja.fi\/#website\",\"url\":\"https:\/\/pakkoneuloosi86.blogaaja.fi\/\",\"name\":\"Pakkoneulootikon el\\u00e4m\\u00e4\\u00e4\",\"description\":\"Asiasta aidanseip\\u00e4\\u00e4seen ja takasin ;)\",\"potentialAction\":[{\"@type\":\"SearchAction\",\"target\":\"https:\/\/pakkoneuloosi86.blogaaja.fi\/?s={search_term_string}\",\"query-input\":\"required name=search_term_string\"}],\"inLanguage\":\"fi\"},{\"@type\":\"ImageObject\",\"@id\":\"https:\/\/pakkoneuloosi86.blogaaja.fi\/?page_id=660#primaryimage\",\"inLanguage\":\"fi\",\"url\":\"http:\/\/pakkoneuloosi86.blogaaja.fi\/files\/2016\/12\/20161219_205830-277x300.jpg\"},{\"@type\":\"WebPage\",\"@id\":\"https:\/\/pakkoneuloosi86.blogaaja.fi\/?page_id=660#webpage\",\"url\":\"https:\/\/pakkoneuloosi86.blogaaja.fi\/?page_id=660\",\"name\":\"*19.Luukku 19.12.2016 - Pakkoneulootikon el\\u00e4m\\u00e4\\u00e4\",\"isPartOf\":{\"@id\":\"https:\/\/pakkoneuloosi86.blogaaja.fi\/#website\"},\"primaryImageOfPage\":{\"@id\":\"https:\/\/pakkoneuloosi86.blogaaja.fi\/?page_id=660#primaryimage\"},\"datePublished\":\"2016-12-19T19:06:54+00:00\",\"dateModified\":\"2016-12-19T19:06:54+00:00\",\"inLanguage\":\"fi\",\"potentialAction\":[{\"@type\":\"ReadAction\",\"target\":[\"https:\/\/pakkoneuloosi86.blogaaja.fi\/?page_id=660\"]}]}]}<\/script>\n<!-- \/ Yoast SEO plugin. -->","_links":{"self":[{"href":"https:\/\/pakkoneuloosi86.blogaaja.fi\/index.php?rest_route=\/wp\/v2\/pages\/660"}],"collection":[{"href":"https:\/\/pakkoneuloosi86.blogaaja.fi\/index.php?rest_route=\/wp\/v2\/pages"}],"about":[{"href":"https:\/\/pakkoneuloosi86.blogaaja.fi\/index.php?rest_route=\/wp\/v2\/types\/page"}],"author":[{"embeddable":true,"href":"https:\/\/pakkoneuloosi86.blogaaja.fi\/index.php?rest_route=\/wp\/v2\/users\/15737"}],"replies":[{"embeddable":true,"href":"https:\/\/pakkoneuloosi86.blogaaja.fi\/index.php?rest_route=%2Fwp%2Fv2%2Fcomments&post=660"}],"version-history":[{"count":0,"href":"https:\/\/pakkoneuloosi86.blogaaja.fi\/index.php?rest_route=\/wp\/v2\/pages\/660\/revisions"}],"up":[{"embeddable":true,"href":"https:\/\/pakkoneuloosi86.blogaaja.fi\/index.php?rest_route=\/wp\/v2\/pages\/511"}],"wp:attachment":[{"href":"https:\/\/pakkoneuloosi86.blogaaja.fi\/index.php?rest_route=%2Fwp%2Fv2%2Fmedia&parent=660"}],"curies":[{"name":"wp","href":"https:\/\/api.w.org\/{rel}","templated":true}]}}