{"id":651,"date":"2016-12-18T19:24:31","date_gmt":"2016-12-18T17:24:31","guid":{"rendered":"http:\/\/pakkoneuloosi86.blogaaja.fi\/?page_id=651"},"modified":"2016-12-18T19:24:31","modified_gmt":"2016-12-18T17:24:31","slug":"17-luukku-18-12-2016","status":"publish","type":"page","link":"https:\/\/pakkoneuloosi86.blogaaja.fi\/?page_id=651","title":{"rendered":"*17.Luukku 18.12.2016"},"content":{"rendered":"<p><img loading=\"lazy\" class=\"alignnone size-medium wp-image-652\" src=\"http:\/\/pakkoneuloosi86.blogaaja.fi\/files\/2016\/12\/20161218_191258-274x300.jpg\" alt=\"_20161218_191258\" width=\"274\" height=\"300\" srcset=\"https:\/\/pakkoneuloosi86.blogaaja.fi\/files\/2016\/12\/20161218_191258-274x300.jpg 274w, https:\/\/pakkoneuloosi86.blogaaja.fi\/files\/2016\/12\/20161218_191258.jpg 435w\" sizes=\"(max-width: 274px) 100vw, 274px\" \/><\/p>\n<p>T\u00e4n\u00e4\u00e4n avattiinkin kaksi pussukkaa joulukuusesta \ud83d\ude42 ja aika monta luukkua kuvakalenterista \ud83d\ude00 Tosi kiva huomata, ett\u00e4 poika on oppinu laskemaan jo 10 pidemm\u00e4lle joulukalenterin ansiosta.<\/p>\n<p>Pussukasta l\u00f6ytyi pojalle ihan oma paperiliima \ud83d\ude09<\/p>\n<p><img loading=\"lazy\" class=\"alignnone size-medium wp-image-653\" src=\"http:\/\/pakkoneuloosi86.blogaaja.fi\/files\/2016\/12\/20161218_191354-205x300.jpg\" alt=\"_20161218_191354\" width=\"205\" height=\"300\" srcset=\"https:\/\/pakkoneuloosi86.blogaaja.fi\/files\/2016\/12\/20161218_191354-205x300.jpg 205w, https:\/\/pakkoneuloosi86.blogaaja.fi\/files\/2016\/12\/20161218_191354.jpg 451w\" sizes=\"(max-width: 205px) 100vw, 205px\" \/><\/p>\n<p>Voi sit\u00e4 leikkaamaansa paperisilppua liimata mielinm\u00e4\u00e4rin kiinni toisiinsa ilman, ett\u00e4 pit\u00e4\u00e4 tulla \u00e4itin Erikeeper pullolle \ud83d\ude09<\/p>\n<p>Pojan reaktio oli ihan hulvaton:&#8221; \u00c4iti min\u00e4 en voi uskoa, ett\u00e4 sain oman liiman. Min\u00e4 melkein py\u00f6rryn \u00e4iti, mutta en kuitenkaan ihan!!!&#8221; \ud83d\ude00 Ihana &lt;3<\/p>\n<p>Rakastan minun minimurua &lt;3<\/p>\n<p>&lt;3 Heidi<\/p>\n","protected":false},"excerpt":{"rendered":"<p>T\u00e4n\u00e4\u00e4n avattiinkin kaksi pussukkaa joulukuusesta \ud83d\ude42 ja aika monta luukkua kuvakalenterista \ud83d\ude00 Tosi kiva huomata, ett\u00e4 poika on oppinu laskemaan jo 10 pidemm\u00e4lle joulukalenterin ansiosta. Pussukasta l\u00f6ytyi pojalle ihan oma paperiliima \ud83d\ude09 Voi sit\u00e4 leikkaamaansa paperisilppua liimata mielinm\u00e4\u00e4rin kiinni toisiinsa ilman, ett\u00e4 pit\u00e4\u00e4 tulla \u00e4itin Erikeeper pullolle \ud83d\ude09 Pojan reaktio oli ihan hulvaton:&#8221; \u00c4iti min\u00e4 &hellip; <a href=\"https:\/\/pakkoneuloosi86.blogaaja.fi\/?page_id=651\" class=\"more-link\">Jatka artikkeliin <span class=\"screen-reader-text\">*17.Luukku 18.12.2016<\/span><\/a><\/p>\n","protected":false},"author":15737,"featured_media":0,"parent":511,"menu_order":17,"comment_status":"open","ping_status":"closed","template":"","meta":[],"yoast_head":"<!-- This site is optimized with the Yoast SEO plugin v15.6.2 - https:\/\/yoast.com\/wordpress\/plugins\/seo\/ -->\n<title>*17.Luukku 18.12.2016 - Pakkoneulootikon el\u00e4m\u00e4\u00e4<\/title>\n<meta name=\"robots\" content=\"index, follow, max-snippet:-1, max-image-preview:large, max-video-preview:-1\" \/>\n<link rel=\"canonical\" href=\"https:\/\/pakkoneuloosi86.blogaaja.fi\/?page_id=651\" \/>\n<meta property=\"og:locale\" content=\"fi_FI\" \/>\n<meta property=\"og:type\" content=\"article\" \/>\n<meta property=\"og:title\" content=\"*17.Luukku 18.12.2016 - Pakkoneulootikon el\u00e4m\u00e4\u00e4\" \/>\n<meta property=\"og:description\" content=\"T\u00e4n\u00e4\u00e4n avattiinkin kaksi pussukkaa joulukuusesta \ud83d\ude42 ja aika monta luukkua kuvakalenterista \ud83d\ude00 Tosi kiva huomata, ett\u00e4 poika on oppinu laskemaan jo 10 pidemm\u00e4lle joulukalenterin ansiosta. Pussukasta l\u00f6ytyi pojalle ihan oma paperiliima \ud83d\ude09 Voi sit\u00e4 leikkaamaansa paperisilppua liimata mielinm\u00e4\u00e4rin kiinni toisiinsa ilman, ett\u00e4 pit\u00e4\u00e4 tulla \u00e4itin Erikeeper pullolle \ud83d\ude09 Pojan reaktio oli ihan hulvaton:&#8221; \u00c4iti min\u00e4 &hellip; Jatka artikkeliin *17.Luukku 18.12.2016\" \/>\n<meta property=\"og:url\" content=\"https:\/\/pakkoneuloosi86.blogaaja.fi\/?page_id=651\" \/>\n<meta property=\"og:site_name\" content=\"Pakkoneulootikon el\u00e4m\u00e4\u00e4\" \/>\n<meta property=\"og:image\" content=\"http:\/\/pakkoneuloosi86.blogaaja.fi\/files\/2016\/12\/20161218_191258-274x300.jpg\" \/>\n<meta name=\"twitter:card\" content=\"summary_large_image\" \/>\n<script type=\"application\/ld+json\" class=\"yoast-schema-graph\">{\"@context\":\"https:\/\/schema.org\",\"@graph\":[{\"@type\":\"WebSite\",\"@id\":\"https:\/\/pakkoneuloosi86.blogaaja.fi\/#website\",\"url\":\"https:\/\/pakkoneuloosi86.blogaaja.fi\/\",\"name\":\"Pakkoneulootikon el\\u00e4m\\u00e4\\u00e4\",\"description\":\"Asiasta aidanseip\\u00e4\\u00e4seen ja takasin ;)\",\"potentialAction\":[{\"@type\":\"SearchAction\",\"target\":\"https:\/\/pakkoneuloosi86.blogaaja.fi\/?s={search_term_string}\",\"query-input\":\"required name=search_term_string\"}],\"inLanguage\":\"fi\"},{\"@type\":\"ImageObject\",\"@id\":\"https:\/\/pakkoneuloosi86.blogaaja.fi\/?page_id=651#primaryimage\",\"inLanguage\":\"fi\",\"url\":\"http:\/\/pakkoneuloosi86.blogaaja.fi\/files\/2016\/12\/20161218_191258-274x300.jpg\"},{\"@type\":\"WebPage\",\"@id\":\"https:\/\/pakkoneuloosi86.blogaaja.fi\/?page_id=651#webpage\",\"url\":\"https:\/\/pakkoneuloosi86.blogaaja.fi\/?page_id=651\",\"name\":\"*17.Luukku 18.12.2016 - Pakkoneulootikon el\\u00e4m\\u00e4\\u00e4\",\"isPartOf\":{\"@id\":\"https:\/\/pakkoneuloosi86.blogaaja.fi\/#website\"},\"primaryImageOfPage\":{\"@id\":\"https:\/\/pakkoneuloosi86.blogaaja.fi\/?page_id=651#primaryimage\"},\"datePublished\":\"2016-12-18T17:24:31+00:00\",\"dateModified\":\"2016-12-18T17:24:31+00:00\",\"inLanguage\":\"fi\",\"potentialAction\":[{\"@type\":\"ReadAction\",\"target\":[\"https:\/\/pakkoneuloosi86.blogaaja.fi\/?page_id=651\"]}]}]}<\/script>\n<!-- \/ Yoast SEO plugin. -->","_links":{"self":[{"href":"https:\/\/pakkoneuloosi86.blogaaja.fi\/index.php?rest_route=\/wp\/v2\/pages\/651"}],"collection":[{"href":"https:\/\/pakkoneuloosi86.blogaaja.fi\/index.php?rest_route=\/wp\/v2\/pages"}],"about":[{"href":"https:\/\/pakkoneuloosi86.blogaaja.fi\/index.php?rest_route=\/wp\/v2\/types\/page"}],"author":[{"embeddable":true,"href":"https:\/\/pakkoneuloosi86.blogaaja.fi\/index.php?rest_route=\/wp\/v2\/users\/15737"}],"replies":[{"embeddable":true,"href":"https:\/\/pakkoneuloosi86.blogaaja.fi\/index.php?rest_route=%2Fwp%2Fv2%2Fcomments&post=651"}],"version-history":[{"count":0,"href":"https:\/\/pakkoneuloosi86.blogaaja.fi\/index.php?rest_route=\/wp\/v2\/pages\/651\/revisions"}],"up":[{"embeddable":true,"href":"https:\/\/pakkoneuloosi86.blogaaja.fi\/index.php?rest_route=\/wp\/v2\/pages\/511"}],"wp:attachment":[{"href":"https:\/\/pakkoneuloosi86.blogaaja.fi\/index.php?rest_route=%2Fwp%2Fv2%2Fmedia&parent=651"}],"curies":[{"name":"wp","href":"https:\/\/api.w.org\/{rel}","templated":true}]}}