{"id":645,"date":"2016-12-16T18:23:08","date_gmt":"2016-12-16T16:23:08","guid":{"rendered":"http:\/\/pakkoneuloosi86.blogaaja.fi\/?page_id=645"},"modified":"2016-12-16T18:23:08","modified_gmt":"2016-12-16T16:23:08","slug":"16-luukku-16-12-2016","status":"publish","type":"page","link":"https:\/\/pakkoneuloosi86.blogaaja.fi\/?page_id=645","title":{"rendered":"*16.Luukku 16.12.2016"},"content":{"rendered":"<p><img loading=\"lazy\" class=\"alignnone size-medium wp-image-646\" src=\"http:\/\/pakkoneuloosi86.blogaaja.fi\/files\/2016\/12\/20161215_172527-300x293.jpg\" alt=\"_20161215_172527\" width=\"300\" height=\"293\" srcset=\"https:\/\/pakkoneuloosi86.blogaaja.fi\/files\/2016\/12\/20161215_172527-300x293.jpg 300w, https:\/\/pakkoneuloosi86.blogaaja.fi\/files\/2016\/12\/20161215_172527.jpg 553w\" sizes=\"(max-width: 300px) 100vw, 300px\" \/><\/p>\n<p>T\u00e4\u00e4 kyll\u00e4 alkaa toistaa jo itte\u00e4\u00e4n, mutta pussukasta tuli kaikkien yll\u00e4tykseksi joulukuusenkoristeita \ud83d\ude00<\/p>\n<p><img loading=\"lazy\" class=\"alignnone size-medium wp-image-647\" src=\"http:\/\/pakkoneuloosi86.blogaaja.fi\/files\/2016\/12\/20161215_172927-300x190.jpg\" alt=\"_20161215_172927\" width=\"300\" height=\"190\" srcset=\"https:\/\/pakkoneuloosi86.blogaaja.fi\/files\/2016\/12\/20161215_172927-300x190.jpg 300w, https:\/\/pakkoneuloosi86.blogaaja.fi\/files\/2016\/12\/20161215_172927-768x487.jpg 768w, https:\/\/pakkoneuloosi86.blogaaja.fi\/files\/2016\/12\/20161215_172927.jpg 815w\" sizes=\"(max-width: 300px) 100vw, 300px\" \/><\/p>\n<p><img loading=\"lazy\" class=\"alignnone size-medium wp-image-648\" src=\"http:\/\/pakkoneuloosi86.blogaaja.fi\/files\/2016\/12\/20161215_172950-180x300.jpg\" alt=\"_20161215_172950\" width=\"180\" height=\"300\" srcset=\"https:\/\/pakkoneuloosi86.blogaaja.fi\/files\/2016\/12\/20161215_172950-180x300.jpg 180w, https:\/\/pakkoneuloosi86.blogaaja.fi\/files\/2016\/12\/20161215_172950.jpg 401w\" sizes=\"(max-width: 180px) 100vw, 180px\" \/><\/p>\n<p>Eilen tosin jo pussukka avattiin, kun poika l\u00e4hti is\u00e4lleen. Huominen j\u00e4\u00e4 v\u00e4liin ja su avataan sitten taas kaks \ud83d\ude42 Poika halusi ripustaa kaikki koristeet kuuseen vasta sit, kun tulee is\u00e4lt\u00e4\u00e4n.<\/p>\n<p>T\u00e4n\u00e4\u00e4n tuli avopuolison tilaama joululahja pojalle, joka oli niit\u00e4 semmosia muovisia sotaukkoja joiden p\u00e4\u00e4lle on kiva talloo pimeess\u00e4 paljain jaloin \ud83d\ude00 ja ison pussin sotakoneita \ud83d\ude00 Ehk\u00e4 v\u00e4h\u00e4n tuppas huvittamaan, kun paketissa p\u00e4\u00e4limm\u00e4isen\u00e4 oli kaunis joulukortti jonka p\u00e4\u00e4ll\u00e4 luki Joulurauhaa \ud83d\ude00 Kyseenalaistan kortin toivotuksen, kun paketti aukeaa aattona \ud83d\ude00<\/p>\n<p>T\u00e4n\u00e4\u00e4n on ollu tekemisen puolesta kiva p\u00e4iv\u00e4, mut voinnin puolesta ei. Koko p\u00e4iv\u00e4n on kurkku tuntunu tosi inhottavalta ja olo ollu huonohko. Ruokakaan ei o oikeen maistunu. Iltaa kohden kurkkukipu on voimistunu vaan. Edess\u00e4 olis viel\u00e4 kaks aamua ja su niit\u00e4 joululauluja. Katotaan alkaako vet\u00e4\u00e4 nen\u00e4\u00e4 tukkoon millon. Eih\u00e4n t\u00e4s viel o t\u00e4n syksyn lenssut viel meill\u00e4 vieraillukka. Ja sois kyll\u00e4 pysyv\u00e4n poissa!<\/p>\n<p>Ja hei, t\u00e4n\u00e4\u00e4n illalla menee pojan\u00a0<em><strong>viimenen epilepsial\u00e4\u00e4ke!!!<\/strong><\/em><strong>\u00a0<\/strong>Sit ollaan p\u00e4\u00e4sty toistaseks ainakin l\u00e4\u00e4kityksest\u00e4 eroon. Toivottavasti loppuel\u00e4m\u00e4ks \ud83d\ude42 Siit\u00e4k\u00e4\u00e4n syyst\u00e4 en haluais meille flunssaa enk\u00e4 varsinkaan kuumetta pojalle, kun v\u00e4h\u00e4 j\u00e4nsk\u00e4tt\u00e4\u00e4, et pysyyk\u00f6 sit kohtaukset poissa kipeen\u00e4kin ollessa.<\/p>\n<p>Nyt kuppi teet\u00e4 ja olohuoneen sohvan nurkkaan \ud83d\ude42<\/p>\n<p>Rauhallista iltaa ja kivaa viikonloppua!<\/p>\n<p>&lt;3 Heidi<\/p>\n","protected":false},"excerpt":{"rendered":"<p>T\u00e4\u00e4 kyll\u00e4 alkaa toistaa jo itte\u00e4\u00e4n, mutta pussukasta tuli kaikkien yll\u00e4tykseksi joulukuusenkoristeita \ud83d\ude00 Eilen tosin jo pussukka avattiin, kun poika l\u00e4hti is\u00e4lleen. Huominen j\u00e4\u00e4 v\u00e4liin ja su avataan sitten taas kaks \ud83d\ude42 Poika halusi ripustaa kaikki koristeet kuuseen vasta sit, kun tulee is\u00e4lt\u00e4\u00e4n. T\u00e4n\u00e4\u00e4n tuli avopuolison tilaama joululahja pojalle, joka oli niit\u00e4 semmosia muovisia sotaukkoja &hellip; <a href=\"https:\/\/pakkoneuloosi86.blogaaja.fi\/?page_id=645\" class=\"more-link\">Jatka artikkeliin <span class=\"screen-reader-text\">*16.Luukku 16.12.2016<\/span><\/a><\/p>\n","protected":false},"author":15737,"featured_media":0,"parent":511,"menu_order":16,"comment_status":"open","ping_status":"closed","template":"","meta":[],"yoast_head":"<!-- This site is optimized with the Yoast SEO plugin v15.6.2 - https:\/\/yoast.com\/wordpress\/plugins\/seo\/ -->\n<title>*16.Luukku 16.12.2016 - Pakkoneulootikon el\u00e4m\u00e4\u00e4<\/title>\n<meta name=\"robots\" content=\"index, follow, max-snippet:-1, max-image-preview:large, max-video-preview:-1\" \/>\n<link rel=\"canonical\" href=\"https:\/\/pakkoneuloosi86.blogaaja.fi\/?page_id=645\" \/>\n<meta property=\"og:locale\" content=\"fi_FI\" \/>\n<meta property=\"og:type\" content=\"article\" \/>\n<meta property=\"og:title\" content=\"*16.Luukku 16.12.2016 - Pakkoneulootikon el\u00e4m\u00e4\u00e4\" \/>\n<meta property=\"og:description\" content=\"T\u00e4\u00e4 kyll\u00e4 alkaa toistaa jo itte\u00e4\u00e4n, mutta pussukasta tuli kaikkien yll\u00e4tykseksi joulukuusenkoristeita \ud83d\ude00 Eilen tosin jo pussukka avattiin, kun poika l\u00e4hti is\u00e4lleen. Huominen j\u00e4\u00e4 v\u00e4liin ja su avataan sitten taas kaks \ud83d\ude42 Poika halusi ripustaa kaikki koristeet kuuseen vasta sit, kun tulee is\u00e4lt\u00e4\u00e4n. T\u00e4n\u00e4\u00e4n tuli avopuolison tilaama joululahja pojalle, joka oli niit\u00e4 semmosia muovisia sotaukkoja &hellip; Jatka artikkeliin *16.Luukku 16.12.2016\" \/>\n<meta property=\"og:url\" content=\"https:\/\/pakkoneuloosi86.blogaaja.fi\/?page_id=645\" \/>\n<meta property=\"og:site_name\" content=\"Pakkoneulootikon el\u00e4m\u00e4\u00e4\" \/>\n<meta property=\"og:image\" content=\"http:\/\/pakkoneuloosi86.blogaaja.fi\/files\/2016\/12\/20161215_172527-300x293.jpg\" \/>\n<meta name=\"twitter:card\" content=\"summary_large_image\" \/>\n<meta name=\"twitter:label1\" content=\"Est. reading time\">\n\t<meta name=\"twitter:data1\" content=\"1 minuutti\">\n<script type=\"application\/ld+json\" class=\"yoast-schema-graph\">{\"@context\":\"https:\/\/schema.org\",\"@graph\":[{\"@type\":\"WebSite\",\"@id\":\"https:\/\/pakkoneuloosi86.blogaaja.fi\/#website\",\"url\":\"https:\/\/pakkoneuloosi86.blogaaja.fi\/\",\"name\":\"Pakkoneulootikon el\\u00e4m\\u00e4\\u00e4\",\"description\":\"Asiasta aidanseip\\u00e4\\u00e4seen ja takasin ;)\",\"potentialAction\":[{\"@type\":\"SearchAction\",\"target\":\"https:\/\/pakkoneuloosi86.blogaaja.fi\/?s={search_term_string}\",\"query-input\":\"required name=search_term_string\"}],\"inLanguage\":\"fi\"},{\"@type\":\"ImageObject\",\"@id\":\"https:\/\/pakkoneuloosi86.blogaaja.fi\/?page_id=645#primaryimage\",\"inLanguage\":\"fi\",\"url\":\"http:\/\/pakkoneuloosi86.blogaaja.fi\/files\/2016\/12\/20161215_172527-300x293.jpg\"},{\"@type\":\"WebPage\",\"@id\":\"https:\/\/pakkoneuloosi86.blogaaja.fi\/?page_id=645#webpage\",\"url\":\"https:\/\/pakkoneuloosi86.blogaaja.fi\/?page_id=645\",\"name\":\"*16.Luukku 16.12.2016 - Pakkoneulootikon el\\u00e4m\\u00e4\\u00e4\",\"isPartOf\":{\"@id\":\"https:\/\/pakkoneuloosi86.blogaaja.fi\/#website\"},\"primaryImageOfPage\":{\"@id\":\"https:\/\/pakkoneuloosi86.blogaaja.fi\/?page_id=645#primaryimage\"},\"datePublished\":\"2016-12-16T16:23:08+00:00\",\"dateModified\":\"2016-12-16T16:23:08+00:00\",\"inLanguage\":\"fi\",\"potentialAction\":[{\"@type\":\"ReadAction\",\"target\":[\"https:\/\/pakkoneuloosi86.blogaaja.fi\/?page_id=645\"]}]}]}<\/script>\n<!-- \/ Yoast SEO plugin. -->","_links":{"self":[{"href":"https:\/\/pakkoneuloosi86.blogaaja.fi\/index.php?rest_route=\/wp\/v2\/pages\/645"}],"collection":[{"href":"https:\/\/pakkoneuloosi86.blogaaja.fi\/index.php?rest_route=\/wp\/v2\/pages"}],"about":[{"href":"https:\/\/pakkoneuloosi86.blogaaja.fi\/index.php?rest_route=\/wp\/v2\/types\/page"}],"author":[{"embeddable":true,"href":"https:\/\/pakkoneuloosi86.blogaaja.fi\/index.php?rest_route=\/wp\/v2\/users\/15737"}],"replies":[{"embeddable":true,"href":"https:\/\/pakkoneuloosi86.blogaaja.fi\/index.php?rest_route=%2Fwp%2Fv2%2Fcomments&post=645"}],"version-history":[{"count":0,"href":"https:\/\/pakkoneuloosi86.blogaaja.fi\/index.php?rest_route=\/wp\/v2\/pages\/645\/revisions"}],"up":[{"embeddable":true,"href":"https:\/\/pakkoneuloosi86.blogaaja.fi\/index.php?rest_route=\/wp\/v2\/pages\/511"}],"wp:attachment":[{"href":"https:\/\/pakkoneuloosi86.blogaaja.fi\/index.php?rest_route=%2Fwp%2Fv2%2Fmedia&parent=645"}],"curies":[{"name":"wp","href":"https:\/\/api.w.org\/{rel}","templated":true}]}}