{"id":632,"date":"2016-12-15T20:11:25","date_gmt":"2016-12-15T18:11:25","guid":{"rendered":"http:\/\/pakkoneuloosi86.blogaaja.fi\/?page_id=632"},"modified":"2016-12-15T20:11:25","modified_gmt":"2016-12-15T18:11:25","slug":"14-luukku-15-12-2016","status":"publish","type":"page","link":"https:\/\/pakkoneuloosi86.blogaaja.fi\/?page_id=632","title":{"rendered":"*14.Luukku 15.12.2016"},"content":{"rendered":"<p><img loading=\"lazy\" class=\"alignnone size-medium wp-image-633\" src=\"http:\/\/pakkoneuloosi86.blogaaja.fi\/files\/2016\/12\/20161214_183252-267x300.jpg\" alt=\"_20161214_183252\" width=\"267\" height=\"300\" srcset=\"https:\/\/pakkoneuloosi86.blogaaja.fi\/files\/2016\/12\/20161214_183252-267x300.jpg 267w, https:\/\/pakkoneuloosi86.blogaaja.fi\/files\/2016\/12\/20161214_183252.jpg 514w\" sizes=\"(max-width: 267px) 100vw, 267px\" \/><\/p>\n<p>Poika oli onnesta rinkelin\u00e4, kun pussukasta l\u00f6yty \u00e4idin virkkaamia t\u00e4hti\u00e4 \ud83d\ude42<\/p>\n<p><img loading=\"lazy\" class=\"alignnone size-medium wp-image-634\" src=\"http:\/\/pakkoneuloosi86.blogaaja.fi\/files\/2016\/12\/20161214_183420-250x300.jpg\" alt=\"_20161214_183420\" width=\"250\" height=\"300\" srcset=\"https:\/\/pakkoneuloosi86.blogaaja.fi\/files\/2016\/12\/20161214_183420-250x300.jpg 250w, https:\/\/pakkoneuloosi86.blogaaja.fi\/files\/2016\/12\/20161214_183420.jpg 411w\" sizes=\"(max-width: 250px) 100vw, 250px\" \/><\/p>\n<p><img loading=\"lazy\" class=\"alignnone size-medium wp-image-635\" src=\"http:\/\/pakkoneuloosi86.blogaaja.fi\/files\/2016\/12\/20161214_183358-264x300.jpg\" alt=\"_20161214_183358\" width=\"264\" height=\"300\" srcset=\"https:\/\/pakkoneuloosi86.blogaaja.fi\/files\/2016\/12\/20161214_183358-264x300.jpg 264w, https:\/\/pakkoneuloosi86.blogaaja.fi\/files\/2016\/12\/20161214_183358.jpg 548w\" sizes=\"(max-width: 264px) 100vw, 264px\" \/><\/p>\n<p><img loading=\"lazy\" class=\"alignnone size-medium wp-image-636\" src=\"http:\/\/pakkoneuloosi86.blogaaja.fi\/files\/2016\/12\/20161214_183330-224x300.jpg\" alt=\"_20161214_183330\" width=\"224\" height=\"300\" srcset=\"https:\/\/pakkoneuloosi86.blogaaja.fi\/files\/2016\/12\/20161214_183330-224x300.jpg 224w, https:\/\/pakkoneuloosi86.blogaaja.fi\/files\/2016\/12\/20161214_183330.jpg 519w\" sizes=\"(max-width: 224px) 100vw, 224px\" \/><\/p>\n<p>Ihanaa n\u00e4hd\u00e4 miten poika on vilpitt\u00f6m\u00e4n onnellinen siit\u00e4 mit\u00e4 pussukoista l\u00f6ytyy ja huokailee kuinka kauniita kaikki koristeet on \ud83d\ude42 ei ole poika meill\u00e4 en\u00e4\u00e4 suklaakalenterin per\u00e4\u00e4n kyselly \ud83d\ude09<\/p>\n<p>&lt;3 Heidi<\/p>\n","protected":false},"excerpt":{"rendered":"<p>Poika oli onnesta rinkelin\u00e4, kun pussukasta l\u00f6yty \u00e4idin virkkaamia t\u00e4hti\u00e4 \ud83d\ude42 Ihanaa n\u00e4hd\u00e4 miten poika on vilpitt\u00f6m\u00e4n onnellinen siit\u00e4 mit\u00e4 pussukoista l\u00f6ytyy ja huokailee kuinka kauniita kaikki koristeet on \ud83d\ude42 ei ole poika meill\u00e4 en\u00e4\u00e4 suklaakalenterin per\u00e4\u00e4n kyselly \ud83d\ude09 &lt;3 Heidi<\/p>\n","protected":false},"author":15737,"featured_media":0,"parent":511,"menu_order":14,"comment_status":"open","ping_status":"closed","template":"","meta":[],"yoast_head":"<!-- This site is optimized with the Yoast SEO plugin v15.6.2 - https:\/\/yoast.com\/wordpress\/plugins\/seo\/ -->\n<title>*14.Luukku 15.12.2016 - Pakkoneulootikon el\u00e4m\u00e4\u00e4<\/title>\n<meta name=\"robots\" content=\"index, follow, max-snippet:-1, max-image-preview:large, max-video-preview:-1\" \/>\n<link rel=\"canonical\" href=\"https:\/\/pakkoneuloosi86.blogaaja.fi\/?page_id=632\" \/>\n<meta property=\"og:locale\" content=\"fi_FI\" \/>\n<meta property=\"og:type\" content=\"article\" \/>\n<meta property=\"og:title\" content=\"*14.Luukku 15.12.2016 - Pakkoneulootikon el\u00e4m\u00e4\u00e4\" \/>\n<meta property=\"og:description\" content=\"Poika oli onnesta rinkelin\u00e4, kun pussukasta l\u00f6yty \u00e4idin virkkaamia t\u00e4hti\u00e4 \ud83d\ude42 Ihanaa n\u00e4hd\u00e4 miten poika on vilpitt\u00f6m\u00e4n onnellinen siit\u00e4 mit\u00e4 pussukoista l\u00f6ytyy ja huokailee kuinka kauniita kaikki koristeet on \ud83d\ude42 ei ole poika meill\u00e4 en\u00e4\u00e4 suklaakalenterin per\u00e4\u00e4n kyselly \ud83d\ude09 &lt;3 Heidi\" \/>\n<meta property=\"og:url\" content=\"https:\/\/pakkoneuloosi86.blogaaja.fi\/?page_id=632\" \/>\n<meta property=\"og:site_name\" content=\"Pakkoneulootikon el\u00e4m\u00e4\u00e4\" \/>\n<meta property=\"og:image\" content=\"http:\/\/pakkoneuloosi86.blogaaja.fi\/files\/2016\/12\/20161214_183252-267x300.jpg\" \/>\n<meta name=\"twitter:card\" content=\"summary_large_image\" \/>\n<script type=\"application\/ld+json\" class=\"yoast-schema-graph\">{\"@context\":\"https:\/\/schema.org\",\"@graph\":[{\"@type\":\"WebSite\",\"@id\":\"https:\/\/pakkoneuloosi86.blogaaja.fi\/#website\",\"url\":\"https:\/\/pakkoneuloosi86.blogaaja.fi\/\",\"name\":\"Pakkoneulootikon el\\u00e4m\\u00e4\\u00e4\",\"description\":\"Asiasta aidanseip\\u00e4\\u00e4seen ja takasin ;)\",\"potentialAction\":[{\"@type\":\"SearchAction\",\"target\":\"https:\/\/pakkoneuloosi86.blogaaja.fi\/?s={search_term_string}\",\"query-input\":\"required name=search_term_string\"}],\"inLanguage\":\"fi\"},{\"@type\":\"ImageObject\",\"@id\":\"https:\/\/pakkoneuloosi86.blogaaja.fi\/?page_id=632#primaryimage\",\"inLanguage\":\"fi\",\"url\":\"http:\/\/pakkoneuloosi86.blogaaja.fi\/files\/2016\/12\/20161214_183252-267x300.jpg\"},{\"@type\":\"WebPage\",\"@id\":\"https:\/\/pakkoneuloosi86.blogaaja.fi\/?page_id=632#webpage\",\"url\":\"https:\/\/pakkoneuloosi86.blogaaja.fi\/?page_id=632\",\"name\":\"*14.Luukku 15.12.2016 - Pakkoneulootikon el\\u00e4m\\u00e4\\u00e4\",\"isPartOf\":{\"@id\":\"https:\/\/pakkoneuloosi86.blogaaja.fi\/#website\"},\"primaryImageOfPage\":{\"@id\":\"https:\/\/pakkoneuloosi86.blogaaja.fi\/?page_id=632#primaryimage\"},\"datePublished\":\"2016-12-15T18:11:25+00:00\",\"dateModified\":\"2016-12-15T18:11:25+00:00\",\"inLanguage\":\"fi\",\"potentialAction\":[{\"@type\":\"ReadAction\",\"target\":[\"https:\/\/pakkoneuloosi86.blogaaja.fi\/?page_id=632\"]}]}]}<\/script>\n<!-- \/ Yoast SEO plugin. -->","_links":{"self":[{"href":"https:\/\/pakkoneuloosi86.blogaaja.fi\/index.php?rest_route=\/wp\/v2\/pages\/632"}],"collection":[{"href":"https:\/\/pakkoneuloosi86.blogaaja.fi\/index.php?rest_route=\/wp\/v2\/pages"}],"about":[{"href":"https:\/\/pakkoneuloosi86.blogaaja.fi\/index.php?rest_route=\/wp\/v2\/types\/page"}],"author":[{"embeddable":true,"href":"https:\/\/pakkoneuloosi86.blogaaja.fi\/index.php?rest_route=\/wp\/v2\/users\/15737"}],"replies":[{"embeddable":true,"href":"https:\/\/pakkoneuloosi86.blogaaja.fi\/index.php?rest_route=%2Fwp%2Fv2%2Fcomments&post=632"}],"version-history":[{"count":0,"href":"https:\/\/pakkoneuloosi86.blogaaja.fi\/index.php?rest_route=\/wp\/v2\/pages\/632\/revisions"}],"up":[{"embeddable":true,"href":"https:\/\/pakkoneuloosi86.blogaaja.fi\/index.php?rest_route=\/wp\/v2\/pages\/511"}],"wp:attachment":[{"href":"https:\/\/pakkoneuloosi86.blogaaja.fi\/index.php?rest_route=%2Fwp%2Fv2%2Fmedia&parent=632"}],"curies":[{"name":"wp","href":"https:\/\/api.w.org\/{rel}","templated":true}]}}