{"id":629,"date":"2016-12-15T20:05:48","date_gmt":"2016-12-15T18:05:48","guid":{"rendered":"http:\/\/pakkoneuloosi86.blogaaja.fi\/?page_id=629"},"modified":"2016-12-15T20:05:48","modified_gmt":"2016-12-15T18:05:48","slug":"tappara-sukat-15-12-2016","status":"publish","type":"page","link":"https:\/\/pakkoneuloosi86.blogaaja.fi\/?page_id=629","title":{"rendered":"-Tappara-sukat 15.12.2016"},"content":{"rendered":"<p>Oon ehk\u00e4 maailman huonoin l\u00e4hett\u00e4m\u00e4\u00e4n paketteja \ud83d\ude00<\/p>\n<p>Eih\u00e4n n\u00e4\u00e4 sukatkaan oo ollu valmiina kohta ku vuoden. Mut t\u00e4n\u00e4\u00e4n sain vihdoin otettua itte\u00e4ni niskasta kiinni ja viety\u00e4 postiin. Toivottavasti posti ei hukkaa l\u00e4hetyst\u00e4.<\/p>\n<p>Tappara-nimitys tulee v\u00e4rimaailmasta, jonka sukkien saaja itte valitsi \ud83d\ude42<\/p>\n<p><img loading=\"lazy\" class=\"alignnone size-medium wp-image-630\" src=\"http:\/\/pakkoneuloosi86.blogaaja.fi\/files\/2016\/12\/20161215_172632-218x300.jpg\" alt=\"_20161215_172632\" width=\"218\" height=\"300\" srcset=\"https:\/\/pakkoneuloosi86.blogaaja.fi\/files\/2016\/12\/20161215_172632-218x300.jpg 218w, https:\/\/pakkoneuloosi86.blogaaja.fi\/files\/2016\/12\/20161215_172632.jpg 510w\" sizes=\"(max-width: 218px) 100vw, 218px\" \/><\/p>\n<p>T\u00e4ll\u00e4 hetkell\u00e4 puikoilla on s\u00e4\u00e4rystimet, samaa v\u00e4ri\u00e4 kun pipo \ud83d\ude42<\/p>\n<p>Neulomisen iloa!<\/p>\n<p>&lt;3 Heidi<\/p>\n","protected":false},"excerpt":{"rendered":"<p>Oon ehk\u00e4 maailman huonoin l\u00e4hett\u00e4m\u00e4\u00e4n paketteja \ud83d\ude00 Eih\u00e4n n\u00e4\u00e4 sukatkaan oo ollu valmiina kohta ku vuoden. Mut t\u00e4n\u00e4\u00e4n sain vihdoin otettua itte\u00e4ni niskasta kiinni ja viety\u00e4 postiin. Toivottavasti posti ei hukkaa l\u00e4hetyst\u00e4. Tappara-nimitys tulee v\u00e4rimaailmasta, jonka sukkien saaja itte valitsi \ud83d\ude42 T\u00e4ll\u00e4 hetkell\u00e4 puikoilla on s\u00e4\u00e4rystimet, samaa v\u00e4ri\u00e4 kun pipo \ud83d\ude42 Neulomisen iloa! &lt;3 Heidi<\/p>\n","protected":false},"author":15737,"featured_media":0,"parent":267,"menu_order":4,"comment_status":"open","ping_status":"closed","template":"","meta":[],"yoast_head":"<!-- This site is optimized with the Yoast SEO plugin v15.6.2 - https:\/\/yoast.com\/wordpress\/plugins\/seo\/ -->\n<title>-Tappara-sukat 15.12.2016 - Pakkoneulootikon el\u00e4m\u00e4\u00e4<\/title>\n<meta name=\"robots\" content=\"index, follow, max-snippet:-1, max-image-preview:large, max-video-preview:-1\" \/>\n<link rel=\"canonical\" href=\"https:\/\/pakkoneuloosi86.blogaaja.fi\/?page_id=629\" \/>\n<meta property=\"og:locale\" content=\"fi_FI\" \/>\n<meta property=\"og:type\" content=\"article\" \/>\n<meta property=\"og:title\" content=\"-Tappara-sukat 15.12.2016 - Pakkoneulootikon el\u00e4m\u00e4\u00e4\" \/>\n<meta property=\"og:description\" content=\"Oon ehk\u00e4 maailman huonoin l\u00e4hett\u00e4m\u00e4\u00e4n paketteja \ud83d\ude00 Eih\u00e4n n\u00e4\u00e4 sukatkaan oo ollu valmiina kohta ku vuoden. Mut t\u00e4n\u00e4\u00e4n sain vihdoin otettua itte\u00e4ni niskasta kiinni ja viety\u00e4 postiin. Toivottavasti posti ei hukkaa l\u00e4hetyst\u00e4. Tappara-nimitys tulee v\u00e4rimaailmasta, jonka sukkien saaja itte valitsi \ud83d\ude42 T\u00e4ll\u00e4 hetkell\u00e4 puikoilla on s\u00e4\u00e4rystimet, samaa v\u00e4ri\u00e4 kun pipo \ud83d\ude42 Neulomisen iloa! &lt;3 Heidi\" \/>\n<meta property=\"og:url\" content=\"https:\/\/pakkoneuloosi86.blogaaja.fi\/?page_id=629\" \/>\n<meta property=\"og:site_name\" content=\"Pakkoneulootikon el\u00e4m\u00e4\u00e4\" \/>\n<meta property=\"og:image\" content=\"http:\/\/pakkoneuloosi86.blogaaja.fi\/files\/2016\/12\/20161215_172632-218x300.jpg\" \/>\n<meta name=\"twitter:card\" content=\"summary_large_image\" \/>\n<script type=\"application\/ld+json\" class=\"yoast-schema-graph\">{\"@context\":\"https:\/\/schema.org\",\"@graph\":[{\"@type\":\"WebSite\",\"@id\":\"https:\/\/pakkoneuloosi86.blogaaja.fi\/#website\",\"url\":\"https:\/\/pakkoneuloosi86.blogaaja.fi\/\",\"name\":\"Pakkoneulootikon el\\u00e4m\\u00e4\\u00e4\",\"description\":\"Asiasta aidanseip\\u00e4\\u00e4seen ja takasin ;)\",\"potentialAction\":[{\"@type\":\"SearchAction\",\"target\":\"https:\/\/pakkoneuloosi86.blogaaja.fi\/?s={search_term_string}\",\"query-input\":\"required name=search_term_string\"}],\"inLanguage\":\"fi\"},{\"@type\":\"ImageObject\",\"@id\":\"https:\/\/pakkoneuloosi86.blogaaja.fi\/?page_id=629#primaryimage\",\"inLanguage\":\"fi\",\"url\":\"http:\/\/pakkoneuloosi86.blogaaja.fi\/files\/2016\/12\/20161215_172632-218x300.jpg\"},{\"@type\":\"WebPage\",\"@id\":\"https:\/\/pakkoneuloosi86.blogaaja.fi\/?page_id=629#webpage\",\"url\":\"https:\/\/pakkoneuloosi86.blogaaja.fi\/?page_id=629\",\"name\":\"-Tappara-sukat 15.12.2016 - Pakkoneulootikon el\\u00e4m\\u00e4\\u00e4\",\"isPartOf\":{\"@id\":\"https:\/\/pakkoneuloosi86.blogaaja.fi\/#website\"},\"primaryImageOfPage\":{\"@id\":\"https:\/\/pakkoneuloosi86.blogaaja.fi\/?page_id=629#primaryimage\"},\"datePublished\":\"2016-12-15T18:05:48+00:00\",\"dateModified\":\"2016-12-15T18:05:48+00:00\",\"inLanguage\":\"fi\",\"potentialAction\":[{\"@type\":\"ReadAction\",\"target\":[\"https:\/\/pakkoneuloosi86.blogaaja.fi\/?page_id=629\"]}]}]}<\/script>\n<!-- \/ Yoast SEO plugin. -->","_links":{"self":[{"href":"https:\/\/pakkoneuloosi86.blogaaja.fi\/index.php?rest_route=\/wp\/v2\/pages\/629"}],"collection":[{"href":"https:\/\/pakkoneuloosi86.blogaaja.fi\/index.php?rest_route=\/wp\/v2\/pages"}],"about":[{"href":"https:\/\/pakkoneuloosi86.blogaaja.fi\/index.php?rest_route=\/wp\/v2\/types\/page"}],"author":[{"embeddable":true,"href":"https:\/\/pakkoneuloosi86.blogaaja.fi\/index.php?rest_route=\/wp\/v2\/users\/15737"}],"replies":[{"embeddable":true,"href":"https:\/\/pakkoneuloosi86.blogaaja.fi\/index.php?rest_route=%2Fwp%2Fv2%2Fcomments&post=629"}],"version-history":[{"count":0,"href":"https:\/\/pakkoneuloosi86.blogaaja.fi\/index.php?rest_route=\/wp\/v2\/pages\/629\/revisions"}],"up":[{"embeddable":true,"href":"https:\/\/pakkoneuloosi86.blogaaja.fi\/index.php?rest_route=\/wp\/v2\/pages\/267"}],"wp:attachment":[{"href":"https:\/\/pakkoneuloosi86.blogaaja.fi\/index.php?rest_route=%2Fwp%2Fv2%2Fmedia&parent=629"}],"curies":[{"name":"wp","href":"https:\/\/api.w.org\/{rel}","templated":true}]}}