{"id":613,"date":"2016-12-13T19:59:19","date_gmt":"2016-12-13T17:59:19","guid":{"rendered":"http:\/\/pakkoneuloosi86.blogaaja.fi\/?page_id=613"},"modified":"2016-12-13T20:00:15","modified_gmt":"2016-12-13T18:00:15","slug":"piparibileet-d-13-12-2016","status":"publish","type":"page","link":"https:\/\/pakkoneuloosi86.blogaaja.fi\/?page_id=613","title":{"rendered":"-Piparibileet :D 13.12.2016"},"content":{"rendered":"<p>Meill\u00e4h\u00e4n \u00a0on jo joulukuun alusta l\u00e4htien leivottu pipareita \ud83d\ude00 Nyt alkaa vihdoin ja viimein olla valmista. Tokmannilta hain yhten\u00e4 p\u00e4iv\u00e4n\u00e4 fileerausveist\u00e4 niin t\u00f6rm\u00e4sin t\u00e4mm\u00f6siin korestelujuttuihin. Ja pakkohan ne oli mukaan kaapata \ud83d\ude00 Maksoin ne kyl kiltisti \ud83d\ude00<\/p>\n<p><img loading=\"lazy\" class=\"alignnone size-medium wp-image-614\" src=\"http:\/\/pakkoneuloosi86.blogaaja.fi\/files\/2016\/12\/20161212_174727-300x197.jpg\" alt=\"_20161212_174727\" width=\"300\" height=\"197\" srcset=\"https:\/\/pakkoneuloosi86.blogaaja.fi\/files\/2016\/12\/20161212_174727-300x197.jpg 300w, https:\/\/pakkoneuloosi86.blogaaja.fi\/files\/2016\/12\/20161212_174727.jpg 650w\" sizes=\"(max-width: 300px) 100vw, 300px\" \/><\/p>\n<p><img loading=\"lazy\" class=\"alignnone size-medium wp-image-615\" src=\"http:\/\/pakkoneuloosi86.blogaaja.fi\/files\/2016\/12\/20161212_174652-300x164.jpg\" alt=\"_20161212_174652\" width=\"300\" height=\"164\" srcset=\"https:\/\/pakkoneuloosi86.blogaaja.fi\/files\/2016\/12\/20161212_174652-300x164.jpg 300w, https:\/\/pakkoneuloosi86.blogaaja.fi\/files\/2016\/12\/20161212_174652.jpg 759w\" sizes=\"(max-width: 300px) 100vw, 300px\" \/><\/p>\n<p>Ranskalaisten pastillien lis\u00e4ks n\u00e4\u00e4h\u00e4n oli ihan hitti pipareiden koristeluun.<\/p>\n<p>Kun en piparkakkutaloa osaa v\u00e4\u00e4nt\u00e4\u00e4 ja jotain joulusta h\u00e4rp\u00e4tint\u00e4 halusin, niin v\u00e4\u00e4nsin t\u00e4mm\u00f6sen.<\/p>\n<p><img loading=\"lazy\" class=\"alignnone size-medium wp-image-616\" src=\"http:\/\/pakkoneuloosi86.blogaaja.fi\/files\/2016\/12\/20161213_125358-300x196.jpg\" alt=\"_20161213_125358\" width=\"300\" height=\"196\" srcset=\"https:\/\/pakkoneuloosi86.blogaaja.fi\/files\/2016\/12\/20161213_125358-300x196.jpg 300w, https:\/\/pakkoneuloosi86.blogaaja.fi\/files\/2016\/12\/20161213_125358-768x503.jpg 768w, https:\/\/pakkoneuloosi86.blogaaja.fi\/files\/2016\/12\/20161213_125358.jpg 788w\" sizes=\"(max-width: 300px) 100vw, 300px\" \/><\/p>\n<p>Tonttulakit on tehty sokerimassasta.<\/p>\n<p><img loading=\"lazy\" class=\"alignnone size-medium wp-image-617\" src=\"http:\/\/pakkoneuloosi86.blogaaja.fi\/files\/2016\/12\/20161213_125328-300x187.jpg\" alt=\"_20161213_125328\" width=\"300\" height=\"187\" srcset=\"https:\/\/pakkoneuloosi86.blogaaja.fi\/files\/2016\/12\/20161213_125328-300x187.jpg 300w, https:\/\/pakkoneuloosi86.blogaaja.fi\/files\/2016\/12\/20161213_125328.jpg 709w\" sizes=\"(max-width: 300px) 100vw, 300px\" \/><\/p>\n<p><img loading=\"lazy\" class=\"alignnone size-medium wp-image-618\" src=\"http:\/\/pakkoneuloosi86.blogaaja.fi\/files\/2016\/12\/20161213_125230-300x199.jpg\" alt=\"_20161213_125230\" width=\"300\" height=\"199\" srcset=\"https:\/\/pakkoneuloosi86.blogaaja.fi\/files\/2016\/12\/20161213_125230-300x199.jpg 300w, https:\/\/pakkoneuloosi86.blogaaja.fi\/files\/2016\/12\/20161213_125230.jpg 762w\" sizes=\"(max-width: 300px) 100vw, 300px\" \/><\/p>\n<p>Jouluaattona oon pyyt\u00e4ny porukat ja sisarukset meille joulupuurolle ja aattelin, et oliskohan t\u00e4ss\u00e4 ainesta mantelinl\u00f6yt\u00e4j\u00e4lle \ud83d\ude09<\/p>\n<p>Ja koska poikakin tietysti halusi oman maiseman tehd\u00e4 ja ainut miss\u00e4 autoin oli sokerin sulattaminen ja pipareiden kiinnitt\u00e4minen piparipohjaan niin t\u00e4lt\u00e4 n\u00e4ytti lopputulos h\u00e4ll\u00e4.<\/p>\n<p><img loading=\"lazy\" class=\"alignnone size-medium wp-image-619\" src=\"http:\/\/pakkoneuloosi86.blogaaja.fi\/files\/2016\/12\/20161213_125310-300x227.jpg\" alt=\"_20161213_125310\" width=\"300\" height=\"227\" srcset=\"https:\/\/pakkoneuloosi86.blogaaja.fi\/files\/2016\/12\/20161213_125310-300x227.jpg 300w, https:\/\/pakkoneuloosi86.blogaaja.fi\/files\/2016\/12\/20161213_125310.jpg 583w\" sizes=\"(max-width: 300px) 100vw, 300px\" \/><\/p>\n<p><img loading=\"lazy\" class=\"alignnone size-medium wp-image-620\" src=\"http:\/\/pakkoneuloosi86.blogaaja.fi\/files\/2016\/12\/20161213_125500-300x220.jpg\" alt=\"_20161213_125500\" width=\"300\" height=\"220\" srcset=\"https:\/\/pakkoneuloosi86.blogaaja.fi\/files\/2016\/12\/20161213_125500-300x220.jpg 300w, https:\/\/pakkoneuloosi86.blogaaja.fi\/files\/2016\/12\/20161213_125500.jpg 702w\" sizes=\"(max-width: 300px) 100vw, 300px\" \/><\/p>\n<p>En kyll\u00e4 tii\u00e4 mit\u00e4 t\u00e4lle jouluna teh\u00e4\u00e4n, kun ei sit\u00e4 kuulemma sy\u00f6d\u00e4kk\u00e4\u00e4n saa \ud83d\ude00<\/p>\n<p><img loading=\"lazy\" class=\"alignnone size-medium wp-image-622\" src=\"http:\/\/pakkoneuloosi86.blogaaja.fi\/files\/2016\/12\/20161213_125426-300x180.jpg\" alt=\"_20161213_125426\" width=\"300\" height=\"180\" srcset=\"https:\/\/pakkoneuloosi86.blogaaja.fi\/files\/2016\/12\/20161213_125426-300x180.jpg 300w, https:\/\/pakkoneuloosi86.blogaaja.fi\/files\/2016\/12\/20161213_125426-768x462.jpg 768w, https:\/\/pakkoneuloosi86.blogaaja.fi\/files\/2016\/12\/20161213_125426.jpg 993w\" sizes=\"(max-width: 300px) 100vw, 300px\" \/><\/p>\n<p>Ja viel\u00e4 yhteiskuvaa \ud83d\ude42<\/p>\n<p><img loading=\"lazy\" class=\"alignnone size-medium wp-image-623\" src=\"http:\/\/pakkoneuloosi86.blogaaja.fi\/files\/2016\/12\/20161213_125207-247x300.jpg\" alt=\"_20161213_125207\" width=\"247\" height=\"300\" srcset=\"https:\/\/pakkoneuloosi86.blogaaja.fi\/files\/2016\/12\/20161213_125207-247x300.jpg 247w, https:\/\/pakkoneuloosi86.blogaaja.fi\/files\/2016\/12\/20161213_125207.jpg 408w\" sizes=\"(max-width: 247px) 100vw, 247px\" \/><\/p>\n<p>Ohjelmassa on ollu my\u00f6s perus pipareiden koristelua sokerimassalla<\/p>\n<p><img loading=\"lazy\" class=\"alignnone size-medium wp-image-624\" src=\"http:\/\/pakkoneuloosi86.blogaaja.fi\/files\/2016\/12\/20161212_174132-300x242.jpg\" alt=\"_20161212_174132\" width=\"300\" height=\"242\" srcset=\"https:\/\/pakkoneuloosi86.blogaaja.fi\/files\/2016\/12\/20161212_174132-300x242.jpg 300w, https:\/\/pakkoneuloosi86.blogaaja.fi\/files\/2016\/12\/20161212_174132.jpg 613w\" sizes=\"(max-width: 300px) 100vw, 300px\" \/><\/p>\n<p>Sek\u00e4 sokerikuorrutteella ja helmill\u00e4<\/p>\n<p><img loading=\"lazy\" class=\"alignnone size-medium wp-image-625\" src=\"http:\/\/pakkoneuloosi86.blogaaja.fi\/files\/2016\/12\/20161212_174443-300x300.jpg\" alt=\"_20161212_174443\" width=\"300\" height=\"300\" srcset=\"https:\/\/pakkoneuloosi86.blogaaja.fi\/files\/2016\/12\/20161212_174443-300x300.jpg 300w, https:\/\/pakkoneuloosi86.blogaaja.fi\/files\/2016\/12\/20161212_174443-150x150.jpg 150w, https:\/\/pakkoneuloosi86.blogaaja.fi\/files\/2016\/12\/20161212_174443.jpg 510w\" sizes=\"(max-width: 300px) 100vw, 300px\" \/><\/p>\n<p><img loading=\"lazy\" class=\"alignnone size-medium wp-image-626\" src=\"http:\/\/pakkoneuloosi86.blogaaja.fi\/files\/2016\/12\/20161212_174614-300x169.jpg\" alt=\"_20161212_174614\" width=\"300\" height=\"169\" srcset=\"https:\/\/pakkoneuloosi86.blogaaja.fi\/files\/2016\/12\/20161212_174614-300x169.jpg 300w, https:\/\/pakkoneuloosi86.blogaaja.fi\/files\/2016\/12\/20161212_174614-768x434.jpg 768w, https:\/\/pakkoneuloosi86.blogaaja.fi\/files\/2016\/12\/20161212_174614.jpg 1024w\" sizes=\"(max-width: 300px) 100vw, 300px\" \/><\/p>\n<p>Ja viel\u00e4 noita sokerirakeitakin k\u00e4ytt\u00e4en \ud83d\ude42<\/p>\n<p><img loading=\"lazy\" class=\"alignnone size-medium wp-image-627\" src=\"http:\/\/pakkoneuloosi86.blogaaja.fi\/files\/2016\/12\/20161213_200310-300x195.jpg\" alt=\"_20161213_200310\" width=\"300\" height=\"195\" srcset=\"https:\/\/pakkoneuloosi86.blogaaja.fi\/files\/2016\/12\/20161213_200310-300x195.jpg 300w, https:\/\/pakkoneuloosi86.blogaaja.fi\/files\/2016\/12\/20161213_200310-768x499.jpg 768w, https:\/\/pakkoneuloosi86.blogaaja.fi\/files\/2016\/12\/20161213_200310.jpg 896w\" sizes=\"(max-width: 300px) 100vw, 300px\" \/><\/p>\n<p>Eik\u00f6h\u00e4n piparisavotta ala olemaa valmis joulun osalta \ud83d\ude00 Jos pari taatelikakkua viel\u00e4 ennen aattoa pojan kanssa py\u00f6r\u00e4ytt\u00e4s \ud83d\ude09 T\u00e4ll\u00e4 menolla joulun vapaiden j\u00e4lkeen py\u00f6rin t\u00f6ihin \ud83d\ude00 Ja kyll\u00e4 ihan oikein luitte, meid\u00e4n ihana listantekij\u00e4 laitto mulle jouluks 5 VAPAATA!!!! &lt;3 Parhautta!<\/p>\n<p>11 y\u00f6t\u00e4 en\u00e4\u00e4 \ud83d\ude09<\/p>\n<p>&lt;3 \u00a0Heidi<\/p>\n","protected":false},"excerpt":{"rendered":"<p>Meill\u00e4h\u00e4n \u00a0on jo joulukuun alusta l\u00e4htien leivottu pipareita \ud83d\ude00 Nyt alkaa vihdoin ja viimein olla valmista. Tokmannilta hain yhten\u00e4 p\u00e4iv\u00e4n\u00e4 fileerausveist\u00e4 niin t\u00f6rm\u00e4sin t\u00e4mm\u00f6siin korestelujuttuihin. Ja pakkohan ne oli mukaan kaapata \ud83d\ude00 Maksoin ne kyl kiltisti \ud83d\ude00 Ranskalaisten pastillien lis\u00e4ks n\u00e4\u00e4h\u00e4n oli ihan hitti pipareiden koristeluun. Kun en piparkakkutaloa osaa v\u00e4\u00e4nt\u00e4\u00e4 ja jotain joulusta h\u00e4rp\u00e4tint\u00e4 &hellip; <a href=\"https:\/\/pakkoneuloosi86.blogaaja.fi\/?page_id=613\" class=\"more-link\">Jatka artikkeliin <span class=\"screen-reader-text\">-Piparibileet \ud83d\ude00 13.12.2016<\/span><\/a><\/p>\n","protected":false},"author":15737,"featured_media":0,"parent":218,"menu_order":7,"comment_status":"open","ping_status":"closed","template":"","meta":[],"yoast_head":"<!-- This site is optimized with the Yoast SEO plugin v15.6.2 - https:\/\/yoast.com\/wordpress\/plugins\/seo\/ -->\n<title>-Piparibileet :D 13.12.2016 - Pakkoneulootikon el\u00e4m\u00e4\u00e4<\/title>\n<meta name=\"robots\" content=\"index, follow, max-snippet:-1, max-image-preview:large, max-video-preview:-1\" \/>\n<link rel=\"canonical\" href=\"https:\/\/pakkoneuloosi86.blogaaja.fi\/?page_id=613\" \/>\n<meta property=\"og:locale\" content=\"fi_FI\" \/>\n<meta property=\"og:type\" content=\"article\" \/>\n<meta property=\"og:title\" content=\"-Piparibileet :D 13.12.2016 - Pakkoneulootikon el\u00e4m\u00e4\u00e4\" \/>\n<meta property=\"og:description\" content=\"Meill\u00e4h\u00e4n \u00a0on jo joulukuun alusta l\u00e4htien leivottu pipareita \ud83d\ude00 Nyt alkaa vihdoin ja viimein olla valmista. Tokmannilta hain yhten\u00e4 p\u00e4iv\u00e4n\u00e4 fileerausveist\u00e4 niin t\u00f6rm\u00e4sin t\u00e4mm\u00f6siin korestelujuttuihin. Ja pakkohan ne oli mukaan kaapata \ud83d\ude00 Maksoin ne kyl kiltisti \ud83d\ude00 Ranskalaisten pastillien lis\u00e4ks n\u00e4\u00e4h\u00e4n oli ihan hitti pipareiden koristeluun. Kun en piparkakkutaloa osaa v\u00e4\u00e4nt\u00e4\u00e4 ja jotain joulusta h\u00e4rp\u00e4tint\u00e4 &hellip; Jatka artikkeliin -Piparibileet :D 13.12.2016\" \/>\n<meta property=\"og:url\" content=\"https:\/\/pakkoneuloosi86.blogaaja.fi\/?page_id=613\" \/>\n<meta property=\"og:site_name\" content=\"Pakkoneulootikon el\u00e4m\u00e4\u00e4\" \/>\n<meta property=\"article:modified_time\" content=\"2016-12-13T18:00:15+00:00\" \/>\n<meta property=\"og:image\" content=\"http:\/\/pakkoneuloosi86.blogaaja.fi\/files\/2016\/12\/20161212_174727-300x197.jpg\" \/>\n<meta name=\"twitter:card\" content=\"summary_large_image\" \/>\n<meta name=\"twitter:label1\" content=\"Est. reading time\">\n\t<meta name=\"twitter:data1\" content=\"1 minuutti\">\n<script type=\"application\/ld+json\" class=\"yoast-schema-graph\">{\"@context\":\"https:\/\/schema.org\",\"@graph\":[{\"@type\":\"WebSite\",\"@id\":\"https:\/\/pakkoneuloosi86.blogaaja.fi\/#website\",\"url\":\"https:\/\/pakkoneuloosi86.blogaaja.fi\/\",\"name\":\"Pakkoneulootikon el\\u00e4m\\u00e4\\u00e4\",\"description\":\"Asiasta aidanseip\\u00e4\\u00e4seen ja takasin ;)\",\"potentialAction\":[{\"@type\":\"SearchAction\",\"target\":\"https:\/\/pakkoneuloosi86.blogaaja.fi\/?s={search_term_string}\",\"query-input\":\"required name=search_term_string\"}],\"inLanguage\":\"fi\"},{\"@type\":\"ImageObject\",\"@id\":\"https:\/\/pakkoneuloosi86.blogaaja.fi\/?page_id=613#primaryimage\",\"inLanguage\":\"fi\",\"url\":\"http:\/\/pakkoneuloosi86.blogaaja.fi\/files\/2016\/12\/20161212_174727-300x197.jpg\"},{\"@type\":\"WebPage\",\"@id\":\"https:\/\/pakkoneuloosi86.blogaaja.fi\/?page_id=613#webpage\",\"url\":\"https:\/\/pakkoneuloosi86.blogaaja.fi\/?page_id=613\",\"name\":\"-Piparibileet :D 13.12.2016 - Pakkoneulootikon el\\u00e4m\\u00e4\\u00e4\",\"isPartOf\":{\"@id\":\"https:\/\/pakkoneuloosi86.blogaaja.fi\/#website\"},\"primaryImageOfPage\":{\"@id\":\"https:\/\/pakkoneuloosi86.blogaaja.fi\/?page_id=613#primaryimage\"},\"datePublished\":\"2016-12-13T17:59:19+00:00\",\"dateModified\":\"2016-12-13T18:00:15+00:00\",\"inLanguage\":\"fi\",\"potentialAction\":[{\"@type\":\"ReadAction\",\"target\":[\"https:\/\/pakkoneuloosi86.blogaaja.fi\/?page_id=613\"]}]}]}<\/script>\n<!-- \/ Yoast SEO plugin. -->","_links":{"self":[{"href":"https:\/\/pakkoneuloosi86.blogaaja.fi\/index.php?rest_route=\/wp\/v2\/pages\/613"}],"collection":[{"href":"https:\/\/pakkoneuloosi86.blogaaja.fi\/index.php?rest_route=\/wp\/v2\/pages"}],"about":[{"href":"https:\/\/pakkoneuloosi86.blogaaja.fi\/index.php?rest_route=\/wp\/v2\/types\/page"}],"author":[{"embeddable":true,"href":"https:\/\/pakkoneuloosi86.blogaaja.fi\/index.php?rest_route=\/wp\/v2\/users\/15737"}],"replies":[{"embeddable":true,"href":"https:\/\/pakkoneuloosi86.blogaaja.fi\/index.php?rest_route=%2Fwp%2Fv2%2Fcomments&post=613"}],"version-history":[{"count":0,"href":"https:\/\/pakkoneuloosi86.blogaaja.fi\/index.php?rest_route=\/wp\/v2\/pages\/613\/revisions"}],"up":[{"embeddable":true,"href":"https:\/\/pakkoneuloosi86.blogaaja.fi\/index.php?rest_route=\/wp\/v2\/pages\/218"}],"wp:attachment":[{"href":"https:\/\/pakkoneuloosi86.blogaaja.fi\/index.php?rest_route=%2Fwp%2Fv2%2Fmedia&parent=613"}],"curies":[{"name":"wp","href":"https:\/\/api.w.org\/{rel}","templated":true}]}}