{"id":601,"date":"2016-12-12T21:16:35","date_gmt":"2016-12-12T19:16:35","guid":{"rendered":"http:\/\/pakkoneuloosi86.blogaaja.fi\/?page_id=601"},"modified":"2016-12-12T21:16:35","modified_gmt":"2016-12-12T19:16:35","slug":"12-luukku-12-12-2016","status":"publish","type":"page","link":"https:\/\/pakkoneuloosi86.blogaaja.fi\/?page_id=601","title":{"rendered":"*12.Luukku 12.12.2016"},"content":{"rendered":"<p><img loading=\"lazy\" class=\"alignnone size-medium wp-image-602\" src=\"http:\/\/pakkoneuloosi86.blogaaja.fi\/files\/2016\/12\/20161212_090140-214x300.jpg\" alt=\"_20161212_090140\" width=\"214\" height=\"300\" srcset=\"https:\/\/pakkoneuloosi86.blogaaja.fi\/files\/2016\/12\/20161212_090140-214x300.jpg 214w, https:\/\/pakkoneuloosi86.blogaaja.fi\/files\/2016\/12\/20161212_090140.jpg 398w\" sizes=\"(max-width: 214px) 100vw, 214px\" \/><\/p>\n<p>T\u00e4n\u00e4\u00e4n l\u00f6ytykin pussukasta ihan jotain erilaista. Halusin v\u00e4h\u00e4n erilaisia koristeita pojan joulukalenteriin ja n\u00e4\u00e4 Tokmannin irtorautatavarat mit\u00e4 saa kilohinnalla ostaa oli aivan loistava keksint\u00f6 \ud83d\ude00 Samalla tuli ideaa jo ens joulukskin \ud83d\ude00<\/p>\n<p><img loading=\"lazy\" class=\"alignnone size-medium wp-image-603\" src=\"http:\/\/pakkoneuloosi86.blogaaja.fi\/files\/2016\/12\/20161212_085846-300x217.jpg\" alt=\"_20161212_085846\" width=\"300\" height=\"217\" srcset=\"https:\/\/pakkoneuloosi86.blogaaja.fi\/files\/2016\/12\/20161212_085846-300x217.jpg 300w, https:\/\/pakkoneuloosi86.blogaaja.fi\/files\/2016\/12\/20161212_085846.jpg 621w\" sizes=\"(max-width: 300px) 100vw, 300px\" \/><\/p>\n<p>En siis n\u00e4it\u00e4 t\u00e4ll\u00e4sen\u00e4\u00e4n sinne laittanu \ud83d\ude00 vaikka varmaan olis poika niist\u00e4kin tyk\u00e4nny \ud83d\ude00 tuunasin niit\u00e4 v\u00e4h\u00e4n apuna lankaa ja virkkuukoukku \ud83d\ude42<\/p>\n<p><img loading=\"lazy\" class=\"alignnone size-medium wp-image-604\" src=\"http:\/\/pakkoneuloosi86.blogaaja.fi\/files\/2016\/12\/20161212_090049-300x174.jpg\" alt=\"_20161212_090049\" width=\"300\" height=\"174\" srcset=\"https:\/\/pakkoneuloosi86.blogaaja.fi\/files\/2016\/12\/20161212_090049-300x174.jpg 300w, https:\/\/pakkoneuloosi86.blogaaja.fi\/files\/2016\/12\/20161212_090049-768x444.jpg 768w, https:\/\/pakkoneuloosi86.blogaaja.fi\/files\/2016\/12\/20161212_090049.jpg 864w\" sizes=\"(max-width: 300px) 100vw, 300px\" \/><\/p>\n<p><img loading=\"lazy\" class=\"alignnone size-medium wp-image-605\" src=\"http:\/\/pakkoneuloosi86.blogaaja.fi\/files\/2016\/12\/20161212_085939-219x300.jpg\" alt=\"_20161212_085939\" width=\"219\" height=\"300\" srcset=\"https:\/\/pakkoneuloosi86.blogaaja.fi\/files\/2016\/12\/20161212_085939-219x300.jpg 219w, https:\/\/pakkoneuloosi86.blogaaja.fi\/files\/2016\/12\/20161212_085939.jpg 527w\" sizes=\"(max-width: 219px) 100vw, 219px\" \/>\u00a0<img loading=\"lazy\" class=\"alignnone size-medium wp-image-606\" src=\"http:\/\/pakkoneuloosi86.blogaaja.fi\/files\/2016\/12\/20161212_090011-229x300.jpg\" alt=\"_20161212_090011\" width=\"229\" height=\"300\" srcset=\"https:\/\/pakkoneuloosi86.blogaaja.fi\/files\/2016\/12\/20161212_090011-229x300.jpg 229w, https:\/\/pakkoneuloosi86.blogaaja.fi\/files\/2016\/12\/20161212_090011.jpg 449w\" sizes=\"(max-width: 229px) 100vw, 229px\" \/><\/p>\n<p>Ja tietty parasta ihan oli se, ett\u00e4 niit\u00e4 oli MONTA!!! \ud83d\ude00<\/p>\n<p><img loading=\"lazy\" class=\"alignnone size-medium wp-image-607\" src=\"http:\/\/pakkoneuloosi86.blogaaja.fi\/files\/2016\/12\/20161212_085915-204x300.jpg\" alt=\"_20161212_085915\" width=\"204\" height=\"300\" srcset=\"https:\/\/pakkoneuloosi86.blogaaja.fi\/files\/2016\/12\/20161212_085915-204x300.jpg 204w, https:\/\/pakkoneuloosi86.blogaaja.fi\/files\/2016\/12\/20161212_085915.jpg 428w\" sizes=\"(max-width: 204px) 100vw, 204px\" \/><\/p>\n<p>Puoliv\u00e4liss\u00e4 menn\u00e4\u00e4n hei kaverit \ud83d\ude09<\/p>\n<p>Hyv\u00e4\u00e4 y\u00f6t\u00e4 ja olkaahan kiltisti \ud83d\ude09<\/p>\n<p>&lt;3 \u00a0Heidi<\/p>\n","protected":false},"excerpt":{"rendered":"<p>T\u00e4n\u00e4\u00e4n l\u00f6ytykin pussukasta ihan jotain erilaista. Halusin v\u00e4h\u00e4n erilaisia koristeita pojan joulukalenteriin ja n\u00e4\u00e4 Tokmannin irtorautatavarat mit\u00e4 saa kilohinnalla ostaa oli aivan loistava keksint\u00f6 \ud83d\ude00 Samalla tuli ideaa jo ens joulukskin \ud83d\ude00 En siis n\u00e4it\u00e4 t\u00e4ll\u00e4sen\u00e4\u00e4n sinne laittanu \ud83d\ude00 vaikka varmaan olis poika niist\u00e4kin tyk\u00e4nny \ud83d\ude00 tuunasin niit\u00e4 v\u00e4h\u00e4n apuna lankaa ja virkkuukoukku \ud83d\ude42 \u00a0 &hellip; <a href=\"https:\/\/pakkoneuloosi86.blogaaja.fi\/?page_id=601\" class=\"more-link\">Jatka artikkeliin <span class=\"screen-reader-text\">*12.Luukku 12.12.2016<\/span><\/a><\/p>\n","protected":false},"author":15737,"featured_media":0,"parent":511,"menu_order":12,"comment_status":"open","ping_status":"closed","template":"","meta":[],"yoast_head":"<!-- This site is optimized with the Yoast SEO plugin v15.6.2 - https:\/\/yoast.com\/wordpress\/plugins\/seo\/ -->\n<title>*12.Luukku 12.12.2016 - Pakkoneulootikon el\u00e4m\u00e4\u00e4<\/title>\n<meta name=\"robots\" content=\"index, follow, max-snippet:-1, max-image-preview:large, max-video-preview:-1\" \/>\n<link rel=\"canonical\" href=\"https:\/\/pakkoneuloosi86.blogaaja.fi\/?page_id=601\" \/>\n<meta property=\"og:locale\" content=\"fi_FI\" \/>\n<meta property=\"og:type\" content=\"article\" \/>\n<meta property=\"og:title\" content=\"*12.Luukku 12.12.2016 - Pakkoneulootikon el\u00e4m\u00e4\u00e4\" \/>\n<meta property=\"og:description\" content=\"T\u00e4n\u00e4\u00e4n l\u00f6ytykin pussukasta ihan jotain erilaista. Halusin v\u00e4h\u00e4n erilaisia koristeita pojan joulukalenteriin ja n\u00e4\u00e4 Tokmannin irtorautatavarat mit\u00e4 saa kilohinnalla ostaa oli aivan loistava keksint\u00f6 \ud83d\ude00 Samalla tuli ideaa jo ens joulukskin \ud83d\ude00 En siis n\u00e4it\u00e4 t\u00e4ll\u00e4sen\u00e4\u00e4n sinne laittanu \ud83d\ude00 vaikka varmaan olis poika niist\u00e4kin tyk\u00e4nny \ud83d\ude00 tuunasin niit\u00e4 v\u00e4h\u00e4n apuna lankaa ja virkkuukoukku \ud83d\ude42 \u00a0 &hellip; Jatka artikkeliin *12.Luukku 12.12.2016\" \/>\n<meta property=\"og:url\" content=\"https:\/\/pakkoneuloosi86.blogaaja.fi\/?page_id=601\" \/>\n<meta property=\"og:site_name\" content=\"Pakkoneulootikon el\u00e4m\u00e4\u00e4\" \/>\n<meta property=\"og:image\" content=\"http:\/\/pakkoneuloosi86.blogaaja.fi\/files\/2016\/12\/20161212_090140-214x300.jpg\" \/>\n<meta name=\"twitter:card\" content=\"summary_large_image\" \/>\n<script type=\"application\/ld+json\" class=\"yoast-schema-graph\">{\"@context\":\"https:\/\/schema.org\",\"@graph\":[{\"@type\":\"WebSite\",\"@id\":\"https:\/\/pakkoneuloosi86.blogaaja.fi\/#website\",\"url\":\"https:\/\/pakkoneuloosi86.blogaaja.fi\/\",\"name\":\"Pakkoneulootikon el\\u00e4m\\u00e4\\u00e4\",\"description\":\"Asiasta aidanseip\\u00e4\\u00e4seen ja takasin ;)\",\"potentialAction\":[{\"@type\":\"SearchAction\",\"target\":\"https:\/\/pakkoneuloosi86.blogaaja.fi\/?s={search_term_string}\",\"query-input\":\"required name=search_term_string\"}],\"inLanguage\":\"fi\"},{\"@type\":\"ImageObject\",\"@id\":\"https:\/\/pakkoneuloosi86.blogaaja.fi\/?page_id=601#primaryimage\",\"inLanguage\":\"fi\",\"url\":\"http:\/\/pakkoneuloosi86.blogaaja.fi\/files\/2016\/12\/20161212_090140-214x300.jpg\"},{\"@type\":\"WebPage\",\"@id\":\"https:\/\/pakkoneuloosi86.blogaaja.fi\/?page_id=601#webpage\",\"url\":\"https:\/\/pakkoneuloosi86.blogaaja.fi\/?page_id=601\",\"name\":\"*12.Luukku 12.12.2016 - Pakkoneulootikon el\\u00e4m\\u00e4\\u00e4\",\"isPartOf\":{\"@id\":\"https:\/\/pakkoneuloosi86.blogaaja.fi\/#website\"},\"primaryImageOfPage\":{\"@id\":\"https:\/\/pakkoneuloosi86.blogaaja.fi\/?page_id=601#primaryimage\"},\"datePublished\":\"2016-12-12T19:16:35+00:00\",\"dateModified\":\"2016-12-12T19:16:35+00:00\",\"inLanguage\":\"fi\",\"potentialAction\":[{\"@type\":\"ReadAction\",\"target\":[\"https:\/\/pakkoneuloosi86.blogaaja.fi\/?page_id=601\"]}]}]}<\/script>\n<!-- \/ Yoast SEO plugin. -->","_links":{"self":[{"href":"https:\/\/pakkoneuloosi86.blogaaja.fi\/index.php?rest_route=\/wp\/v2\/pages\/601"}],"collection":[{"href":"https:\/\/pakkoneuloosi86.blogaaja.fi\/index.php?rest_route=\/wp\/v2\/pages"}],"about":[{"href":"https:\/\/pakkoneuloosi86.blogaaja.fi\/index.php?rest_route=\/wp\/v2\/types\/page"}],"author":[{"embeddable":true,"href":"https:\/\/pakkoneuloosi86.blogaaja.fi\/index.php?rest_route=\/wp\/v2\/users\/15737"}],"replies":[{"embeddable":true,"href":"https:\/\/pakkoneuloosi86.blogaaja.fi\/index.php?rest_route=%2Fwp%2Fv2%2Fcomments&post=601"}],"version-history":[{"count":0,"href":"https:\/\/pakkoneuloosi86.blogaaja.fi\/index.php?rest_route=\/wp\/v2\/pages\/601\/revisions"}],"up":[{"embeddable":true,"href":"https:\/\/pakkoneuloosi86.blogaaja.fi\/index.php?rest_route=\/wp\/v2\/pages\/511"}],"wp:attachment":[{"href":"https:\/\/pakkoneuloosi86.blogaaja.fi\/index.php?rest_route=%2Fwp%2Fv2%2Fmedia&parent=601"}],"curies":[{"name":"wp","href":"https:\/\/api.w.org\/{rel}","templated":true}]}}