{"id":595,"date":"2016-12-12T18:10:06","date_gmt":"2016-12-12T16:10:06","guid":{"rendered":"http:\/\/pakkoneuloosi86.blogaaja.fi\/?page_id=595"},"modified":"2016-12-12T18:11:24","modified_gmt":"2016-12-12T16:11:24","slug":"neulottu-naisen-pitsipipo-12-12-2016","status":"publish","type":"page","link":"https:\/\/pakkoneuloosi86.blogaaja.fi\/?page_id=595","title":{"rendered":"-Neulottu naisen pitsipipo 12.12.2016"},"content":{"rendered":"<p>Neuloin t\u00e4ss\u00e4 noin viikon aikana kaks neulepipoa. Ensimm\u00e4iseen tuli liian v\u00e4h\u00e4n silmukoita aikuiselle sopivaks, joten tein sitten toisen oikeella silmukkam\u00e4\u00e4r\u00e4ll\u00e4.<\/p>\n<p><img loading=\"lazy\" class=\"alignnone size-medium wp-image-596\" src=\"http:\/\/pakkoneuloosi86.blogaaja.fi\/files\/2016\/12\/20161212_085546-218x300.jpg\" alt=\"_20161212_085546\" width=\"218\" height=\"300\" srcset=\"https:\/\/pakkoneuloosi86.blogaaja.fi\/files\/2016\/12\/20161212_085546-218x300.jpg 218w, https:\/\/pakkoneuloosi86.blogaaja.fi\/files\/2016\/12\/20161212_085546.jpg 491w\" sizes=\"(max-width: 218px) 100vw, 218px\" \/><\/p>\n<p>Lankana mulla oli Red Heart Soft, 100% akryylilankaa ja puikot Cubics nro 5. Vaikka lanka onkin akryyli\u00e4, niin pipo ei hiosta eik\u00e4 kutita. Tuntuu tosi pehmoselta ja mukavalta p\u00e4\u00e4ss\u00e4. S\u00e4hk\u00f6selt\u00e4k\u00e4\u00e4n ei mun mielest\u00e4 tunnu yht\u00e4\u00e4n \ud83d\ude42 Lankaa saa ihan vaikka Prismasta ja Cubicseja ainakin Kangaskeitaasta \ud83d\ude42<\/p>\n<p><img loading=\"lazy\" class=\"alignnone size-medium wp-image-597\" src=\"http:\/\/pakkoneuloosi86.blogaaja.fi\/files\/2016\/12\/20161212_085430-300x216.jpg\" alt=\"_20161212_085430\" width=\"300\" height=\"216\" srcset=\"https:\/\/pakkoneuloosi86.blogaaja.fi\/files\/2016\/12\/20161212_085430-300x216.jpg 300w, https:\/\/pakkoneuloosi86.blogaaja.fi\/files\/2016\/12\/20161212_085430.jpg 745w\" sizes=\"(max-width: 300px) 100vw, 300px\" \/><\/p>\n<p>Ohje on Novitan lehdest\u00e4 Kev\u00e4t 2011 malli 59. Helppo ja nopee neuloakkin \ud83d\ude42<\/p>\n<p><img loading=\"lazy\" class=\"alignnone size-medium wp-image-598\" src=\"http:\/\/pakkoneuloosi86.blogaaja.fi\/files\/2016\/12\/20161212_085611-248x300.jpg\" alt=\"_20161212_085611\" width=\"248\" height=\"300\" srcset=\"https:\/\/pakkoneuloosi86.blogaaja.fi\/files\/2016\/12\/20161212_085611-248x300.jpg 248w, https:\/\/pakkoneuloosi86.blogaaja.fi\/files\/2016\/12\/20161212_085611.jpg 322w\" sizes=\"(max-width: 248px) 100vw, 248px\" \/><\/p>\n<p>V\u00e4ri on ehk\u00e4 enemm\u00e4n kiilt\u00e4v\u00e4n tummanpunanen kuitenkin, kun mit\u00e4 kuvista n\u00e4ytt\u00e4\u00e4. Edelleen harjottelen sit\u00e4 oikeens\u00e4vysten kuvien ottamista \ud83d\ude00<\/p>\n<p>K\u00e4sity\u00f6iloa!<\/p>\n<p>&lt;3 Heidi<\/p>\n","protected":false},"excerpt":{"rendered":"<p>Neuloin t\u00e4ss\u00e4 noin viikon aikana kaks neulepipoa. Ensimm\u00e4iseen tuli liian v\u00e4h\u00e4n silmukoita aikuiselle sopivaks, joten tein sitten toisen oikeella silmukkam\u00e4\u00e4r\u00e4ll\u00e4. Lankana mulla oli Red Heart Soft, 100% akryylilankaa ja puikot Cubics nro 5. Vaikka lanka onkin akryyli\u00e4, niin pipo ei hiosta eik\u00e4 kutita. Tuntuu tosi pehmoselta ja mukavalta p\u00e4\u00e4ss\u00e4. S\u00e4hk\u00f6selt\u00e4k\u00e4\u00e4n ei mun mielest\u00e4 tunnu yht\u00e4\u00e4n &hellip; <a href=\"https:\/\/pakkoneuloosi86.blogaaja.fi\/?page_id=595\" class=\"more-link\">Jatka artikkeliin <span class=\"screen-reader-text\">-Neulottu naisen pitsipipo 12.12.2016<\/span><\/a><\/p>\n","protected":false},"author":15737,"featured_media":0,"parent":267,"menu_order":3,"comment_status":"open","ping_status":"closed","template":"","meta":[],"yoast_head":"<!-- This site is optimized with the Yoast SEO plugin v15.6.2 - https:\/\/yoast.com\/wordpress\/plugins\/seo\/ -->\n<title>-Neulottu naisen pitsipipo 12.12.2016 - Pakkoneulootikon el\u00e4m\u00e4\u00e4<\/title>\n<meta name=\"robots\" content=\"index, follow, max-snippet:-1, max-image-preview:large, max-video-preview:-1\" \/>\n<link rel=\"canonical\" href=\"https:\/\/pakkoneuloosi86.blogaaja.fi\/?page_id=595\" \/>\n<meta property=\"og:locale\" content=\"fi_FI\" \/>\n<meta property=\"og:type\" content=\"article\" \/>\n<meta property=\"og:title\" content=\"-Neulottu naisen pitsipipo 12.12.2016 - Pakkoneulootikon el\u00e4m\u00e4\u00e4\" \/>\n<meta property=\"og:description\" content=\"Neuloin t\u00e4ss\u00e4 noin viikon aikana kaks neulepipoa. Ensimm\u00e4iseen tuli liian v\u00e4h\u00e4n silmukoita aikuiselle sopivaks, joten tein sitten toisen oikeella silmukkam\u00e4\u00e4r\u00e4ll\u00e4. Lankana mulla oli Red Heart Soft, 100% akryylilankaa ja puikot Cubics nro 5. Vaikka lanka onkin akryyli\u00e4, niin pipo ei hiosta eik\u00e4 kutita. Tuntuu tosi pehmoselta ja mukavalta p\u00e4\u00e4ss\u00e4. S\u00e4hk\u00f6selt\u00e4k\u00e4\u00e4n ei mun mielest\u00e4 tunnu yht\u00e4\u00e4n &hellip; Jatka artikkeliin -Neulottu naisen pitsipipo 12.12.2016\" \/>\n<meta property=\"og:url\" content=\"https:\/\/pakkoneuloosi86.blogaaja.fi\/?page_id=595\" \/>\n<meta property=\"og:site_name\" content=\"Pakkoneulootikon el\u00e4m\u00e4\u00e4\" \/>\n<meta property=\"article:modified_time\" content=\"2016-12-12T16:11:24+00:00\" \/>\n<meta property=\"og:image\" content=\"http:\/\/pakkoneuloosi86.blogaaja.fi\/files\/2016\/12\/20161212_085546-218x300.jpg\" \/>\n<meta name=\"twitter:card\" content=\"summary_large_image\" \/>\n<meta name=\"twitter:label1\" content=\"Est. reading time\">\n\t<meta name=\"twitter:data1\" content=\"1 minuutti\">\n<script type=\"application\/ld+json\" class=\"yoast-schema-graph\">{\"@context\":\"https:\/\/schema.org\",\"@graph\":[{\"@type\":\"WebSite\",\"@id\":\"https:\/\/pakkoneuloosi86.blogaaja.fi\/#website\",\"url\":\"https:\/\/pakkoneuloosi86.blogaaja.fi\/\",\"name\":\"Pakkoneulootikon el\\u00e4m\\u00e4\\u00e4\",\"description\":\"Asiasta aidanseip\\u00e4\\u00e4seen ja takasin ;)\",\"potentialAction\":[{\"@type\":\"SearchAction\",\"target\":\"https:\/\/pakkoneuloosi86.blogaaja.fi\/?s={search_term_string}\",\"query-input\":\"required name=search_term_string\"}],\"inLanguage\":\"fi\"},{\"@type\":\"ImageObject\",\"@id\":\"https:\/\/pakkoneuloosi86.blogaaja.fi\/?page_id=595#primaryimage\",\"inLanguage\":\"fi\",\"url\":\"http:\/\/pakkoneuloosi86.blogaaja.fi\/files\/2016\/12\/20161212_085546-218x300.jpg\"},{\"@type\":\"WebPage\",\"@id\":\"https:\/\/pakkoneuloosi86.blogaaja.fi\/?page_id=595#webpage\",\"url\":\"https:\/\/pakkoneuloosi86.blogaaja.fi\/?page_id=595\",\"name\":\"-Neulottu naisen pitsipipo 12.12.2016 - Pakkoneulootikon el\\u00e4m\\u00e4\\u00e4\",\"isPartOf\":{\"@id\":\"https:\/\/pakkoneuloosi86.blogaaja.fi\/#website\"},\"primaryImageOfPage\":{\"@id\":\"https:\/\/pakkoneuloosi86.blogaaja.fi\/?page_id=595#primaryimage\"},\"datePublished\":\"2016-12-12T16:10:06+00:00\",\"dateModified\":\"2016-12-12T16:11:24+00:00\",\"inLanguage\":\"fi\",\"potentialAction\":[{\"@type\":\"ReadAction\",\"target\":[\"https:\/\/pakkoneuloosi86.blogaaja.fi\/?page_id=595\"]}]}]}<\/script>\n<!-- \/ Yoast SEO plugin. -->","_links":{"self":[{"href":"https:\/\/pakkoneuloosi86.blogaaja.fi\/index.php?rest_route=\/wp\/v2\/pages\/595"}],"collection":[{"href":"https:\/\/pakkoneuloosi86.blogaaja.fi\/index.php?rest_route=\/wp\/v2\/pages"}],"about":[{"href":"https:\/\/pakkoneuloosi86.blogaaja.fi\/index.php?rest_route=\/wp\/v2\/types\/page"}],"author":[{"embeddable":true,"href":"https:\/\/pakkoneuloosi86.blogaaja.fi\/index.php?rest_route=\/wp\/v2\/users\/15737"}],"replies":[{"embeddable":true,"href":"https:\/\/pakkoneuloosi86.blogaaja.fi\/index.php?rest_route=%2Fwp%2Fv2%2Fcomments&post=595"}],"version-history":[{"count":0,"href":"https:\/\/pakkoneuloosi86.blogaaja.fi\/index.php?rest_route=\/wp\/v2\/pages\/595\/revisions"}],"up":[{"embeddable":true,"href":"https:\/\/pakkoneuloosi86.blogaaja.fi\/index.php?rest_route=\/wp\/v2\/pages\/267"}],"wp:attachment":[{"href":"https:\/\/pakkoneuloosi86.blogaaja.fi\/index.php?rest_route=%2Fwp%2Fv2%2Fmedia&parent=595"}],"curies":[{"name":"wp","href":"https:\/\/api.w.org\/{rel}","templated":true}]}}