{"id":588,"date":"2016-12-11T20:34:33","date_gmt":"2016-12-11T18:34:33","guid":{"rendered":"http:\/\/pakkoneuloosi86.blogaaja.fi\/?page_id=588"},"modified":"2016-12-11T20:34:33","modified_gmt":"2016-12-11T18:34:33","slug":"11-luukku-11-12-2016","status":"publish","type":"page","link":"https:\/\/pakkoneuloosi86.blogaaja.fi\/?page_id=588","title":{"rendered":"*11.Luukku 11.12.2016"},"content":{"rendered":"<p><img loading=\"lazy\" class=\"alignnone size-medium wp-image-589\" src=\"http:\/\/pakkoneuloosi86.blogaaja.fi\/files\/2016\/12\/20161211_202351-275x300.jpg\" alt=\"_20161211_202351\" width=\"275\" height=\"300\" srcset=\"https:\/\/pakkoneuloosi86.blogaaja.fi\/files\/2016\/12\/20161211_202351-275x300.jpg 275w, https:\/\/pakkoneuloosi86.blogaaja.fi\/files\/2016\/12\/20161211_202351.jpg 464w\" sizes=\"(max-width: 275px) 100vw, 275px\" \/><\/p>\n<p>Lis\u00e4\u00e4 kuusenkoristeita. Alkaakohan pojalta kohta mielenkiinto loppua, ku totes t\u00e4n\u00e4\u00e4n, et:&#8221;\u00c4iti taas tuli lis\u00e4\u00e4 n\u00e4it\u00e4 piparikoristeita&#8221;<\/p>\n<p><img loading=\"lazy\" class=\"alignnone size-medium wp-image-590\" src=\"http:\/\/pakkoneuloosi86.blogaaja.fi\/files\/2016\/12\/20161211_202511-300x143.jpg\" alt=\"_20161211_202511\" width=\"300\" height=\"143\" srcset=\"https:\/\/pakkoneuloosi86.blogaaja.fi\/files\/2016\/12\/20161211_202511-300x143.jpg 300w, https:\/\/pakkoneuloosi86.blogaaja.fi\/files\/2016\/12\/20161211_202511-768x367.jpg 768w, https:\/\/pakkoneuloosi86.blogaaja.fi\/files\/2016\/12\/20161211_202511.jpg 942w\" sizes=\"(max-width: 300px) 100vw, 300px\" \/><\/p>\n<p><img loading=\"lazy\" class=\"alignnone size-medium wp-image-591\" src=\"http:\/\/pakkoneuloosi86.blogaaja.fi\/files\/2016\/12\/20161211_202415-214x300.jpg\" alt=\"_20161211_202415\" width=\"214\" height=\"300\" srcset=\"https:\/\/pakkoneuloosi86.blogaaja.fi\/files\/2016\/12\/20161211_202415-214x300.jpg 214w, https:\/\/pakkoneuloosi86.blogaaja.fi\/files\/2016\/12\/20161211_202415.jpg 476w\" sizes=\"(max-width: 214px) 100vw, 214px\" \/><\/p>\n<p>T\u00e4n\u00e4\u00e4n k\u00e4ytiin pikkuveljen 13 wee syntt\u00e4reill\u00e4. Rakas pikkuveljeni 15wee teki mulle ihan oman nimikopossun \ud83d\ude00<\/p>\n<p><img loading=\"lazy\" class=\"alignnone size-medium wp-image-592\" src=\"http:\/\/pakkoneuloosi86.blogaaja.fi\/files\/2016\/12\/20161211_202433-300x140.jpg\" alt=\"_20161211_202433\" width=\"300\" height=\"140\" srcset=\"https:\/\/pakkoneuloosi86.blogaaja.fi\/files\/2016\/12\/20161211_202433-300x140.jpg 300w, https:\/\/pakkoneuloosi86.blogaaja.fi\/files\/2016\/12\/20161211_202433-768x359.jpg 768w, https:\/\/pakkoneuloosi86.blogaaja.fi\/files\/2016\/12\/20161211_202433.jpg 881w\" sizes=\"(max-width: 300px) 100vw, 300px\" \/><\/p>\n<p>Illalla k\u00e4vin viel\u00e4 tulevan anopin kanssa laulamassa kauneimpia joululauluja Kymin kirkossa.<\/p>\n<p><img loading=\"lazy\" class=\"alignnone size-medium wp-image-593\" src=\"http:\/\/pakkoneuloosi86.blogaaja.fi\/files\/2016\/12\/20161211_202456-300x164.jpg\" alt=\"_20161211_202456\" width=\"300\" height=\"164\" srcset=\"https:\/\/pakkoneuloosi86.blogaaja.fi\/files\/2016\/12\/20161211_202456-300x164.jpg 300w, https:\/\/pakkoneuloosi86.blogaaja.fi\/files\/2016\/12\/20161211_202456-768x419.jpg 768w, https:\/\/pakkoneuloosi86.blogaaja.fi\/files\/2016\/12\/20161211_202456.jpg 844w\" sizes=\"(max-width: 300px) 100vw, 300px\" \/><\/p>\n<p>Oli oikein mukavaa ja tunnelmallista. Kiitos vaan seurasta &lt;3 Ja pikkusiskolle tietysti kiitos, kun katto kummipoikansa per\u00e4\u00e4n &lt;3 Joululauluista ehdottomia lemppareita mulla on Tonttu, Sylvian joululaulu ja Varpunen jouluaamuna \ud83d\ude42<\/p>\n<p>Rauhallista iltaa ja mukavaa alkavaa viikkoa \ud83d\ude42<\/p>\n<p>&lt;3 Heidi<\/p>\n","protected":false},"excerpt":{"rendered":"<p>Lis\u00e4\u00e4 kuusenkoristeita. Alkaakohan pojalta kohta mielenkiinto loppua, ku totes t\u00e4n\u00e4\u00e4n, et:&#8221;\u00c4iti taas tuli lis\u00e4\u00e4 n\u00e4it\u00e4 piparikoristeita&#8221; T\u00e4n\u00e4\u00e4n k\u00e4ytiin pikkuveljen 13 wee syntt\u00e4reill\u00e4. Rakas pikkuveljeni 15wee teki mulle ihan oman nimikopossun \ud83d\ude00 Illalla k\u00e4vin viel\u00e4 tulevan anopin kanssa laulamassa kauneimpia joululauluja Kymin kirkossa. Oli oikein mukavaa ja tunnelmallista. Kiitos vaan seurasta &lt;3 Ja pikkusiskolle tietysti kiitos, &hellip; <a href=\"https:\/\/pakkoneuloosi86.blogaaja.fi\/?page_id=588\" class=\"more-link\">Jatka artikkeliin <span class=\"screen-reader-text\">*11.Luukku 11.12.2016<\/span><\/a><\/p>\n","protected":false},"author":15737,"featured_media":0,"parent":511,"menu_order":11,"comment_status":"open","ping_status":"closed","template":"","meta":[],"yoast_head":"<!-- This site is optimized with the Yoast SEO plugin v15.6.2 - https:\/\/yoast.com\/wordpress\/plugins\/seo\/ -->\n<title>*11.Luukku 11.12.2016 - Pakkoneulootikon el\u00e4m\u00e4\u00e4<\/title>\n<meta name=\"robots\" content=\"index, follow, max-snippet:-1, max-image-preview:large, max-video-preview:-1\" \/>\n<link rel=\"canonical\" href=\"https:\/\/pakkoneuloosi86.blogaaja.fi\/?page_id=588\" \/>\n<meta property=\"og:locale\" content=\"fi_FI\" \/>\n<meta property=\"og:type\" content=\"article\" \/>\n<meta property=\"og:title\" content=\"*11.Luukku 11.12.2016 - Pakkoneulootikon el\u00e4m\u00e4\u00e4\" \/>\n<meta property=\"og:description\" content=\"Lis\u00e4\u00e4 kuusenkoristeita. Alkaakohan pojalta kohta mielenkiinto loppua, ku totes t\u00e4n\u00e4\u00e4n, et:&#8221;\u00c4iti taas tuli lis\u00e4\u00e4 n\u00e4it\u00e4 piparikoristeita&#8221; T\u00e4n\u00e4\u00e4n k\u00e4ytiin pikkuveljen 13 wee syntt\u00e4reill\u00e4. Rakas pikkuveljeni 15wee teki mulle ihan oman nimikopossun \ud83d\ude00 Illalla k\u00e4vin viel\u00e4 tulevan anopin kanssa laulamassa kauneimpia joululauluja Kymin kirkossa. Oli oikein mukavaa ja tunnelmallista. Kiitos vaan seurasta &lt;3 Ja pikkusiskolle tietysti kiitos, &hellip; Jatka artikkeliin *11.Luukku 11.12.2016\" \/>\n<meta property=\"og:url\" content=\"https:\/\/pakkoneuloosi86.blogaaja.fi\/?page_id=588\" \/>\n<meta property=\"og:site_name\" content=\"Pakkoneulootikon el\u00e4m\u00e4\u00e4\" \/>\n<meta property=\"og:image\" content=\"http:\/\/pakkoneuloosi86.blogaaja.fi\/files\/2016\/12\/20161211_202351-275x300.jpg\" \/>\n<meta name=\"twitter:card\" content=\"summary_large_image\" \/>\n<script type=\"application\/ld+json\" class=\"yoast-schema-graph\">{\"@context\":\"https:\/\/schema.org\",\"@graph\":[{\"@type\":\"WebSite\",\"@id\":\"https:\/\/pakkoneuloosi86.blogaaja.fi\/#website\",\"url\":\"https:\/\/pakkoneuloosi86.blogaaja.fi\/\",\"name\":\"Pakkoneulootikon el\\u00e4m\\u00e4\\u00e4\",\"description\":\"Asiasta aidanseip\\u00e4\\u00e4seen ja takasin ;)\",\"potentialAction\":[{\"@type\":\"SearchAction\",\"target\":\"https:\/\/pakkoneuloosi86.blogaaja.fi\/?s={search_term_string}\",\"query-input\":\"required name=search_term_string\"}],\"inLanguage\":\"fi\"},{\"@type\":\"ImageObject\",\"@id\":\"https:\/\/pakkoneuloosi86.blogaaja.fi\/?page_id=588#primaryimage\",\"inLanguage\":\"fi\",\"url\":\"http:\/\/pakkoneuloosi86.blogaaja.fi\/files\/2016\/12\/20161211_202351-275x300.jpg\"},{\"@type\":\"WebPage\",\"@id\":\"https:\/\/pakkoneuloosi86.blogaaja.fi\/?page_id=588#webpage\",\"url\":\"https:\/\/pakkoneuloosi86.blogaaja.fi\/?page_id=588\",\"name\":\"*11.Luukku 11.12.2016 - Pakkoneulootikon el\\u00e4m\\u00e4\\u00e4\",\"isPartOf\":{\"@id\":\"https:\/\/pakkoneuloosi86.blogaaja.fi\/#website\"},\"primaryImageOfPage\":{\"@id\":\"https:\/\/pakkoneuloosi86.blogaaja.fi\/?page_id=588#primaryimage\"},\"datePublished\":\"2016-12-11T18:34:33+00:00\",\"dateModified\":\"2016-12-11T18:34:33+00:00\",\"inLanguage\":\"fi\",\"potentialAction\":[{\"@type\":\"ReadAction\",\"target\":[\"https:\/\/pakkoneuloosi86.blogaaja.fi\/?page_id=588\"]}]}]}<\/script>\n<!-- \/ Yoast SEO plugin. -->","_links":{"self":[{"href":"https:\/\/pakkoneuloosi86.blogaaja.fi\/index.php?rest_route=\/wp\/v2\/pages\/588"}],"collection":[{"href":"https:\/\/pakkoneuloosi86.blogaaja.fi\/index.php?rest_route=\/wp\/v2\/pages"}],"about":[{"href":"https:\/\/pakkoneuloosi86.blogaaja.fi\/index.php?rest_route=\/wp\/v2\/types\/page"}],"author":[{"embeddable":true,"href":"https:\/\/pakkoneuloosi86.blogaaja.fi\/index.php?rest_route=\/wp\/v2\/users\/15737"}],"replies":[{"embeddable":true,"href":"https:\/\/pakkoneuloosi86.blogaaja.fi\/index.php?rest_route=%2Fwp%2Fv2%2Fcomments&post=588"}],"version-history":[{"count":0,"href":"https:\/\/pakkoneuloosi86.blogaaja.fi\/index.php?rest_route=\/wp\/v2\/pages\/588\/revisions"}],"up":[{"embeddable":true,"href":"https:\/\/pakkoneuloosi86.blogaaja.fi\/index.php?rest_route=\/wp\/v2\/pages\/511"}],"wp:attachment":[{"href":"https:\/\/pakkoneuloosi86.blogaaja.fi\/index.php?rest_route=%2Fwp%2Fv2%2Fmedia&parent=588"}],"curies":[{"name":"wp","href":"https:\/\/api.w.org\/{rel}","templated":true}]}}