{"id":583,"date":"2016-12-09T20:03:13","date_gmt":"2016-12-09T18:03:13","guid":{"rendered":"http:\/\/pakkoneuloosi86.blogaaja.fi\/?page_id=583"},"modified":"2016-12-09T20:03:13","modified_gmt":"2016-12-09T18:03:13","slug":"10-luukku-9-12-2016","status":"publish","type":"page","link":"https:\/\/pakkoneuloosi86.blogaaja.fi\/?page_id=583","title":{"rendered":"*10.Luukku 9.12.2016"},"content":{"rendered":"<p>Koska poika l\u00e4hti t\u00e4n\u00e4\u00e4n is\u00e4lleen viikonlopuks niin annoin pojan avata t\u00e4n\u00e4\u00e4n huomisen p\u00e4iv\u00e4nkin joulupussukan \ud83d\ude42<\/p>\n<p><img loading=\"lazy\" class=\"alignnone size-medium wp-image-584\" src=\"http:\/\/pakkoneuloosi86.blogaaja.fi\/files\/2016\/12\/20161209_153148-223x300.jpg\" alt=\"_20161209_153148\" width=\"223\" height=\"300\" srcset=\"https:\/\/pakkoneuloosi86.blogaaja.fi\/files\/2016\/12\/20161209_153148-223x300.jpg 223w, https:\/\/pakkoneuloosi86.blogaaja.fi\/files\/2016\/12\/20161209_153148.jpg 555w\" sizes=\"(max-width: 223px) 100vw, 223px\" \/><\/p>\n<p>Meill\u00e4h\u00e4n on my\u00f6s yst\u00e4v\u00e4n tyt\u00f6n myym\u00e4 partiolaisten kuvakalenteri ja siit\u00e4kin avataan pojan kanssa yhdess\u00e4 luukut p\u00e4ivitt\u00e4in \ud83d\ude42<\/p>\n<p>Huomisen p\u00e4iv\u00e4n joulupussukasta l\u00f6yty ennakkoon lis\u00e4\u00e4 joulukuusenkoristeita<\/p>\n<p><img loading=\"lazy\" class=\"alignnone size-medium wp-image-585\" src=\"http:\/\/pakkoneuloosi86.blogaaja.fi\/files\/2016\/12\/20161209_153452-189x300.jpg\" alt=\"_20161209_153452\" width=\"189\" height=\"300\" srcset=\"https:\/\/pakkoneuloosi86.blogaaja.fi\/files\/2016\/12\/20161209_153452-189x300.jpg 189w, https:\/\/pakkoneuloosi86.blogaaja.fi\/files\/2016\/12\/20161209_153452.jpg 466w\" sizes=\"(max-width: 189px) 100vw, 189px\" \/><\/p>\n<p><img loading=\"lazy\" class=\"alignnone size-medium wp-image-586\" src=\"http:\/\/pakkoneuloosi86.blogaaja.fi\/files\/2016\/12\/20161209_153423-300x128.jpg\" alt=\"_20161209_153423\" width=\"300\" height=\"128\" srcset=\"https:\/\/pakkoneuloosi86.blogaaja.fi\/files\/2016\/12\/20161209_153423-300x128.jpg 300w, https:\/\/pakkoneuloosi86.blogaaja.fi\/files\/2016\/12\/20161209_153423-768x329.jpg 768w, https:\/\/pakkoneuloosi86.blogaaja.fi\/files\/2016\/12\/20161209_153423.jpg 893w\" sizes=\"(max-width: 300px) 100vw, 300px\" \/><\/p>\n<p>T\u00e4ss\u00e4 joulukalenterihommassa on se hyv\u00e4 puoli, et samalla poika oppii salakavalasti numeroita 10 pidemm\u00e4lle \ud83d\ude09 Ehk\u00e4 meil ei pojalla kohta en\u00e4\u00e4 n\u00e4y kuusta koristeiden alta \ud83d\ude00<\/p>\n<p>Huomenna pit\u00e4\u00e4 k\u00e4yd\u00e4 hakemassa pojalle lelukaupasta viimenen joululahja viel\u00e4 mink\u00e4 oon tilannu \ud83d\ude42 sunnuntaina olis tiedossa pikkuveljen syntym\u00e4p\u00e4iv\u00e4t ja joululauluja tulevan anopin kanssa Kymin kirkossa \ud83d\ude42 Nelj\u00e4 vapaata edess\u00e4 nyt \ud83d\ude42<\/p>\n<p>Ja koska viime y\u00f6 meni niin huonosti nukkuessa, et eik\u00f6h\u00e4n kohta oo aika menn\u00e4 nukkumaan, kun muru l\u00e4htee y\u00f6vuoroon valvomaan muiden unta \ud83d\ude42<\/p>\n<p>Hyvi\u00e4 unia \ud83d\ude42<\/p>\n<p>&lt;3 \u00a0Heidi<\/p>\n","protected":false},"excerpt":{"rendered":"<p>Koska poika l\u00e4hti t\u00e4n\u00e4\u00e4n is\u00e4lleen viikonlopuks niin annoin pojan avata t\u00e4n\u00e4\u00e4n huomisen p\u00e4iv\u00e4nkin joulupussukan \ud83d\ude42 Meill\u00e4h\u00e4n on my\u00f6s yst\u00e4v\u00e4n tyt\u00f6n myym\u00e4 partiolaisten kuvakalenteri ja siit\u00e4kin avataan pojan kanssa yhdess\u00e4 luukut p\u00e4ivitt\u00e4in \ud83d\ude42 Huomisen p\u00e4iv\u00e4n joulupussukasta l\u00f6yty ennakkoon lis\u00e4\u00e4 joulukuusenkoristeita T\u00e4ss\u00e4 joulukalenterihommassa on se hyv\u00e4 puoli, et samalla poika oppii salakavalasti numeroita 10 pidemm\u00e4lle \ud83d\ude09 Ehk\u00e4 &hellip; <a href=\"https:\/\/pakkoneuloosi86.blogaaja.fi\/?page_id=583\" class=\"more-link\">Jatka artikkeliin <span class=\"screen-reader-text\">*10.Luukku 9.12.2016<\/span><\/a><\/p>\n","protected":false},"author":15737,"featured_media":0,"parent":511,"menu_order":10,"comment_status":"open","ping_status":"closed","template":"","meta":[],"yoast_head":"<!-- This site is optimized with the Yoast SEO plugin v15.6.2 - https:\/\/yoast.com\/wordpress\/plugins\/seo\/ -->\n<title>*10.Luukku 9.12.2016 - Pakkoneulootikon el\u00e4m\u00e4\u00e4<\/title>\n<meta name=\"robots\" content=\"index, follow, max-snippet:-1, max-image-preview:large, max-video-preview:-1\" \/>\n<link rel=\"canonical\" href=\"https:\/\/pakkoneuloosi86.blogaaja.fi\/?page_id=583\" \/>\n<meta property=\"og:locale\" content=\"fi_FI\" \/>\n<meta property=\"og:type\" content=\"article\" \/>\n<meta property=\"og:title\" content=\"*10.Luukku 9.12.2016 - Pakkoneulootikon el\u00e4m\u00e4\u00e4\" \/>\n<meta property=\"og:description\" content=\"Koska poika l\u00e4hti t\u00e4n\u00e4\u00e4n is\u00e4lleen viikonlopuks niin annoin pojan avata t\u00e4n\u00e4\u00e4n huomisen p\u00e4iv\u00e4nkin joulupussukan \ud83d\ude42 Meill\u00e4h\u00e4n on my\u00f6s yst\u00e4v\u00e4n tyt\u00f6n myym\u00e4 partiolaisten kuvakalenteri ja siit\u00e4kin avataan pojan kanssa yhdess\u00e4 luukut p\u00e4ivitt\u00e4in \ud83d\ude42 Huomisen p\u00e4iv\u00e4n joulupussukasta l\u00f6yty ennakkoon lis\u00e4\u00e4 joulukuusenkoristeita T\u00e4ss\u00e4 joulukalenterihommassa on se hyv\u00e4 puoli, et samalla poika oppii salakavalasti numeroita 10 pidemm\u00e4lle \ud83d\ude09 Ehk\u00e4 &hellip; Jatka artikkeliin *10.Luukku 9.12.2016\" \/>\n<meta property=\"og:url\" content=\"https:\/\/pakkoneuloosi86.blogaaja.fi\/?page_id=583\" \/>\n<meta property=\"og:site_name\" content=\"Pakkoneulootikon el\u00e4m\u00e4\u00e4\" \/>\n<meta property=\"og:image\" content=\"http:\/\/pakkoneuloosi86.blogaaja.fi\/files\/2016\/12\/20161209_153148-223x300.jpg\" \/>\n<meta name=\"twitter:card\" content=\"summary_large_image\" \/>\n<meta name=\"twitter:label1\" content=\"Est. reading time\">\n\t<meta name=\"twitter:data1\" content=\"1 minuutti\">\n<script type=\"application\/ld+json\" class=\"yoast-schema-graph\">{\"@context\":\"https:\/\/schema.org\",\"@graph\":[{\"@type\":\"WebSite\",\"@id\":\"https:\/\/pakkoneuloosi86.blogaaja.fi\/#website\",\"url\":\"https:\/\/pakkoneuloosi86.blogaaja.fi\/\",\"name\":\"Pakkoneulootikon el\\u00e4m\\u00e4\\u00e4\",\"description\":\"Asiasta aidanseip\\u00e4\\u00e4seen ja takasin ;)\",\"potentialAction\":[{\"@type\":\"SearchAction\",\"target\":\"https:\/\/pakkoneuloosi86.blogaaja.fi\/?s={search_term_string}\",\"query-input\":\"required name=search_term_string\"}],\"inLanguage\":\"fi\"},{\"@type\":\"ImageObject\",\"@id\":\"https:\/\/pakkoneuloosi86.blogaaja.fi\/?page_id=583#primaryimage\",\"inLanguage\":\"fi\",\"url\":\"http:\/\/pakkoneuloosi86.blogaaja.fi\/files\/2016\/12\/20161209_153148-223x300.jpg\"},{\"@type\":\"WebPage\",\"@id\":\"https:\/\/pakkoneuloosi86.blogaaja.fi\/?page_id=583#webpage\",\"url\":\"https:\/\/pakkoneuloosi86.blogaaja.fi\/?page_id=583\",\"name\":\"*10.Luukku 9.12.2016 - Pakkoneulootikon el\\u00e4m\\u00e4\\u00e4\",\"isPartOf\":{\"@id\":\"https:\/\/pakkoneuloosi86.blogaaja.fi\/#website\"},\"primaryImageOfPage\":{\"@id\":\"https:\/\/pakkoneuloosi86.blogaaja.fi\/?page_id=583#primaryimage\"},\"datePublished\":\"2016-12-09T18:03:13+00:00\",\"dateModified\":\"2016-12-09T18:03:13+00:00\",\"inLanguage\":\"fi\",\"potentialAction\":[{\"@type\":\"ReadAction\",\"target\":[\"https:\/\/pakkoneuloosi86.blogaaja.fi\/?page_id=583\"]}]}]}<\/script>\n<!-- \/ Yoast SEO plugin. -->","_links":{"self":[{"href":"https:\/\/pakkoneuloosi86.blogaaja.fi\/index.php?rest_route=\/wp\/v2\/pages\/583"}],"collection":[{"href":"https:\/\/pakkoneuloosi86.blogaaja.fi\/index.php?rest_route=\/wp\/v2\/pages"}],"about":[{"href":"https:\/\/pakkoneuloosi86.blogaaja.fi\/index.php?rest_route=\/wp\/v2\/types\/page"}],"author":[{"embeddable":true,"href":"https:\/\/pakkoneuloosi86.blogaaja.fi\/index.php?rest_route=\/wp\/v2\/users\/15737"}],"replies":[{"embeddable":true,"href":"https:\/\/pakkoneuloosi86.blogaaja.fi\/index.php?rest_route=%2Fwp%2Fv2%2Fcomments&post=583"}],"version-history":[{"count":0,"href":"https:\/\/pakkoneuloosi86.blogaaja.fi\/index.php?rest_route=\/wp\/v2\/pages\/583\/revisions"}],"up":[{"embeddable":true,"href":"https:\/\/pakkoneuloosi86.blogaaja.fi\/index.php?rest_route=\/wp\/v2\/pages\/511"}],"wp:attachment":[{"href":"https:\/\/pakkoneuloosi86.blogaaja.fi\/index.php?rest_route=%2Fwp%2Fv2%2Fmedia&parent=583"}],"curies":[{"name":"wp","href":"https:\/\/api.w.org\/{rel}","templated":true}]}}