{"id":578,"date":"2016-12-09T19:34:49","date_gmt":"2016-12-09T17:34:49","guid":{"rendered":"http:\/\/pakkoneuloosi86.blogaaja.fi\/?page_id=578"},"modified":"2016-12-09T19:34:49","modified_gmt":"2016-12-09T17:34:49","slug":"9-luukku-9-12-2016","status":"publish","type":"page","link":"https:\/\/pakkoneuloosi86.blogaaja.fi\/?page_id=578","title":{"rendered":"*9.Luukku 9.12.2016"},"content":{"rendered":"<p>T\u00e4m\u00e4n p\u00e4iv\u00e4n pussukasta<\/p>\n<p><img loading=\"lazy\" class=\"alignnone size-medium wp-image-579\" src=\"http:\/\/pakkoneuloosi86.blogaaja.fi\/files\/2016\/12\/20161209_153123-254x300.jpg\" alt=\"_20161209_153123\" width=\"254\" height=\"300\" srcset=\"https:\/\/pakkoneuloosi86.blogaaja.fi\/files\/2016\/12\/20161209_153123-254x300.jpg 254w, https:\/\/pakkoneuloosi86.blogaaja.fi\/files\/2016\/12\/20161209_153123.jpg 539w\" sizes=\"(max-width: 254px) 100vw, 254px\" \/><\/p>\n<p>paljastui<\/p>\n<p><img loading=\"lazy\" class=\"alignnone size-medium wp-image-580\" src=\"http:\/\/pakkoneuloosi86.blogaaja.fi\/files\/2016\/12\/20161209_153323-241x300.jpg\" alt=\"_20161209_153323\" width=\"241\" height=\"300\" srcset=\"https:\/\/pakkoneuloosi86.blogaaja.fi\/files\/2016\/12\/20161209_153323-241x300.jpg 241w, https:\/\/pakkoneuloosi86.blogaaja.fi\/files\/2016\/12\/20161209_153323.jpg 482w\" sizes=\"(max-width: 241px) 100vw, 241px\" \/><\/p>\n<p><img loading=\"lazy\" class=\"alignnone size-medium wp-image-581\" src=\"http:\/\/pakkoneuloosi86.blogaaja.fi\/files\/2016\/12\/20161209_153349-300x293.jpg\" alt=\"_20161209_153349\" width=\"300\" height=\"293\" srcset=\"https:\/\/pakkoneuloosi86.blogaaja.fi\/files\/2016\/12\/20161209_153349-300x293.jpg 300w, https:\/\/pakkoneuloosi86.blogaaja.fi\/files\/2016\/12\/20161209_153349.jpg 438w\" sizes=\"(max-width: 300px) 100vw, 300px\" \/><\/p>\n<p>s\u00e4ili\u00f6terotin. Idea tuli ihan siit\u00e4, ett\u00e4 entisen s\u00e4ili\u00f6terottimen poika rikko ja normaalilla terottimella ne terotusroskat on aina IHAN muualla, kun roskiksessa. Katotaan mist\u00e4 se terotin l\u00f6ytyy parin viikon p\u00e4\u00e4st\u00e4, veikkaan ettei ainakaan penaalista jossa sen pit\u00e4s olla \ud83d\ude09<\/p>\n<p>Rauhallista viikonloppua kaikille!<\/p>\n<p>&lt;3 \u00a0Heidi<\/p>\n","protected":false},"excerpt":{"rendered":"<p>T\u00e4m\u00e4n p\u00e4iv\u00e4n pussukasta paljastui s\u00e4ili\u00f6terotin. Idea tuli ihan siit\u00e4, ett\u00e4 entisen s\u00e4ili\u00f6terottimen poika rikko ja normaalilla terottimella ne terotusroskat on aina IHAN muualla, kun roskiksessa. Katotaan mist\u00e4 se terotin l\u00f6ytyy parin viikon p\u00e4\u00e4st\u00e4, veikkaan ettei ainakaan penaalista jossa sen pit\u00e4s olla \ud83d\ude09 Rauhallista viikonloppua kaikille! &lt;3 \u00a0Heidi<\/p>\n","protected":false},"author":15737,"featured_media":0,"parent":511,"menu_order":9,"comment_status":"open","ping_status":"closed","template":"","meta":[],"yoast_head":"<!-- This site is optimized with the Yoast SEO plugin v15.6.2 - https:\/\/yoast.com\/wordpress\/plugins\/seo\/ -->\n<title>*9.Luukku 9.12.2016 - Pakkoneulootikon el\u00e4m\u00e4\u00e4<\/title>\n<meta name=\"robots\" content=\"index, follow, max-snippet:-1, max-image-preview:large, max-video-preview:-1\" \/>\n<link rel=\"canonical\" href=\"https:\/\/pakkoneuloosi86.blogaaja.fi\/?page_id=578\" \/>\n<meta property=\"og:locale\" content=\"fi_FI\" \/>\n<meta property=\"og:type\" content=\"article\" \/>\n<meta property=\"og:title\" content=\"*9.Luukku 9.12.2016 - Pakkoneulootikon el\u00e4m\u00e4\u00e4\" \/>\n<meta property=\"og:description\" content=\"T\u00e4m\u00e4n p\u00e4iv\u00e4n pussukasta paljastui s\u00e4ili\u00f6terotin. Idea tuli ihan siit\u00e4, ett\u00e4 entisen s\u00e4ili\u00f6terottimen poika rikko ja normaalilla terottimella ne terotusroskat on aina IHAN muualla, kun roskiksessa. Katotaan mist\u00e4 se terotin l\u00f6ytyy parin viikon p\u00e4\u00e4st\u00e4, veikkaan ettei ainakaan penaalista jossa sen pit\u00e4s olla \ud83d\ude09 Rauhallista viikonloppua kaikille! &lt;3 \u00a0Heidi\" \/>\n<meta property=\"og:url\" content=\"https:\/\/pakkoneuloosi86.blogaaja.fi\/?page_id=578\" \/>\n<meta property=\"og:site_name\" content=\"Pakkoneulootikon el\u00e4m\u00e4\u00e4\" \/>\n<meta property=\"og:image\" content=\"http:\/\/pakkoneuloosi86.blogaaja.fi\/files\/2016\/12\/20161209_153123-254x300.jpg\" \/>\n<meta name=\"twitter:card\" content=\"summary_large_image\" \/>\n<script type=\"application\/ld+json\" class=\"yoast-schema-graph\">{\"@context\":\"https:\/\/schema.org\",\"@graph\":[{\"@type\":\"WebSite\",\"@id\":\"https:\/\/pakkoneuloosi86.blogaaja.fi\/#website\",\"url\":\"https:\/\/pakkoneuloosi86.blogaaja.fi\/\",\"name\":\"Pakkoneulootikon el\\u00e4m\\u00e4\\u00e4\",\"description\":\"Asiasta aidanseip\\u00e4\\u00e4seen ja takasin ;)\",\"potentialAction\":[{\"@type\":\"SearchAction\",\"target\":\"https:\/\/pakkoneuloosi86.blogaaja.fi\/?s={search_term_string}\",\"query-input\":\"required name=search_term_string\"}],\"inLanguage\":\"fi\"},{\"@type\":\"ImageObject\",\"@id\":\"https:\/\/pakkoneuloosi86.blogaaja.fi\/?page_id=578#primaryimage\",\"inLanguage\":\"fi\",\"url\":\"http:\/\/pakkoneuloosi86.blogaaja.fi\/files\/2016\/12\/20161209_153123-254x300.jpg\"},{\"@type\":\"WebPage\",\"@id\":\"https:\/\/pakkoneuloosi86.blogaaja.fi\/?page_id=578#webpage\",\"url\":\"https:\/\/pakkoneuloosi86.blogaaja.fi\/?page_id=578\",\"name\":\"*9.Luukku 9.12.2016 - Pakkoneulootikon el\\u00e4m\\u00e4\\u00e4\",\"isPartOf\":{\"@id\":\"https:\/\/pakkoneuloosi86.blogaaja.fi\/#website\"},\"primaryImageOfPage\":{\"@id\":\"https:\/\/pakkoneuloosi86.blogaaja.fi\/?page_id=578#primaryimage\"},\"datePublished\":\"2016-12-09T17:34:49+00:00\",\"dateModified\":\"2016-12-09T17:34:49+00:00\",\"inLanguage\":\"fi\",\"potentialAction\":[{\"@type\":\"ReadAction\",\"target\":[\"https:\/\/pakkoneuloosi86.blogaaja.fi\/?page_id=578\"]}]}]}<\/script>\n<!-- \/ Yoast SEO plugin. -->","_links":{"self":[{"href":"https:\/\/pakkoneuloosi86.blogaaja.fi\/index.php?rest_route=\/wp\/v2\/pages\/578"}],"collection":[{"href":"https:\/\/pakkoneuloosi86.blogaaja.fi\/index.php?rest_route=\/wp\/v2\/pages"}],"about":[{"href":"https:\/\/pakkoneuloosi86.blogaaja.fi\/index.php?rest_route=\/wp\/v2\/types\/page"}],"author":[{"embeddable":true,"href":"https:\/\/pakkoneuloosi86.blogaaja.fi\/index.php?rest_route=\/wp\/v2\/users\/15737"}],"replies":[{"embeddable":true,"href":"https:\/\/pakkoneuloosi86.blogaaja.fi\/index.php?rest_route=%2Fwp%2Fv2%2Fcomments&post=578"}],"version-history":[{"count":0,"href":"https:\/\/pakkoneuloosi86.blogaaja.fi\/index.php?rest_route=\/wp\/v2\/pages\/578\/revisions"}],"up":[{"embeddable":true,"href":"https:\/\/pakkoneuloosi86.blogaaja.fi\/index.php?rest_route=\/wp\/v2\/pages\/511"}],"wp:attachment":[{"href":"https:\/\/pakkoneuloosi86.blogaaja.fi\/index.php?rest_route=%2Fwp%2Fv2%2Fmedia&parent=578"}],"curies":[{"name":"wp","href":"https:\/\/api.w.org\/{rel}","templated":true}]}}