{"id":568,"date":"2016-12-07T21:41:58","date_gmt":"2016-12-07T19:41:58","guid":{"rendered":"http:\/\/pakkoneuloosi86.blogaaja.fi\/?page_id=568"},"modified":"2016-12-07T21:42:12","modified_gmt":"2016-12-07T19:42:12","slug":"7-luukku-7-12-2016","status":"publish","type":"page","link":"https:\/\/pakkoneuloosi86.blogaaja.fi\/?page_id=568","title":{"rendered":"*7.Luukku 7.12.2016"},"content":{"rendered":"<p>Terveisi\u00e4 iltavuoron p\u00e4\u00e4tteeks! Nyt on kotiuduttu ja asunto on oudon hijanen, kun poika nukkuu ja avopuoliso l\u00e4hti y\u00f6vuoroon. Viimeset puoli vuotta nukuttu joka y\u00f6 yhess\u00e4, kuinkahan sit\u00e4 nyt osaa olla ilman toista. On ainakin tilaa nukkuu miten p\u00e4in haluaa \ud83d\ude00<\/p>\n<p><img loading=\"lazy\" class=\"alignnone size-medium wp-image-569\" src=\"http:\/\/pakkoneuloosi86.blogaaja.fi\/files\/2016\/12\/20161207_214326-262x300.jpg\" alt=\"_20161207_214326\" width=\"262\" height=\"300\" srcset=\"https:\/\/pakkoneuloosi86.blogaaja.fi\/files\/2016\/12\/20161207_214326-262x300.jpg 262w, https:\/\/pakkoneuloosi86.blogaaja.fi\/files\/2016\/12\/20161207_214326.jpg 568w\" sizes=\"(max-width: 262px) 100vw, 262px\" \/><\/p>\n<p>T\u00e4m\u00e4n p\u00e4iv\u00e4n joulupussukasta paljastu lyijykyni\u00e4 ja polkkakeppej\u00e4. Lyijykyni\u00e4 siks, ett\u00e4 ne tuntuu olevan pojalla aina hukassa.<\/p>\n<p><img loading=\"lazy\" class=\"alignnone size-medium wp-image-570\" src=\"http:\/\/pakkoneuloosi86.blogaaja.fi\/files\/2016\/12\/20161207_172612-286x300.jpg\" alt=\"_20161207_172612\" width=\"286\" height=\"300\" srcset=\"https:\/\/pakkoneuloosi86.blogaaja.fi\/files\/2016\/12\/20161207_172612-286x300.jpg 286w, https:\/\/pakkoneuloosi86.blogaaja.fi\/files\/2016\/12\/20161207_172612.jpg 503w\" sizes=\"(max-width: 286px) 100vw, 286px\" \/><\/p>\n<p><img loading=\"lazy\" class=\"alignnone size-medium wp-image-571\" src=\"http:\/\/pakkoneuloosi86.blogaaja.fi\/files\/2016\/12\/20161207_172639-214x300.jpg\" alt=\"_20161207_172639\" width=\"214\" height=\"300\" srcset=\"https:\/\/pakkoneuloosi86.blogaaja.fi\/files\/2016\/12\/20161207_172639-214x300.jpg 214w, https:\/\/pakkoneuloosi86.blogaaja.fi\/files\/2016\/12\/20161207_172639.jpg 513w\" sizes=\"(max-width: 214px) 100vw, 214px\" \/><\/p>\n<p>Ja puoli p\u00e4iv\u00e4\u00e4 oon nyt t\u00e4n\u00e4\u00e4n papattanu pojalle, ett\u00e4 kyn\u00e4t pysyy tallessa siell\u00e4 kyn\u00e4penaalissa!! Ett\u00e4 ykskin kyn\u00e4 mik\u00e4 ei k\u00e4yt\u00f6n j\u00e4lkeen p\u00e4\u00e4dy sinne takas vaan lojuu ymp\u00e4ri asuntoa, p\u00e4\u00e4tyy roskikseen. Samalla siivottiin ylim\u00e4\u00e4r\u00e4set rojut pojan huoneesta. Yritin lelujakin saada karsittua, mut poika ei antanu niit\u00e4 vii\u00e4 kellarikomeroon, v\u00e4itti leikkiv\u00e4ns\u00e4 kaikilla. Sit\u00e4 ootellessa. H\u00e4ll\u00e4 kun muutenkin tuntuu olevan tuo itekseen leikkiminen haastavaa \ud83d\ude09<\/p>\n<p>Olihan t\u00e4n\u00e4\u00e4n ollu pojankin vuoro avata joulukalenterin luukku p\u00e4iv\u00e4kodissakin. Luukusta paljastu lorun p\u00e4tk\u00e4 ja hiiriheijastin, s\u00f6p\u00f6\u00e4 \ud83d\ude42<\/p>\n<p>Nyt hyv\u00e4\u00e4 y\u00f6t\u00e4 kaikki! Huomenna uus p\u00e4iv\u00e4, uudet kujeet ja iltavuoro.<\/p>\n<p>&lt;3 \u00a0Heidi<\/p>\n","protected":false},"excerpt":{"rendered":"<p>Terveisi\u00e4 iltavuoron p\u00e4\u00e4tteeks! Nyt on kotiuduttu ja asunto on oudon hijanen, kun poika nukkuu ja avopuoliso l\u00e4hti y\u00f6vuoroon. Viimeset puoli vuotta nukuttu joka y\u00f6 yhess\u00e4, kuinkahan sit\u00e4 nyt osaa olla ilman toista. On ainakin tilaa nukkuu miten p\u00e4in haluaa \ud83d\ude00 T\u00e4m\u00e4n p\u00e4iv\u00e4n joulupussukasta paljastu lyijykyni\u00e4 ja polkkakeppej\u00e4. Lyijykyni\u00e4 siks, ett\u00e4 ne tuntuu olevan pojalla aina &hellip; <a href=\"https:\/\/pakkoneuloosi86.blogaaja.fi\/?page_id=568\" class=\"more-link\">Jatka artikkeliin <span class=\"screen-reader-text\">*7.Luukku 7.12.2016<\/span><\/a><\/p>\n","protected":false},"author":15737,"featured_media":0,"parent":511,"menu_order":7,"comment_status":"open","ping_status":"closed","template":"","meta":[],"yoast_head":"<!-- This site is optimized with the Yoast SEO plugin v15.6.2 - https:\/\/yoast.com\/wordpress\/plugins\/seo\/ -->\n<title>*7.Luukku 7.12.2016 - Pakkoneulootikon el\u00e4m\u00e4\u00e4<\/title>\n<meta name=\"robots\" content=\"index, follow, max-snippet:-1, max-image-preview:large, max-video-preview:-1\" \/>\n<link rel=\"canonical\" href=\"https:\/\/pakkoneuloosi86.blogaaja.fi\/?page_id=568\" \/>\n<meta property=\"og:locale\" content=\"fi_FI\" \/>\n<meta property=\"og:type\" content=\"article\" \/>\n<meta property=\"og:title\" content=\"*7.Luukku 7.12.2016 - Pakkoneulootikon el\u00e4m\u00e4\u00e4\" \/>\n<meta property=\"og:description\" content=\"Terveisi\u00e4 iltavuoron p\u00e4\u00e4tteeks! Nyt on kotiuduttu ja asunto on oudon hijanen, kun poika nukkuu ja avopuoliso l\u00e4hti y\u00f6vuoroon. Viimeset puoli vuotta nukuttu joka y\u00f6 yhess\u00e4, kuinkahan sit\u00e4 nyt osaa olla ilman toista. On ainakin tilaa nukkuu miten p\u00e4in haluaa \ud83d\ude00 T\u00e4m\u00e4n p\u00e4iv\u00e4n joulupussukasta paljastu lyijykyni\u00e4 ja polkkakeppej\u00e4. Lyijykyni\u00e4 siks, ett\u00e4 ne tuntuu olevan pojalla aina &hellip; Jatka artikkeliin *7.Luukku 7.12.2016\" \/>\n<meta property=\"og:url\" content=\"https:\/\/pakkoneuloosi86.blogaaja.fi\/?page_id=568\" \/>\n<meta property=\"og:site_name\" content=\"Pakkoneulootikon el\u00e4m\u00e4\u00e4\" \/>\n<meta property=\"article:modified_time\" content=\"2016-12-07T19:42:12+00:00\" \/>\n<meta property=\"og:image\" content=\"http:\/\/pakkoneuloosi86.blogaaja.fi\/files\/2016\/12\/20161207_214326-262x300.jpg\" \/>\n<meta name=\"twitter:card\" content=\"summary_large_image\" \/>\n<meta name=\"twitter:label1\" content=\"Est. reading time\">\n\t<meta name=\"twitter:data1\" content=\"1 minuutti\">\n<script type=\"application\/ld+json\" class=\"yoast-schema-graph\">{\"@context\":\"https:\/\/schema.org\",\"@graph\":[{\"@type\":\"WebSite\",\"@id\":\"https:\/\/pakkoneuloosi86.blogaaja.fi\/#website\",\"url\":\"https:\/\/pakkoneuloosi86.blogaaja.fi\/\",\"name\":\"Pakkoneulootikon el\\u00e4m\\u00e4\\u00e4\",\"description\":\"Asiasta aidanseip\\u00e4\\u00e4seen ja takasin ;)\",\"potentialAction\":[{\"@type\":\"SearchAction\",\"target\":\"https:\/\/pakkoneuloosi86.blogaaja.fi\/?s={search_term_string}\",\"query-input\":\"required name=search_term_string\"}],\"inLanguage\":\"fi\"},{\"@type\":\"ImageObject\",\"@id\":\"https:\/\/pakkoneuloosi86.blogaaja.fi\/?page_id=568#primaryimage\",\"inLanguage\":\"fi\",\"url\":\"http:\/\/pakkoneuloosi86.blogaaja.fi\/files\/2016\/12\/20161207_214326-262x300.jpg\"},{\"@type\":\"WebPage\",\"@id\":\"https:\/\/pakkoneuloosi86.blogaaja.fi\/?page_id=568#webpage\",\"url\":\"https:\/\/pakkoneuloosi86.blogaaja.fi\/?page_id=568\",\"name\":\"*7.Luukku 7.12.2016 - Pakkoneulootikon el\\u00e4m\\u00e4\\u00e4\",\"isPartOf\":{\"@id\":\"https:\/\/pakkoneuloosi86.blogaaja.fi\/#website\"},\"primaryImageOfPage\":{\"@id\":\"https:\/\/pakkoneuloosi86.blogaaja.fi\/?page_id=568#primaryimage\"},\"datePublished\":\"2016-12-07T19:41:58+00:00\",\"dateModified\":\"2016-12-07T19:42:12+00:00\",\"inLanguage\":\"fi\",\"potentialAction\":[{\"@type\":\"ReadAction\",\"target\":[\"https:\/\/pakkoneuloosi86.blogaaja.fi\/?page_id=568\"]}]}]}<\/script>\n<!-- \/ Yoast SEO plugin. -->","_links":{"self":[{"href":"https:\/\/pakkoneuloosi86.blogaaja.fi\/index.php?rest_route=\/wp\/v2\/pages\/568"}],"collection":[{"href":"https:\/\/pakkoneuloosi86.blogaaja.fi\/index.php?rest_route=\/wp\/v2\/pages"}],"about":[{"href":"https:\/\/pakkoneuloosi86.blogaaja.fi\/index.php?rest_route=\/wp\/v2\/types\/page"}],"author":[{"embeddable":true,"href":"https:\/\/pakkoneuloosi86.blogaaja.fi\/index.php?rest_route=\/wp\/v2\/users\/15737"}],"replies":[{"embeddable":true,"href":"https:\/\/pakkoneuloosi86.blogaaja.fi\/index.php?rest_route=%2Fwp%2Fv2%2Fcomments&post=568"}],"version-history":[{"count":0,"href":"https:\/\/pakkoneuloosi86.blogaaja.fi\/index.php?rest_route=\/wp\/v2\/pages\/568\/revisions"}],"up":[{"embeddable":true,"href":"https:\/\/pakkoneuloosi86.blogaaja.fi\/index.php?rest_route=\/wp\/v2\/pages\/511"}],"wp:attachment":[{"href":"https:\/\/pakkoneuloosi86.blogaaja.fi\/index.php?rest_route=%2Fwp%2Fv2%2Fmedia&parent=568"}],"curies":[{"name":"wp","href":"https:\/\/api.w.org\/{rel}","templated":true}]}}