{"id":560,"date":"2016-12-06T20:21:41","date_gmt":"2016-12-06T18:21:41","guid":{"rendered":"http:\/\/pakkoneuloosi86.blogaaja.fi\/?page_id=560"},"modified":"2016-12-06T20:21:41","modified_gmt":"2016-12-06T18:21:41","slug":"6-luukku-6-12-2016","status":"publish","type":"page","link":"https:\/\/pakkoneuloosi86.blogaaja.fi\/?page_id=560","title":{"rendered":"*6.Luukku 6.12.2016"},"content":{"rendered":"<p>Poika oli jo tossa aiemmin ihastellut enkeli\u00e4, joka mulla oli joulutavaralaatikossa. Olin luvannu h\u00e4lle, ett\u00e4 saa sen huoneeseensa joku p\u00e4iv\u00e4. T\u00e4n\u00e4\u00e4n k\u00e4vin enkelin laittamassa ikkunalaudalle just ennen pojan kotiintuloa.<\/p>\n<p>Enkeli on per\u00e4sin mun mummin tavaroista. Mummi kuoli 2010 lokakuussa kotonaan. Enkeli olis todenn\u00e4k\u00f6isesti heitetty pois, mut mi\u00e4 halusin sen ittelleni muistoksi. Enkelin esille ottamisen my\u00f6t\u00e4 on ollu jotenkin vaisu mieliala nyt illalla, himpun itkunenkin fiilis. Ik\u00e4v\u00e4 mummia ja vaaria nousee kovin pintaan. Vaari kuoli sairaalassa jouluaattona 2012 sy\u00f6p\u00e4\u00e4n.<\/p>\n<p>Onhan tossa enkeliss\u00e4 toki my\u00f6s jotaa mystisen kaunistakin mun mielest\u00e4 sen lis\u00e4ks, ett\u00e4 mummin ja vaarin muisto el\u00e4\u00e4 siin\u00e4. Enkeli kytket\u00e4\u00e4n verkkovirtaan ja siiviss\u00e4 menee jonkunlaisia valokuituja, jotka vaihtaa v\u00e4ri\u00e4. Sek\u00e4 helmassa loistaa valo.<\/p>\n<p><img loading=\"lazy\" class=\"alignnone size-medium wp-image-561\" src=\"http:\/\/pakkoneuloosi86.blogaaja.fi\/files\/2016\/12\/20161206_171235-177x300.jpg\" alt=\"_20161206_171235\" width=\"177\" height=\"300\" srcset=\"https:\/\/pakkoneuloosi86.blogaaja.fi\/files\/2016\/12\/20161206_171235-177x300.jpg 177w, https:\/\/pakkoneuloosi86.blogaaja.fi\/files\/2016\/12\/20161206_171235.jpg 518w\" sizes=\"(max-width: 177px) 100vw, 177px\" \/><\/p>\n<p>Poikakin tyk\u00e4sty siihen kovasti ja halus v\u00e4ltt\u00e4m\u00e4tt\u00e4, ett\u00e4 j\u00e4t\u00e4n enkelin p\u00e4\u00e4lle, kun h\u00e4n k\u00e4y nukkumaan. Ehk\u00e4 v\u00e4h\u00e4n niinkun suojelusenkelikskin.<\/p>\n<p><img loading=\"lazy\" class=\"alignnone size-medium wp-image-562\" src=\"http:\/\/pakkoneuloosi86.blogaaja.fi\/files\/2016\/12\/20161206_171134-206x300.jpg\" alt=\"_20161206_171134\" width=\"206\" height=\"300\" srcset=\"https:\/\/pakkoneuloosi86.blogaaja.fi\/files\/2016\/12\/20161206_171134-206x300.jpg 206w, https:\/\/pakkoneuloosi86.blogaaja.fi\/files\/2016\/12\/20161206_171134.jpg 691w\" sizes=\"(max-width: 206px) 100vw, 206px\" \/>\u00a0<img loading=\"lazy\" class=\"alignnone size-medium wp-image-563\" src=\"http:\/\/pakkoneuloosi86.blogaaja.fi\/files\/2016\/12\/20161206_171156-155x300.jpg\" alt=\"_20161206_171156\" width=\"155\" height=\"300\" srcset=\"https:\/\/pakkoneuloosi86.blogaaja.fi\/files\/2016\/12\/20161206_171156-155x300.jpg 155w, https:\/\/pakkoneuloosi86.blogaaja.fi\/files\/2016\/12\/20161206_171156.jpg 528w\" sizes=\"(max-width: 155px) 100vw, 155px\" \/><\/p>\n<p>T\u00e4m\u00e4n p\u00e4iv\u00e4n joulupussukasta<\/p>\n<p><img loading=\"lazy\" class=\"alignnone size-medium wp-image-564\" src=\"http:\/\/pakkoneuloosi86.blogaaja.fi\/files\/2016\/12\/20161206_172513-225x300.jpg\" alt=\"_20161206_172513\" width=\"225\" height=\"300\" srcset=\"https:\/\/pakkoneuloosi86.blogaaja.fi\/files\/2016\/12\/20161206_172513-225x300.jpg 225w, https:\/\/pakkoneuloosi86.blogaaja.fi\/files\/2016\/12\/20161206_172513.jpg 529w\" sizes=\"(max-width: 225px) 100vw, 225px\" \/><\/p>\n<p>Paljastu lis\u00e4\u00e4 joulukuusenkoristeita<\/p>\n<p><img loading=\"lazy\" class=\"alignnone size-medium wp-image-565\" src=\"http:\/\/pakkoneuloosi86.blogaaja.fi\/files\/2016\/12\/20161206_171219-184x300.jpg\" alt=\"_20161206_171219\" width=\"184\" height=\"300\" srcset=\"https:\/\/pakkoneuloosi86.blogaaja.fi\/files\/2016\/12\/20161206_171219-184x300.jpg 184w, https:\/\/pakkoneuloosi86.blogaaja.fi\/files\/2016\/12\/20161206_171219.jpg 466w\" sizes=\"(max-width: 184px) 100vw, 184px\" \/>\u00a0<img loading=\"lazy\" class=\"alignnone size-medium wp-image-566\" src=\"http:\/\/pakkoneuloosi86.blogaaja.fi\/files\/2016\/12\/20161206_171029-300x131.jpg\" alt=\"_20161206_171029\" width=\"300\" height=\"131\" srcset=\"https:\/\/pakkoneuloosi86.blogaaja.fi\/files\/2016\/12\/20161206_171029-300x131.jpg 300w, https:\/\/pakkoneuloosi86.blogaaja.fi\/files\/2016\/12\/20161206_171029-768x336.jpg 768w, https:\/\/pakkoneuloosi86.blogaaja.fi\/files\/2016\/12\/20161206_171029.jpg 908w\" sizes=\"(max-width: 300px) 100vw, 300px\" \/><\/p>\n<p>Ja poika onnellisena ripusti niit\u00e4 kuuseen ja kiitti:&#8221; Kiitos \u00e4iti, ett\u00e4 olet tehnyt n\u00e4it\u00e4 yll\u00e4tyksi\u00e4 minulle!&#8221; :&#8217;) Ja hampaita pestess\u00e4 totesi:&#8221; \u00c4iti min\u00e4 en halua, ett\u00e4 unohdat minua, koska min\u00e4 tykk\u00e4\u00e4n olla sinun luona!&#8221; &lt;3<\/p>\n<p>Rauhallista iltaa kaikille!<\/p>\n<p>&lt;3 \u00a0Heidi<\/p>\n<p>&nbsp;<\/p>\n","protected":false},"excerpt":{"rendered":"<p>Poika oli jo tossa aiemmin ihastellut enkeli\u00e4, joka mulla oli joulutavaralaatikossa. Olin luvannu h\u00e4lle, ett\u00e4 saa sen huoneeseensa joku p\u00e4iv\u00e4. T\u00e4n\u00e4\u00e4n k\u00e4vin enkelin laittamassa ikkunalaudalle just ennen pojan kotiintuloa. Enkeli on per\u00e4sin mun mummin tavaroista. Mummi kuoli 2010 lokakuussa kotonaan. Enkeli olis todenn\u00e4k\u00f6isesti heitetty pois, mut mi\u00e4 halusin sen ittelleni muistoksi. Enkelin esille ottamisen my\u00f6t\u00e4 &hellip; <a href=\"https:\/\/pakkoneuloosi86.blogaaja.fi\/?page_id=560\" class=\"more-link\">Jatka artikkeliin <span class=\"screen-reader-text\">*6.Luukku 6.12.2016<\/span><\/a><\/p>\n","protected":false},"author":15737,"featured_media":0,"parent":511,"menu_order":6,"comment_status":"open","ping_status":"closed","template":"","meta":[],"yoast_head":"<!-- This site is optimized with the Yoast SEO plugin v15.6.2 - https:\/\/yoast.com\/wordpress\/plugins\/seo\/ -->\n<title>*6.Luukku 6.12.2016 - Pakkoneulootikon el\u00e4m\u00e4\u00e4<\/title>\n<meta name=\"robots\" content=\"index, follow, max-snippet:-1, max-image-preview:large, max-video-preview:-1\" \/>\n<link rel=\"canonical\" href=\"https:\/\/pakkoneuloosi86.blogaaja.fi\/?page_id=560\" \/>\n<meta property=\"og:locale\" content=\"fi_FI\" \/>\n<meta property=\"og:type\" content=\"article\" \/>\n<meta property=\"og:title\" content=\"*6.Luukku 6.12.2016 - Pakkoneulootikon el\u00e4m\u00e4\u00e4\" \/>\n<meta property=\"og:description\" content=\"Poika oli jo tossa aiemmin ihastellut enkeli\u00e4, joka mulla oli joulutavaralaatikossa. Olin luvannu h\u00e4lle, ett\u00e4 saa sen huoneeseensa joku p\u00e4iv\u00e4. T\u00e4n\u00e4\u00e4n k\u00e4vin enkelin laittamassa ikkunalaudalle just ennen pojan kotiintuloa. Enkeli on per\u00e4sin mun mummin tavaroista. Mummi kuoli 2010 lokakuussa kotonaan. Enkeli olis todenn\u00e4k\u00f6isesti heitetty pois, mut mi\u00e4 halusin sen ittelleni muistoksi. Enkelin esille ottamisen my\u00f6t\u00e4 &hellip; Jatka artikkeliin *6.Luukku 6.12.2016\" \/>\n<meta property=\"og:url\" content=\"https:\/\/pakkoneuloosi86.blogaaja.fi\/?page_id=560\" \/>\n<meta property=\"og:site_name\" content=\"Pakkoneulootikon el\u00e4m\u00e4\u00e4\" \/>\n<meta property=\"og:image\" content=\"http:\/\/pakkoneuloosi86.blogaaja.fi\/files\/2016\/12\/20161206_171235-177x300.jpg\" \/>\n<meta name=\"twitter:card\" content=\"summary_large_image\" \/>\n<meta name=\"twitter:label1\" content=\"Est. reading time\">\n\t<meta name=\"twitter:data1\" content=\"1 minuutti\">\n<script type=\"application\/ld+json\" class=\"yoast-schema-graph\">{\"@context\":\"https:\/\/schema.org\",\"@graph\":[{\"@type\":\"WebSite\",\"@id\":\"https:\/\/pakkoneuloosi86.blogaaja.fi\/#website\",\"url\":\"https:\/\/pakkoneuloosi86.blogaaja.fi\/\",\"name\":\"Pakkoneulootikon el\\u00e4m\\u00e4\\u00e4\",\"description\":\"Asiasta aidanseip\\u00e4\\u00e4seen ja takasin ;)\",\"potentialAction\":[{\"@type\":\"SearchAction\",\"target\":\"https:\/\/pakkoneuloosi86.blogaaja.fi\/?s={search_term_string}\",\"query-input\":\"required name=search_term_string\"}],\"inLanguage\":\"fi\"},{\"@type\":\"ImageObject\",\"@id\":\"https:\/\/pakkoneuloosi86.blogaaja.fi\/?page_id=560#primaryimage\",\"inLanguage\":\"fi\",\"url\":\"http:\/\/pakkoneuloosi86.blogaaja.fi\/files\/2016\/12\/20161206_171235-177x300.jpg\"},{\"@type\":\"WebPage\",\"@id\":\"https:\/\/pakkoneuloosi86.blogaaja.fi\/?page_id=560#webpage\",\"url\":\"https:\/\/pakkoneuloosi86.blogaaja.fi\/?page_id=560\",\"name\":\"*6.Luukku 6.12.2016 - Pakkoneulootikon el\\u00e4m\\u00e4\\u00e4\",\"isPartOf\":{\"@id\":\"https:\/\/pakkoneuloosi86.blogaaja.fi\/#website\"},\"primaryImageOfPage\":{\"@id\":\"https:\/\/pakkoneuloosi86.blogaaja.fi\/?page_id=560#primaryimage\"},\"datePublished\":\"2016-12-06T18:21:41+00:00\",\"dateModified\":\"2016-12-06T18:21:41+00:00\",\"inLanguage\":\"fi\",\"potentialAction\":[{\"@type\":\"ReadAction\",\"target\":[\"https:\/\/pakkoneuloosi86.blogaaja.fi\/?page_id=560\"]}]}]}<\/script>\n<!-- \/ Yoast SEO plugin. -->","_links":{"self":[{"href":"https:\/\/pakkoneuloosi86.blogaaja.fi\/index.php?rest_route=\/wp\/v2\/pages\/560"}],"collection":[{"href":"https:\/\/pakkoneuloosi86.blogaaja.fi\/index.php?rest_route=\/wp\/v2\/pages"}],"about":[{"href":"https:\/\/pakkoneuloosi86.blogaaja.fi\/index.php?rest_route=\/wp\/v2\/types\/page"}],"author":[{"embeddable":true,"href":"https:\/\/pakkoneuloosi86.blogaaja.fi\/index.php?rest_route=\/wp\/v2\/users\/15737"}],"replies":[{"embeddable":true,"href":"https:\/\/pakkoneuloosi86.blogaaja.fi\/index.php?rest_route=%2Fwp%2Fv2%2Fcomments&post=560"}],"version-history":[{"count":0,"href":"https:\/\/pakkoneuloosi86.blogaaja.fi\/index.php?rest_route=\/wp\/v2\/pages\/560\/revisions"}],"up":[{"embeddable":true,"href":"https:\/\/pakkoneuloosi86.blogaaja.fi\/index.php?rest_route=\/wp\/v2\/pages\/511"}],"wp:attachment":[{"href":"https:\/\/pakkoneuloosi86.blogaaja.fi\/index.php?rest_route=%2Fwp%2Fv2%2Fmedia&parent=560"}],"curies":[{"name":"wp","href":"https:\/\/api.w.org\/{rel}","templated":true}]}}