{"id":553,"date":"2016-12-06T14:47:04","date_gmt":"2016-12-06T12:47:04","guid":{"rendered":"http:\/\/pakkoneuloosi86.blogaaja.fi\/?page_id=553"},"modified":"2016-12-06T14:48:02","modified_gmt":"2016-12-06T12:48:02","slug":"erilainen-paperinen-joulutahti-6-12-2016","status":"publish","type":"page","link":"https:\/\/pakkoneuloosi86.blogaaja.fi\/?page_id=553","title":{"rendered":"-Erilainen paperinen joulut\u00e4hti 6.12.2016"},"content":{"rendered":"<p><img loading=\"lazy\" class=\"alignnone size-medium wp-image-358\" src=\"http:\/\/pakkoneuloosi86.blogaaja.fi\/files\/2016\/11\/20161114_151109-1-252x300.jpg\" alt=\"_20161114_151109\" width=\"252\" height=\"300\" srcset=\"https:\/\/pakkoneuloosi86.blogaaja.fi\/files\/2016\/11\/20161114_151109-1-252x300.jpg 252w, https:\/\/pakkoneuloosi86.blogaaja.fi\/files\/2016\/11\/20161114_151109-1.jpg 679w\" sizes=\"(max-width: 252px) 100vw, 252px\" \/><\/p>\n<p>N\u00e4it\u00e4 joulut\u00e4hti\u00e4 askarrellessa j\u00e4i A4 paperista ylim\u00e4\u00e4r\u00e4nen liuska paperia, enk\u00e4 askartelumateriaalia ylis\u00e4\u00e4st\u00e4v\u00e4n\u00e4 halunnu niit\u00e4 heitt\u00e4\u00e4 pois, joten ajattelin etti\u00e4 jonkun toisen joulusen askarteluohjeen. Googlea selailtuani l\u00f6ysin t\u00e4mm\u00f6senhelpon ja kauniin t\u00e4htien ohjeen:\u00a0<a href=\"http:\/\/www.kotivinkki.fi\/joulu\/tee-itse-jouluksi\/joulutahti-ikkunaan\">http:\/\/www.kotivinkki.fi\/joulu\/tee-itse-jouluksi\/joulutahti-ikkunaan<\/a><\/p>\n<p>Leikkalin niist\u00e4 j\u00e4ljelle j\u00e4\u00e4neista paperisuikaleista 6cm*6cm kokosia neli\u00f6it\u00e4 ( eli aika pieni\u00e4 \ud83d\ude00 ) ja alotin urakan. Tein t\u00e4hti\u00e4 t\u00f6ihin, tein joulupakettiin, tein niit\u00e4 \u00e4itille ja t\u00e4n\u00e4\u00e4n tehtiin niit\u00e4 siskon kanssa. Paperineli\u00f6it\u00e4 oli ihan tolkuton m\u00e4\u00e4r\u00e4 ja ajattelin, ettei ne ikin\u00e4 lopu. Nyt niit\u00e4 onneks on en\u00e4\u00e4 vaan jokunen j\u00e4lell\u00e4 \ud83d\ude00<\/p>\n<p>T\u00e4mm\u00f6si\u00e4 niist\u00e4 sitten tuli \ud83d\ude42<\/p>\n<p><img loading=\"lazy\" class=\"alignnone size-medium wp-image-554\" src=\"http:\/\/pakkoneuloosi86.blogaaja.fi\/files\/2016\/12\/20161206_142636-257x300.jpg\" alt=\"_20161206_142636\" width=\"257\" height=\"300\" srcset=\"https:\/\/pakkoneuloosi86.blogaaja.fi\/files\/2016\/12\/20161206_142636-257x300.jpg 257w, https:\/\/pakkoneuloosi86.blogaaja.fi\/files\/2016\/12\/20161206_142636.jpg 559w\" sizes=\"(max-width: 257px) 100vw, 257px\" \/><\/p>\n<p>Ohuen ohuella kerroksella erikeeperi\u00e4 sai hyvin liimattua sakarat muotoonsa<\/p>\n<p><img loading=\"lazy\" class=\"alignnone size-medium wp-image-555\" src=\"http:\/\/pakkoneuloosi86.blogaaja.fi\/files\/2016\/12\/20161206_142600-249x300.jpg\" alt=\"_20161206_142600\" width=\"249\" height=\"300\" srcset=\"https:\/\/pakkoneuloosi86.blogaaja.fi\/files\/2016\/12\/20161206_142600-249x300.jpg 249w, https:\/\/pakkoneuloosi86.blogaaja.fi\/files\/2016\/12\/20161206_142600.jpg 529w\" sizes=\"(max-width: 249px) 100vw, 249px\" \/><\/p>\n<p>V\u00e4rikyn\u00e4 esim helpotti kummasti liimaamista, kun ty\u00f6nsi kyn\u00e4n k\u00e4rjen sakaran sis\u00e4\u00e4n ja sit\u00e4 vasten sai painettua sivuja yhteen, v\u00e4lill\u00e4 sit\u00e4 liimaa oli tosin niin reilusti, et tuppas tursuamaan ja hankaloittamaan hommaa \ud83d\ude00<\/p>\n<p><img loading=\"lazy\" class=\"alignnone size-medium wp-image-556\" src=\"http:\/\/pakkoneuloosi86.blogaaja.fi\/files\/2016\/12\/20161206_142432-243x300.jpg\" alt=\"_20161206_142432\" width=\"243\" height=\"300\" srcset=\"https:\/\/pakkoneuloosi86.blogaaja.fi\/files\/2016\/12\/20161206_142432-243x300.jpg 243w, https:\/\/pakkoneuloosi86.blogaaja.fi\/files\/2016\/12\/20161206_142432.jpg 563w\" sizes=\"(max-width: 243px) 100vw, 243px\" \/><\/p>\n<p>Ohuella ter\u00e4v\u00e4ll\u00e4 neulalla sai n\u00e4pp\u00e4r\u00e4sti tehty\u00e4 rei\u00e4n ja samalla pujotettua langan, josta ripustaa t\u00e4hden roikkumaan ihan mihin haluaa \ud83d\ude42<\/p>\n<p><img loading=\"lazy\" class=\"alignnone size-medium wp-image-557\" src=\"http:\/\/pakkoneuloosi86.blogaaja.fi\/files\/2016\/12\/20161206_142400-239x300.jpg\" alt=\"_20161206_142400\" width=\"239\" height=\"300\" srcset=\"https:\/\/pakkoneuloosi86.blogaaja.fi\/files\/2016\/12\/20161206_142400-239x300.jpg 239w, https:\/\/pakkoneuloosi86.blogaaja.fi\/files\/2016\/12\/20161206_142400.jpg 523w\" sizes=\"(max-width: 239px) 100vw, 239px\" \/><\/p>\n<p>Naapurin tytt\u00f6kin sattu kerran olemaan kyl\u00e4ss\u00e4, kun n\u00e4it\u00e4 askartelin ja h\u00e4nkin sai omat t\u00e4hdet mukaansa kotiin l\u00e4htiess\u00e4\u00e4n, kun niin kovin halusi \ud83d\ude42<\/p>\n<p>Askarteluiloa ja rauhaisaa Itsen\u00e4isyysp\u00e4iv\u00e4\u00e4! T\u00e4n p\u00e4iv\u00e4n joulukalenteri avataan, kun poika tulee is\u00e4lt\u00e4\u00e4n parin tunnin p\u00e4\u00e4st\u00e4 \ud83d\ude42<\/p>\n<p>&lt;3 \u00a0Heidi<\/p>\n","protected":false},"excerpt":{"rendered":"<p>N\u00e4it\u00e4 joulut\u00e4hti\u00e4 askarrellessa j\u00e4i A4 paperista ylim\u00e4\u00e4r\u00e4nen liuska paperia, enk\u00e4 askartelumateriaalia ylis\u00e4\u00e4st\u00e4v\u00e4n\u00e4 halunnu niit\u00e4 heitt\u00e4\u00e4 pois, joten ajattelin etti\u00e4 jonkun toisen joulusen askarteluohjeen. Googlea selailtuani l\u00f6ysin t\u00e4mm\u00f6senhelpon ja kauniin t\u00e4htien ohjeen:\u00a0http:\/\/www.kotivinkki.fi\/joulu\/tee-itse-jouluksi\/joulutahti-ikkunaan Leikkalin niist\u00e4 j\u00e4ljelle j\u00e4\u00e4neista paperisuikaleista 6cm*6cm kokosia neli\u00f6it\u00e4 ( eli aika pieni\u00e4 \ud83d\ude00 ) ja alotin urakan. Tein t\u00e4hti\u00e4 t\u00f6ihin, tein joulupakettiin, tein niit\u00e4 &hellip; <a href=\"https:\/\/pakkoneuloosi86.blogaaja.fi\/?page_id=553\" class=\"more-link\">Jatka artikkeliin <span class=\"screen-reader-text\">-Erilainen paperinen joulut\u00e4hti 6.12.2016<\/span><\/a><\/p>\n","protected":false},"author":15737,"featured_media":0,"parent":218,"menu_order":6,"comment_status":"open","ping_status":"closed","template":"","meta":[],"yoast_head":"<!-- This site is optimized with the Yoast SEO plugin v15.6.2 - https:\/\/yoast.com\/wordpress\/plugins\/seo\/ -->\n<title>-Erilainen paperinen joulut\u00e4hti 6.12.2016 - Pakkoneulootikon el\u00e4m\u00e4\u00e4<\/title>\n<meta name=\"robots\" content=\"index, follow, max-snippet:-1, max-image-preview:large, max-video-preview:-1\" \/>\n<link rel=\"canonical\" href=\"https:\/\/pakkoneuloosi86.blogaaja.fi\/?page_id=553\" \/>\n<meta property=\"og:locale\" content=\"fi_FI\" \/>\n<meta property=\"og:type\" content=\"article\" \/>\n<meta property=\"og:title\" content=\"-Erilainen paperinen joulut\u00e4hti 6.12.2016 - Pakkoneulootikon el\u00e4m\u00e4\u00e4\" \/>\n<meta property=\"og:description\" content=\"N\u00e4it\u00e4 joulut\u00e4hti\u00e4 askarrellessa j\u00e4i A4 paperista ylim\u00e4\u00e4r\u00e4nen liuska paperia, enk\u00e4 askartelumateriaalia ylis\u00e4\u00e4st\u00e4v\u00e4n\u00e4 halunnu niit\u00e4 heitt\u00e4\u00e4 pois, joten ajattelin etti\u00e4 jonkun toisen joulusen askarteluohjeen. Googlea selailtuani l\u00f6ysin t\u00e4mm\u00f6senhelpon ja kauniin t\u00e4htien ohjeen:\u00a0http:\/\/www.kotivinkki.fi\/joulu\/tee-itse-jouluksi\/joulutahti-ikkunaan Leikkalin niist\u00e4 j\u00e4ljelle j\u00e4\u00e4neista paperisuikaleista 6cm*6cm kokosia neli\u00f6it\u00e4 ( eli aika pieni\u00e4 \ud83d\ude00 ) ja alotin urakan. Tein t\u00e4hti\u00e4 t\u00f6ihin, tein joulupakettiin, tein niit\u00e4 &hellip; Jatka artikkeliin -Erilainen paperinen joulut\u00e4hti 6.12.2016\" \/>\n<meta property=\"og:url\" content=\"https:\/\/pakkoneuloosi86.blogaaja.fi\/?page_id=553\" \/>\n<meta property=\"og:site_name\" content=\"Pakkoneulootikon el\u00e4m\u00e4\u00e4\" \/>\n<meta property=\"article:modified_time\" content=\"2016-12-06T12:48:02+00:00\" \/>\n<meta property=\"og:image\" content=\"http:\/\/pakkoneuloosi86.blogaaja.fi\/files\/2016\/11\/20161114_151109-1-252x300.jpg\" \/>\n<meta name=\"twitter:card\" content=\"summary_large_image\" \/>\n<meta name=\"twitter:label1\" content=\"Est. reading time\">\n\t<meta name=\"twitter:data1\" content=\"1 minuutti\">\n<script type=\"application\/ld+json\" class=\"yoast-schema-graph\">{\"@context\":\"https:\/\/schema.org\",\"@graph\":[{\"@type\":\"WebSite\",\"@id\":\"https:\/\/pakkoneuloosi86.blogaaja.fi\/#website\",\"url\":\"https:\/\/pakkoneuloosi86.blogaaja.fi\/\",\"name\":\"Pakkoneulootikon el\\u00e4m\\u00e4\\u00e4\",\"description\":\"Asiasta aidanseip\\u00e4\\u00e4seen ja takasin ;)\",\"potentialAction\":[{\"@type\":\"SearchAction\",\"target\":\"https:\/\/pakkoneuloosi86.blogaaja.fi\/?s={search_term_string}\",\"query-input\":\"required name=search_term_string\"}],\"inLanguage\":\"fi\"},{\"@type\":\"ImageObject\",\"@id\":\"https:\/\/pakkoneuloosi86.blogaaja.fi\/?page_id=553#primaryimage\",\"inLanguage\":\"fi\",\"url\":\"http:\/\/pakkoneuloosi86.blogaaja.fi\/files\/2016\/11\/20161114_151109-1-252x300.jpg\"},{\"@type\":\"WebPage\",\"@id\":\"https:\/\/pakkoneuloosi86.blogaaja.fi\/?page_id=553#webpage\",\"url\":\"https:\/\/pakkoneuloosi86.blogaaja.fi\/?page_id=553\",\"name\":\"-Erilainen paperinen joulut\\u00e4hti 6.12.2016 - Pakkoneulootikon el\\u00e4m\\u00e4\\u00e4\",\"isPartOf\":{\"@id\":\"https:\/\/pakkoneuloosi86.blogaaja.fi\/#website\"},\"primaryImageOfPage\":{\"@id\":\"https:\/\/pakkoneuloosi86.blogaaja.fi\/?page_id=553#primaryimage\"},\"datePublished\":\"2016-12-06T12:47:04+00:00\",\"dateModified\":\"2016-12-06T12:48:02+00:00\",\"inLanguage\":\"fi\",\"potentialAction\":[{\"@type\":\"ReadAction\",\"target\":[\"https:\/\/pakkoneuloosi86.blogaaja.fi\/?page_id=553\"]}]}]}<\/script>\n<!-- \/ Yoast SEO plugin. -->","_links":{"self":[{"href":"https:\/\/pakkoneuloosi86.blogaaja.fi\/index.php?rest_route=\/wp\/v2\/pages\/553"}],"collection":[{"href":"https:\/\/pakkoneuloosi86.blogaaja.fi\/index.php?rest_route=\/wp\/v2\/pages"}],"about":[{"href":"https:\/\/pakkoneuloosi86.blogaaja.fi\/index.php?rest_route=\/wp\/v2\/types\/page"}],"author":[{"embeddable":true,"href":"https:\/\/pakkoneuloosi86.blogaaja.fi\/index.php?rest_route=\/wp\/v2\/users\/15737"}],"replies":[{"embeddable":true,"href":"https:\/\/pakkoneuloosi86.blogaaja.fi\/index.php?rest_route=%2Fwp%2Fv2%2Fcomments&post=553"}],"version-history":[{"count":0,"href":"https:\/\/pakkoneuloosi86.blogaaja.fi\/index.php?rest_route=\/wp\/v2\/pages\/553\/revisions"}],"up":[{"embeddable":true,"href":"https:\/\/pakkoneuloosi86.blogaaja.fi\/index.php?rest_route=\/wp\/v2\/pages\/218"}],"wp:attachment":[{"href":"https:\/\/pakkoneuloosi86.blogaaja.fi\/index.php?rest_route=%2Fwp%2Fv2%2Fmedia&parent=553"}],"curies":[{"name":"wp","href":"https:\/\/api.w.org\/{rel}","templated":true}]}}