{"id":546,"date":"2016-12-05T19:08:03","date_gmt":"2016-12-05T17:08:03","guid":{"rendered":"http:\/\/pakkoneuloosi86.blogaaja.fi\/?page_id=546"},"modified":"2016-12-05T19:08:03","modified_gmt":"2016-12-05T17:08:03","slug":"5-luukku-5-12-2016","status":"publish","type":"page","link":"https:\/\/pakkoneuloosi86.blogaaja.fi\/?page_id=546","title":{"rendered":"*5.Luukku 5.12.2016"},"content":{"rendered":"<p>Kaatohan se kissa lopultakin sen joulukuusen olohuoneesta ekaa kertaa \ud83d\ude1b Ja nyt se on mun mielest\u00e4 ruma ja rempallaan ja koristeet p\u00e4in hevonhonkia. Ehk\u00e4 mi\u00e4 sen laitan ojennukseen uudestaan vasta just ennen jouluaattoa. Pojan joulukalenterin luukusta 5, l\u00f6ytyi t\u00e4n\u00e4\u00e4n lis\u00e4\u00e4 joulukoristeita kuuseen.<\/p>\n<p><img loading=\"lazy\" class=\"alignnone size-medium wp-image-547\" src=\"http:\/\/pakkoneuloosi86.blogaaja.fi\/files\/2016\/12\/20161205_144500-261x300.jpg\" alt=\"_20161205_144500\" width=\"261\" height=\"300\" srcset=\"https:\/\/pakkoneuloosi86.blogaaja.fi\/files\/2016\/12\/20161205_144500-261x300.jpg 261w, https:\/\/pakkoneuloosi86.blogaaja.fi\/files\/2016\/12\/20161205_144500.jpg 605w\" sizes=\"(max-width: 261px) 100vw, 261px\" \/><\/p>\n<p><img loading=\"lazy\" class=\"alignnone size-medium wp-image-548\" src=\"http:\/\/pakkoneuloosi86.blogaaja.fi\/files\/2016\/12\/20161205_144526-165x300.jpg\" alt=\"_20161205_144526\" width=\"165\" height=\"300\" srcset=\"https:\/\/pakkoneuloosi86.blogaaja.fi\/files\/2016\/12\/20161205_144526-165x300.jpg 165w, https:\/\/pakkoneuloosi86.blogaaja.fi\/files\/2016\/12\/20161205_144526.jpg 562w\" sizes=\"(max-width: 165px) 100vw, 165px\" \/>\u00a0<img loading=\"lazy\" class=\"alignnone size-medium wp-image-549\" src=\"http:\/\/pakkoneuloosi86.blogaaja.fi\/files\/2016\/12\/20161205_144550-300x169.jpg\" alt=\"_20161205_144550\" width=\"300\" height=\"169\" srcset=\"https:\/\/pakkoneuloosi86.blogaaja.fi\/files\/2016\/12\/20161205_144550-300x169.jpg 300w, https:\/\/pakkoneuloosi86.blogaaja.fi\/files\/2016\/12\/20161205_144550-768x432.jpg 768w, https:\/\/pakkoneuloosi86.blogaaja.fi\/files\/2016\/12\/20161205_144550.jpg 1024w\" sizes=\"(max-width: 300px) 100vw, 300px\" \/><\/p>\n<p>Mukavaa alkanutta viikkoa! Huomenna vietet\u00e4\u00e4n Itsen\u00e4isyysp\u00e4iv\u00e4\u00e4 vapaan merkeiss\u00e4.<\/p>\n<p>&lt;3 \u00a0Heidi<\/p>\n<p>&nbsp;<\/p>\n","protected":false},"excerpt":{"rendered":"<p>Kaatohan se kissa lopultakin sen joulukuusen olohuoneesta ekaa kertaa \ud83d\ude1b Ja nyt se on mun mielest\u00e4 ruma ja rempallaan ja koristeet p\u00e4in hevonhonkia. Ehk\u00e4 mi\u00e4 sen laitan ojennukseen uudestaan vasta just ennen jouluaattoa. Pojan joulukalenterin luukusta 5, l\u00f6ytyi t\u00e4n\u00e4\u00e4n lis\u00e4\u00e4 joulukoristeita kuuseen. \u00a0 Mukavaa alkanutta viikkoa! Huomenna vietet\u00e4\u00e4n Itsen\u00e4isyysp\u00e4iv\u00e4\u00e4 vapaan merkeiss\u00e4. &lt;3 \u00a0Heidi &nbsp;<\/p>\n","protected":false},"author":15737,"featured_media":0,"parent":511,"menu_order":5,"comment_status":"open","ping_status":"closed","template":"","meta":[],"yoast_head":"<!-- This site is optimized with the Yoast SEO plugin v15.6.2 - https:\/\/yoast.com\/wordpress\/plugins\/seo\/ -->\n<title>*5.Luukku 5.12.2016 - Pakkoneulootikon el\u00e4m\u00e4\u00e4<\/title>\n<meta name=\"robots\" content=\"index, follow, max-snippet:-1, max-image-preview:large, max-video-preview:-1\" \/>\n<link rel=\"canonical\" href=\"https:\/\/pakkoneuloosi86.blogaaja.fi\/?page_id=546\" \/>\n<meta property=\"og:locale\" content=\"fi_FI\" \/>\n<meta property=\"og:type\" content=\"article\" \/>\n<meta property=\"og:title\" content=\"*5.Luukku 5.12.2016 - Pakkoneulootikon el\u00e4m\u00e4\u00e4\" \/>\n<meta property=\"og:description\" content=\"Kaatohan se kissa lopultakin sen joulukuusen olohuoneesta ekaa kertaa \ud83d\ude1b Ja nyt se on mun mielest\u00e4 ruma ja rempallaan ja koristeet p\u00e4in hevonhonkia. Ehk\u00e4 mi\u00e4 sen laitan ojennukseen uudestaan vasta just ennen jouluaattoa. Pojan joulukalenterin luukusta 5, l\u00f6ytyi t\u00e4n\u00e4\u00e4n lis\u00e4\u00e4 joulukoristeita kuuseen. \u00a0 Mukavaa alkanutta viikkoa! Huomenna vietet\u00e4\u00e4n Itsen\u00e4isyysp\u00e4iv\u00e4\u00e4 vapaan merkeiss\u00e4. &lt;3 \u00a0Heidi &nbsp;\" \/>\n<meta property=\"og:url\" content=\"https:\/\/pakkoneuloosi86.blogaaja.fi\/?page_id=546\" \/>\n<meta property=\"og:site_name\" content=\"Pakkoneulootikon el\u00e4m\u00e4\u00e4\" \/>\n<meta property=\"og:image\" content=\"http:\/\/pakkoneuloosi86.blogaaja.fi\/files\/2016\/12\/20161205_144500-261x300.jpg\" \/>\n<meta name=\"twitter:card\" content=\"summary_large_image\" \/>\n<script type=\"application\/ld+json\" class=\"yoast-schema-graph\">{\"@context\":\"https:\/\/schema.org\",\"@graph\":[{\"@type\":\"WebSite\",\"@id\":\"https:\/\/pakkoneuloosi86.blogaaja.fi\/#website\",\"url\":\"https:\/\/pakkoneuloosi86.blogaaja.fi\/\",\"name\":\"Pakkoneulootikon el\\u00e4m\\u00e4\\u00e4\",\"description\":\"Asiasta aidanseip\\u00e4\\u00e4seen ja takasin ;)\",\"potentialAction\":[{\"@type\":\"SearchAction\",\"target\":\"https:\/\/pakkoneuloosi86.blogaaja.fi\/?s={search_term_string}\",\"query-input\":\"required name=search_term_string\"}],\"inLanguage\":\"fi\"},{\"@type\":\"ImageObject\",\"@id\":\"https:\/\/pakkoneuloosi86.blogaaja.fi\/?page_id=546#primaryimage\",\"inLanguage\":\"fi\",\"url\":\"http:\/\/pakkoneuloosi86.blogaaja.fi\/files\/2016\/12\/20161205_144500-261x300.jpg\"},{\"@type\":\"WebPage\",\"@id\":\"https:\/\/pakkoneuloosi86.blogaaja.fi\/?page_id=546#webpage\",\"url\":\"https:\/\/pakkoneuloosi86.blogaaja.fi\/?page_id=546\",\"name\":\"*5.Luukku 5.12.2016 - Pakkoneulootikon el\\u00e4m\\u00e4\\u00e4\",\"isPartOf\":{\"@id\":\"https:\/\/pakkoneuloosi86.blogaaja.fi\/#website\"},\"primaryImageOfPage\":{\"@id\":\"https:\/\/pakkoneuloosi86.blogaaja.fi\/?page_id=546#primaryimage\"},\"datePublished\":\"2016-12-05T17:08:03+00:00\",\"dateModified\":\"2016-12-05T17:08:03+00:00\",\"inLanguage\":\"fi\",\"potentialAction\":[{\"@type\":\"ReadAction\",\"target\":[\"https:\/\/pakkoneuloosi86.blogaaja.fi\/?page_id=546\"]}]}]}<\/script>\n<!-- \/ Yoast SEO plugin. -->","_links":{"self":[{"href":"https:\/\/pakkoneuloosi86.blogaaja.fi\/index.php?rest_route=\/wp\/v2\/pages\/546"}],"collection":[{"href":"https:\/\/pakkoneuloosi86.blogaaja.fi\/index.php?rest_route=\/wp\/v2\/pages"}],"about":[{"href":"https:\/\/pakkoneuloosi86.blogaaja.fi\/index.php?rest_route=\/wp\/v2\/types\/page"}],"author":[{"embeddable":true,"href":"https:\/\/pakkoneuloosi86.blogaaja.fi\/index.php?rest_route=\/wp\/v2\/users\/15737"}],"replies":[{"embeddable":true,"href":"https:\/\/pakkoneuloosi86.blogaaja.fi\/index.php?rest_route=%2Fwp%2Fv2%2Fcomments&post=546"}],"version-history":[{"count":0,"href":"https:\/\/pakkoneuloosi86.blogaaja.fi\/index.php?rest_route=\/wp\/v2\/pages\/546\/revisions"}],"up":[{"embeddable":true,"href":"https:\/\/pakkoneuloosi86.blogaaja.fi\/index.php?rest_route=\/wp\/v2\/pages\/511"}],"wp:attachment":[{"href":"https:\/\/pakkoneuloosi86.blogaaja.fi\/index.php?rest_route=%2Fwp%2Fv2%2Fmedia&parent=546"}],"curies":[{"name":"wp","href":"https:\/\/api.w.org\/{rel}","templated":true}]}}