{"id":541,"date":"2016-12-04T22:11:54","date_gmt":"2016-12-04T20:11:54","guid":{"rendered":"http:\/\/pakkoneuloosi86.blogaaja.fi\/?page_id=541"},"modified":"2016-12-04T22:11:54","modified_gmt":"2016-12-04T20:11:54","slug":"4-luukku-4-12-2016","status":"publish","type":"page","link":"https:\/\/pakkoneuloosi86.blogaaja.fi\/?page_id=541","title":{"rendered":"*4.Luukku 4.12.2016"},"content":{"rendered":"<p>Ja nyt on sitten r\u00e4mmitty ty\u00f6p\u00e4iv\u00e4 l\u00e4pi \ud83d\ude00 Ulkona on j\u00e4rkytt\u00e4v\u00e4 keli ja pakkasasteet on vaihtunu l\u00e4mp\u00f6asteisiin, huomenna sitte sataa vett\u00e4 \ud83d\ude00 onneks sain ty\u00f6kaverilta kyydin kotiin ja huomenna aamulla t\u00f6ihinkin \ud83d\ude42<\/p>\n<p>Kotopuolessa oli kuulemma p\u00e4iv\u00e4 menny kivasti ja hyvin avopuolisolla ja pojalla \ud83d\ude42 Pyykki\u00e4kin tuo murunen oli pessy \ud83d\ude42<\/p>\n<p>T\u00e4n p\u00e4iv\u00e4n joulupussi oli nro 4<\/p>\n<p><img loading=\"lazy\" class=\"alignnone size-medium wp-image-542\" src=\"http:\/\/pakkoneuloosi86.blogaaja.fi\/files\/2016\/12\/unnamed-file-224x300.jpg\" alt=\"\" width=\"224\" height=\"300\" srcset=\"https:\/\/pakkoneuloosi86.blogaaja.fi\/files\/2016\/12\/unnamed-file-224x300.jpg 224w, https:\/\/pakkoneuloosi86.blogaaja.fi\/files\/2016\/12\/unnamed-file.jpg 595w\" sizes=\"(max-width: 224px) 100vw, 224px\" \/><\/p>\n<p>&nbsp;<\/p>\n<p>Sis\u00e4lt\u00f6n\u00e4 oli kultasia pipariukkeleita nelj\u00e4 \ud83d\ude42<\/p>\n<p><img loading=\"lazy\" class=\"alignnone size-medium wp-image-543\" src=\"http:\/\/pakkoneuloosi86.blogaaja.fi\/files\/2016\/12\/20161204_191245-188x300.jpg\" alt=\"_20161204_191245\" width=\"188\" height=\"300\" srcset=\"https:\/\/pakkoneuloosi86.blogaaja.fi\/files\/2016\/12\/20161204_191245-188x300.jpg 188w, https:\/\/pakkoneuloosi86.blogaaja.fi\/files\/2016\/12\/20161204_191245.jpg 554w\" sizes=\"(max-width: 188px) 100vw, 188px\" \/>\u00a0<img loading=\"lazy\" class=\"alignnone size-medium wp-image-544\" src=\"http:\/\/pakkoneuloosi86.blogaaja.fi\/files\/2016\/12\/20161204_191316-300x130.jpg\" alt=\"_20161204_191316\" width=\"300\" height=\"130\" srcset=\"https:\/\/pakkoneuloosi86.blogaaja.fi\/files\/2016\/12\/20161204_191316-300x130.jpg 300w, https:\/\/pakkoneuloosi86.blogaaja.fi\/files\/2016\/12\/20161204_191316-768x332.jpg 768w, https:\/\/pakkoneuloosi86.blogaaja.fi\/files\/2016\/12\/20161204_191316.jpg 1005w\" sizes=\"(max-width: 300px) 100vw, 300px\" \/><\/p>\n<p>Ja j\u00e4lleen kerran mielek\u00e4st\u00e4 oli, kun sai ripustaa ne omaan kuuseen itte \ud83d\ude42<\/p>\n<p>T\u00e4n\u00e4\u00e4n ty\u00f6matkalla bussipys\u00e4kille tuli noin 65-70 vuotias mies, jonka kanssa alko keskustelu:<\/p>\n<p><em><strong>H\u00e4n: Tuliko nyt talvi? \ud83d\ude00<\/strong><\/em><\/p>\n<p><strong><em>Mi\u00e4: En usko, et lopullisesti, viel se l\u00e4mpenee..<\/em><\/strong><\/p>\n<p><strong><em>H\u00e4n: Ootko aito kotkalainen?<\/em><\/strong><\/p>\n<p><strong><em>Mi\u00e4: Joo oon.. \ud83d\ude00\u00a0<\/em><\/strong><\/p>\n<p><em><strong>H\u00e4n: Oho! Ja puhut?!<\/strong><\/em><\/p>\n<p><em><strong>Mi\u00e4: \u00d6\u00f6\u00f6, joo? \ud83d\ude00<\/strong><\/em><\/p>\n<p>H\u00e4nen kokemuksensa kotkalaisista on, ett\u00e4 jokainen pakenee omaan maailmaansa, muurien suojiin eik\u00e4 kukaan puhu. Kysytty\u00e4ni h\u00e4n ite kertoi muuttaneensa Kotkaan reilu vuosi sitten ja olleensa sit\u00e4 ennen kolme vuotta Thaimaassa viljelem\u00e4ss\u00e4 riisi\u00e4 ym. Sit\u00e4 ennen h\u00e4n oli asunu Helsingiss\u00e4, kunnes myi omistamansa asunnot ja l\u00e4hti Thaimaahan. \u00a0Takasin Suomeen h\u00e4n tuli, koska kyll\u00e4sty Thaimaan byrokratiaan. Oli kyll\u00e4 meinannu Vappuna Suomeen tullessaan k\u00e4\u00e4nty\u00e4 takasin, kun sato r\u00e4nt\u00e4\u00e4 ja oli +3 sen auringon ja +15 sijaan. Mutta kuulemma Kotka ei vaikuta paikalta, jossa h\u00e4n ehdottomasti haluais loppuel\u00e4m\u00e4ns\u00e4 viett\u00e4\u00e4. En ehtiny kysym\u00e4\u00e4n mik\u00e4 se paikka sitten olis, kun bussi jo tuli. J\u00e4\u00e4dess\u00e4\u00e4n pys\u00e4kilt\u00e4 pois mies viel\u00e4 vilkutteli mulle ovesta ulos menness\u00e4\u00e4n. Herttasta \ud83d\ude42<\/p>\n<p>Samalla bussimatkalla ehdin kiinnitt\u00e4m\u00e4\u00e4n huomiota asiaan; <strong>Miksi ihmiset mieluummin j\u00e4\u00e4 seisomaan bussissa, kun menee jonkun viereen istumaan?<\/strong><\/p>\n<p>N\u00e4ihin pohdintoihin, hyv\u00e4\u00e4 y\u00f6t\u00e4!<\/p>\n<p>&lt;3 \u00a0Heidi<\/p>\n","protected":false},"excerpt":{"rendered":"<p>Ja nyt on sitten r\u00e4mmitty ty\u00f6p\u00e4iv\u00e4 l\u00e4pi \ud83d\ude00 Ulkona on j\u00e4rkytt\u00e4v\u00e4 keli ja pakkasasteet on vaihtunu l\u00e4mp\u00f6asteisiin, huomenna sitte sataa vett\u00e4 \ud83d\ude00 onneks sain ty\u00f6kaverilta kyydin kotiin ja huomenna aamulla t\u00f6ihinkin \ud83d\ude42 Kotopuolessa oli kuulemma p\u00e4iv\u00e4 menny kivasti ja hyvin avopuolisolla ja pojalla \ud83d\ude42 Pyykki\u00e4kin tuo murunen oli pessy \ud83d\ude42 T\u00e4n p\u00e4iv\u00e4n joulupussi oli nro &hellip; <a href=\"https:\/\/pakkoneuloosi86.blogaaja.fi\/?page_id=541\" class=\"more-link\">Jatka artikkeliin <span class=\"screen-reader-text\">*4.Luukku 4.12.2016<\/span><\/a><\/p>\n","protected":false},"author":15737,"featured_media":0,"parent":511,"menu_order":4,"comment_status":"open","ping_status":"closed","template":"","meta":[],"yoast_head":"<!-- This site is optimized with the Yoast SEO plugin v15.6.2 - https:\/\/yoast.com\/wordpress\/plugins\/seo\/ -->\n<title>*4.Luukku 4.12.2016 - Pakkoneulootikon el\u00e4m\u00e4\u00e4<\/title>\n<meta name=\"robots\" content=\"index, follow, max-snippet:-1, max-image-preview:large, max-video-preview:-1\" \/>\n<link rel=\"canonical\" href=\"https:\/\/pakkoneuloosi86.blogaaja.fi\/?page_id=541\" \/>\n<meta property=\"og:locale\" content=\"fi_FI\" \/>\n<meta property=\"og:type\" content=\"article\" \/>\n<meta property=\"og:title\" content=\"*4.Luukku 4.12.2016 - Pakkoneulootikon el\u00e4m\u00e4\u00e4\" \/>\n<meta property=\"og:description\" content=\"Ja nyt on sitten r\u00e4mmitty ty\u00f6p\u00e4iv\u00e4 l\u00e4pi \ud83d\ude00 Ulkona on j\u00e4rkytt\u00e4v\u00e4 keli ja pakkasasteet on vaihtunu l\u00e4mp\u00f6asteisiin, huomenna sitte sataa vett\u00e4 \ud83d\ude00 onneks sain ty\u00f6kaverilta kyydin kotiin ja huomenna aamulla t\u00f6ihinkin \ud83d\ude42 Kotopuolessa oli kuulemma p\u00e4iv\u00e4 menny kivasti ja hyvin avopuolisolla ja pojalla \ud83d\ude42 Pyykki\u00e4kin tuo murunen oli pessy \ud83d\ude42 T\u00e4n p\u00e4iv\u00e4n joulupussi oli nro &hellip; Jatka artikkeliin *4.Luukku 4.12.2016\" \/>\n<meta property=\"og:url\" content=\"https:\/\/pakkoneuloosi86.blogaaja.fi\/?page_id=541\" \/>\n<meta property=\"og:site_name\" content=\"Pakkoneulootikon el\u00e4m\u00e4\u00e4\" \/>\n<meta property=\"og:image\" content=\"http:\/\/pakkoneuloosi86.blogaaja.fi\/files\/2016\/12\/unnamed-file-224x300.jpg\" \/>\n<meta name=\"twitter:card\" content=\"summary_large_image\" \/>\n<meta name=\"twitter:label1\" content=\"Est. reading time\">\n\t<meta name=\"twitter:data1\" content=\"1 minuutti\">\n<script type=\"application\/ld+json\" class=\"yoast-schema-graph\">{\"@context\":\"https:\/\/schema.org\",\"@graph\":[{\"@type\":\"WebSite\",\"@id\":\"https:\/\/pakkoneuloosi86.blogaaja.fi\/#website\",\"url\":\"https:\/\/pakkoneuloosi86.blogaaja.fi\/\",\"name\":\"Pakkoneulootikon el\\u00e4m\\u00e4\\u00e4\",\"description\":\"Asiasta aidanseip\\u00e4\\u00e4seen ja takasin ;)\",\"potentialAction\":[{\"@type\":\"SearchAction\",\"target\":\"https:\/\/pakkoneuloosi86.blogaaja.fi\/?s={search_term_string}\",\"query-input\":\"required name=search_term_string\"}],\"inLanguage\":\"fi\"},{\"@type\":\"ImageObject\",\"@id\":\"https:\/\/pakkoneuloosi86.blogaaja.fi\/?page_id=541#primaryimage\",\"inLanguage\":\"fi\",\"url\":\"http:\/\/pakkoneuloosi86.blogaaja.fi\/files\/2016\/12\/unnamed-file-224x300.jpg\"},{\"@type\":\"WebPage\",\"@id\":\"https:\/\/pakkoneuloosi86.blogaaja.fi\/?page_id=541#webpage\",\"url\":\"https:\/\/pakkoneuloosi86.blogaaja.fi\/?page_id=541\",\"name\":\"*4.Luukku 4.12.2016 - Pakkoneulootikon el\\u00e4m\\u00e4\\u00e4\",\"isPartOf\":{\"@id\":\"https:\/\/pakkoneuloosi86.blogaaja.fi\/#website\"},\"primaryImageOfPage\":{\"@id\":\"https:\/\/pakkoneuloosi86.blogaaja.fi\/?page_id=541#primaryimage\"},\"datePublished\":\"2016-12-04T20:11:54+00:00\",\"dateModified\":\"2016-12-04T20:11:54+00:00\",\"inLanguage\":\"fi\",\"potentialAction\":[{\"@type\":\"ReadAction\",\"target\":[\"https:\/\/pakkoneuloosi86.blogaaja.fi\/?page_id=541\"]}]}]}<\/script>\n<!-- \/ Yoast SEO plugin. -->","_links":{"self":[{"href":"https:\/\/pakkoneuloosi86.blogaaja.fi\/index.php?rest_route=\/wp\/v2\/pages\/541"}],"collection":[{"href":"https:\/\/pakkoneuloosi86.blogaaja.fi\/index.php?rest_route=\/wp\/v2\/pages"}],"about":[{"href":"https:\/\/pakkoneuloosi86.blogaaja.fi\/index.php?rest_route=\/wp\/v2\/types\/page"}],"author":[{"embeddable":true,"href":"https:\/\/pakkoneuloosi86.blogaaja.fi\/index.php?rest_route=\/wp\/v2\/users\/15737"}],"replies":[{"embeddable":true,"href":"https:\/\/pakkoneuloosi86.blogaaja.fi\/index.php?rest_route=%2Fwp%2Fv2%2Fcomments&post=541"}],"version-history":[{"count":0,"href":"https:\/\/pakkoneuloosi86.blogaaja.fi\/index.php?rest_route=\/wp\/v2\/pages\/541\/revisions"}],"up":[{"embeddable":true,"href":"https:\/\/pakkoneuloosi86.blogaaja.fi\/index.php?rest_route=\/wp\/v2\/pages\/511"}],"wp:attachment":[{"href":"https:\/\/pakkoneuloosi86.blogaaja.fi\/index.php?rest_route=%2Fwp%2Fv2%2Fmedia&parent=541"}],"curies":[{"name":"wp","href":"https:\/\/api.w.org\/{rel}","templated":true}]}}