{"id":534,"date":"2016-12-04T11:14:10","date_gmt":"2016-12-04T09:14:10","guid":{"rendered":"http:\/\/pakkoneuloosi86.blogaaja.fi\/?page_id=534"},"modified":"2016-12-04T11:16:08","modified_gmt":"2016-12-04T09:16:08","slug":"3-luukku-4-12-2016","status":"publish","type":"page","link":"https:\/\/pakkoneuloosi86.blogaaja.fi\/?page_id=534","title":{"rendered":"*3. Luukku 4.12.2016"},"content":{"rendered":"<p>Eilen j\u00e4i kokonaan postaus kirjottamatta, kun aamuvuoron j\u00e4lkeen l\u00e4hettiin Pyht\u00e4\u00e4lle m\u00f6kkeilem\u00e4\u00e4n Villa Varpuseen (\u00a0<a href=\"https:\/\/www.smu.fi\/jaseneksi\/jasenedut\/mokit\/villa-varpunen\/\">https:\/\/www.smu.fi\/jaseneksi\/jasenedut\/mokit\/villa-varpunen\/<\/a>\u00a0). Ohjelmassa oli v\u00e4h\u00e4n pikkusia jouluja avopuolison perheen kesken. Alkuun oli meinattu, ett\u00e4 poika j\u00e4is hoitoon, mutta kun muutenkin nyt ty\u00f6vuoroista ja pojan is\u00e4tapaamisista johtuen tuntuu ettei pojan kanssa ehdi tarpeeks viett\u00e4\u00e4 aikaa niin paras vaihtoehto oli ottaa poika mukaan. Ja olihan pojalla siell\u00e4 ik\u00e4ist\u00e4\u00e4n leikkiseuraakin \ud83d\ude42 Ja poitsu nautti suunnattomasti!<\/p>\n<p>Iltap\u00e4iv\u00e4ll\u00e4 sy\u00f6tiin jouluruokaa &lt;3 ja j\u00e4lkk\u00e4riks kahvia ja taatelikakkua tietysti. Illalla saunottiin perinteisess\u00e4 puusaunassa. Luksusta oli kyll\u00e4, kun avopuoliso halus k\u00e4yd\u00e4 pikkupoikien kanssa saunassa ja mi\u00e4 p\u00e4\u00e4sin rauhassa tulevan anopin kanssa saunomaan. Pakko sanoo, ettei o puul\u00e4mmitteisen saunan voittanutta. My\u00f6hemmin oli viel\u00e4 uunimakkaraa \ud83d\ude42 Pojat leikki kesken\u00e4\u00e4n ja pelattiin er\u00e4 Afrikan t\u00e4hte\u00e4kin. Miten kahesta lapsesta voikin l\u00e4htee \u00e4\u00e4nt\u00e4 \ud83d\ude00<\/p>\n<p><img loading=\"lazy\" class=\"alignnone size-medium wp-image-535\" src=\"http:\/\/pakkoneuloosi86.blogaaja.fi\/files\/2016\/12\/20161204_110107-300x288.jpg\" alt=\"_20161204_110107\" width=\"300\" height=\"288\" srcset=\"https:\/\/pakkoneuloosi86.blogaaja.fi\/files\/2016\/12\/20161204_110107-300x288.jpg 300w, https:\/\/pakkoneuloosi86.blogaaja.fi\/files\/2016\/12\/20161204_110107.jpg 641w\" sizes=\"(max-width: 300px) 100vw, 300px\" \/><\/p>\n<p>T\u00e4n\u00e4 aamuna tultiin takasin kotiin. Ja nyt poitsu nukkuu sohvalla p\u00e4iv\u00e4unia, kun tuppas k\u00e4nkk\u00e4r\u00e4nkk\u00e4 iskem\u00e4\u00e4n. Ite oottelen iltavuoroon l\u00e4htemist\u00e4. Kiitos vaan kaikille mukana olleille ja iso kiitos m\u00f6kkeilem\u00e4\u00e4n p\u00e4\u00e4semisest\u00e4! \ud83d\ude42<\/p>\n<p><img loading=\"lazy\" class=\"alignnone size-medium wp-image-536\" src=\"http:\/\/pakkoneuloosi86.blogaaja.fi\/files\/2016\/12\/20161204_110208-288x300.jpg\" alt=\"_20161204_110208\" width=\"288\" height=\"300\" srcset=\"https:\/\/pakkoneuloosi86.blogaaja.fi\/files\/2016\/12\/20161204_110208-288x300.jpg 288w, https:\/\/pakkoneuloosi86.blogaaja.fi\/files\/2016\/12\/20161204_110208.jpg 695w\" sizes=\"(max-width: 288px) 100vw, 288px\" \/><\/p>\n<p>T\u00e4ss\u00e4 eilinen joulupussin sis\u00e4lt\u00f6<\/p>\n<p><img loading=\"lazy\" class=\"alignnone size-medium wp-image-537\" src=\"http:\/\/pakkoneuloosi86.blogaaja.fi\/files\/2016\/12\/20161204_110034-201x300.jpg\" alt=\"_20161204_110034\" width=\"201\" height=\"300\" srcset=\"https:\/\/pakkoneuloosi86.blogaaja.fi\/files\/2016\/12\/20161204_110034-201x300.jpg 201w, https:\/\/pakkoneuloosi86.blogaaja.fi\/files\/2016\/12\/20161204_110034.jpg 552w\" sizes=\"(max-width: 201px) 100vw, 201px\" \/><\/p>\n<p>3 \u00a0kpl koristet\u00e4hti\u00e4 joulukuusen \ud83d\ude42 \u00a0T\u00e4m\u00e4n p\u00e4iv\u00e4n pussia ei ole \u00a0viel\u00e4 avattu \ud83d\ude09<\/p>\n<p>Mukavaa toista adventtia!<\/p>\n<p>&lt;3 \u00a0Heidi<\/p>\n","protected":false},"excerpt":{"rendered":"<p>Eilen j\u00e4i kokonaan postaus kirjottamatta, kun aamuvuoron j\u00e4lkeen l\u00e4hettiin Pyht\u00e4\u00e4lle m\u00f6kkeilem\u00e4\u00e4n Villa Varpuseen (\u00a0https:\/\/www.smu.fi\/jaseneksi\/jasenedut\/mokit\/villa-varpunen\/\u00a0). Ohjelmassa oli v\u00e4h\u00e4n pikkusia jouluja avopuolison perheen kesken. Alkuun oli meinattu, ett\u00e4 poika j\u00e4is hoitoon, mutta kun muutenkin nyt ty\u00f6vuoroista ja pojan is\u00e4tapaamisista johtuen tuntuu ettei pojan kanssa ehdi tarpeeks viett\u00e4\u00e4 aikaa niin paras vaihtoehto oli ottaa poika mukaan. Ja olihan &hellip; <a href=\"https:\/\/pakkoneuloosi86.blogaaja.fi\/?page_id=534\" class=\"more-link\">Jatka artikkeliin <span class=\"screen-reader-text\">*3. Luukku 4.12.2016<\/span><\/a><\/p>\n","protected":false},"author":15737,"featured_media":0,"parent":511,"menu_order":3,"comment_status":"open","ping_status":"closed","template":"","meta":[],"yoast_head":"<!-- This site is optimized with the Yoast SEO plugin v15.6.2 - https:\/\/yoast.com\/wordpress\/plugins\/seo\/ -->\n<title>*3. Luukku 4.12.2016 - Pakkoneulootikon el\u00e4m\u00e4\u00e4<\/title>\n<meta name=\"robots\" content=\"index, follow, max-snippet:-1, max-image-preview:large, max-video-preview:-1\" \/>\n<link rel=\"canonical\" href=\"https:\/\/pakkoneuloosi86.blogaaja.fi\/?page_id=534\" \/>\n<meta property=\"og:locale\" content=\"fi_FI\" \/>\n<meta property=\"og:type\" content=\"article\" \/>\n<meta property=\"og:title\" content=\"*3. Luukku 4.12.2016 - Pakkoneulootikon el\u00e4m\u00e4\u00e4\" \/>\n<meta property=\"og:description\" content=\"Eilen j\u00e4i kokonaan postaus kirjottamatta, kun aamuvuoron j\u00e4lkeen l\u00e4hettiin Pyht\u00e4\u00e4lle m\u00f6kkeilem\u00e4\u00e4n Villa Varpuseen (\u00a0https:\/\/www.smu.fi\/jaseneksi\/jasenedut\/mokit\/villa-varpunen\/\u00a0). Ohjelmassa oli v\u00e4h\u00e4n pikkusia jouluja avopuolison perheen kesken. Alkuun oli meinattu, ett\u00e4 poika j\u00e4is hoitoon, mutta kun muutenkin nyt ty\u00f6vuoroista ja pojan is\u00e4tapaamisista johtuen tuntuu ettei pojan kanssa ehdi tarpeeks viett\u00e4\u00e4 aikaa niin paras vaihtoehto oli ottaa poika mukaan. Ja olihan &hellip; Jatka artikkeliin *3. Luukku 4.12.2016\" \/>\n<meta property=\"og:url\" content=\"https:\/\/pakkoneuloosi86.blogaaja.fi\/?page_id=534\" \/>\n<meta property=\"og:site_name\" content=\"Pakkoneulootikon el\u00e4m\u00e4\u00e4\" \/>\n<meta property=\"article:modified_time\" content=\"2016-12-04T09:16:08+00:00\" \/>\n<meta property=\"og:image\" content=\"http:\/\/pakkoneuloosi86.blogaaja.fi\/files\/2016\/12\/20161204_110107-300x288.jpg\" \/>\n<meta name=\"twitter:card\" content=\"summary_large_image\" \/>\n<meta name=\"twitter:label1\" content=\"Est. reading time\">\n\t<meta name=\"twitter:data1\" content=\"1 minuutti\">\n<script type=\"application\/ld+json\" class=\"yoast-schema-graph\">{\"@context\":\"https:\/\/schema.org\",\"@graph\":[{\"@type\":\"WebSite\",\"@id\":\"https:\/\/pakkoneuloosi86.blogaaja.fi\/#website\",\"url\":\"https:\/\/pakkoneuloosi86.blogaaja.fi\/\",\"name\":\"Pakkoneulootikon el\\u00e4m\\u00e4\\u00e4\",\"description\":\"Asiasta aidanseip\\u00e4\\u00e4seen ja takasin ;)\",\"potentialAction\":[{\"@type\":\"SearchAction\",\"target\":\"https:\/\/pakkoneuloosi86.blogaaja.fi\/?s={search_term_string}\",\"query-input\":\"required name=search_term_string\"}],\"inLanguage\":\"fi\"},{\"@type\":\"ImageObject\",\"@id\":\"https:\/\/pakkoneuloosi86.blogaaja.fi\/?page_id=534#primaryimage\",\"inLanguage\":\"fi\",\"url\":\"http:\/\/pakkoneuloosi86.blogaaja.fi\/files\/2016\/12\/20161204_110107-300x288.jpg\"},{\"@type\":\"WebPage\",\"@id\":\"https:\/\/pakkoneuloosi86.blogaaja.fi\/?page_id=534#webpage\",\"url\":\"https:\/\/pakkoneuloosi86.blogaaja.fi\/?page_id=534\",\"name\":\"*3. Luukku 4.12.2016 - Pakkoneulootikon el\\u00e4m\\u00e4\\u00e4\",\"isPartOf\":{\"@id\":\"https:\/\/pakkoneuloosi86.blogaaja.fi\/#website\"},\"primaryImageOfPage\":{\"@id\":\"https:\/\/pakkoneuloosi86.blogaaja.fi\/?page_id=534#primaryimage\"},\"datePublished\":\"2016-12-04T09:14:10+00:00\",\"dateModified\":\"2016-12-04T09:16:08+00:00\",\"inLanguage\":\"fi\",\"potentialAction\":[{\"@type\":\"ReadAction\",\"target\":[\"https:\/\/pakkoneuloosi86.blogaaja.fi\/?page_id=534\"]}]}]}<\/script>\n<!-- \/ Yoast SEO plugin. -->","_links":{"self":[{"href":"https:\/\/pakkoneuloosi86.blogaaja.fi\/index.php?rest_route=\/wp\/v2\/pages\/534"}],"collection":[{"href":"https:\/\/pakkoneuloosi86.blogaaja.fi\/index.php?rest_route=\/wp\/v2\/pages"}],"about":[{"href":"https:\/\/pakkoneuloosi86.blogaaja.fi\/index.php?rest_route=\/wp\/v2\/types\/page"}],"author":[{"embeddable":true,"href":"https:\/\/pakkoneuloosi86.blogaaja.fi\/index.php?rest_route=\/wp\/v2\/users\/15737"}],"replies":[{"embeddable":true,"href":"https:\/\/pakkoneuloosi86.blogaaja.fi\/index.php?rest_route=%2Fwp%2Fv2%2Fcomments&post=534"}],"version-history":[{"count":0,"href":"https:\/\/pakkoneuloosi86.blogaaja.fi\/index.php?rest_route=\/wp\/v2\/pages\/534\/revisions"}],"up":[{"embeddable":true,"href":"https:\/\/pakkoneuloosi86.blogaaja.fi\/index.php?rest_route=\/wp\/v2\/pages\/511"}],"wp:attachment":[{"href":"https:\/\/pakkoneuloosi86.blogaaja.fi\/index.php?rest_route=%2Fwp%2Fv2%2Fmedia&parent=534"}],"curies":[{"name":"wp","href":"https:\/\/api.w.org\/{rel}","templated":true}]}}