{"id":525,"date":"2016-12-02T21:54:50","date_gmt":"2016-12-02T19:54:50","guid":{"rendered":"http:\/\/pakkoneuloosi86.blogaaja.fi\/?page_id=525"},"modified":"2016-12-02T21:54:50","modified_gmt":"2016-12-02T19:54:50","slug":"2-luukku-2-12-2016","status":"publish","type":"page","link":"https:\/\/pakkoneuloosi86.blogaaja.fi\/?page_id=525","title":{"rendered":"*2.Luukku 2.12.2016"},"content":{"rendered":"<p>P\u00e4iv\u00e4n kuuma sana, jouluh\u00f6mp\u00f6ttely &lt;3<\/p>\n<p><img loading=\"lazy\" class=\"alignnone size-medium wp-image-526\" src=\"http:\/\/pakkoneuloosi86.blogaaja.fi\/files\/2016\/12\/20161202_165314-270x300.jpg\" alt=\"_20161202_165314\" width=\"270\" height=\"300\" srcset=\"https:\/\/pakkoneuloosi86.blogaaja.fi\/files\/2016\/12\/20161202_165314-270x300.jpg 270w, https:\/\/pakkoneuloosi86.blogaaja.fi\/files\/2016\/12\/20161202_165314.jpg 491w\" sizes=\"(max-width: 270px) 100vw, 270px\" \/><\/p>\n<p>Kakkosjoulupussi l\u00f6yty t\u00e4n\u00e4\u00e4n huomattavasti helpommin kuusesta, kun eilinen numero ykk\u00f6nen. Kolmonenkin kuulemma olis l\u00f6ytyny tosi nopee, piti v\u00e4h\u00e4n toppuutella \ud83d\ude09 T\u00e4n p\u00e4iv\u00e4n pussista l\u00f6yty sit t\u00e4mm\u00f6nen \ud83d\ude09<\/p>\n<p><img loading=\"lazy\" class=\"alignnone size-medium wp-image-527\" src=\"http:\/\/pakkoneuloosi86.blogaaja.fi\/files\/2016\/12\/20161202_165246-221x300.jpg\" alt=\"_20161202_165246\" width=\"221\" height=\"300\" srcset=\"https:\/\/pakkoneuloosi86.blogaaja.fi\/files\/2016\/12\/20161202_165246-221x300.jpg 221w, https:\/\/pakkoneuloosi86.blogaaja.fi\/files\/2016\/12\/20161202_165246.jpg 446w\" sizes=\"(max-width: 221px) 100vw, 221px\" \/><\/p>\n<p>Ihailtavaa miten ilonen lapsi oli pelk\u00e4st\u00e4 lapusta \ud83d\ude00 sai se kyll\u00e4 muutakin;<\/p>\n<p><img loading=\"lazy\" class=\"alignnone size-medium wp-image-528\" src=\"http:\/\/pakkoneuloosi86.blogaaja.fi\/files\/2016\/12\/20161202_165334-300x193.jpg\" alt=\"_20161202_165334\" width=\"300\" height=\"193\" srcset=\"https:\/\/pakkoneuloosi86.blogaaja.fi\/files\/2016\/12\/20161202_165334-300x193.jpg 300w, https:\/\/pakkoneuloosi86.blogaaja.fi\/files\/2016\/12\/20161202_165334-768x493.jpg 768w, https:\/\/pakkoneuloosi86.blogaaja.fi\/files\/2016\/12\/20161202_165334.jpg 856w\" sizes=\"(max-width: 300px) 100vw, 300px\" \/><\/p>\n<p>Ja arvatkaa mit\u00e4?!?! Oikeesti, siis ihan oikeesti poika usko ensimm\u00e4isell\u00e4 kerralla, kun kielsin avaamasta polkkatikun muovia ja ripusti ne ihan onnesta soikeena joulukuusensa ylimmille oksille!! Ihan h\u00e4mmennyin \ud83d\ude00<\/p>\n<p>Ja sit suoraan asiasta kukkaruukkuun. Aamulla k\u00e4v\u00e4sin naprapaatilla, jonka p\u00e4iv\u00e4\u00e4 piristin sill\u00e4, kun kerroin viikon takasesta Juha Tapion keikasta l\u00e4htien olleeni oikeesta lavasta rampa. Naprapaatti kerto, ett\u00e4 kummasti h\u00e4nell\u00e4 oli akuuttiajat lis\u00e4\u00e4ntyny kymenlaakson suurimpien pikkujoulujen j\u00e4lkeen ja kaikki oli k\u00e4rsiny akuutista niska-hartiaoireilusta. Kovat bileet ollu \ud83d\ude09 Palaute oli, ett\u00e4 edes min\u00e4 en oo ikin\u00e4 ollu n\u00e4in jumissa, kun t\u00e4ll\u00e4 k\u00e4ynnill\u00e4 \ud83d\ude00 Mut kipu on helpottanu iltaa kohden \ud83d\ude42<\/p>\n<p>Samalla reissulla tuli hoidettua joulushoppailua ja otettua omaa aikaa vapaap\u00e4iv\u00e4n\u00e4, kun poikakin oli is\u00e4ll\u00e4\u00e4n. Oli ihan kiva reissu Pasaatissa (<a href=\"http:\/\/www.pasaati.fi\">http:\/\/www.pasaati.fi<\/a>), porukkaa oli liikkeell\u00e4 sopivan v\u00e4h\u00e4n eik\u00e4 tungosta ja jonoa ollu kun Suomalaisessa kirjakaupassa. Hiukan h\u00e4m\u00e4\u00e4nnyin, kun Hesburger ja kahvila oli siirtyny muualle, joten j\u00e4i sitten kahvit juomatta, kun en alkanu ettim\u00e4\u00e4n niit\u00e4.<\/p>\n<p>Poikahan kotiutu is\u00e4lt\u00e4\u00e4n iltap\u00e4iv\u00e4ll\u00e4 y\u00f6kyl\u00e4ilyn j\u00e4ljilt\u00e4. Olin luvannu pojalle, ett\u00e4 saunavuorolla iltap\u00e4iv\u00e4ll\u00e4 paistetaan kiuasmakkaraa. Saunan j\u00e4lkeen poika onnellisena totes, ett\u00e4 saunassa oli kivaa \ud83d\ude42 Ja makkara hyv\u00e4\u00e4 tietenkin \ud83d\ude09<\/p>\n<p><img loading=\"lazy\" class=\"alignnone size-medium wp-image-529\" src=\"http:\/\/pakkoneuloosi86.blogaaja.fi\/files\/2016\/12\/20161118_182513-164x300.jpg\" alt=\"_20161118_182513\" width=\"164\" height=\"300\" srcset=\"https:\/\/pakkoneuloosi86.blogaaja.fi\/files\/2016\/12\/20161118_182513-164x300.jpg 164w, https:\/\/pakkoneuloosi86.blogaaja.fi\/files\/2016\/12\/20161118_182513.jpg 561w\" sizes=\"(max-width: 164px) 100vw, 164px\" \/><\/p>\n<p>Saunan j\u00e4lkeen leivottiin pojan kanssa viel\u00e4 taatelikakku Valion ohjeella;\u00a0<a href=\"https:\/\/www.valio.fi\/reseptit\/taatelikakku-1\/\">https:\/\/www.valio.fi\/reseptit\/taatelikakku-1\/<\/a><\/p>\n<p><img loading=\"lazy\" class=\"alignnone size-medium wp-image-530\" src=\"http:\/\/pakkoneuloosi86.blogaaja.fi\/files\/2016\/12\/20161202_195253-242x300.jpg\" alt=\"_20161202_195253\" width=\"242\" height=\"300\" srcset=\"https:\/\/pakkoneuloosi86.blogaaja.fi\/files\/2016\/12\/20161202_195253-242x300.jpg 242w, https:\/\/pakkoneuloosi86.blogaaja.fi\/files\/2016\/12\/20161202_195253.jpg 629w\" sizes=\"(max-width: 242px) 100vw, 242px\" \/><\/p>\n<p>Ja koristeltiin joulupipareita<\/p>\n<p><img loading=\"lazy\" class=\"alignnone size-medium wp-image-531\" src=\"http:\/\/pakkoneuloosi86.blogaaja.fi\/files\/2016\/12\/20161202_193414-201x300.jpg\" alt=\"_20161202_193414\" width=\"201\" height=\"300\" srcset=\"https:\/\/pakkoneuloosi86.blogaaja.fi\/files\/2016\/12\/20161202_193414-201x300.jpg 201w, https:\/\/pakkoneuloosi86.blogaaja.fi\/files\/2016\/12\/20161202_193414.jpg 551w\" sizes=\"(max-width: 201px) 100vw, 201px\" \/><\/p>\n<p>Taatelikakku ja piparit l\u00e4htee huomenna mukaan m\u00f6kkireissulle \ud83d\ude42 Ilta suju kaikin puolin mukavasti ja rauhallisesti, jos ei lasketa pojan hepulia, kun esiliina oli hukassa omien leikkien j\u00e4ljilt\u00e4. Paremmalla mielell\u00e4 siis itekkin t\u00e4n\u00e4 iltana, kun eilen! Nyt kohti unimaata, aamuvuoro kutsuu huomenna. Unikuvia!<\/p>\n<p>&lt;3 Heidi<\/p>\n","protected":false},"excerpt":{"rendered":"<p>P\u00e4iv\u00e4n kuuma sana, jouluh\u00f6mp\u00f6ttely &lt;3 Kakkosjoulupussi l\u00f6yty t\u00e4n\u00e4\u00e4n huomattavasti helpommin kuusesta, kun eilinen numero ykk\u00f6nen. Kolmonenkin kuulemma olis l\u00f6ytyny tosi nopee, piti v\u00e4h\u00e4n toppuutella \ud83d\ude09 T\u00e4n p\u00e4iv\u00e4n pussista l\u00f6yty sit t\u00e4mm\u00f6nen \ud83d\ude09 Ihailtavaa miten ilonen lapsi oli pelk\u00e4st\u00e4 lapusta \ud83d\ude00 sai se kyll\u00e4 muutakin; Ja arvatkaa mit\u00e4?!?! Oikeesti, siis ihan oikeesti poika usko ensimm\u00e4isell\u00e4 kerralla, &hellip; <a href=\"https:\/\/pakkoneuloosi86.blogaaja.fi\/?page_id=525\" class=\"more-link\">Jatka artikkeliin <span class=\"screen-reader-text\">*2.Luukku 2.12.2016<\/span><\/a><\/p>\n","protected":false},"author":15737,"featured_media":0,"parent":511,"menu_order":2,"comment_status":"open","ping_status":"closed","template":"","meta":[],"yoast_head":"<!-- This site is optimized with the Yoast SEO plugin v15.6.2 - https:\/\/yoast.com\/wordpress\/plugins\/seo\/ -->\n<title>*2.Luukku 2.12.2016 - Pakkoneulootikon el\u00e4m\u00e4\u00e4<\/title>\n<meta name=\"robots\" content=\"index, follow, max-snippet:-1, max-image-preview:large, max-video-preview:-1\" \/>\n<link rel=\"canonical\" href=\"https:\/\/pakkoneuloosi86.blogaaja.fi\/?page_id=525\" \/>\n<meta property=\"og:locale\" content=\"fi_FI\" \/>\n<meta property=\"og:type\" content=\"article\" \/>\n<meta property=\"og:title\" content=\"*2.Luukku 2.12.2016 - Pakkoneulootikon el\u00e4m\u00e4\u00e4\" \/>\n<meta property=\"og:description\" content=\"P\u00e4iv\u00e4n kuuma sana, jouluh\u00f6mp\u00f6ttely &lt;3 Kakkosjoulupussi l\u00f6yty t\u00e4n\u00e4\u00e4n huomattavasti helpommin kuusesta, kun eilinen numero ykk\u00f6nen. Kolmonenkin kuulemma olis l\u00f6ytyny tosi nopee, piti v\u00e4h\u00e4n toppuutella \ud83d\ude09 T\u00e4n p\u00e4iv\u00e4n pussista l\u00f6yty sit t\u00e4mm\u00f6nen \ud83d\ude09 Ihailtavaa miten ilonen lapsi oli pelk\u00e4st\u00e4 lapusta \ud83d\ude00 sai se kyll\u00e4 muutakin; Ja arvatkaa mit\u00e4?!?! Oikeesti, siis ihan oikeesti poika usko ensimm\u00e4isell\u00e4 kerralla, &hellip; Jatka artikkeliin *2.Luukku 2.12.2016\" \/>\n<meta property=\"og:url\" content=\"https:\/\/pakkoneuloosi86.blogaaja.fi\/?page_id=525\" \/>\n<meta property=\"og:site_name\" content=\"Pakkoneulootikon el\u00e4m\u00e4\u00e4\" \/>\n<meta property=\"og:image\" content=\"http:\/\/pakkoneuloosi86.blogaaja.fi\/files\/2016\/12\/20161202_165314-270x300.jpg\" \/>\n<meta name=\"twitter:card\" content=\"summary_large_image\" \/>\n<meta name=\"twitter:label1\" content=\"Est. reading time\">\n\t<meta name=\"twitter:data1\" content=\"2 minuuttia\">\n<script type=\"application\/ld+json\" class=\"yoast-schema-graph\">{\"@context\":\"https:\/\/schema.org\",\"@graph\":[{\"@type\":\"WebSite\",\"@id\":\"https:\/\/pakkoneuloosi86.blogaaja.fi\/#website\",\"url\":\"https:\/\/pakkoneuloosi86.blogaaja.fi\/\",\"name\":\"Pakkoneulootikon el\\u00e4m\\u00e4\\u00e4\",\"description\":\"Asiasta aidanseip\\u00e4\\u00e4seen ja takasin ;)\",\"potentialAction\":[{\"@type\":\"SearchAction\",\"target\":\"https:\/\/pakkoneuloosi86.blogaaja.fi\/?s={search_term_string}\",\"query-input\":\"required name=search_term_string\"}],\"inLanguage\":\"fi\"},{\"@type\":\"ImageObject\",\"@id\":\"https:\/\/pakkoneuloosi86.blogaaja.fi\/?page_id=525#primaryimage\",\"inLanguage\":\"fi\",\"url\":\"http:\/\/pakkoneuloosi86.blogaaja.fi\/files\/2016\/12\/20161202_165314-270x300.jpg\"},{\"@type\":\"WebPage\",\"@id\":\"https:\/\/pakkoneuloosi86.blogaaja.fi\/?page_id=525#webpage\",\"url\":\"https:\/\/pakkoneuloosi86.blogaaja.fi\/?page_id=525\",\"name\":\"*2.Luukku 2.12.2016 - Pakkoneulootikon el\\u00e4m\\u00e4\\u00e4\",\"isPartOf\":{\"@id\":\"https:\/\/pakkoneuloosi86.blogaaja.fi\/#website\"},\"primaryImageOfPage\":{\"@id\":\"https:\/\/pakkoneuloosi86.blogaaja.fi\/?page_id=525#primaryimage\"},\"datePublished\":\"2016-12-02T19:54:50+00:00\",\"dateModified\":\"2016-12-02T19:54:50+00:00\",\"inLanguage\":\"fi\",\"potentialAction\":[{\"@type\":\"ReadAction\",\"target\":[\"https:\/\/pakkoneuloosi86.blogaaja.fi\/?page_id=525\"]}]}]}<\/script>\n<!-- \/ Yoast SEO plugin. -->","_links":{"self":[{"href":"https:\/\/pakkoneuloosi86.blogaaja.fi\/index.php?rest_route=\/wp\/v2\/pages\/525"}],"collection":[{"href":"https:\/\/pakkoneuloosi86.blogaaja.fi\/index.php?rest_route=\/wp\/v2\/pages"}],"about":[{"href":"https:\/\/pakkoneuloosi86.blogaaja.fi\/index.php?rest_route=\/wp\/v2\/types\/page"}],"author":[{"embeddable":true,"href":"https:\/\/pakkoneuloosi86.blogaaja.fi\/index.php?rest_route=\/wp\/v2\/users\/15737"}],"replies":[{"embeddable":true,"href":"https:\/\/pakkoneuloosi86.blogaaja.fi\/index.php?rest_route=%2Fwp%2Fv2%2Fcomments&post=525"}],"version-history":[{"count":0,"href":"https:\/\/pakkoneuloosi86.blogaaja.fi\/index.php?rest_route=\/wp\/v2\/pages\/525\/revisions"}],"up":[{"embeddable":true,"href":"https:\/\/pakkoneuloosi86.blogaaja.fi\/index.php?rest_route=\/wp\/v2\/pages\/511"}],"wp:attachment":[{"href":"https:\/\/pakkoneuloosi86.blogaaja.fi\/index.php?rest_route=%2Fwp%2Fv2%2Fmedia&parent=525"}],"curies":[{"name":"wp","href":"https:\/\/api.w.org\/{rel}","templated":true}]}}