{"id":519,"date":"2016-12-01T19:04:15","date_gmt":"2016-12-01T17:04:15","guid":{"rendered":"http:\/\/pakkoneuloosi86.blogaaja.fi\/?page_id=519"},"modified":"2016-12-01T19:04:15","modified_gmt":"2016-12-01T17:04:15","slug":"1-luukku-1-12-2016","status":"publish","type":"page","link":"https:\/\/pakkoneuloosi86.blogaaja.fi\/?page_id=519","title":{"rendered":"*1.Luukku 1.12.2016"},"content":{"rendered":"<p><img loading=\"lazy\" class=\"alignnone size-medium wp-image-514\" src=\"http:\/\/pakkoneuloosi86.blogaaja.fi\/files\/2016\/12\/20161201_093802-158x300.jpg\" alt=\"_20161201_093802\" width=\"158\" height=\"300\" srcset=\"https:\/\/pakkoneuloosi86.blogaaja.fi\/files\/2016\/12\/20161201_093802-158x300.jpg 158w, https:\/\/pakkoneuloosi86.blogaaja.fi\/files\/2016\/12\/20161201_093802.jpg 539w\" sizes=\"(max-width: 158px) 100vw, 158px\" \/><\/p>\n<p>T\u00e4m\u00e4 siis odotti poikaa h\u00e4nen huoneessaan p\u00e4iv\u00e4kodista tultuaan. Tais olla ihan mieleinen kalenteri kuitenkin, kun heti teki mieli avata kaikki pussit. Poika tosin ei viel\u00e4k\u00e4\u00e4n p\u00e4\u00e4ssy yli suklaajoulukalenterista, vaan v\u00e4rv\u00e4si illalla is\u00e4ns\u00e4 siihen hommaan sinne l\u00e4htiess\u00e4\u00e4n \ud83d\ude00<\/p>\n<p><img loading=\"lazy\" class=\"alignnone size-medium wp-image-522\" src=\"http:\/\/pakkoneuloosi86.blogaaja.fi\/files\/2016\/12\/20161201_184946-300x165.jpg\" alt=\"_20161201_184946\" width=\"300\" height=\"165\" srcset=\"https:\/\/pakkoneuloosi86.blogaaja.fi\/files\/2016\/12\/20161201_184946-300x165.jpg 300w, https:\/\/pakkoneuloosi86.blogaaja.fi\/files\/2016\/12\/20161201_184946-768x424.jpg 768w, https:\/\/pakkoneuloosi86.blogaaja.fi\/files\/2016\/12\/20161201_184946.jpg 961w\" sizes=\"(max-width: 300px) 100vw, 300px\" \/><\/p>\n<p>&nbsp;<\/p>\n<p>T\u00e4n\u00e4\u00e4n oli p\u00e4iv\u00e4kodin joulujuhla. Jo jonossa ekana saliin tullessa poika h\u00e4rvels omiaan ja alotti pelleilyn lattialla. Mut kun piti alkaa esitykset niin kielt\u00e4yty t\u00e4ysin yhteisty\u00f6st\u00e4. Alko m\u00f6k\u00f6tt\u00e4m\u00e4\u00e4n keskell\u00e4 lattiaa, sitte tuli itku ja seuraavaks piti p\u00e4\u00e4st\u00e4 \u00e4idin luo. Ei puhettakaan siit\u00e4, ett\u00e4 olis menny takasin rinkiin ekojen esitysten j\u00e4lkeen. Sitte kun porukka alko poistumaan salista, niin h\u00e4rvellys ja esiintyminen alko taas. T\u00e4\u00e4ll\u00e4 nyt sitten itekseni ruoskin itte\u00e4ni ja mietin teenk\u00f6 itte jotain v\u00e4\u00e4rin vai miks nyt tuntuu meill\u00e4 meno takkuavan niin pahasti. Ja mit\u00e4 jos pojasta tulee koulukiusattu ja syrjitty, kun se nyt vaan sattuu olemaan tommonen erilainen h\u00e4rv\u00e4\u00e4j\u00e4 muutenkin p\u00e4iv\u00e4kodissa sek\u00e4 kotona. Kai se aika n\u00e4ytt\u00e4\u00e4&#8230;.<\/p>\n<p><img loading=\"lazy\" class=\"alignnone size-medium wp-image-520\" src=\"http:\/\/pakkoneuloosi86.blogaaja.fi\/files\/2016\/12\/20161201_184843-273x300.jpg\" alt=\"_20161201_184843\" width=\"273\" height=\"300\" srcset=\"https:\/\/pakkoneuloosi86.blogaaja.fi\/files\/2016\/12\/20161201_184843-273x300.jpg 273w, https:\/\/pakkoneuloosi86.blogaaja.fi\/files\/2016\/12\/20161201_184843.jpg 546w\" sizes=\"(max-width: 273px) 100vw, 273px\" \/><\/p>\n<p>Ykk\u00f6spussukasta meilt\u00e4 kuitenkin t\u00e4n\u00e4\u00e4n l\u00f6yty t\u00e4mm\u00f6nen;<\/p>\n<p><img loading=\"lazy\" class=\"alignnone size-medium wp-image-521\" src=\"http:\/\/pakkoneuloosi86.blogaaja.fi\/files\/2016\/12\/20161201_184917-300x264.jpg\" alt=\"_20161201_184917\" width=\"300\" height=\"264\" srcset=\"https:\/\/pakkoneuloosi86.blogaaja.fi\/files\/2016\/12\/20161201_184917-300x264.jpg 300w, https:\/\/pakkoneuloosi86.blogaaja.fi\/files\/2016\/12\/20161201_184917.jpg 626w\" sizes=\"(max-width: 300px) 100vw, 300px\" \/><\/p>\n<p>Poika sai sitten ihan mielens\u00e4 mukaan ripustaa sen omaan kuuseensa niinkun halusi. Kovasti j\u00e4i seuraavaa pussukkaa odottamaan \ud83d\ude09 Rauhaisaa joulunodotusta!<\/p>\n<p>&lt;3 Heidi<\/p>\n","protected":false},"excerpt":{"rendered":"<p>T\u00e4m\u00e4 siis odotti poikaa h\u00e4nen huoneessaan p\u00e4iv\u00e4kodista tultuaan. Tais olla ihan mieleinen kalenteri kuitenkin, kun heti teki mieli avata kaikki pussit. Poika tosin ei viel\u00e4k\u00e4\u00e4n p\u00e4\u00e4ssy yli suklaajoulukalenterista, vaan v\u00e4rv\u00e4si illalla is\u00e4ns\u00e4 siihen hommaan sinne l\u00e4htiess\u00e4\u00e4n \ud83d\ude00 &nbsp; T\u00e4n\u00e4\u00e4n oli p\u00e4iv\u00e4kodin joulujuhla. Jo jonossa ekana saliin tullessa poika h\u00e4rvels omiaan ja alotti pelleilyn lattialla. Mut &hellip; <a href=\"https:\/\/pakkoneuloosi86.blogaaja.fi\/?page_id=519\" class=\"more-link\">Jatka artikkeliin <span class=\"screen-reader-text\">*1.Luukku 1.12.2016<\/span><\/a><\/p>\n","protected":false},"author":15737,"featured_media":0,"parent":511,"menu_order":1,"comment_status":"open","ping_status":"closed","template":"","meta":[],"yoast_head":"<!-- This site is optimized with the Yoast SEO plugin v15.6.2 - https:\/\/yoast.com\/wordpress\/plugins\/seo\/ -->\n<title>*1.Luukku 1.12.2016 - Pakkoneulootikon el\u00e4m\u00e4\u00e4<\/title>\n<meta name=\"robots\" content=\"index, follow, max-snippet:-1, max-image-preview:large, max-video-preview:-1\" \/>\n<link rel=\"canonical\" href=\"https:\/\/pakkoneuloosi86.blogaaja.fi\/?page_id=519\" \/>\n<meta property=\"og:locale\" content=\"fi_FI\" \/>\n<meta property=\"og:type\" content=\"article\" \/>\n<meta property=\"og:title\" content=\"*1.Luukku 1.12.2016 - Pakkoneulootikon el\u00e4m\u00e4\u00e4\" \/>\n<meta property=\"og:description\" content=\"T\u00e4m\u00e4 siis odotti poikaa h\u00e4nen huoneessaan p\u00e4iv\u00e4kodista tultuaan. Tais olla ihan mieleinen kalenteri kuitenkin, kun heti teki mieli avata kaikki pussit. Poika tosin ei viel\u00e4k\u00e4\u00e4n p\u00e4\u00e4ssy yli suklaajoulukalenterista, vaan v\u00e4rv\u00e4si illalla is\u00e4ns\u00e4 siihen hommaan sinne l\u00e4htiess\u00e4\u00e4n \ud83d\ude00 &nbsp; T\u00e4n\u00e4\u00e4n oli p\u00e4iv\u00e4kodin joulujuhla. Jo jonossa ekana saliin tullessa poika h\u00e4rvels omiaan ja alotti pelleilyn lattialla. Mut &hellip; Jatka artikkeliin *1.Luukku 1.12.2016\" \/>\n<meta property=\"og:url\" content=\"https:\/\/pakkoneuloosi86.blogaaja.fi\/?page_id=519\" \/>\n<meta property=\"og:site_name\" content=\"Pakkoneulootikon el\u00e4m\u00e4\u00e4\" \/>\n<meta property=\"og:image\" content=\"http:\/\/pakkoneuloosi86.blogaaja.fi\/files\/2016\/12\/20161201_093802-158x300.jpg\" \/>\n<meta name=\"twitter:card\" content=\"summary_large_image\" \/>\n<meta name=\"twitter:label1\" content=\"Est. reading time\">\n\t<meta name=\"twitter:data1\" content=\"1 minuutti\">\n<script type=\"application\/ld+json\" class=\"yoast-schema-graph\">{\"@context\":\"https:\/\/schema.org\",\"@graph\":[{\"@type\":\"WebSite\",\"@id\":\"https:\/\/pakkoneuloosi86.blogaaja.fi\/#website\",\"url\":\"https:\/\/pakkoneuloosi86.blogaaja.fi\/\",\"name\":\"Pakkoneulootikon el\\u00e4m\\u00e4\\u00e4\",\"description\":\"Asiasta aidanseip\\u00e4\\u00e4seen ja takasin ;)\",\"potentialAction\":[{\"@type\":\"SearchAction\",\"target\":\"https:\/\/pakkoneuloosi86.blogaaja.fi\/?s={search_term_string}\",\"query-input\":\"required name=search_term_string\"}],\"inLanguage\":\"fi\"},{\"@type\":\"ImageObject\",\"@id\":\"https:\/\/pakkoneuloosi86.blogaaja.fi\/?page_id=519#primaryimage\",\"inLanguage\":\"fi\",\"url\":\"http:\/\/pakkoneuloosi86.blogaaja.fi\/files\/2016\/12\/20161201_093802-158x300.jpg\"},{\"@type\":\"WebPage\",\"@id\":\"https:\/\/pakkoneuloosi86.blogaaja.fi\/?page_id=519#webpage\",\"url\":\"https:\/\/pakkoneuloosi86.blogaaja.fi\/?page_id=519\",\"name\":\"*1.Luukku 1.12.2016 - Pakkoneulootikon el\\u00e4m\\u00e4\\u00e4\",\"isPartOf\":{\"@id\":\"https:\/\/pakkoneuloosi86.blogaaja.fi\/#website\"},\"primaryImageOfPage\":{\"@id\":\"https:\/\/pakkoneuloosi86.blogaaja.fi\/?page_id=519#primaryimage\"},\"datePublished\":\"2016-12-01T17:04:15+00:00\",\"dateModified\":\"2016-12-01T17:04:15+00:00\",\"inLanguage\":\"fi\",\"potentialAction\":[{\"@type\":\"ReadAction\",\"target\":[\"https:\/\/pakkoneuloosi86.blogaaja.fi\/?page_id=519\"]}]}]}<\/script>\n<!-- \/ Yoast SEO plugin. -->","_links":{"self":[{"href":"https:\/\/pakkoneuloosi86.blogaaja.fi\/index.php?rest_route=\/wp\/v2\/pages\/519"}],"collection":[{"href":"https:\/\/pakkoneuloosi86.blogaaja.fi\/index.php?rest_route=\/wp\/v2\/pages"}],"about":[{"href":"https:\/\/pakkoneuloosi86.blogaaja.fi\/index.php?rest_route=\/wp\/v2\/types\/page"}],"author":[{"embeddable":true,"href":"https:\/\/pakkoneuloosi86.blogaaja.fi\/index.php?rest_route=\/wp\/v2\/users\/15737"}],"replies":[{"embeddable":true,"href":"https:\/\/pakkoneuloosi86.blogaaja.fi\/index.php?rest_route=%2Fwp%2Fv2%2Fcomments&post=519"}],"version-history":[{"count":0,"href":"https:\/\/pakkoneuloosi86.blogaaja.fi\/index.php?rest_route=\/wp\/v2\/pages\/519\/revisions"}],"up":[{"embeddable":true,"href":"https:\/\/pakkoneuloosi86.blogaaja.fi\/index.php?rest_route=\/wp\/v2\/pages\/511"}],"wp:attachment":[{"href":"https:\/\/pakkoneuloosi86.blogaaja.fi\/index.php?rest_route=%2Fwp%2Fv2%2Fmedia&parent=519"}],"curies":[{"name":"wp","href":"https:\/\/api.w.org\/{rel}","templated":true}]}}