{"id":511,"date":"2016-12-01T09:56:04","date_gmt":"2016-12-01T07:56:04","guid":{"rendered":"http:\/\/pakkoneuloosi86.blogaaja.fi\/?page_id=511"},"modified":"2016-12-01T09:56:04","modified_gmt":"2016-12-01T07:56:04","slug":"joulukalenteri-1-12-2016","status":"publish","type":"page","link":"https:\/\/pakkoneuloosi86.blogaaja.fi\/?page_id=511","title":{"rendered":"-Joulukalenteri 1.12.2016"},"content":{"rendered":"<p>T\u00e4n\u00e4\u00e4n on se p\u00e4iv\u00e4, kun v\u00e4h\u00e4nk\u00e4\u00e4n joulukalenterista ymm\u00e4rt\u00e4v\u00e4t lapset on helppo saada kerrankin yl\u00f6s s\u00e4ngyst\u00e4 \ud83d\ude00 Tai niin luulisin jo omakohtasen lapsuuskokemuksen kautta, kun se joulukalenteri oli 24 p\u00e4iv\u00e4\u00e4 aamun kohokohta. Poika oli meill\u00e4 monta p\u00e4iv\u00e4\u00e4 puhunu, kuinka h\u00e4n haluaa suklaajoulukalenterin. Siin\u00e4 kohtaa mietin, oliko liian riskaabelia sittenkin tehd\u00e4 oma joulukalenteri pojalle. Mit\u00e4 jos se ei tykk\u00e4\u00e4 ollenkaan, vaan haluaakin just sen yksinkertasen suklaajoulukalenterin.<\/p>\n<p>Alkuun ajattelin, et laitan mun v\u00e4\u00e4nt\u00e4m\u00e4n joulukalenterin y\u00f6n aikana valmiiks t\u00e4lle p\u00e4iv\u00e4lle. Mut koska haluan n\u00e4hd\u00e4 pojan reaktion itte, niin p\u00e4\u00e4tin siirt\u00e4\u00e4 sit\u00e4 hetke\u00e4, kunnes oon vieny pojan t\u00e4n\u00e4 aamuna p\u00e4iv\u00e4kotiin ja rynn\u00e4t\u00e4 sen j\u00e4lkeen valmistelemaan asiaa. Onneks poika ei tajunnu kaivata joulukalenteria t\u00e4n\u00e4 aamuna, kun olin illalla laittanu kuusen valmiiks olohuoneeseen.<\/p>\n<p><img loading=\"lazy\" class=\"alignnone size-medium wp-image-512\" src=\"http:\/\/pakkoneuloosi86.blogaaja.fi\/files\/2016\/12\/20161201_094633-119x300.jpg\" alt=\"_20161201_094633\" width=\"119\" height=\"300\" srcset=\"https:\/\/pakkoneuloosi86.blogaaja.fi\/files\/2016\/12\/20161201_094633-119x300.jpg 119w, https:\/\/pakkoneuloosi86.blogaaja.fi\/files\/2016\/12\/20161201_094633.jpg 367w\" sizes=\"(max-width: 119px) 100vw, 119px\" \/><\/p>\n<p>Illalla oltiin avopuolison kanssa varmoja, et aamulla her\u00e4t\u00e4\u00e4n huutoon ja hihkumiseen. Yll\u00e4tys oli kyll\u00e4 suuri, kun her\u00e4sin kellon soittoon klo 7. Kun normaalisti poika her\u00e4\u00e4 puoli kuuden j\u00e4lkeen. T\u00e4n\u00e4 aamuna jouduin itte her\u00e4ttelem\u00e4\u00e4n h\u00e4nt\u00e4. Poika oli kyll\u00e4 intopinkeen\u00e4, kun j\u00e4i ihastelemaan joulukuusta. T\u00e4n\u00e4\u00e4n h\u00e4ll\u00e4 on iltap\u00e4iv\u00e4ll\u00e4 klo 16 p\u00e4iv\u00e4kodissa ihan eka joulujuhlakin \ud83d\ude42 Poika v\u00e4h\u00e4n h\u00e4mmentyneen\u00e4 totes, ett\u00e4 onko h\u00e4nell\u00e4 kaksi joulua \ud83d\ude00<\/p>\n<p>Ja nyt h\u00e4ll\u00e4 on viel\u00e4 kolmaskin, ihan oma joulu \ud83d\ude09<\/p>\n<p><img loading=\"lazy\" class=\"alignnone size-medium wp-image-513\" src=\"http:\/\/pakkoneuloosi86.blogaaja.fi\/files\/2016\/12\/2016-12-01_09.53.20-300x300.jpg\" alt=\"2016-12-01_09-53-20\" width=\"300\" height=\"300\" srcset=\"https:\/\/pakkoneuloosi86.blogaaja.fi\/files\/2016\/12\/2016-12-01_09.53.20-300x300.jpg 300w, https:\/\/pakkoneuloosi86.blogaaja.fi\/files\/2016\/12\/2016-12-01_09.53.20-150x150.jpg 150w, https:\/\/pakkoneuloosi86.blogaaja.fi\/files\/2016\/12\/2016-12-01_09.53.20-768x768.jpg 768w, https:\/\/pakkoneuloosi86.blogaaja.fi\/files\/2016\/12\/2016-12-01_09.53.20.jpg 1024w\" sizes=\"(max-width: 300px) 100vw, 300px\" \/><\/p>\n<p>Nyt on kaikki 24 joulupussia tietty kuvattuna blogipostauksia varten. Tekokuusi pystytetty pojan huoneeseen, valot laitettu kuuseen ja joulupussit roikkumassa kuusessa.<\/p>\n<p><img loading=\"lazy\" class=\"alignnone size-medium wp-image-514\" src=\"http:\/\/pakkoneuloosi86.blogaaja.fi\/files\/2016\/12\/20161201_093802-158x300.jpg\" alt=\"_20161201_093802\" width=\"158\" height=\"300\" srcset=\"https:\/\/pakkoneuloosi86.blogaaja.fi\/files\/2016\/12\/20161201_093802-158x300.jpg 158w, https:\/\/pakkoneuloosi86.blogaaja.fi\/files\/2016\/12\/20161201_093802.jpg 539w\" sizes=\"(max-width: 158px) 100vw, 158px\" \/><\/p>\n<p>Nyt odotetaan en\u00e4\u00e4 klo 12 hoitop\u00e4iv\u00e4ns\u00e4 lopettavaa poikaa paikalle, toivottavasti yll\u00e4ttym\u00e4\u00e4n \ud83d\ude42<\/p>\n<p>Ja t\u00e4lt\u00e4 meill\u00e4 n\u00e4ytti, kun joulukalenteriurakan lopetin<\/p>\n<p><img loading=\"lazy\" class=\"alignnone size-medium wp-image-516\" src=\"http:\/\/pakkoneuloosi86.blogaaja.fi\/files\/2016\/12\/20161201_093654-300x198.jpg\" alt=\"_20161201_093654\" width=\"300\" height=\"198\" srcset=\"https:\/\/pakkoneuloosi86.blogaaja.fi\/files\/2016\/12\/20161201_093654-300x198.jpg 300w, https:\/\/pakkoneuloosi86.blogaaja.fi\/files\/2016\/12\/20161201_093654-768x506.jpg 768w, https:\/\/pakkoneuloosi86.blogaaja.fi\/files\/2016\/12\/20161201_093654.jpg 789w\" sizes=\"(max-width: 300px) 100vw, 300px\" \/><\/p>\n<p>Mukavaa p\u00e4iv\u00e4\u00e4 kaikille!<\/p>\n<p>&lt;3 Heidi<\/p>\n","protected":false},"excerpt":{"rendered":"<p>T\u00e4n\u00e4\u00e4n on se p\u00e4iv\u00e4, kun v\u00e4h\u00e4nk\u00e4\u00e4n joulukalenterista ymm\u00e4rt\u00e4v\u00e4t lapset on helppo saada kerrankin yl\u00f6s s\u00e4ngyst\u00e4 \ud83d\ude00 Tai niin luulisin jo omakohtasen lapsuuskokemuksen kautta, kun se joulukalenteri oli 24 p\u00e4iv\u00e4\u00e4 aamun kohokohta. Poika oli meill\u00e4 monta p\u00e4iv\u00e4\u00e4 puhunu, kuinka h\u00e4n haluaa suklaajoulukalenterin. Siin\u00e4 kohtaa mietin, oliko liian riskaabelia sittenkin tehd\u00e4 oma joulukalenteri pojalle. Mit\u00e4 jos se &hellip; <a href=\"https:\/\/pakkoneuloosi86.blogaaja.fi\/?page_id=511\" class=\"more-link\">Jatka artikkeliin <span class=\"screen-reader-text\">-Joulukalenteri 1.12.2016<\/span><\/a><\/p>\n","protected":false},"author":15737,"featured_media":0,"parent":218,"menu_order":5,"comment_status":"open","ping_status":"closed","template":"","meta":[],"yoast_head":"<!-- This site is optimized with the Yoast SEO plugin v15.6.2 - https:\/\/yoast.com\/wordpress\/plugins\/seo\/ -->\n<title>-Joulukalenteri 1.12.2016 - Pakkoneulootikon el\u00e4m\u00e4\u00e4<\/title>\n<meta name=\"robots\" content=\"index, follow, max-snippet:-1, max-image-preview:large, max-video-preview:-1\" \/>\n<link rel=\"canonical\" href=\"https:\/\/pakkoneuloosi86.blogaaja.fi\/?page_id=511\" \/>\n<meta property=\"og:locale\" content=\"fi_FI\" \/>\n<meta property=\"og:type\" content=\"article\" \/>\n<meta property=\"og:title\" content=\"-Joulukalenteri 1.12.2016 - Pakkoneulootikon el\u00e4m\u00e4\u00e4\" \/>\n<meta property=\"og:description\" content=\"T\u00e4n\u00e4\u00e4n on se p\u00e4iv\u00e4, kun v\u00e4h\u00e4nk\u00e4\u00e4n joulukalenterista ymm\u00e4rt\u00e4v\u00e4t lapset on helppo saada kerrankin yl\u00f6s s\u00e4ngyst\u00e4 \ud83d\ude00 Tai niin luulisin jo omakohtasen lapsuuskokemuksen kautta, kun se joulukalenteri oli 24 p\u00e4iv\u00e4\u00e4 aamun kohokohta. Poika oli meill\u00e4 monta p\u00e4iv\u00e4\u00e4 puhunu, kuinka h\u00e4n haluaa suklaajoulukalenterin. Siin\u00e4 kohtaa mietin, oliko liian riskaabelia sittenkin tehd\u00e4 oma joulukalenteri pojalle. Mit\u00e4 jos se &hellip; Jatka artikkeliin -Joulukalenteri 1.12.2016\" \/>\n<meta property=\"og:url\" content=\"https:\/\/pakkoneuloosi86.blogaaja.fi\/?page_id=511\" \/>\n<meta property=\"og:site_name\" content=\"Pakkoneulootikon el\u00e4m\u00e4\u00e4\" \/>\n<meta property=\"og:image\" content=\"http:\/\/pakkoneuloosi86.blogaaja.fi\/files\/2016\/12\/20161201_094633-119x300.jpg\" \/>\n<meta name=\"twitter:card\" content=\"summary_large_image\" \/>\n<meta name=\"twitter:label1\" content=\"Est. reading time\">\n\t<meta name=\"twitter:data1\" content=\"1 minuutti\">\n<script type=\"application\/ld+json\" class=\"yoast-schema-graph\">{\"@context\":\"https:\/\/schema.org\",\"@graph\":[{\"@type\":\"WebSite\",\"@id\":\"https:\/\/pakkoneuloosi86.blogaaja.fi\/#website\",\"url\":\"https:\/\/pakkoneuloosi86.blogaaja.fi\/\",\"name\":\"Pakkoneulootikon el\\u00e4m\\u00e4\\u00e4\",\"description\":\"Asiasta aidanseip\\u00e4\\u00e4seen ja takasin ;)\",\"potentialAction\":[{\"@type\":\"SearchAction\",\"target\":\"https:\/\/pakkoneuloosi86.blogaaja.fi\/?s={search_term_string}\",\"query-input\":\"required name=search_term_string\"}],\"inLanguage\":\"fi\"},{\"@type\":\"ImageObject\",\"@id\":\"https:\/\/pakkoneuloosi86.blogaaja.fi\/?page_id=511#primaryimage\",\"inLanguage\":\"fi\",\"url\":\"http:\/\/pakkoneuloosi86.blogaaja.fi\/files\/2016\/12\/20161201_094633-119x300.jpg\"},{\"@type\":\"WebPage\",\"@id\":\"https:\/\/pakkoneuloosi86.blogaaja.fi\/?page_id=511#webpage\",\"url\":\"https:\/\/pakkoneuloosi86.blogaaja.fi\/?page_id=511\",\"name\":\"-Joulukalenteri 1.12.2016 - Pakkoneulootikon el\\u00e4m\\u00e4\\u00e4\",\"isPartOf\":{\"@id\":\"https:\/\/pakkoneuloosi86.blogaaja.fi\/#website\"},\"primaryImageOfPage\":{\"@id\":\"https:\/\/pakkoneuloosi86.blogaaja.fi\/?page_id=511#primaryimage\"},\"datePublished\":\"2016-12-01T07:56:04+00:00\",\"dateModified\":\"2016-12-01T07:56:04+00:00\",\"inLanguage\":\"fi\",\"potentialAction\":[{\"@type\":\"ReadAction\",\"target\":[\"https:\/\/pakkoneuloosi86.blogaaja.fi\/?page_id=511\"]}]}]}<\/script>\n<!-- \/ Yoast SEO plugin. -->","_links":{"self":[{"href":"https:\/\/pakkoneuloosi86.blogaaja.fi\/index.php?rest_route=\/wp\/v2\/pages\/511"}],"collection":[{"href":"https:\/\/pakkoneuloosi86.blogaaja.fi\/index.php?rest_route=\/wp\/v2\/pages"}],"about":[{"href":"https:\/\/pakkoneuloosi86.blogaaja.fi\/index.php?rest_route=\/wp\/v2\/types\/page"}],"author":[{"embeddable":true,"href":"https:\/\/pakkoneuloosi86.blogaaja.fi\/index.php?rest_route=\/wp\/v2\/users\/15737"}],"replies":[{"embeddable":true,"href":"https:\/\/pakkoneuloosi86.blogaaja.fi\/index.php?rest_route=%2Fwp%2Fv2%2Fcomments&post=511"}],"version-history":[{"count":0,"href":"https:\/\/pakkoneuloosi86.blogaaja.fi\/index.php?rest_route=\/wp\/v2\/pages\/511\/revisions"}],"up":[{"embeddable":true,"href":"https:\/\/pakkoneuloosi86.blogaaja.fi\/index.php?rest_route=\/wp\/v2\/pages\/218"}],"wp:attachment":[{"href":"https:\/\/pakkoneuloosi86.blogaaja.fi\/index.php?rest_route=%2Fwp%2Fv2%2Fmedia&parent=511"}],"curies":[{"name":"wp","href":"https:\/\/api.w.org\/{rel}","templated":true}]}}