{"id":486,"date":"2016-11-30T20:15:14","date_gmt":"2016-11-30T18:15:14","guid":{"rendered":"http:\/\/pakkoneuloosi86.blogaaja.fi\/?page_id=486"},"modified":"2016-12-01T07:09:30","modified_gmt":"2016-12-01T05:09:30","slug":"petetyt-ja-pidetyt-lupaukset-30-11-2016","status":"publish","type":"page","link":"https:\/\/pakkoneuloosi86.blogaaja.fi\/?page_id=486","title":{"rendered":"-Petetyt ja pidetyt lupaukset 30.11.2016"},"content":{"rendered":"<p>Yhdess\u00e4 aiemmassa postauksessani kirjotin, miten mun 5-vuotiaalle pojalle on hyvinhyvin t\u00e4rkeet\u00e4, ett\u00e4 h\u00e4nelle luvatut asiat pidet\u00e4\u00e4n. H\u00e4n muistaa pienimm\u00e4nkin asian, joka on joskus sanottu.<\/p>\n<p>Esimerkkin\u00e4 nyt vaikka se, ett\u00e4 kerran p\u00e4iv\u00e4kodista l\u00e4htiess\u00e4 h\u00e4n suri kuinka ei ollut ehtinyt pelata Afrikan t\u00e4hte\u00e4. Saadakseni h\u00e4net vihdoin pukemaan ja l\u00e4htem\u00e4\u00e4n kotiin, totesin h\u00e4t\u00e4p\u00e4iss\u00e4ni, ett\u00e4 pelataan sitten kotona. Meni pari tuntia ja ajattelin pojan unohtaneen asian kokonaan. Olin samana iltap\u00e4iv\u00e4n\u00e4 l\u00e4h\u00f6ss\u00e4 tytt\u00f6jen kesken Amarilloon sy\u00f6m\u00e4\u00e4n ja aikaa l\u00e4ht\u00f6\u00f6n oli 45minuuttia, kun poika toteaa:&#8221;\u00c4iti, pelataanko sit\u00e4 Afrikan t\u00e4hte\u00e4?&#8221; Eih\u00e4n mun auttanu muu, kun pelata kolme kierrosta sit\u00e4 ennen l\u00e4ht\u00f6\u00e4, kun kerran olin p\u00e4iv\u00e4kodilla niin luvannu.<\/p>\n<p>Se, ett\u00e4 poika on niin tarkka lupauksien pit\u00e4misest\u00e4 ja asioiden toteutumisesta, johtuu varmaan osittain siit\u00e4, ett\u00e4 pieneen ik\u00e4\u00e4n menness\u00e4 petettyj\u00e4 lupauksia on kertyny suunnaton m\u00e4\u00e4r\u00e4. On luvattu, ett\u00e4 p\u00e4\u00e4see is\u00e4lle, eik\u00e4 sitten p\u00e4\u00e4sekk\u00e4\u00e4n, koska isi huopaa ja soutaa 7 kertaa saman p\u00e4iv\u00e4n aikana ja lopulta peruu erinn\u00e4isiin asioihin vedoten. Tai se, ett\u00e4 on luvattu tietty m\u00e4\u00e4r\u00e4 \u00f6it\u00e4 isill\u00e4 ja kiikutetaankin kesken kaiken kotiin vedoten ties mihin. Saati se, ett\u00e4 itse joudun oikomaan pojalle asioita, joita on puhuttu palturina h\u00e4nelle ja h\u00e4n uskoo ne kunnes ik\u00e4v\u00e4n\u00e4 ihmisen\u00e4 joudun kertomaan totuuden ja oikomaan asioita. Ei mik\u00e4\u00e4n oo musertavampaa, kun n\u00e4hd\u00e4 ylen pettynyt lapsi. Toki \u00e4itin\u00e4 joudun itsekkin tuottamaan pettymyksi\u00e4 pojalle ja oon varmasti j\u00e4tt\u00e4ny luvatun Afrikan t\u00e4hden tai muistipelin pelaamatta, tai j\u00e4tt\u00e4nyt l\u00e4htem\u00e4tt\u00e4 leikkikent\u00e4lle juuri sill\u00e4 hetkell\u00e4. Mutta kuitenkin meill\u00e4 avopuolison kanssa kasvatetaan rehellisyyteen, totuuteen ja siihen, ett\u00e4 lupaukset pidet\u00e4\u00e4n, tai jos ne joutuu rikkomaan niin asia kerrotaan ja perustellaan henkil\u00f6kohtasesti aivan itse pojalle, kertomatta lis\u00e4\u00e4 satuja!<\/p>\n<p>Pari viikkoa sitten k\u00e4vi sisko ja h\u00e4nen avopuoliso kyl\u00e4ss\u00e4. Siskon avokki leikki meid\u00e4n kissan kanssa ja vahingossa kissanlelu meni rikki, mik\u00e4 aiheutti pojalle mielipahaa. Siskon avokki lupasi ostaa uuden lelun. Asia oli jo meill\u00e4 unohdettu, kun sisko laitto t\u00e4n\u00e4\u00e4n viesti\u00e4, ett\u00e4 tulevat k\u00e4ym\u00e4\u00e4n. Ja arvatkaapa oliko pojalla hymy korvissa, kun siskon avokki ojensi uuden eriv\u00e4risen, mutta muuten samanlaisen kissanlelun. Koska h\u00e4n oli luvannut pojalle tuoda uuden! Arvostan \ud83d\ude42<\/p>\n<p><img loading=\"lazy\" class=\"alignnone size-medium wp-image-487\" src=\"http:\/\/pakkoneuloosi86.blogaaja.fi\/files\/2016\/11\/20161130_180512-153x300.jpg\" alt=\"_20161130_180512\" width=\"153\" height=\"300\" srcset=\"https:\/\/pakkoneuloosi86.blogaaja.fi\/files\/2016\/11\/20161130_180512-153x300.jpg 153w, https:\/\/pakkoneuloosi86.blogaaja.fi\/files\/2016\/11\/20161130_180512.jpg 476w\" sizes=\"(max-width: 153px) 100vw, 153px\" \/><\/p>\n<p>Pojalla on ehdottomasti maailman paras kummiset\u00e4 (kummit\u00e4din lis\u00e4ks :), eik\u00e4 oo tarvinnu katua sit\u00e4, ett\u00e4 h\u00e4net j\u00e4lkeenp\u00e4in halusin lis\u00e4t\u00e4 kummiks pojalle. Tied\u00e4n, ett\u00e4 jos jostain syyst\u00e4 pojasta huolehtiminen lankeais heid\u00e4n vastuulle, sais poika yhen parhaimmista kodeista mit\u00e4 voi ikin\u00e4 saada. Luotan t\u00e4ysill\u00e4!<\/p>\n<p>&lt;3 Heidi<\/p>\n","protected":false},"excerpt":{"rendered":"<p>Yhdess\u00e4 aiemmassa postauksessani kirjotin, miten mun 5-vuotiaalle pojalle on hyvinhyvin t\u00e4rkeet\u00e4, ett\u00e4 h\u00e4nelle luvatut asiat pidet\u00e4\u00e4n. H\u00e4n muistaa pienimm\u00e4nkin asian, joka on joskus sanottu. Esimerkkin\u00e4 nyt vaikka se, ett\u00e4 kerran p\u00e4iv\u00e4kodista l\u00e4htiess\u00e4 h\u00e4n suri kuinka ei ollut ehtinyt pelata Afrikan t\u00e4hte\u00e4. Saadakseni h\u00e4net vihdoin pukemaan ja l\u00e4htem\u00e4\u00e4n kotiin, totesin h\u00e4t\u00e4p\u00e4iss\u00e4ni, ett\u00e4 pelataan sitten kotona. Meni &hellip; <a href=\"https:\/\/pakkoneuloosi86.blogaaja.fi\/?page_id=486\" class=\"more-link\">Jatka artikkeliin <span class=\"screen-reader-text\">-Petetyt ja pidetyt lupaukset 30.11.2016<\/span><\/a><\/p>\n","protected":false},"author":15737,"featured_media":0,"parent":232,"menu_order":8,"comment_status":"open","ping_status":"closed","template":"","meta":[],"yoast_head":"<!-- This site is optimized with the Yoast SEO plugin v15.6.2 - https:\/\/yoast.com\/wordpress\/plugins\/seo\/ -->\n<title>-Petetyt ja pidetyt lupaukset 30.11.2016 - Pakkoneulootikon el\u00e4m\u00e4\u00e4<\/title>\n<meta name=\"robots\" content=\"index, follow, max-snippet:-1, max-image-preview:large, max-video-preview:-1\" \/>\n<link rel=\"canonical\" href=\"https:\/\/pakkoneuloosi86.blogaaja.fi\/?page_id=486\" \/>\n<meta property=\"og:locale\" content=\"fi_FI\" \/>\n<meta property=\"og:type\" content=\"article\" \/>\n<meta property=\"og:title\" content=\"-Petetyt ja pidetyt lupaukset 30.11.2016 - Pakkoneulootikon el\u00e4m\u00e4\u00e4\" \/>\n<meta property=\"og:description\" content=\"Yhdess\u00e4 aiemmassa postauksessani kirjotin, miten mun 5-vuotiaalle pojalle on hyvinhyvin t\u00e4rkeet\u00e4, ett\u00e4 h\u00e4nelle luvatut asiat pidet\u00e4\u00e4n. H\u00e4n muistaa pienimm\u00e4nkin asian, joka on joskus sanottu. Esimerkkin\u00e4 nyt vaikka se, ett\u00e4 kerran p\u00e4iv\u00e4kodista l\u00e4htiess\u00e4 h\u00e4n suri kuinka ei ollut ehtinyt pelata Afrikan t\u00e4hte\u00e4. Saadakseni h\u00e4net vihdoin pukemaan ja l\u00e4htem\u00e4\u00e4n kotiin, totesin h\u00e4t\u00e4p\u00e4iss\u00e4ni, ett\u00e4 pelataan sitten kotona. Meni &hellip; Jatka artikkeliin -Petetyt ja pidetyt lupaukset 30.11.2016\" \/>\n<meta property=\"og:url\" content=\"https:\/\/pakkoneuloosi86.blogaaja.fi\/?page_id=486\" \/>\n<meta property=\"og:site_name\" content=\"Pakkoneulootikon el\u00e4m\u00e4\u00e4\" \/>\n<meta property=\"article:modified_time\" content=\"2016-12-01T05:09:30+00:00\" \/>\n<meta property=\"og:image\" content=\"http:\/\/pakkoneuloosi86.blogaaja.fi\/files\/2016\/11\/20161130_180512-153x300.jpg\" \/>\n<meta name=\"twitter:card\" content=\"summary_large_image\" \/>\n<meta name=\"twitter:label1\" content=\"Est. reading time\">\n\t<meta name=\"twitter:data1\" content=\"2 minuuttia\">\n<script type=\"application\/ld+json\" class=\"yoast-schema-graph\">{\"@context\":\"https:\/\/schema.org\",\"@graph\":[{\"@type\":\"WebSite\",\"@id\":\"https:\/\/pakkoneuloosi86.blogaaja.fi\/#website\",\"url\":\"https:\/\/pakkoneuloosi86.blogaaja.fi\/\",\"name\":\"Pakkoneulootikon el\\u00e4m\\u00e4\\u00e4\",\"description\":\"Asiasta aidanseip\\u00e4\\u00e4seen ja takasin ;)\",\"potentialAction\":[{\"@type\":\"SearchAction\",\"target\":\"https:\/\/pakkoneuloosi86.blogaaja.fi\/?s={search_term_string}\",\"query-input\":\"required name=search_term_string\"}],\"inLanguage\":\"fi\"},{\"@type\":\"ImageObject\",\"@id\":\"https:\/\/pakkoneuloosi86.blogaaja.fi\/?page_id=486#primaryimage\",\"inLanguage\":\"fi\",\"url\":\"http:\/\/pakkoneuloosi86.blogaaja.fi\/files\/2016\/11\/20161130_180512-153x300.jpg\"},{\"@type\":\"WebPage\",\"@id\":\"https:\/\/pakkoneuloosi86.blogaaja.fi\/?page_id=486#webpage\",\"url\":\"https:\/\/pakkoneuloosi86.blogaaja.fi\/?page_id=486\",\"name\":\"-Petetyt ja pidetyt lupaukset 30.11.2016 - Pakkoneulootikon el\\u00e4m\\u00e4\\u00e4\",\"isPartOf\":{\"@id\":\"https:\/\/pakkoneuloosi86.blogaaja.fi\/#website\"},\"primaryImageOfPage\":{\"@id\":\"https:\/\/pakkoneuloosi86.blogaaja.fi\/?page_id=486#primaryimage\"},\"datePublished\":\"2016-11-30T18:15:14+00:00\",\"dateModified\":\"2016-12-01T05:09:30+00:00\",\"inLanguage\":\"fi\",\"potentialAction\":[{\"@type\":\"ReadAction\",\"target\":[\"https:\/\/pakkoneuloosi86.blogaaja.fi\/?page_id=486\"]}]}]}<\/script>\n<!-- \/ Yoast SEO plugin. -->","_links":{"self":[{"href":"https:\/\/pakkoneuloosi86.blogaaja.fi\/index.php?rest_route=\/wp\/v2\/pages\/486"}],"collection":[{"href":"https:\/\/pakkoneuloosi86.blogaaja.fi\/index.php?rest_route=\/wp\/v2\/pages"}],"about":[{"href":"https:\/\/pakkoneuloosi86.blogaaja.fi\/index.php?rest_route=\/wp\/v2\/types\/page"}],"author":[{"embeddable":true,"href":"https:\/\/pakkoneuloosi86.blogaaja.fi\/index.php?rest_route=\/wp\/v2\/users\/15737"}],"replies":[{"embeddable":true,"href":"https:\/\/pakkoneuloosi86.blogaaja.fi\/index.php?rest_route=%2Fwp%2Fv2%2Fcomments&post=486"}],"version-history":[{"count":0,"href":"https:\/\/pakkoneuloosi86.blogaaja.fi\/index.php?rest_route=\/wp\/v2\/pages\/486\/revisions"}],"up":[{"embeddable":true,"href":"https:\/\/pakkoneuloosi86.blogaaja.fi\/index.php?rest_route=\/wp\/v2\/pages\/232"}],"wp:attachment":[{"href":"https:\/\/pakkoneuloosi86.blogaaja.fi\/index.php?rest_route=%2Fwp%2Fv2%2Fmedia&parent=486"}],"curies":[{"name":"wp","href":"https:\/\/api.w.org\/{rel}","templated":true}]}}