{"id":473,"date":"2016-11-26T16:37:30","date_gmt":"2016-11-26T14:37:30","guid":{"rendered":"http:\/\/pakkoneuloosi86.blogaaja.fi\/?page_id=473"},"modified":"2016-12-01T07:11:22","modified_gmt":"2016-12-01T05:11:22","slug":"kymenlaakson-suurimmat-pikkujoulut-25-11-2016-26-11-2016","status":"publish","type":"page","link":"https:\/\/pakkoneuloosi86.blogaaja.fi\/?page_id=473","title":{"rendered":"-Kymenlaakson suurimmat pikkujoulut 25.11.2016 (26.11.2016)"},"content":{"rendered":"<p>Mun puheissa ja ty\u00f6vuorotoiveissa ollut jo elokuusta l\u00e4htien, koska; Juha Tapio &lt;3 Ja jos nyt joku ei tied\u00e4, kuka on Juha Tapio (h\u00e4pe\u00e4 sin\u00e4 sivistym\u00e4t\u00f6n ;): \u00a0<a href=\"https:\/\/fi.m.wikipedia.org\/wiki\/Juha_Tapio\">https:\/\/fi.m.wikipedia.org\/wiki\/Juha_Tapio<\/a><\/p>\n<p>Onnekseni lykk\u00e4sin lippujen ostamista, koska p\u00e4\u00e4dyttiin ty\u00f6paikan pikkujouluja viett\u00e4m\u00e4\u00e4n kyseiseen tapahtumaan Ruonalan hallille. Juha Tapiohan alottaa n\u00e4iden viimesten keikkojen j\u00e4keen keikkatauon, niin oli pakko p\u00e4\u00e4st\u00e4 h\u00e4nt\u00e4 viel\u00e4 esiintym\u00e4ss\u00e4 n\u00e4kem\u00e4\u00e4n. Varsinkin, kun en merip\u00e4ivlle viime kes\u00e4n\u00e4 p\u00e4\u00e4ssy keikalle.<\/p>\n<p>Ovet aukes 18:15 ja ruokatarjoilu 18:30, meille oli varattu p\u00f6yd\u00e4st\u00e4 paikat ja p\u00e4\u00e4stiin pikkujouluaterialle. Tarjolla oli; raikasta vihersalaattia, juustotortelliinisalaattia, savulohimallasleip\u00e4salaatti, paistettua\u00a0maissikananrintaa, savustettua porsaansis\u00e4fileet\u00e4, punaviinikastiketta, perunajuurespaistosta\u00a0ja luumurahka panna cottaa. Mun suosikki oli ehdottomasti savulohimallasleip\u00e4salaatti. Nyt t\u00e4ss\u00e4 sohvalla kirjottaessa tajusin, etten koko pannacottaa edes n\u00e4hny \ud83d\ude00<\/p>\n<p>Sanni alotti esiintymisen klo 20. Muutaman ty\u00f6kaverin kanssa siirryttiin lavan tyk\u00f6 ja hetke\u00e4 my\u00f6hemmin bongasin pikkusiskon, jonka kanssa oltiin sovittu treffaavamme ruoan j\u00e4lkeen. Ja siin\u00e4h\u00e4 ne ty\u00f6kaverit sit hukkukin. Sanni veti noin tunnin setin. Ihan kuulosti samalta, kun radiossakin.<\/p>\n<p>Juha Tapion esiintyminen oli ajotettu klo 22. Pakolliset valmistautumiset ja puoli tuntia ennen esityksen alkua eturiviin oottamaan.<\/p>\n<p><img loading=\"lazy\" class=\"alignnone size-medium wp-image-474\" src=\"http:\/\/pakkoneuloosi86.blogaaja.fi\/files\/2016\/11\/20161126_101620-300x298.jpg\" alt=\"_20161126_101620\" width=\"300\" height=\"298\" srcset=\"https:\/\/pakkoneuloosi86.blogaaja.fi\/files\/2016\/11\/20161126_101620-300x298.jpg 300w, https:\/\/pakkoneuloosi86.blogaaja.fi\/files\/2016\/11\/20161126_101620-150x150.jpg 150w, https:\/\/pakkoneuloosi86.blogaaja.fi\/files\/2016\/11\/20161126_101620.jpg 611w\" sizes=\"(max-width: 300px) 100vw, 300px\" \/><\/p>\n<p>Koska tottakai ehottomastihan oli saatava eturivin paikat. Odotukset oli kovat.<\/p>\n<p><img loading=\"lazy\" class=\"alignnone size-medium wp-image-475\" src=\"http:\/\/pakkoneuloosi86.blogaaja.fi\/files\/2016\/11\/20161126_101439-156x300.jpg\" alt=\"_20161126_101439\" width=\"156\" height=\"300\" srcset=\"https:\/\/pakkoneuloosi86.blogaaja.fi\/files\/2016\/11\/20161126_101439-156x300.jpg 156w, https:\/\/pakkoneuloosi86.blogaaja.fi\/files\/2016\/11\/20161126_101439.jpg 534w\" sizes=\"(max-width: 156px) 100vw, 156px\" \/><\/p>\n<p>Eik\u00e4 Juha pett\u00e4ny t\u00e4ll\u00e4k\u00e4\u00e4n kertaa. Tunnelma oli katossa, porukka laulo mukana ihan kympill\u00e4, heilutti k\u00e4si\u00e4, taputti, kilju ja huusi. On se Juha vaan niin &lt;3<\/p>\n<p><img loading=\"lazy\" class=\"alignnone size-medium wp-image-476\" src=\"http:\/\/pakkoneuloosi86.blogaaja.fi\/files\/2016\/11\/20161126_101947-193x300.jpg\" alt=\"_20161126_101947\" width=\"193\" height=\"300\" srcset=\"https:\/\/pakkoneuloosi86.blogaaja.fi\/files\/2016\/11\/20161126_101947-193x300.jpg 193w, https:\/\/pakkoneuloosi86.blogaaja.fi\/files\/2016\/11\/20161126_101947.jpg 527w\" sizes=\"(max-width: 193px) 100vw, 193px\" \/><\/p>\n<p>Sielt\u00e4 se lavalta tuli alas aidan eteen ja v\u00e4h\u00e4n aidan p\u00e4\u00e4llekkin \ud83d\ude00 K\u00e4vi halaamassa ihmisi\u00e4 ja k\u00e4ttelem\u00e4ss\u00e4 ja olipa joku muistanu Juhaa fanilahjallakin.<\/p>\n<p>Juhalta kuultiin tuttuja biisej\u00e4; TSNH, Ohikiit\u00e4v\u00e4\u00e4, Jotain niin oikeaa, Sinun vuorosi loistaa, Kaksi puuta, Pett\u00e4v\u00e4ll\u00e4 j\u00e4\u00e4ll\u00e4, Aito rakkaus jne.<\/p>\n<p>Joskus naureskelin itte, etten ymm\u00e4rr\u00e4 miten ihmiset voi seota jostain artistista. Nyt omakohtasen kokemuksen kautta ymm\u00e4rr\u00e4n hiton hyvin!<\/p>\n<p><img loading=\"lazy\" class=\"alignnone size-medium wp-image-477\" src=\"http:\/\/pakkoneuloosi86.blogaaja.fi\/files\/2016\/11\/20161126_101402-300x300.jpg\" alt=\"_20161126_101402\" width=\"300\" height=\"300\" srcset=\"https:\/\/pakkoneuloosi86.blogaaja.fi\/files\/2016\/11\/20161126_101402-300x300.jpg 300w, https:\/\/pakkoneuloosi86.blogaaja.fi\/files\/2016\/11\/20161126_101402-150x150.jpg 150w, https:\/\/pakkoneuloosi86.blogaaja.fi\/files\/2016\/11\/20161126_101402.jpg 529w\" sizes=\"(max-width: 300px) 100vw, 300px\" \/><\/p>\n<p>Kiitos Juha Tapio! &lt;3<\/p>\n<p>Klo 24 oli Eppujen vuoro. Mut reilusti yli tunnin pomppiminen ja huutaminen Juhan esiintyess\u00e4, sek\u00e4 kuuen p\u00e4iv\u00e4n ty\u00f6putki joka p\u00e4\u00e4tty aamuvuoroon pikkujoulup\u00e4iv\u00e4n\u00e4 vei veronsa. Sen mit\u00e4 Eppuja kuulin, niin ei ne kyll\u00e4 mun mielest\u00e4 kuulostanu samalta ku radiossa, mutta ehk\u00e4 mulla oli siin\u00e4 kohtaa iltaa vikaa kuulossa jo. Mutta nukkumaan alko teh\u00e4 mieli. P\u00e4\u00e4tin sit soittaa avopuolisolle, josko se l\u00e4htis tulemaan vastaan, kun ei Ruonalasta kuitenkaan oo meille kun 1,5km. Ja tulihan se vastaan, ihana mies &lt;3 Puoli yhden j\u00e4lkeen olin s\u00e4ngyss\u00e4, taju kankaalla. Paras ilta aikoihin! Vaikka t\u00e4n\u00e4 aamuna v\u00e4h\u00e4 tutisutti ja vapisutti \ud83d\ude09<\/p>\n<p>Mukavaa lauantaita!<\/p>\n<p>&lt;3 Heidi<\/p>\n","protected":false},"excerpt":{"rendered":"<p>Mun puheissa ja ty\u00f6vuorotoiveissa ollut jo elokuusta l\u00e4htien, koska; Juha Tapio &lt;3 Ja jos nyt joku ei tied\u00e4, kuka on Juha Tapio (h\u00e4pe\u00e4 sin\u00e4 sivistym\u00e4t\u00f6n ;): \u00a0https:\/\/fi.m.wikipedia.org\/wiki\/Juha_Tapio Onnekseni lykk\u00e4sin lippujen ostamista, koska p\u00e4\u00e4dyttiin ty\u00f6paikan pikkujouluja viett\u00e4m\u00e4\u00e4n kyseiseen tapahtumaan Ruonalan hallille. Juha Tapiohan alottaa n\u00e4iden viimesten keikkojen j\u00e4keen keikkatauon, niin oli pakko p\u00e4\u00e4st\u00e4 h\u00e4nt\u00e4 viel\u00e4 esiintym\u00e4ss\u00e4 &hellip; <a href=\"https:\/\/pakkoneuloosi86.blogaaja.fi\/?page_id=473\" class=\"more-link\">Jatka artikkeliin <span class=\"screen-reader-text\">-Kymenlaakson suurimmat pikkujoulut 25.11.2016 (26.11.2016)<\/span><\/a><\/p>\n","protected":false},"author":15737,"featured_media":0,"parent":195,"menu_order":7,"comment_status":"open","ping_status":"closed","template":"","meta":[],"yoast_head":"<!-- This site is optimized with the Yoast SEO plugin v15.6.2 - https:\/\/yoast.com\/wordpress\/plugins\/seo\/ -->\n<title>-Kymenlaakson suurimmat pikkujoulut 25.11.2016 (26.11.2016) - Pakkoneulootikon el\u00e4m\u00e4\u00e4<\/title>\n<meta name=\"robots\" content=\"index, follow, max-snippet:-1, max-image-preview:large, max-video-preview:-1\" \/>\n<link rel=\"canonical\" href=\"https:\/\/pakkoneuloosi86.blogaaja.fi\/?page_id=473\" \/>\n<meta property=\"og:locale\" content=\"fi_FI\" \/>\n<meta property=\"og:type\" content=\"article\" \/>\n<meta property=\"og:title\" content=\"-Kymenlaakson suurimmat pikkujoulut 25.11.2016 (26.11.2016) - Pakkoneulootikon el\u00e4m\u00e4\u00e4\" \/>\n<meta property=\"og:description\" content=\"Mun puheissa ja ty\u00f6vuorotoiveissa ollut jo elokuusta l\u00e4htien, koska; Juha Tapio &lt;3 Ja jos nyt joku ei tied\u00e4, kuka on Juha Tapio (h\u00e4pe\u00e4 sin\u00e4 sivistym\u00e4t\u00f6n ;): \u00a0https:\/\/fi.m.wikipedia.org\/wiki\/Juha_Tapio Onnekseni lykk\u00e4sin lippujen ostamista, koska p\u00e4\u00e4dyttiin ty\u00f6paikan pikkujouluja viett\u00e4m\u00e4\u00e4n kyseiseen tapahtumaan Ruonalan hallille. Juha Tapiohan alottaa n\u00e4iden viimesten keikkojen j\u00e4keen keikkatauon, niin oli pakko p\u00e4\u00e4st\u00e4 h\u00e4nt\u00e4 viel\u00e4 esiintym\u00e4ss\u00e4 &hellip; Jatka artikkeliin -Kymenlaakson suurimmat pikkujoulut 25.11.2016 (26.11.2016)\" \/>\n<meta property=\"og:url\" content=\"https:\/\/pakkoneuloosi86.blogaaja.fi\/?page_id=473\" \/>\n<meta property=\"og:site_name\" content=\"Pakkoneulootikon el\u00e4m\u00e4\u00e4\" \/>\n<meta property=\"article:modified_time\" content=\"2016-12-01T05:11:22+00:00\" \/>\n<meta property=\"og:image\" content=\"http:\/\/pakkoneuloosi86.blogaaja.fi\/files\/2016\/11\/20161126_101620-300x298.jpg\" \/>\n<meta name=\"twitter:card\" content=\"summary_large_image\" \/>\n<meta name=\"twitter:label1\" content=\"Est. reading time\">\n\t<meta name=\"twitter:data1\" content=\"2 minuuttia\">\n<script type=\"application\/ld+json\" class=\"yoast-schema-graph\">{\"@context\":\"https:\/\/schema.org\",\"@graph\":[{\"@type\":\"WebSite\",\"@id\":\"https:\/\/pakkoneuloosi86.blogaaja.fi\/#website\",\"url\":\"https:\/\/pakkoneuloosi86.blogaaja.fi\/\",\"name\":\"Pakkoneulootikon el\\u00e4m\\u00e4\\u00e4\",\"description\":\"Asiasta aidanseip\\u00e4\\u00e4seen ja takasin ;)\",\"potentialAction\":[{\"@type\":\"SearchAction\",\"target\":\"https:\/\/pakkoneuloosi86.blogaaja.fi\/?s={search_term_string}\",\"query-input\":\"required name=search_term_string\"}],\"inLanguage\":\"fi\"},{\"@type\":\"ImageObject\",\"@id\":\"https:\/\/pakkoneuloosi86.blogaaja.fi\/?page_id=473#primaryimage\",\"inLanguage\":\"fi\",\"url\":\"http:\/\/pakkoneuloosi86.blogaaja.fi\/files\/2016\/11\/20161126_101620-300x298.jpg\"},{\"@type\":\"WebPage\",\"@id\":\"https:\/\/pakkoneuloosi86.blogaaja.fi\/?page_id=473#webpage\",\"url\":\"https:\/\/pakkoneuloosi86.blogaaja.fi\/?page_id=473\",\"name\":\"-Kymenlaakson suurimmat pikkujoulut 25.11.2016 (26.11.2016) - Pakkoneulootikon el\\u00e4m\\u00e4\\u00e4\",\"isPartOf\":{\"@id\":\"https:\/\/pakkoneuloosi86.blogaaja.fi\/#website\"},\"primaryImageOfPage\":{\"@id\":\"https:\/\/pakkoneuloosi86.blogaaja.fi\/?page_id=473#primaryimage\"},\"datePublished\":\"2016-11-26T14:37:30+00:00\",\"dateModified\":\"2016-12-01T05:11:22+00:00\",\"inLanguage\":\"fi\",\"potentialAction\":[{\"@type\":\"ReadAction\",\"target\":[\"https:\/\/pakkoneuloosi86.blogaaja.fi\/?page_id=473\"]}]}]}<\/script>\n<!-- \/ Yoast SEO plugin. -->","_links":{"self":[{"href":"https:\/\/pakkoneuloosi86.blogaaja.fi\/index.php?rest_route=\/wp\/v2\/pages\/473"}],"collection":[{"href":"https:\/\/pakkoneuloosi86.blogaaja.fi\/index.php?rest_route=\/wp\/v2\/pages"}],"about":[{"href":"https:\/\/pakkoneuloosi86.blogaaja.fi\/index.php?rest_route=\/wp\/v2\/types\/page"}],"author":[{"embeddable":true,"href":"https:\/\/pakkoneuloosi86.blogaaja.fi\/index.php?rest_route=\/wp\/v2\/users\/15737"}],"replies":[{"embeddable":true,"href":"https:\/\/pakkoneuloosi86.blogaaja.fi\/index.php?rest_route=%2Fwp%2Fv2%2Fcomments&post=473"}],"version-history":[{"count":0,"href":"https:\/\/pakkoneuloosi86.blogaaja.fi\/index.php?rest_route=\/wp\/v2\/pages\/473\/revisions"}],"up":[{"embeddable":true,"href":"https:\/\/pakkoneuloosi86.blogaaja.fi\/index.php?rest_route=\/wp\/v2\/pages\/195"}],"wp:attachment":[{"href":"https:\/\/pakkoneuloosi86.blogaaja.fi\/index.php?rest_route=%2Fwp%2Fv2%2Fmedia&parent=473"}],"curies":[{"name":"wp","href":"https:\/\/api.w.org\/{rel}","templated":true}]}}