{"id":469,"date":"2016-11-22T23:36:59","date_gmt":"2016-11-22T21:36:59","guid":{"rendered":"http:\/\/pakkoneuloosi86.blogaaja.fi\/?page_id=469"},"modified":"2016-12-01T07:09:13","modified_gmt":"2016-12-01T05:09:13","slug":"haastava-yhteishuoltajuus-22-11-2016","status":"publish","type":"page","link":"https:\/\/pakkoneuloosi86.blogaaja.fi\/?page_id=469","title":{"rendered":"-Haastava yhteishuoltajuus 22.11.2016"},"content":{"rendered":"<p>Tulipahan eilen k\u00e4yty\u00e4 tekem\u00e4ss\u00e4 jonkunlaista lapsen tapaamissopimusta, kun entist\u00e4 ei ollu en\u00e4\u00e4 voimassa. T\u00e4st\u00e4 k\u00e4ynnist\u00e4 johtuen ja asioiden muhittua p\u00e4\u00e4ss\u00e4 y\u00f6n yli tuli t\u00e4n p\u00e4iv\u00e4n koulutuksessa tarve purkaa ajatuksia paperille, josta nyt siirr\u00e4n ne t\u00e4nne blogiin.<\/p>\n<hr \/>\n<p>Mit\u00e4 tehd\u00e4, kun toinen osapuoli ei n\u00e4e lapsen ongelmia ja tuen tarvetta? Mit\u00e4 tehd\u00e4, kun toinen osapuoli ei kunnioita toista vanhempaa? Mit\u00e4 tehd\u00e4, kun yhteisty\u00f6 ei vaan toisen osapuolen kanssa toimi?<\/p>\n<p>Kun kommunikaatio ei vaan pelaa ja kun kasvatusn\u00e4kemykset on niin ristiriidassa, ett\u00e4 toinen puhuu aidasta ja toinen soutuveneest\u00e4. Eik\u00e4 samaa n\u00e4kemyst\u00e4 tunnu l\u00f6ytyv\u00e4n mihink\u00e4\u00e4n. Kun kirjallinen tapaamissopimuskaan ei takaa tapaamisp\u00e4ivien ja kellonaikojen toteutumista. Kun toinen vaatii joustoa molemmin puolin ja j\u00e4\u00e4t itte ihmettelem\u00e4\u00e4n, ett\u00e4 miss\u00e4 se joustaminen sinun suuntaan olikaan. Ent\u00e4s, kun toinen osapuoli on niin hyv\u00e4 puhumaan, ett\u00e4 myis vaikka pimeytt\u00e4 s\u00e4kiss\u00e4. Kun itte tied\u00e4t miten asiat on ja toinen kirkkain silmin v\u00e4itt\u00e4\u00e4 muuta, eik\u00e4 auttavat tahot tied\u00e4 mit\u00e4 uskoa. Kun eih\u00e4n heill\u00e4 oo aikaa k\u00e4yd\u00e4 l\u00e4pi ja lukea jokaista riitasta viestikeskustelua, josta sais hyv\u00e4n kokonaiskuvan.<\/p>\n<p>Tai kun mik\u00e4\u00e4n mit\u00e4 ehdotetaan ei kelpaa, vaan toisen osapuolen on lopulta kuitenkin saatava se viimenen sana! Ent\u00e4, kun on taas riidelty ja tapeltu ja sinut on haukuttu ja vanhemmuuden taidot kyseenalaistettu, etk\u00e4 voi huutaa toiselle osapuolelle, ett\u00e4 haista sin\u00e4 paska ja pakene vuorille! Vaan nielet kaiken kiltisti kerta toisensa per\u00e4\u00e4n, kun yrit\u00e4t olla se viisaampi ja aikuisempi. Joskus, tai aika useinkin viime p\u00e4ivin\u00e4 oon miettiny, ett\u00e4 miten helvetiss\u00e4 t\u00e4ss\u00e4 nyt pit\u00e4s luovia oikein. Kuitenkaan en ole miss\u00e4\u00e4n vaiheessa is\u00e4\u00e4 ja poikaa kielt\u00e4nyt tapaamasta toisiaan tai yritt\u00e4nyt erottaa. Sellaiseksi se kuitenkin jostain syyst\u00e4 tuntuu k\u00e4\u00e4ntyv\u00e4n toisen osapuolen puheissa kovin usein, kun k\u00e4yd\u00e4\u00e4n keskustelua tapaamisista.<\/p>\n<p>Kaiken tapaamisluovimisten keskell\u00e4 yrit\u00e4n hoitaa ty\u00f6ni ja ajaa pojan oikeuksia, sek\u00e4 pit\u00e4\u00e4 huolta parisuhteesta, jossa molemmat on viime aikoina venyny ja paukkunu vuoden edest\u00e4. Kavereitakin olis toki hyv\u00e4 tavata. T\u00e4n\u00e4\u00e4n kuitenkin lopulta kamelin sel\u00e4n katkas se, ett\u00e4 kissa oli k\u00e4yny pissim\u00e4ss\u00e4 avopuolison kaappiin (TAAS) ja asiasta huomautin. Itte kyll\u00e4kin olin j\u00e4tt\u00e4ny makkarin oven auki, kun sinne menin puhelimeen puhumaan. Pari \u00e4r\u00e4hdyst\u00e4 puolin ja toisin, makkarin ovi kiinni, itkua, kotit\u00f6it\u00e4 hiljaisuudessa. Hiljaisuutta kesti melkein nelj\u00e4 tuntia, kunnes molemmat oli ottaneet torkut sek\u00e4 rauhottunu ja k\u00f6mmin toisen viereen s\u00e4nkyyn. Anteeks pyydettiin puolin ja toisin.<\/p>\n<p>T\u00e4\u00e4 siis oli meid\u00e4n ensimm\u00e4inen ns. riita reilu vuoden yhsdess\u00e4olon aikana. Mut ent\u00e4, kun t\u00e4st\u00e4 haastavasta yhteishuoltajuudesta johtuen takaraivossa kolkuttelee joskus enemm\u00e4n ja joskus v\u00e4hemm\u00e4n pelko siit\u00e4, ett\u00e4 toinen ei jaksakkaan t\u00e4t\u00e4, eik\u00e4 halua t\u00e4t\u00e4 ja ett\u00e4 jos tuo toinen l\u00e4hteekin. Koska t\u00e4\u00e4 nyt vaan on t\u00e4mm\u00f6st\u00e4 maanp\u00e4\u00e4llist\u00e4 helvetti\u00e4 ainakin kerran viikkoon. Jatkunu jo kolme vuotta mokoma kiirastuli. Miten voi vaatia toista pysym\u00e4\u00e4n vierell\u00e4 ja jaksamaan jos ei itekk\u00e4\u00e4n aina jaksa uskoa asioiden helpottuvan, kun poika kasvaa? My\u00f6nn\u00e4n sen, ett\u00e4 oon ollu t\u00e4ysi persreik\u00e4 itte viime aikoina kotona. Jurotan ja pinna on kireell\u00e4, heti kotiin tullessa t\u00f6ist\u00e4. Tunne on v\u00e4lill\u00e4, kun olis tikitt\u00e4v\u00e4 aikapommi. Valkotakkiset meille tilattas heti jos l\u00e4htisin tonne parvekkeelle huutamaan. Uuvuttaa vaan v\u00e4lill\u00e4 niin hitokseen. Ehk\u00e4 kumminkin pusu ja hei rakas, toimis kotiin tullessa paremmin.<\/p>\n<p>Jos jotain positiivista.. Onhan tuo lapsi 13 vuoden p\u00e4\u00e4st\u00e4 18.. Sit loppuuu riidat tapaamisista ja elatusmaksuista \ud83d\ude00 Toki jos poika yl\u00e4aste-i\u00e4s\u00e4 p\u00e4\u00e4tt\u00e4\u00e4 haluavansa is\u00e4lleen asumaan, suotakoon se pojalle. Mutta siihen asti lapsi on ja pysyy kirjoilla ja asumassa mun ja is\u00e4puolensa luona!<\/p>\n<p>Hyv\u00e4\u00e4 y\u00f6t\u00e4, onni my\u00f6t\u00e4!<\/p>\n<p>&lt;3 Heidi<\/p>\n","protected":false},"excerpt":{"rendered":"<p>Tulipahan eilen k\u00e4yty\u00e4 tekem\u00e4ss\u00e4 jonkunlaista lapsen tapaamissopimusta, kun entist\u00e4 ei ollu en\u00e4\u00e4 voimassa. T\u00e4st\u00e4 k\u00e4ynnist\u00e4 johtuen ja asioiden muhittua p\u00e4\u00e4ss\u00e4 y\u00f6n yli tuli t\u00e4n p\u00e4iv\u00e4n koulutuksessa tarve purkaa ajatuksia paperille, josta nyt siirr\u00e4n ne t\u00e4nne blogiin. Mit\u00e4 tehd\u00e4, kun toinen osapuoli ei n\u00e4e lapsen ongelmia ja tuen tarvetta? Mit\u00e4 tehd\u00e4, kun toinen osapuoli ei kunnioita &hellip; <a href=\"https:\/\/pakkoneuloosi86.blogaaja.fi\/?page_id=469\" class=\"more-link\">Jatka artikkeliin <span class=\"screen-reader-text\">-Haastava yhteishuoltajuus 22.11.2016<\/span><\/a><\/p>\n","protected":false},"author":15737,"featured_media":0,"parent":232,"menu_order":7,"comment_status":"open","ping_status":"closed","template":"","meta":[],"yoast_head":"<!-- This site is optimized with the Yoast SEO plugin v15.6.2 - https:\/\/yoast.com\/wordpress\/plugins\/seo\/ -->\n<title>-Haastava yhteishuoltajuus 22.11.2016 - Pakkoneulootikon el\u00e4m\u00e4\u00e4<\/title>\n<meta name=\"robots\" content=\"index, follow, max-snippet:-1, max-image-preview:large, max-video-preview:-1\" \/>\n<link rel=\"canonical\" href=\"https:\/\/pakkoneuloosi86.blogaaja.fi\/?page_id=469\" \/>\n<meta property=\"og:locale\" content=\"fi_FI\" \/>\n<meta property=\"og:type\" content=\"article\" \/>\n<meta property=\"og:title\" content=\"-Haastava yhteishuoltajuus 22.11.2016 - Pakkoneulootikon el\u00e4m\u00e4\u00e4\" \/>\n<meta property=\"og:description\" content=\"Tulipahan eilen k\u00e4yty\u00e4 tekem\u00e4ss\u00e4 jonkunlaista lapsen tapaamissopimusta, kun entist\u00e4 ei ollu en\u00e4\u00e4 voimassa. T\u00e4st\u00e4 k\u00e4ynnist\u00e4 johtuen ja asioiden muhittua p\u00e4\u00e4ss\u00e4 y\u00f6n yli tuli t\u00e4n p\u00e4iv\u00e4n koulutuksessa tarve purkaa ajatuksia paperille, josta nyt siirr\u00e4n ne t\u00e4nne blogiin. Mit\u00e4 tehd\u00e4, kun toinen osapuoli ei n\u00e4e lapsen ongelmia ja tuen tarvetta? Mit\u00e4 tehd\u00e4, kun toinen osapuoli ei kunnioita &hellip; Jatka artikkeliin -Haastava yhteishuoltajuus 22.11.2016\" \/>\n<meta property=\"og:url\" content=\"https:\/\/pakkoneuloosi86.blogaaja.fi\/?page_id=469\" \/>\n<meta property=\"og:site_name\" content=\"Pakkoneulootikon el\u00e4m\u00e4\u00e4\" \/>\n<meta property=\"article:modified_time\" content=\"2016-12-01T05:09:13+00:00\" \/>\n<meta name=\"twitter:card\" content=\"summary_large_image\" \/>\n<meta name=\"twitter:label1\" content=\"Est. reading time\">\n\t<meta name=\"twitter:data1\" content=\"3 minuuttia\">\n<script type=\"application\/ld+json\" class=\"yoast-schema-graph\">{\"@context\":\"https:\/\/schema.org\",\"@graph\":[{\"@type\":\"WebSite\",\"@id\":\"https:\/\/pakkoneuloosi86.blogaaja.fi\/#website\",\"url\":\"https:\/\/pakkoneuloosi86.blogaaja.fi\/\",\"name\":\"Pakkoneulootikon el\\u00e4m\\u00e4\\u00e4\",\"description\":\"Asiasta aidanseip\\u00e4\\u00e4seen ja takasin ;)\",\"potentialAction\":[{\"@type\":\"SearchAction\",\"target\":\"https:\/\/pakkoneuloosi86.blogaaja.fi\/?s={search_term_string}\",\"query-input\":\"required name=search_term_string\"}],\"inLanguage\":\"fi\"},{\"@type\":\"WebPage\",\"@id\":\"https:\/\/pakkoneuloosi86.blogaaja.fi\/?page_id=469#webpage\",\"url\":\"https:\/\/pakkoneuloosi86.blogaaja.fi\/?page_id=469\",\"name\":\"-Haastava yhteishuoltajuus 22.11.2016 - Pakkoneulootikon el\\u00e4m\\u00e4\\u00e4\",\"isPartOf\":{\"@id\":\"https:\/\/pakkoneuloosi86.blogaaja.fi\/#website\"},\"datePublished\":\"2016-11-22T21:36:59+00:00\",\"dateModified\":\"2016-12-01T05:09:13+00:00\",\"inLanguage\":\"fi\",\"potentialAction\":[{\"@type\":\"ReadAction\",\"target\":[\"https:\/\/pakkoneuloosi86.blogaaja.fi\/?page_id=469\"]}]}]}<\/script>\n<!-- \/ Yoast SEO plugin. -->","_links":{"self":[{"href":"https:\/\/pakkoneuloosi86.blogaaja.fi\/index.php?rest_route=\/wp\/v2\/pages\/469"}],"collection":[{"href":"https:\/\/pakkoneuloosi86.blogaaja.fi\/index.php?rest_route=\/wp\/v2\/pages"}],"about":[{"href":"https:\/\/pakkoneuloosi86.blogaaja.fi\/index.php?rest_route=\/wp\/v2\/types\/page"}],"author":[{"embeddable":true,"href":"https:\/\/pakkoneuloosi86.blogaaja.fi\/index.php?rest_route=\/wp\/v2\/users\/15737"}],"replies":[{"embeddable":true,"href":"https:\/\/pakkoneuloosi86.blogaaja.fi\/index.php?rest_route=%2Fwp%2Fv2%2Fcomments&post=469"}],"version-history":[{"count":0,"href":"https:\/\/pakkoneuloosi86.blogaaja.fi\/index.php?rest_route=\/wp\/v2\/pages\/469\/revisions"}],"up":[{"embeddable":true,"href":"https:\/\/pakkoneuloosi86.blogaaja.fi\/index.php?rest_route=\/wp\/v2\/pages\/232"}],"wp:attachment":[{"href":"https:\/\/pakkoneuloosi86.blogaaja.fi\/index.php?rest_route=%2Fwp%2Fv2%2Fmedia&parent=469"}],"curies":[{"name":"wp","href":"https:\/\/api.w.org\/{rel}","templated":true}]}}