{"id":351,"date":"2016-11-19T22:45:45","date_gmt":"2016-11-19T20:45:45","guid":{"rendered":"http:\/\/pakkoneuloosi86.blogaaja.fi\/?page_id=351"},"modified":"2016-12-01T07:09:00","modified_gmt":"2016-12-01T05:09:00","slug":"sankyostoksilla","status":"publish","type":"page","link":"https:\/\/pakkoneuloosi86.blogaaja.fi\/?page_id=351","title":{"rendered":"-S\u00e4nkyostoksilla 19.11.2016"},"content":{"rendered":"<p>Viime kes\u00e4st\u00e4 asti oltiin jo puhuttu, ett\u00e4 veronpalautuksilla hommataan uus s\u00e4nky. T\u00e4h\u00e4n menness\u00e4 ollaan jaettu 120cm levee s\u00e4nky ja etenkin mulla on ollu hankalaa nukkuu siin\u00e4, vaikka kuinka toisen l\u00e4heisyys on ihanaa ja tykk\u00e4\u00e4n nukkua toisenkyljess\u00e4 kii useinkin. Osittain vaikeudet nukkua johtuu niska-hartiavaivoista, kun ei saa optimaalista asentoa. Ja kun molemmat on totuttu nukkuu kohtuu leveesti, niin yhdell\u00e4 laidalla kippurassa nukkuminen ei o tehny kropalle kauheen hyv\u00e4\u00e4.<\/p>\n<p>Tarjouksia tutkiessa k\u00e4vi yks seikka ilmi, kaikki tarjoukset menis umpeen ennen, kun ne veronpalautukset ehtii edes tulla. Avopuoliso eilen ihan sattumalta katto sitte tili\u00e4\u00e4n ja yll\u00e4tykseks vakuutusyhti\u00f6 oli maksanu loput sairasloma-ajan korvaukset. Niill\u00e4 p\u00e4\u00e4tettiin l\u00e4htee tarjousten per\u00e4\u00e4n juoksemaan. Budjettina oli, ett\u00e4 tonnilla s\u00e4nky. Oltiin mietitty my\u00f6s tyynyjen uusimista, koska mun tyyny on niin kova, et sekin sattuu niskaa ja avopuoliso tarvii j\u00e4m\u00e4k\u00e4mm\u00e4n tyynyn. Pojan on tarkotus saada tuo meid\u00e4n 120cm s\u00e4nky, joten h\u00e4lle oli tarkotus hommata uus petauspatja siihen.<\/p>\n<p>Jyskist\u00e4 (<a href=\"http:\/\/jysk.fi\">http:\/\/jysk.fi<\/a>) oltas saatu keskikova jenkkis\u00e4nky 799\u20ac sis.petarin, petauspatja 120cm alkaen 65\u20ac ja kotiinkuljetus 40\u20ac + mit\u00e4 tyynyj\u00e4 sit oltas otettu eli tonniin olis kivuttu surutta.<\/p>\n<p>Askosta (<a href=\"https:\/\/www.asko.fi\/main.php\">https:\/\/www.asko.fi\/main.php<\/a>) oltas saatu jenkkis\u00e4nky petarilla, 120cm petari ja patjansuojat, sek\u00e4 kuljetus (45\u20ac) hintaan 1023\u20ac.<\/p>\n<p>Sotkasta (<a href=\"https:\/\/www.sotka.fi\/main.php\">https:\/\/www.sotka.fi\/main.php<\/a>) keskikova\/kova jenkkis\u00e4nky petarilla, 120cm petari, patjansuojat ja kotiinkuljetus (50\u20ac) 844\u20ac.<\/p>\n<p>Ei varmaan oo vaikee arvata mihin p\u00e4\u00e4dyttiin. Sotkasta ostettiin koko setti ja Jyskist\u00e4 haettiin tyynyt. Koko homman hinta n.900\u20ac. Ja koko kierroksesta selvittiin 1,5 tunnissa \ud83d\ude00 T\u00e4mm\u00f6nen meille sitte \u00a0keskiviikkona tulee: \u00a0<a href=\"https:\/\/www.sotka.fi\/tuotteet\/tuote\/59\/27593\/jonna-jenkkisankypaketti-thinsulate-sijauspatjalla-musta\">https:\/\/www.sotka.fi\/tuotteet\/tuote\/59\/27593\/jonna-jenkkisankypaketti-thinsulate-sijauspatjalla-musta<\/a>\u00a0\ud83d\ude42<\/p>\n<p>Kivasti noi varsinaiset huonekaluliikkeet teki hyvin auliisti heti tarjouksen ja olivat palvelualttiita. Ja kivahan se oli n\u00e4hd\u00e4 Sotkassa, kun takasin mentiin, et miten se myyj\u00e4 ilahtu oikeesti n\u00e4hdess\u00e4\u00e4n, ett\u00e4 valittiin niien tarjous ja tuote. Kotiinkuljetuksien hintaero tuli havaittua my\u00f6s. Iskussakin k\u00e4ytiin, oltiin vissiin niin k\u00f6yh\u00e4n n\u00e4k\u00f6si\u00e4, ettei kukaan kysyny mit\u00e4 halutaan \ud83d\ude00 ja s\u00e4nkyjen hintoja kateltua p\u00e4\u00e4tettiin hipsi\u00e4 v\u00e4hin \u00e4\u00e4nin pois ja todeta, ett\u00e4 ei hoitajan palkoilla Iskusta s\u00e4nky\u00e4 osteta \ud83d\ude00 Eik\u00e4 oikeen muutakaan \ud83d\ude00<\/p>\n<p>Ett\u00e4 hyvi\u00e4 unia mulle ainakin tulossa Sotkan s\u00e4ngyss\u00e4 \ud83d\ude09 \u00a0Ja pojalle, kun on tilaa h\u00e4ll\u00e4kin nukkua sitte isommassa s\u00e4ngyss\u00e4 \ud83d\ude09 Liek\u00f6 tuo avopuoliso mahtuu tohon 160cm leveeseen s\u00e4nkyyn, ku mi\u00e4 sen valtaan. N\u00e4in pienest\u00e4 koosta on se hy\u00f6ty, ett\u00e4 voin nukkuu tossa s\u00e4ngyss\u00e4 ihan miten p\u00e4in tahansa \ud83d\ude00<\/p>\n<p>Ja olihan se reissu niin rankka, ett\u00e4 kun muru yritti minuu iltap\u00e4iv\u00e4ll\u00e4 sivist\u00e4\u00e4 ekalla Star Wars elokuvalla, niin meni vartti ja olin unessa sohvalla, siit\u00e4 her\u00e4ilin sitte klo 20 j\u00e4lkeen tyytyv\u00e4isen\u00e4. H\u00e4n oli sit siirtyny jotain sotapeli\u00e4 pelaamaan ja nauro siell\u00e4 kanssapelaajille, ett\u00e4 pit\u00e4\u00e4k\u00f6h\u00e4n ottaa loukkauksena elokuvaa vai h\u00e4nt\u00e4 kohtaan, et oliko niin tyls\u00e4\u00e4 \ud83d\ude00 Katotaan tuleeko uni en\u00e4\u00e4 y\u00f6ll\u00e4 \ud83d\ude09 Onneks poika tulee is\u00e4lt\u00e4\u00e4n huomenna vasta klo 13 ja mi\u00e4 meen vasta klo 15 iltavuoroon \ud83d\ude42 ja siit\u00e4 tulikin mieleen, ett\u00e4 ens viikon perjantaina onkin pikkujouluja luvassa Kymenlaakson suurimmissa pikkujouluissa Ruonalan hallilla (<a href=\"https:\/\/ksotapahtumat.fi\">https:\/\/ksotapahtumat.fi<\/a>), Juha Tapio awwwwwws &lt;3 Sit\u00e4 onkin ootettu jo Elokuusta asti &lt;3<\/p>\n<p>Uutta s\u00e4nky\u00e4 odotellen ja viikonloppua toivotellen!<\/p>\n<p>&lt;3 Heidi<\/p>\n","protected":false},"excerpt":{"rendered":"<p>Viime kes\u00e4st\u00e4 asti oltiin jo puhuttu, ett\u00e4 veronpalautuksilla hommataan uus s\u00e4nky. T\u00e4h\u00e4n menness\u00e4 ollaan jaettu 120cm levee s\u00e4nky ja etenkin mulla on ollu hankalaa nukkuu siin\u00e4, vaikka kuinka toisen l\u00e4heisyys on ihanaa ja tykk\u00e4\u00e4n nukkua toisenkyljess\u00e4 kii useinkin. Osittain vaikeudet nukkua johtuu niska-hartiavaivoista, kun ei saa optimaalista asentoa. Ja kun molemmat on totuttu nukkuu kohtuu &hellip; <a href=\"https:\/\/pakkoneuloosi86.blogaaja.fi\/?page_id=351\" class=\"more-link\">Jatka artikkeliin <span class=\"screen-reader-text\">-S\u00e4nkyostoksilla 19.11.2016<\/span><\/a><\/p>\n","protected":false},"author":15737,"featured_media":0,"parent":232,"menu_order":6,"comment_status":"open","ping_status":"closed","template":"","meta":[],"yoast_head":"<!-- This site is optimized with the Yoast SEO plugin v15.6.2 - https:\/\/yoast.com\/wordpress\/plugins\/seo\/ -->\n<title>-S\u00e4nkyostoksilla 19.11.2016 - Pakkoneulootikon el\u00e4m\u00e4\u00e4<\/title>\n<meta name=\"robots\" content=\"index, follow, max-snippet:-1, max-image-preview:large, max-video-preview:-1\" \/>\n<link rel=\"canonical\" href=\"https:\/\/pakkoneuloosi86.blogaaja.fi\/?page_id=351\" \/>\n<meta property=\"og:locale\" content=\"fi_FI\" \/>\n<meta property=\"og:type\" content=\"article\" \/>\n<meta property=\"og:title\" content=\"-S\u00e4nkyostoksilla 19.11.2016 - Pakkoneulootikon el\u00e4m\u00e4\u00e4\" \/>\n<meta property=\"og:description\" content=\"Viime kes\u00e4st\u00e4 asti oltiin jo puhuttu, ett\u00e4 veronpalautuksilla hommataan uus s\u00e4nky. T\u00e4h\u00e4n menness\u00e4 ollaan jaettu 120cm levee s\u00e4nky ja etenkin mulla on ollu hankalaa nukkuu siin\u00e4, vaikka kuinka toisen l\u00e4heisyys on ihanaa ja tykk\u00e4\u00e4n nukkua toisenkyljess\u00e4 kii useinkin. Osittain vaikeudet nukkua johtuu niska-hartiavaivoista, kun ei saa optimaalista asentoa. Ja kun molemmat on totuttu nukkuu kohtuu &hellip; Jatka artikkeliin -S\u00e4nkyostoksilla 19.11.2016\" \/>\n<meta property=\"og:url\" content=\"https:\/\/pakkoneuloosi86.blogaaja.fi\/?page_id=351\" \/>\n<meta property=\"og:site_name\" content=\"Pakkoneulootikon el\u00e4m\u00e4\u00e4\" \/>\n<meta property=\"article:modified_time\" content=\"2016-12-01T05:09:00+00:00\" \/>\n<meta name=\"twitter:card\" content=\"summary_large_image\" \/>\n<meta name=\"twitter:label1\" content=\"Est. reading time\">\n\t<meta name=\"twitter:data1\" content=\"3 minuuttia\">\n<script type=\"application\/ld+json\" class=\"yoast-schema-graph\">{\"@context\":\"https:\/\/schema.org\",\"@graph\":[{\"@type\":\"WebSite\",\"@id\":\"https:\/\/pakkoneuloosi86.blogaaja.fi\/#website\",\"url\":\"https:\/\/pakkoneuloosi86.blogaaja.fi\/\",\"name\":\"Pakkoneulootikon el\\u00e4m\\u00e4\\u00e4\",\"description\":\"Asiasta aidanseip\\u00e4\\u00e4seen ja takasin ;)\",\"potentialAction\":[{\"@type\":\"SearchAction\",\"target\":\"https:\/\/pakkoneuloosi86.blogaaja.fi\/?s={search_term_string}\",\"query-input\":\"required name=search_term_string\"}],\"inLanguage\":\"fi\"},{\"@type\":\"WebPage\",\"@id\":\"https:\/\/pakkoneuloosi86.blogaaja.fi\/?page_id=351#webpage\",\"url\":\"https:\/\/pakkoneuloosi86.blogaaja.fi\/?page_id=351\",\"name\":\"-S\\u00e4nkyostoksilla 19.11.2016 - Pakkoneulootikon el\\u00e4m\\u00e4\\u00e4\",\"isPartOf\":{\"@id\":\"https:\/\/pakkoneuloosi86.blogaaja.fi\/#website\"},\"datePublished\":\"2016-11-19T20:45:45+00:00\",\"dateModified\":\"2016-12-01T05:09:00+00:00\",\"inLanguage\":\"fi\",\"potentialAction\":[{\"@type\":\"ReadAction\",\"target\":[\"https:\/\/pakkoneuloosi86.blogaaja.fi\/?page_id=351\"]}]}]}<\/script>\n<!-- \/ Yoast SEO plugin. -->","_links":{"self":[{"href":"https:\/\/pakkoneuloosi86.blogaaja.fi\/index.php?rest_route=\/wp\/v2\/pages\/351"}],"collection":[{"href":"https:\/\/pakkoneuloosi86.blogaaja.fi\/index.php?rest_route=\/wp\/v2\/pages"}],"about":[{"href":"https:\/\/pakkoneuloosi86.blogaaja.fi\/index.php?rest_route=\/wp\/v2\/types\/page"}],"author":[{"embeddable":true,"href":"https:\/\/pakkoneuloosi86.blogaaja.fi\/index.php?rest_route=\/wp\/v2\/users\/15737"}],"replies":[{"embeddable":true,"href":"https:\/\/pakkoneuloosi86.blogaaja.fi\/index.php?rest_route=%2Fwp%2Fv2%2Fcomments&post=351"}],"version-history":[{"count":0,"href":"https:\/\/pakkoneuloosi86.blogaaja.fi\/index.php?rest_route=\/wp\/v2\/pages\/351\/revisions"}],"up":[{"embeddable":true,"href":"https:\/\/pakkoneuloosi86.blogaaja.fi\/index.php?rest_route=\/wp\/v2\/pages\/232"}],"wp:attachment":[{"href":"https:\/\/pakkoneuloosi86.blogaaja.fi\/index.php?rest_route=%2Fwp%2Fv2%2Fmedia&parent=351"}],"curies":[{"name":"wp","href":"https:\/\/api.w.org\/{rel}","templated":true}]}}