{"id":292,"date":"2016-11-16T22:28:46","date_gmt":"2016-11-16T20:28:46","guid":{"rendered":"http:\/\/pakkoneuloosi86.blogaaja.fi\/?page_id=292"},"modified":"2016-12-01T07:11:00","modified_gmt":"2016-12-01T05:11:00","slug":"valojavaloja-3-16-11-2016","status":"publish","type":"page","link":"https:\/\/pakkoneuloosi86.blogaaja.fi\/?page_id=292","title":{"rendered":"-Valojavaloja &lt;3 16.11.2016"},"content":{"rendered":"<p>T\u00e4n\u00e4\u00e4n tullessani iltavuorosta j\u00e4in taas ihastelemaan miten kauniit valot ollaan saatu kotinurkille. Viime viikolla oli vaan himmelit, nyt oli jo kuusikin saanu valot \ud83d\ude42 Ja yks mist\u00e4 pid\u00e4n my\u00f6s on Kotkan keskustan himmelein valaistu katu &lt;3 \u00a0\u00c4lls\u00f6p\u00f6n romanttinen pieness\u00e4 lumisateessa talvella, kun on muutenkin lunta.<\/p>\n<p><img loading=\"lazy\" class=\"alignnone size-medium wp-image-335\" src=\"http:\/\/pakkoneuloosi86.blogaaja.fi\/files\/2016\/11\/20161116_215921-300x190.jpg\" alt=\"_20161116_215921\" width=\"300\" height=\"190\" srcset=\"https:\/\/pakkoneuloosi86.blogaaja.fi\/files\/2016\/11\/20161116_215921-300x190.jpg 300w, https:\/\/pakkoneuloosi86.blogaaja.fi\/files\/2016\/11\/20161116_215921.jpg 739w\" sizes=\"(max-width: 300px) 100vw, 300px\" \/><\/p>\n<p>&nbsp;<\/p>\n<p>Ja onhan se jotenkin lohdullista, kun tiet\u00e4\u00e4, ett\u00e4 valoilla saa lis\u00e4\u00e4 tunnelmaa t\u00e4n synkkyyden keskelle. Vesisadekkaan ei harmittanu yht\u00e4\u00e4n nin paljon nyt illalla. P\u00e4ivien pimetess\u00e4 ensimm\u00e4isen\u00e4 meill\u00e4 kuvaan astuu kynttil\u00e4t kotona, ja niit\u00e4 todellakin menee paljon!!<\/p>\n<p><img loading=\"lazy\" class=\"alignnone size-medium wp-image-336\" src=\"http:\/\/pakkoneuloosi86.blogaaja.fi\/files\/2016\/11\/20161115_162921-136x300.jpg\" alt=\"_20161115_162921\" width=\"136\" height=\"300\" srcset=\"https:\/\/pakkoneuloosi86.blogaaja.fi\/files\/2016\/11\/20161115_162921-136x300.jpg 136w, https:\/\/pakkoneuloosi86.blogaaja.fi\/files\/2016\/11\/20161115_162921.jpg 352w\" sizes=\"(max-width: 136px) 100vw, 136px\" \/>\u00a0<img loading=\"lazy\" class=\"alignnone size-medium wp-image-337\" src=\"http:\/\/pakkoneuloosi86.blogaaja.fi\/files\/2016\/11\/20161115_162945-178x300.jpg\" alt=\"_20161115_162945\" width=\"178\" height=\"300\" srcset=\"https:\/\/pakkoneuloosi86.blogaaja.fi\/files\/2016\/11\/20161115_162945-178x300.jpg 178w, https:\/\/pakkoneuloosi86.blogaaja.fi\/files\/2016\/11\/20161115_162945.jpg 509w\" sizes=\"(max-width: 178px) 100vw, 178px\" \/><\/p>\n<p><img loading=\"lazy\" class=\"alignnone size-medium wp-image-339\" src=\"http:\/\/pakkoneuloosi86.blogaaja.fi\/files\/2016\/11\/20161115_162720-186x300.jpg\" alt=\"_20161115_162720\" width=\"186\" height=\"300\" srcset=\"https:\/\/pakkoneuloosi86.blogaaja.fi\/files\/2016\/11\/20161115_162720-186x300.jpg 186w, https:\/\/pakkoneuloosi86.blogaaja.fi\/files\/2016\/11\/20161115_162720.jpg 575w\" sizes=\"(max-width: 186px) 100vw, 186px\" \/><\/p>\n<p>On tuoksuvia ja tuoksuttomia. On lyhtyj\u00e4 sis\u00e4ll\u00e4 ja lyhtyj\u00e4 ulkona. On isoja kynttil\u00f6it\u00e4 ja on tuikkuja. Ikea on muuten oikein oiva paikka ostaa kynttil\u00f6it\u00e4 \ud83d\ude09 ja samalla tulee testattua parisuhteen kesto \ud83d\ude00<\/p>\n<p>N\u00e4in joulun alla nautin siit\u00e4, ett\u00e4 ihmisill\u00e4 on pihoilla ja ikkunoissa erilaisia valoja. Ett\u00e4 jos just teid\u00e4n talon edess\u00e4 huokailee pimeell\u00e4 joku hullu hiiht\u00e4j\u00e4 ja tuijottelee valoja, niin se oon vaan mi\u00e4 \ud83d\ude00<\/p>\n<p>Valoja l\u00f6ytyy my\u00f6s meid\u00e4n sisustuksesta t\u00e4h\u00e4n vuodenaikaan muutenkin, kun vaan kynttil\u00f6in\u00e4. Olohuoneesta l\u00f6ytyy v\u00e4h\u00e4n v\u00e4rikk\u00e4\u00e4mp\u00e4\u00e4kin \ud83d\ude00<\/p>\n<p><img loading=\"lazy\" class=\"alignnone size-medium wp-image-340\" src=\"http:\/\/pakkoneuloosi86.blogaaja.fi\/files\/2016\/11\/20161115_163159-190x300.jpg\" alt=\"_20161115_163159\" width=\"190\" height=\"300\" srcset=\"https:\/\/pakkoneuloosi86.blogaaja.fi\/files\/2016\/11\/20161115_163159-190x300.jpg 190w, https:\/\/pakkoneuloosi86.blogaaja.fi\/files\/2016\/11\/20161115_163159.jpg 481w\" sizes=\"(max-width: 190px) 100vw, 190px\" \/><\/p>\n<p>My\u00f6s kynttelikk\u00f6 p\u00e4\u00e4si yll\u00e4tt\u00e4m\u00e4\u00e4n miut. Huomasin yhten\u00e4 iltana miten ovelasti kynttelikk\u00f6 heijastuu olohuoneen ikkunaan ja mi\u00e4h\u00e4n innostuin siit\u00e4 ihan tosissani. Kivasti ikkuna moninkertaistaa kynttil\u00e4t ja ihan kun kynttil\u00f6iden v\u00e4liss\u00e4 olis lilat kynttil\u00e4t heijastuksessa. Mi\u00e4 tykk\u00e4\u00e4n &lt;3<\/p>\n<p>&nbsp;<\/p>\n<p><img loading=\"lazy\" class=\"alignnone size-medium wp-image-341\" src=\"http:\/\/pakkoneuloosi86.blogaaja.fi\/files\/2016\/11\/20161115_162813-300x167.jpg\" alt=\"_20161115_162813\" width=\"300\" height=\"167\" srcset=\"https:\/\/pakkoneuloosi86.blogaaja.fi\/files\/2016\/11\/20161115_162813-300x167.jpg 300w, https:\/\/pakkoneuloosi86.blogaaja.fi\/files\/2016\/11\/20161115_162813-768x429.jpg 768w, https:\/\/pakkoneuloosi86.blogaaja.fi\/files\/2016\/11\/20161115_162813.jpg 930w\" sizes=\"(max-width: 300px) 100vw, 300px\" \/><\/p>\n<p>Lis\u00e4ks olohuoneesta l\u00f6ytyy t\u00e4\u00e4 mun joulupusikko jossa valot toimii paristoilla. N\u00e4iss\u00e4 ei kyll\u00e4 o ajastinta, joten usein ne ei o p\u00e4\u00e4ll\u00e4 ellen itte niit\u00e4 laita. Kun meill\u00e4 tuo avopuoliso kyll\u00e4 pist\u00e4\u00e4 kynttil\u00f6it\u00e4 palamaan, mut mi\u00e4 oon se, joka sitten heitt\u00e4\u00e4 ihan \u00f6veriks t\u00e4n homman \ud83d\ude00 Nyt puuttuu en\u00e4\u00e4 meid\u00e4n ja pojan kuusen kynttil\u00e4t \ud83d\ude09 H-hetki tulee olemaan 1.12 \ud83d\ude42<\/p>\n<p>&nbsp;<\/p>\n<p><img loading=\"lazy\" class=\"alignnone size-medium wp-image-342\" src=\"http:\/\/pakkoneuloosi86.blogaaja.fi\/files\/2016\/11\/20161115_162840-300x163.jpg\" alt=\"_20161115_162840\" width=\"300\" height=\"163\" srcset=\"https:\/\/pakkoneuloosi86.blogaaja.fi\/files\/2016\/11\/20161115_162840-300x163.jpg 300w, https:\/\/pakkoneuloosi86.blogaaja.fi\/files\/2016\/11\/20161115_162840-768x418.jpg 768w, https:\/\/pakkoneuloosi86.blogaaja.fi\/files\/2016\/11\/20161115_162840.jpg 1024w\" sizes=\"(max-width: 300px) 100vw, 300px\" \/><\/p>\n<p>Ja pitih\u00e4n my\u00f6s pojan saada huoneeseensa omat paristoilla ja ajastimella toimivat valot. Ei tarvii huolehtia sammuttamisesta, kun sammuvat itekseen sitten pojan nukahdettua. Ja poikahan oli onnesta solmussa saadessaan omat valot, tottakai \ud83d\ude42<\/p>\n<p>&nbsp;<\/p>\n<p><img loading=\"lazy\" class=\"alignnone size-medium wp-image-343\" src=\"http:\/\/pakkoneuloosi86.blogaaja.fi\/files\/2016\/11\/20161115_163331-159x300.jpg\" alt=\"_20161115_163331\" width=\"159\" height=\"300\" srcset=\"https:\/\/pakkoneuloosi86.blogaaja.fi\/files\/2016\/11\/20161115_163331-159x300.jpg 159w, https:\/\/pakkoneuloosi86.blogaaja.fi\/files\/2016\/11\/20161115_163331.jpg 542w\" sizes=\"(max-width: 159px) 100vw, 159px\" \/><\/p>\n<p>Keitti\u00f6st\u00e4 l\u00f6ytyy sitten t\u00e4hti ikkunasta, joka on yks mun suosikeista ja kest\u00e4ny vaikka kuinka monta vuotta jo \ud83d\ude42 Vaikka l\u00e4mpim\u00e4st\u00e4 valosta tykk\u00e4\u00e4nkin enemm\u00e4n. Jos ymm\u00e4rr\u00e4tte mit\u00e4 tarkotan \ud83d\ude00<\/p>\n<p>&nbsp;<\/p>\n<p><img loading=\"lazy\" class=\"alignnone size-medium wp-image-344\" src=\"http:\/\/pakkoneuloosi86.blogaaja.fi\/files\/2016\/11\/20161115_162420-205x300.jpg\" alt=\"_20161115_162420\" width=\"205\" height=\"300\" srcset=\"https:\/\/pakkoneuloosi86.blogaaja.fi\/files\/2016\/11\/20161115_162420-205x300.jpg 205w, https:\/\/pakkoneuloosi86.blogaaja.fi\/files\/2016\/11\/20161115_162420.jpg 634w\" sizes=\"(max-width: 205px) 100vw, 205px\" \/><\/p>\n<p>Makuuhuoneesta meilt\u00e4 l\u00f6ytyy vaan lyhty kynttil\u00e4ll\u00e4, koska verhot on yleens\u00e4 p\u00e4ivisinkin kiinni, niin koin v\u00e4h\u00e4n turhana laittaa mit\u00e4\u00e4n h\u00e4rp\u00e4ttimi\u00e4 sinne, kun ei ne n\u00e4y sis\u00e4llep\u00e4in. Mut mi\u00e4 tykk\u00e4\u00e4n siit\u00e4 mimmosen siluetin lyhty luo, kun siel palaa kynttil\u00e4.<\/p>\n<p>&nbsp;<\/p>\n<p><img loading=\"lazy\" class=\"alignnone size-medium wp-image-345\" src=\"http:\/\/pakkoneuloosi86.blogaaja.fi\/files\/2016\/11\/20161115_162337-1-205x300.jpg\" alt=\"_20161115_162337\" width=\"205\" height=\"300\" srcset=\"https:\/\/pakkoneuloosi86.blogaaja.fi\/files\/2016\/11\/20161115_162337-1-205x300.jpg 205w, https:\/\/pakkoneuloosi86.blogaaja.fi\/files\/2016\/11\/20161115_162337-1.jpg 592w\" sizes=\"(max-width: 205px) 100vw, 205px\" \/><\/p>\n<p>Parasta on, kun on muut valot pois ja istuu vaan kynttil\u00f6iden ja n\u00e4iden valojen loisteessa tunnelmoiden. Meill\u00e4h\u00e4n ei oo edes kattovaloja, en tykk\u00e4\u00e4 niist\u00e4 eik\u00e4 niille oo edes paikkoja katossa t\u00e4ss\u00e4 asunnossa. P\u00f6yt\u00e4- ja jalkalamppuja l\u00f6ytyy ainoastaan. Verhotankojen takana ikkunan p\u00e4\u00e4ll\u00e4 meill\u00e4 olis halogeenilamput jos niit\u00e4 haluis k\u00e4ytt\u00e4\u00e4, mut en halua \ud83d\ude00<\/p>\n<p>Jonakin p\u00e4iv\u00e4n\u00e4 olis mahtavaa p\u00e4\u00e4st\u00e4 Lappiin ja johonkin pimeeseen kauas kaupungin valosaasteesta kattomaan revontulia ja t\u00e4hti\u00e4 &lt;3 Se se vasta olis &lt;3<\/p>\n<p>N\u00e4ihin kuviin ja tunnelmiin, hyvi\u00e4 unia! Ja alkavaa loppuviikkoa \ud83d\ude42<\/p>\n<p>&lt;3 Heidi<\/p>\n<p>&nbsp;<\/p>\n","protected":false},"excerpt":{"rendered":"<p>T\u00e4n\u00e4\u00e4n tullessani iltavuorosta j\u00e4in taas ihastelemaan miten kauniit valot ollaan saatu kotinurkille. Viime viikolla oli vaan himmelit, nyt oli jo kuusikin saanu valot \ud83d\ude42 Ja yks mist\u00e4 pid\u00e4n my\u00f6s on Kotkan keskustan himmelein valaistu katu &lt;3 \u00a0\u00c4lls\u00f6p\u00f6n romanttinen pieness\u00e4 lumisateessa talvella, kun on muutenkin lunta. &nbsp; Ja onhan se jotenkin lohdullista, kun tiet\u00e4\u00e4, ett\u00e4 valoilla &hellip; <a href=\"https:\/\/pakkoneuloosi86.blogaaja.fi\/?page_id=292\" class=\"more-link\">Jatka artikkeliin <span class=\"screen-reader-text\">-Valojavaloja &lt;3 16.11.2016<\/span><\/a><\/p>\n","protected":false},"author":15737,"featured_media":0,"parent":195,"menu_order":5,"comment_status":"open","ping_status":"closed","template":"","meta":[],"yoast_head":"<!-- This site is optimized with the Yoast SEO plugin v15.6.2 - https:\/\/yoast.com\/wordpress\/plugins\/seo\/ -->\n<title>-Valojavaloja &lt;3 16.11.2016 - Pakkoneulootikon el\u00e4m\u00e4\u00e4<\/title>\n<meta name=\"robots\" content=\"index, follow, max-snippet:-1, max-image-preview:large, max-video-preview:-1\" \/>\n<link rel=\"canonical\" href=\"https:\/\/pakkoneuloosi86.blogaaja.fi\/?page_id=292\" \/>\n<meta property=\"og:locale\" content=\"fi_FI\" \/>\n<meta property=\"og:type\" content=\"article\" \/>\n<meta property=\"og:title\" content=\"-Valojavaloja &lt;3 16.11.2016 - Pakkoneulootikon el\u00e4m\u00e4\u00e4\" \/>\n<meta property=\"og:description\" content=\"T\u00e4n\u00e4\u00e4n tullessani iltavuorosta j\u00e4in taas ihastelemaan miten kauniit valot ollaan saatu kotinurkille. Viime viikolla oli vaan himmelit, nyt oli jo kuusikin saanu valot \ud83d\ude42 Ja yks mist\u00e4 pid\u00e4n my\u00f6s on Kotkan keskustan himmelein valaistu katu &lt;3 \u00a0\u00c4lls\u00f6p\u00f6n romanttinen pieness\u00e4 lumisateessa talvella, kun on muutenkin lunta. &nbsp; Ja onhan se jotenkin lohdullista, kun tiet\u00e4\u00e4, ett\u00e4 valoilla &hellip; Jatka artikkeliin -Valojavaloja &lt;3 16.11.2016\" \/>\n<meta property=\"og:url\" content=\"https:\/\/pakkoneuloosi86.blogaaja.fi\/?page_id=292\" \/>\n<meta property=\"og:site_name\" content=\"Pakkoneulootikon el\u00e4m\u00e4\u00e4\" \/>\n<meta property=\"article:modified_time\" content=\"2016-12-01T05:11:00+00:00\" \/>\n<meta property=\"og:image\" content=\"http:\/\/pakkoneuloosi86.blogaaja.fi\/files\/2016\/11\/20161116_215921-300x190.jpg\" \/>\n<meta name=\"twitter:card\" content=\"summary_large_image\" \/>\n<meta name=\"twitter:label1\" content=\"Est. reading time\">\n\t<meta name=\"twitter:data1\" content=\"3 minuuttia\">\n<script type=\"application\/ld+json\" class=\"yoast-schema-graph\">{\"@context\":\"https:\/\/schema.org\",\"@graph\":[{\"@type\":\"WebSite\",\"@id\":\"https:\/\/pakkoneuloosi86.blogaaja.fi\/#website\",\"url\":\"https:\/\/pakkoneuloosi86.blogaaja.fi\/\",\"name\":\"Pakkoneulootikon el\\u00e4m\\u00e4\\u00e4\",\"description\":\"Asiasta aidanseip\\u00e4\\u00e4seen ja takasin ;)\",\"potentialAction\":[{\"@type\":\"SearchAction\",\"target\":\"https:\/\/pakkoneuloosi86.blogaaja.fi\/?s={search_term_string}\",\"query-input\":\"required name=search_term_string\"}],\"inLanguage\":\"fi\"},{\"@type\":\"ImageObject\",\"@id\":\"https:\/\/pakkoneuloosi86.blogaaja.fi\/?page_id=292#primaryimage\",\"inLanguage\":\"fi\",\"url\":\"http:\/\/pakkoneuloosi86.blogaaja.fi\/files\/2016\/11\/20161116_215921-300x190.jpg\"},{\"@type\":\"WebPage\",\"@id\":\"https:\/\/pakkoneuloosi86.blogaaja.fi\/?page_id=292#webpage\",\"url\":\"https:\/\/pakkoneuloosi86.blogaaja.fi\/?page_id=292\",\"name\":\"-Valojavaloja &lt;3 16.11.2016 - Pakkoneulootikon el\\u00e4m\\u00e4\\u00e4\",\"isPartOf\":{\"@id\":\"https:\/\/pakkoneuloosi86.blogaaja.fi\/#website\"},\"primaryImageOfPage\":{\"@id\":\"https:\/\/pakkoneuloosi86.blogaaja.fi\/?page_id=292#primaryimage\"},\"datePublished\":\"2016-11-16T20:28:46+00:00\",\"dateModified\":\"2016-12-01T05:11:00+00:00\",\"inLanguage\":\"fi\",\"potentialAction\":[{\"@type\":\"ReadAction\",\"target\":[\"https:\/\/pakkoneuloosi86.blogaaja.fi\/?page_id=292\"]}]}]}<\/script>\n<!-- \/ Yoast SEO plugin. -->","_links":{"self":[{"href":"https:\/\/pakkoneuloosi86.blogaaja.fi\/index.php?rest_route=\/wp\/v2\/pages\/292"}],"collection":[{"href":"https:\/\/pakkoneuloosi86.blogaaja.fi\/index.php?rest_route=\/wp\/v2\/pages"}],"about":[{"href":"https:\/\/pakkoneuloosi86.blogaaja.fi\/index.php?rest_route=\/wp\/v2\/types\/page"}],"author":[{"embeddable":true,"href":"https:\/\/pakkoneuloosi86.blogaaja.fi\/index.php?rest_route=\/wp\/v2\/users\/15737"}],"replies":[{"embeddable":true,"href":"https:\/\/pakkoneuloosi86.blogaaja.fi\/index.php?rest_route=%2Fwp%2Fv2%2Fcomments&post=292"}],"version-history":[{"count":0,"href":"https:\/\/pakkoneuloosi86.blogaaja.fi\/index.php?rest_route=\/wp\/v2\/pages\/292\/revisions"}],"up":[{"embeddable":true,"href":"https:\/\/pakkoneuloosi86.blogaaja.fi\/index.php?rest_route=\/wp\/v2\/pages\/195"}],"wp:attachment":[{"href":"https:\/\/pakkoneuloosi86.blogaaja.fi\/index.php?rest_route=%2Fwp%2Fv2%2Fmedia&parent=292"}],"curies":[{"name":"wp","href":"https:\/\/api.w.org\/{rel}","templated":true}]}}