{"id":281,"date":"2016-11-15T20:47:27","date_gmt":"2016-11-15T18:47:27","guid":{"rendered":"http:\/\/pakkoneuloosi86.blogaaja.fi\/?page_id=281"},"modified":"2016-12-01T07:07:08","modified_gmt":"2016-12-01T05:07:08","slug":"paperinen-joulutahti-15-11-2016","status":"publish","type":"page","link":"https:\/\/pakkoneuloosi86.blogaaja.fi\/?page_id=281","title":{"rendered":"-Paperinen joulut\u00e4hti 15.11.2016"},"content":{"rendered":"<p>Meill\u00e4 on nyt parin p\u00e4iv\u00e4n aikana askarreltu paperit\u00e4hti\u00e4. Tai siis mi\u00e4 oon, poika on leikelly muita papereita ja avopuoliso touhunnu omiaan. Kummankaan ei ole annettu koskee mun papereihin! \ud83d\ude00 Suomalaisesta kirjakaupasta ostin jouluun sopivaa helmi\u00e4ispaperia, se kiiltelee oikeenlaisessa valossa tosi kivasti. Ja paperi on viel\u00e4p\u00e4 paksumpaa, kun normaali paperi, mik\u00e4 on hyv\u00e4, koska t\u00e4ti s\u00e4ilyy ryhdikk\u00e4\u00e4mp\u00e4n\u00e4. Onhan se hyv\u00e4, ett\u00e4 t\u00e4ti on ryhdik\u00e4s, mutta t\u00e4hte\u00e4 kyll\u00e4 tarkotin, huomasin kirjotush\u00e4r\u00f6n oikolukiessani teksti\u00e4 ja oli pakko j\u00e4tt\u00e4\u00e4 \u00a0se tuohon \ud83d\ude00<\/p>\n<figure id=\"attachment_324\" aria-describedby=\"caption-attachment-324\" style=\"width: 300px\" class=\"wp-caption alignnone\"><img loading=\"lazy\" class=\"size-medium wp-image-324\" src=\"http:\/\/pakkoneuloosi86.blogaaja.fi\/files\/2016\/11\/20161114_141123-300x210.jpg\" alt=\"Kultainen paperit\u00e4hti\" width=\"300\" height=\"210\" srcset=\"https:\/\/pakkoneuloosi86.blogaaja.fi\/files\/2016\/11\/20161114_141123-300x210.jpg 300w, https:\/\/pakkoneuloosi86.blogaaja.fi\/files\/2016\/11\/20161114_141123-768x537.jpg 768w, https:\/\/pakkoneuloosi86.blogaaja.fi\/files\/2016\/11\/20161114_141123.jpg 994w\" sizes=\"(max-width: 300px) 100vw, 300px\" \/><figcaption id=\"caption-attachment-324\" class=\"wp-caption-text\">Kultainen paperit\u00e4hti<\/figcaption><\/figure>\n<p>Ohjeet paperit\u00e4hteen l\u00f6yd\u00e4t esimerkiksi t\u00e4\u00e4lt\u00e4;\u00a0<a href=\"http:\/\/prinsessapieni.blogspot.fi\/2010\/10\/paperitahdenjoulutahden-ohjeet.html\">http:\/\/prinsessapieni.blogspot.fi\/2010\/10\/paperitahdenjoulutahden-ohjeet.html<\/a><\/p>\n<p>My\u00f6s monenlaisia muita paperit\u00e4hti\u00e4 l\u00f6ytyy googlettamalla ja yht\u00e4 mallia oon jo kokeillukkin, mutta siit\u00e4 kerron my\u00f6hemmin enemm\u00e4n \ud83d\ude42 Mik\u00e4li saan n\u00e4\u00e4 ehj\u00e4n\u00e4 alas joulun j\u00e4lkeen niin ens vuonna tehd\u00e4\u00e4n seuraks taas erilaisia t\u00e4hti\u00e4 paperista.<\/p>\n<figure id=\"attachment_325\" aria-describedby=\"caption-attachment-325\" style=\"width: 251px\" class=\"wp-caption alignnone\"><img loading=\"lazy\" class=\"size-medium wp-image-325\" src=\"http:\/\/pakkoneuloosi86.blogaaja.fi\/files\/2016\/11\/20161115_161431-251x300.jpg\" alt=\"Hopeinen paperit\u00e4hti\" width=\"251\" height=\"300\" srcset=\"https:\/\/pakkoneuloosi86.blogaaja.fi\/files\/2016\/11\/20161115_161431-251x300.jpg 251w, https:\/\/pakkoneuloosi86.blogaaja.fi\/files\/2016\/11\/20161115_161431.jpg 653w\" sizes=\"(max-width: 251px) 100vw, 251px\" \/><figcaption id=\"caption-attachment-325\" class=\"wp-caption-text\">Hopeinen paperit\u00e4hti<\/figcaption><\/figure>\n<p>Itte tein n\u00e4\u00e4 t\u00e4hdet niin, et leikkasin A4 kokoa olevan paperin puoliks ja siit\u00e4 sitten aloin ty\u00f6st\u00e4m\u00e4\u00e4n t\u00e4hte\u00e4. Jos teet t\u00e4hden koko A4 ja paperi on liian ohutta, t\u00e4hti helposti lys\u00e4ht\u00e4\u00e4 ja j\u00e4\u00e4 ruman n\u00e4k\u00f6seks. Koettu on sekin. Ja vahingosta viisastuttu \ud83d\ude42<\/p>\n<figure id=\"attachment_326\" aria-describedby=\"caption-attachment-326\" style=\"width: 252px\" class=\"wp-caption alignnone\"><img loading=\"lazy\" class=\"size-medium wp-image-326\" src=\"http:\/\/pakkoneuloosi86.blogaaja.fi\/files\/2016\/11\/20161114_151109-252x300.jpg\" alt=\"Punainen paperit\u00e4hti\" width=\"252\" height=\"300\" srcset=\"https:\/\/pakkoneuloosi86.blogaaja.fi\/files\/2016\/11\/20161114_151109-252x300.jpg 252w, https:\/\/pakkoneuloosi86.blogaaja.fi\/files\/2016\/11\/20161114_151109.jpg 679w\" sizes=\"(max-width: 252px) 100vw, 252px\" \/><figcaption id=\"caption-attachment-326\" class=\"wp-caption-text\">Punainen paperit\u00e4hti<\/figcaption><\/figure>\n<p>Meill\u00e4 n\u00e4it\u00e4 paperit\u00e4hti\u00e4 on ripustettu olohuoneen ikkunaan teipill\u00e4 kiinni, parvekkeen oven lasiin, sek\u00e4 keitti\u00f6\u00f6n. Helmi\u00e4ispaperipaketissa oli 10kpl A4 arkkeja, jotka puolittamalla saa t\u00e4hti\u00e4 tehty\u00e4 3 kpl. Ostin nelj\u00e4\u00e4 eri v\u00e4ri\u00e4 ja viel\u00e4 saa jokaisesta v\u00e4rist\u00e4 tehty\u00e4 2 t\u00e4hte\u00e4. En vaan tii\u00e4 mihin ne ty\u00f6nn\u00e4n \ud83d\ude00 Ty\u00f6maalle? \ud83d\ude00<\/p>\n<figure id=\"attachment_327\" aria-describedby=\"caption-attachment-327\" style=\"width: 300px\" class=\"wp-caption alignnone\"><img loading=\"lazy\" class=\"size-medium wp-image-327\" src=\"http:\/\/pakkoneuloosi86.blogaaja.fi\/files\/2016\/11\/20161115_161345-300x298.jpg\" alt=\"Valkoisesta helmi\u00e4ispaperista t\u00e4hti\" width=\"300\" height=\"298\" srcset=\"https:\/\/pakkoneuloosi86.blogaaja.fi\/files\/2016\/11\/20161115_161345-300x298.jpg 300w, https:\/\/pakkoneuloosi86.blogaaja.fi\/files\/2016\/11\/20161115_161345-150x150.jpg 150w, https:\/\/pakkoneuloosi86.blogaaja.fi\/files\/2016\/11\/20161115_161345.jpg 642w\" sizes=\"(max-width: 300px) 100vw, 300px\" \/><figcaption id=\"caption-attachment-327\" class=\"wp-caption-text\">Valkoisesta helmi\u00e4ispaperista t\u00e4hti<\/figcaption><\/figure>\n<p>T\u00e4n\u00e4\u00e4n illalla joogasta tullessani sorruin k\u00e4ym\u00e4\u00e4n Jotexin sivuilla kattelemassa verhoja, tietty jouluks. T\u00e4h\u00e4n nykyseen asuntoon, kun muutettiin sanoin avopuolisolle, etten kyll\u00e4 ala jouluna verhoja vaihtelemaan. Istuskelin sit tossa lattialla puhelinta n\u00e4pert\u00e4en ja tilausta l\u00e4hett\u00e4en ja satuin vilkasemaan avopuolisoa ilmeisesti virnistellen, koska h\u00e4n totes, et nyt on sellanen ilme, ett\u00e4 jotain oon tehny nyt ihan varmasti. Kerroin lopulta tilanneeni olohuoneeseen ja keitti\u00f6\u00f6n punaset verhot ja kaks joulusta kaitaliinaa, samaan hengenvetoon kerroin, ett\u00e4 ens jouluna sitten tilataan olohuoneeseen joulumatto! Rakas avopuolisoni py\u00f6ritteli p\u00e4\u00e4t\u00e4 ja repes nauramaan. Nokkelana tytt\u00f6n\u00e4 keksin syytt\u00e4\u00e4 h\u00e4nt\u00e4 t\u00e4st\u00e4 kaikesta. Avopuoliso kysy syyt\u00e4 moiseen ja mun vastaus oli, ett\u00e4 h\u00e4n saa mun olon kotosaksi ja hyv\u00e4ksi ja koska h\u00e4n on mun el\u00e4m\u00e4ss\u00e4 niin haluan ja jaksan tehd\u00e4 t\u00e4mm\u00f6si\u00e4 asioita mist\u00e4 nautin ja t\u00f6h\u00f6tt\u00e4\u00e4 ja toteuttaa itte\u00e4ni, joten vika nyt vaan on h\u00e4nen. Perustelu oli kuulemma \u00e4\u00e4rimm\u00e4isen hyv\u00e4 \ud83d\ude09<\/p>\n<p>Rentoa tiistai-iltaa kaikille!<\/p>\n<p>&lt;3 Heidi<\/p>\n","protected":false},"excerpt":{"rendered":"<p>Meill\u00e4 on nyt parin p\u00e4iv\u00e4n aikana askarreltu paperit\u00e4hti\u00e4. Tai siis mi\u00e4 oon, poika on leikelly muita papereita ja avopuoliso touhunnu omiaan. Kummankaan ei ole annettu koskee mun papereihin! \ud83d\ude00 Suomalaisesta kirjakaupasta ostin jouluun sopivaa helmi\u00e4ispaperia, se kiiltelee oikeenlaisessa valossa tosi kivasti. Ja paperi on viel\u00e4p\u00e4 paksumpaa, kun normaali paperi, mik\u00e4 on hyv\u00e4, koska t\u00e4ti s\u00e4ilyy &hellip; <a href=\"https:\/\/pakkoneuloosi86.blogaaja.fi\/?page_id=281\" class=\"more-link\">Jatka artikkeliin <span class=\"screen-reader-text\">-Paperinen joulut\u00e4hti 15.11.2016<\/span><\/a><\/p>\n","protected":false},"author":15737,"featured_media":0,"parent":218,"menu_order":4,"comment_status":"open","ping_status":"closed","template":"","meta":[],"yoast_head":"<!-- This site is optimized with the Yoast SEO plugin v15.6.2 - https:\/\/yoast.com\/wordpress\/plugins\/seo\/ -->\n<title>-Paperinen joulut\u00e4hti 15.11.2016 - Pakkoneulootikon el\u00e4m\u00e4\u00e4<\/title>\n<meta name=\"robots\" content=\"index, follow, max-snippet:-1, max-image-preview:large, max-video-preview:-1\" \/>\n<link rel=\"canonical\" href=\"https:\/\/pakkoneuloosi86.blogaaja.fi\/?page_id=281\" \/>\n<meta property=\"og:locale\" content=\"fi_FI\" \/>\n<meta property=\"og:type\" content=\"article\" \/>\n<meta property=\"og:title\" content=\"-Paperinen joulut\u00e4hti 15.11.2016 - Pakkoneulootikon el\u00e4m\u00e4\u00e4\" \/>\n<meta property=\"og:description\" content=\"Meill\u00e4 on nyt parin p\u00e4iv\u00e4n aikana askarreltu paperit\u00e4hti\u00e4. Tai siis mi\u00e4 oon, poika on leikelly muita papereita ja avopuoliso touhunnu omiaan. Kummankaan ei ole annettu koskee mun papereihin! \ud83d\ude00 Suomalaisesta kirjakaupasta ostin jouluun sopivaa helmi\u00e4ispaperia, se kiiltelee oikeenlaisessa valossa tosi kivasti. Ja paperi on viel\u00e4p\u00e4 paksumpaa, kun normaali paperi, mik\u00e4 on hyv\u00e4, koska t\u00e4ti s\u00e4ilyy &hellip; Jatka artikkeliin -Paperinen joulut\u00e4hti 15.11.2016\" \/>\n<meta property=\"og:url\" content=\"https:\/\/pakkoneuloosi86.blogaaja.fi\/?page_id=281\" \/>\n<meta property=\"og:site_name\" content=\"Pakkoneulootikon el\u00e4m\u00e4\u00e4\" \/>\n<meta property=\"article:modified_time\" content=\"2016-12-01T05:07:08+00:00\" \/>\n<meta property=\"og:image\" content=\"http:\/\/pakkoneuloosi86.blogaaja.fi\/files\/2016\/11\/20161114_141123-300x210.jpg\" \/>\n<meta name=\"twitter:card\" content=\"summary_large_image\" \/>\n<meta name=\"twitter:label1\" content=\"Est. reading time\">\n\t<meta name=\"twitter:data1\" content=\"2 minuuttia\">\n<script type=\"application\/ld+json\" class=\"yoast-schema-graph\">{\"@context\":\"https:\/\/schema.org\",\"@graph\":[{\"@type\":\"WebSite\",\"@id\":\"https:\/\/pakkoneuloosi86.blogaaja.fi\/#website\",\"url\":\"https:\/\/pakkoneuloosi86.blogaaja.fi\/\",\"name\":\"Pakkoneulootikon el\\u00e4m\\u00e4\\u00e4\",\"description\":\"Asiasta aidanseip\\u00e4\\u00e4seen ja takasin ;)\",\"potentialAction\":[{\"@type\":\"SearchAction\",\"target\":\"https:\/\/pakkoneuloosi86.blogaaja.fi\/?s={search_term_string}\",\"query-input\":\"required name=search_term_string\"}],\"inLanguage\":\"fi\"},{\"@type\":\"ImageObject\",\"@id\":\"https:\/\/pakkoneuloosi86.blogaaja.fi\/?page_id=281#primaryimage\",\"inLanguage\":\"fi\",\"url\":\"http:\/\/pakkoneuloosi86.blogaaja.fi\/files\/2016\/11\/20161114_141123-300x210.jpg\"},{\"@type\":\"WebPage\",\"@id\":\"https:\/\/pakkoneuloosi86.blogaaja.fi\/?page_id=281#webpage\",\"url\":\"https:\/\/pakkoneuloosi86.blogaaja.fi\/?page_id=281\",\"name\":\"-Paperinen joulut\\u00e4hti 15.11.2016 - Pakkoneulootikon el\\u00e4m\\u00e4\\u00e4\",\"isPartOf\":{\"@id\":\"https:\/\/pakkoneuloosi86.blogaaja.fi\/#website\"},\"primaryImageOfPage\":{\"@id\":\"https:\/\/pakkoneuloosi86.blogaaja.fi\/?page_id=281#primaryimage\"},\"datePublished\":\"2016-11-15T18:47:27+00:00\",\"dateModified\":\"2016-12-01T05:07:08+00:00\",\"inLanguage\":\"fi\",\"potentialAction\":[{\"@type\":\"ReadAction\",\"target\":[\"https:\/\/pakkoneuloosi86.blogaaja.fi\/?page_id=281\"]}]}]}<\/script>\n<!-- \/ Yoast SEO plugin. -->","_links":{"self":[{"href":"https:\/\/pakkoneuloosi86.blogaaja.fi\/index.php?rest_route=\/wp\/v2\/pages\/281"}],"collection":[{"href":"https:\/\/pakkoneuloosi86.blogaaja.fi\/index.php?rest_route=\/wp\/v2\/pages"}],"about":[{"href":"https:\/\/pakkoneuloosi86.blogaaja.fi\/index.php?rest_route=\/wp\/v2\/types\/page"}],"author":[{"embeddable":true,"href":"https:\/\/pakkoneuloosi86.blogaaja.fi\/index.php?rest_route=\/wp\/v2\/users\/15737"}],"replies":[{"embeddable":true,"href":"https:\/\/pakkoneuloosi86.blogaaja.fi\/index.php?rest_route=%2Fwp%2Fv2%2Fcomments&post=281"}],"version-history":[{"count":0,"href":"https:\/\/pakkoneuloosi86.blogaaja.fi\/index.php?rest_route=\/wp\/v2\/pages\/281\/revisions"}],"up":[{"embeddable":true,"href":"https:\/\/pakkoneuloosi86.blogaaja.fi\/index.php?rest_route=\/wp\/v2\/pages\/218"}],"wp:attachment":[{"href":"https:\/\/pakkoneuloosi86.blogaaja.fi\/index.php?rest_route=%2Fwp%2Fv2%2Fmedia&parent=281"}],"curies":[{"name":"wp","href":"https:\/\/api.w.org\/{rel}","templated":true}]}}