{"id":272,"date":"2016-11-14T20:34:56","date_gmt":"2016-11-14T18:34:56","guid":{"rendered":"http:\/\/pakkoneuloosi86.blogaaja.fi\/?page_id=272"},"modified":"2016-12-01T07:09:43","modified_gmt":"2016-12-01T05:09:43","slug":"palmikkosaarystimet-14-11-2016","status":"publish","type":"page","link":"https:\/\/pakkoneuloosi86.blogaaja.fi\/?page_id=272","title":{"rendered":"-Palmikkos\u00e4\u00e4rystimet 14.11.2016"},"content":{"rendered":"<p>T\u00e4n\u00e4\u00e4n sain valmiiks s\u00e4\u00e4rystimet, jotka pikkusisko minuu pyys neulomaan \ud83d\ude42 H\u00e4n oli ettiny kuvan netist\u00e4 mink\u00e4tyylist\u00e4 haluais ja lankana p\u00e4\u00e4dyttiin Novitan 7 veljest\u00e4 harmaa.<\/p>\n<p>T\u00e4mm\u00f6set niist\u00e4 tuli<\/p>\n<p><img loading=\"lazy\" class=\"alignnone size-medium wp-image-331\" src=\"http:\/\/pakkoneuloosi86.blogaaja.fi\/files\/2016\/11\/20161114_201202-174x300.jpg\" alt=\"_20161114_201202\" width=\"174\" height=\"300\" srcset=\"https:\/\/pakkoneuloosi86.blogaaja.fi\/files\/2016\/11\/20161114_201202-174x300.jpg 174w, https:\/\/pakkoneuloosi86.blogaaja.fi\/files\/2016\/11\/20161114_201202.jpg 594w\" sizes=\"(max-width: 174px) 100vw, 174px\" \/><\/p>\n<p>Lanka: 7 veljest\u00e4 harmaa<\/p>\n<p>Puikot: 3,5 cubics (neliskanttiset), Kotkassa saa ainakin Kangaskeitaasta \ud83d\ude42<\/p>\n<p>Luo 56 silmukkaa.<\/p>\n<p>Jaa silmukat nelj\u00e4lle puikolle, 14s per puikko.<\/p>\n<p>Neulo suljettuna neuloksena 4krs 2oikein 2nurin joustinneuletta.<\/p>\n<p>5. kerroksella neulo oikeiden silmukoiden kohalla palmikko seuraavasti: \u00a0-Ota aina eka oikee silmukka apupuikolle ty\u00f6n eteen ja neulo toinen oikea silmukka normaalisti oikealle puikolle. Sen j\u00e4lkeen neulo apupuikolla oleva oikea silmukka muy\u00f6s oikealle puikolle.<\/p>\n<p>Neulo nurjat silmukat normaalisti ja toista taas kahden oikean silmukan palmikko. Toista t\u00e4t\u00e4 kerros loppuun.<\/p>\n<p>Neulo palmikkokerrosten v\u00e4liin aina 4 krs joustinneuletta.<\/p>\n<p>Palmikko toistuu siis joka 5.krs.<\/p>\n<p>S\u00e4\u00e4rystimest\u00e4 voit tehd\u00e4 ihan niin pitk\u00e4n, kun haluut. Mi\u00e4 toistin palmikon 21 kertaa.<\/p>\n<p>Lopuksi neulo 4krs joustinneuletta ja p\u00e4\u00e4ttele s\u00e4\u00e4rystin. Huom! \u00c4l\u00e4 p\u00e4\u00e4ttele s\u00e4\u00e4rystimen suuta liian kireeksi.<\/p>\n<p>P\u00e4\u00e4ttele langanp\u00e4tk\u00e4t ja h\u00f6yryt\u00e4 kevyesti. \u00c4l\u00e4k\u00e4 ikin\u00e4ikin\u00e4ikin\u00e4 silit\u00e4 neulety\u00f6t\u00e4. Paitsi jos haluat, ett\u00e4 se l\u00e4ss\u00e4ht\u00e4\u00e4 ja menee pilalle.<\/p>\n<p>Ja muista pestess\u00e4 noudattaa lankaker\u00e4n vy\u00f6tteen pesuohjeita.<\/p>\n<p>Nyt s\u00e4\u00e4rystimet odottaa en\u00e4\u00e4 noutajaansa, ett\u00e4 p\u00e4\u00e4sev\u00e4t k\u00e4ytt\u00f6\u00f6n. Toivottavasti tuovat iloa ja l\u00e4mp\u00f6\u00e4 pitk\u00e4\u00e4n \ud83d\ude42<\/p>\n<p><img loading=\"lazy\" class=\"alignnone size-medium wp-image-332\" src=\"http:\/\/pakkoneuloosi86.blogaaja.fi\/files\/2016\/11\/20161114_201246-168x300.jpg\" alt=\"_20161114_201246\" width=\"168\" height=\"300\" srcset=\"https:\/\/pakkoneuloosi86.blogaaja.fi\/files\/2016\/11\/20161114_201246-168x300.jpg 168w, https:\/\/pakkoneuloosi86.blogaaja.fi\/files\/2016\/11\/20161114_201246.jpg 572w\" sizes=\"(max-width: 168px) 100vw, 168px\" \/><\/p>\n<p>&lt;3 Heidi<\/p>\n","protected":false},"excerpt":{"rendered":"<p>T\u00e4n\u00e4\u00e4n sain valmiiks s\u00e4\u00e4rystimet, jotka pikkusisko minuu pyys neulomaan \ud83d\ude42 H\u00e4n oli ettiny kuvan netist\u00e4 mink\u00e4tyylist\u00e4 haluais ja lankana p\u00e4\u00e4dyttiin Novitan 7 veljest\u00e4 harmaa. T\u00e4mm\u00f6set niist\u00e4 tuli Lanka: 7 veljest\u00e4 harmaa Puikot: 3,5 cubics (neliskanttiset), Kotkassa saa ainakin Kangaskeitaasta \ud83d\ude42 Luo 56 silmukkaa. Jaa silmukat nelj\u00e4lle puikolle, 14s per puikko. Neulo suljettuna neuloksena 4krs 2oikein &hellip; <a href=\"https:\/\/pakkoneuloosi86.blogaaja.fi\/?page_id=272\" class=\"more-link\">Jatka artikkeliin <span class=\"screen-reader-text\">-Palmikkos\u00e4\u00e4rystimet 14.11.2016<\/span><\/a><\/p>\n","protected":false},"author":15737,"featured_media":0,"parent":267,"menu_order":1,"comment_status":"open","ping_status":"closed","template":"","meta":[],"yoast_head":"<!-- This site is optimized with the Yoast SEO plugin v15.6.2 - https:\/\/yoast.com\/wordpress\/plugins\/seo\/ -->\n<title>-Palmikkos\u00e4\u00e4rystimet 14.11.2016 - Pakkoneulootikon el\u00e4m\u00e4\u00e4<\/title>\n<meta name=\"robots\" content=\"index, follow, max-snippet:-1, max-image-preview:large, max-video-preview:-1\" \/>\n<link rel=\"canonical\" href=\"https:\/\/pakkoneuloosi86.blogaaja.fi\/?page_id=272\" \/>\n<meta property=\"og:locale\" content=\"fi_FI\" \/>\n<meta property=\"og:type\" content=\"article\" \/>\n<meta property=\"og:title\" content=\"-Palmikkos\u00e4\u00e4rystimet 14.11.2016 - Pakkoneulootikon el\u00e4m\u00e4\u00e4\" \/>\n<meta property=\"og:description\" content=\"T\u00e4n\u00e4\u00e4n sain valmiiks s\u00e4\u00e4rystimet, jotka pikkusisko minuu pyys neulomaan \ud83d\ude42 H\u00e4n oli ettiny kuvan netist\u00e4 mink\u00e4tyylist\u00e4 haluais ja lankana p\u00e4\u00e4dyttiin Novitan 7 veljest\u00e4 harmaa. T\u00e4mm\u00f6set niist\u00e4 tuli Lanka: 7 veljest\u00e4 harmaa Puikot: 3,5 cubics (neliskanttiset), Kotkassa saa ainakin Kangaskeitaasta \ud83d\ude42 Luo 56 silmukkaa. Jaa silmukat nelj\u00e4lle puikolle, 14s per puikko. Neulo suljettuna neuloksena 4krs 2oikein &hellip; Jatka artikkeliin -Palmikkos\u00e4\u00e4rystimet 14.11.2016\" \/>\n<meta property=\"og:url\" content=\"https:\/\/pakkoneuloosi86.blogaaja.fi\/?page_id=272\" \/>\n<meta property=\"og:site_name\" content=\"Pakkoneulootikon el\u00e4m\u00e4\u00e4\" \/>\n<meta property=\"article:modified_time\" content=\"2016-12-01T05:09:43+00:00\" \/>\n<meta property=\"og:image\" content=\"http:\/\/pakkoneuloosi86.blogaaja.fi\/files\/2016\/11\/20161114_201202-174x300.jpg\" \/>\n<meta name=\"twitter:card\" content=\"summary_large_image\" \/>\n<meta name=\"twitter:label1\" content=\"Est. reading time\">\n\t<meta name=\"twitter:data1\" content=\"1 minuutti\">\n<script type=\"application\/ld+json\" class=\"yoast-schema-graph\">{\"@context\":\"https:\/\/schema.org\",\"@graph\":[{\"@type\":\"WebSite\",\"@id\":\"https:\/\/pakkoneuloosi86.blogaaja.fi\/#website\",\"url\":\"https:\/\/pakkoneuloosi86.blogaaja.fi\/\",\"name\":\"Pakkoneulootikon el\\u00e4m\\u00e4\\u00e4\",\"description\":\"Asiasta aidanseip\\u00e4\\u00e4seen ja takasin ;)\",\"potentialAction\":[{\"@type\":\"SearchAction\",\"target\":\"https:\/\/pakkoneuloosi86.blogaaja.fi\/?s={search_term_string}\",\"query-input\":\"required name=search_term_string\"}],\"inLanguage\":\"fi\"},{\"@type\":\"ImageObject\",\"@id\":\"https:\/\/pakkoneuloosi86.blogaaja.fi\/?page_id=272#primaryimage\",\"inLanguage\":\"fi\",\"url\":\"http:\/\/pakkoneuloosi86.blogaaja.fi\/files\/2016\/11\/20161114_201202-174x300.jpg\"},{\"@type\":\"WebPage\",\"@id\":\"https:\/\/pakkoneuloosi86.blogaaja.fi\/?page_id=272#webpage\",\"url\":\"https:\/\/pakkoneuloosi86.blogaaja.fi\/?page_id=272\",\"name\":\"-Palmikkos\\u00e4\\u00e4rystimet 14.11.2016 - Pakkoneulootikon el\\u00e4m\\u00e4\\u00e4\",\"isPartOf\":{\"@id\":\"https:\/\/pakkoneuloosi86.blogaaja.fi\/#website\"},\"primaryImageOfPage\":{\"@id\":\"https:\/\/pakkoneuloosi86.blogaaja.fi\/?page_id=272#primaryimage\"},\"datePublished\":\"2016-11-14T18:34:56+00:00\",\"dateModified\":\"2016-12-01T05:09:43+00:00\",\"inLanguage\":\"fi\",\"potentialAction\":[{\"@type\":\"ReadAction\",\"target\":[\"https:\/\/pakkoneuloosi86.blogaaja.fi\/?page_id=272\"]}]}]}<\/script>\n<!-- \/ Yoast SEO plugin. -->","_links":{"self":[{"href":"https:\/\/pakkoneuloosi86.blogaaja.fi\/index.php?rest_route=\/wp\/v2\/pages\/272"}],"collection":[{"href":"https:\/\/pakkoneuloosi86.blogaaja.fi\/index.php?rest_route=\/wp\/v2\/pages"}],"about":[{"href":"https:\/\/pakkoneuloosi86.blogaaja.fi\/index.php?rest_route=\/wp\/v2\/types\/page"}],"author":[{"embeddable":true,"href":"https:\/\/pakkoneuloosi86.blogaaja.fi\/index.php?rest_route=\/wp\/v2\/users\/15737"}],"replies":[{"embeddable":true,"href":"https:\/\/pakkoneuloosi86.blogaaja.fi\/index.php?rest_route=%2Fwp%2Fv2%2Fcomments&post=272"}],"version-history":[{"count":0,"href":"https:\/\/pakkoneuloosi86.blogaaja.fi\/index.php?rest_route=\/wp\/v2\/pages\/272\/revisions"}],"up":[{"embeddable":true,"href":"https:\/\/pakkoneuloosi86.blogaaja.fi\/index.php?rest_route=\/wp\/v2\/pages\/267"}],"wp:attachment":[{"href":"https:\/\/pakkoneuloosi86.blogaaja.fi\/index.php?rest_route=%2Fwp%2Fv2%2Fmedia&parent=272"}],"curies":[{"name":"wp","href":"https:\/\/api.w.org\/{rel}","templated":true}]}}