{"id":246,"date":"2016-11-13T21:43:55","date_gmt":"2016-11-13T19:43:55","guid":{"rendered":"http:\/\/pakkoneuloosi86.blogaaja.fi\/?page_id=246"},"modified":"2016-11-15T08:55:30","modified_gmt":"2016-11-15T06:55:30","slug":"moikka-maailma-23-10-2016","status":"publish","type":"page","link":"https:\/\/pakkoneuloosi86.blogaaja.fi\/?page_id=246","title":{"rendered":"Moikka maailma! 23.10.2016"},"content":{"rendered":"<p>Otsikon mukaisesti Moikka maailma!<\/p>\n<p>Liek\u00f6 joku mielenh\u00e4iri\u00f6 t\u00e4ss\u00e4 iski vai mik\u00e4 n\u00e4in illasta. Niin moni tuntuu kirjottelevan jonkunlaista blogia, ett\u00e4 luovuuden puuskassani ajattelin ittekkin t\u00e4t\u00e4 kokeilla. Ihan hakusessahan t\u00e4\u00e4 homma on. Mutta jonkunlaista ns<span style=\"font-size: 1.125em\">. p\u00e4iv\u00e4kirjaa olis kiva jakaa muille, kun en naamakirjan ihmeellisess\u00e4 maailmassakaan oo.<\/span><\/p>\n<p>Mun perheeseen kuuluu avopuoliso, kissa Turbo ja 5-vuotias poika. Leip\u00e4ni tienaan l\u00e4hihoitajana. Kaikenlainen askartelu, n\u00e4pertely, virkkailu ja neulominen on pakkomielteit\u00e4 mulle. Ideoita ja ajatuksia olis niin paljon, kun vaan ikin\u00e4 sielu siet\u00e4\u00e4, mut toteutusta rajottavia tekij\u00f6it\u00e4 nyt sattuu olemaan ajoittain enemm\u00e4n ja toisinaan v\u00e4hemm\u00e4n. Suurin rajottava tekij\u00e4 lienee raha, tai siis sen puute \ud83d\ude00 Ja seuraavana ammatti-harrastus-tauti niskahartiavaivat. Tosin sekin on vaan hidaste, ei este \ud83d\ude09<\/p>\n<p>K\u00e4sit\u00f6it\u00e4 oon tahkonnu kes\u00e4st\u00e4 2008, alkuun neuloen. Sillon tuli joululahjaks neulottua 20 paria sukkia puolessa vuodessa. Ja siit\u00e4 se sitten l\u00e4hti, nyt mopo on karannu t\u00e4ysin k\u00e4sist\u00e4. Sillosesta el\u00e4m\u00e4ntilanteesta johtuen k\u00e4sity\u00f6t oli mulle keino purkaa stressi\u00e4 ja voimavara selvit\u00e4 j\u00e4rjiss\u00e4. Nyt stressin lievitt\u00e4misen lis\u00e4ks se on keino purkaa mun hullua luovuutta johonkin n\u00e4kyv\u00e4\u00e4n. Se tunne, kun saat ty\u00f6n valmiiks &lt;3 tai oikeastaan yhen niist\u00e4 kymmenest\u00e4 ty\u00f6st\u00e4, jotka on kesken \ud83d\ude00 Ja voinen v\u00e4itt\u00e4\u00e4 tartuttaneeni k\u00e4sity\u00f6innostuksen muutamaan muuhunkin. Ei oo varmaankaan eka tai vika kerta, kun puhelin h\u00e4lytt\u00e4\u00e4 ja joku kysyy neuvoa \ud83d\ude42 Ja mulle se on merkki siit\u00e4, ett\u00e4 osaan kerrankin jotain niin hyvin, et pystyn jakamaan tieto-taitoni muiden kanssa. Nytkin puikoilla on menossa siskolle s\u00e4\u00e4rystimet. Niit\u00e4 just neuloin, kun tuli t\u00e4\u00e4 nerokas idea blogista \ud83d\ude09<\/p>\n<p>T\u00e4ytynee alkaa syventym\u00e4\u00e4n t\u00e4h\u00e4n viel\u00e4 hetkeks lis\u00e4\u00e4. Ainakin oikeenkokosten valokuvien saaminen ja lis\u00e4\u00e4minen tuottaa tuskaa ja p\u00e4\u00e4nvaivaa.. Ja aamuvuorokin kutsuu huomenna, joten palaamisiin ja unikuvia!<\/p>\n<p>&lt;3 Heidi<\/p>\n","protected":false},"excerpt":{"rendered":"<p>Otsikon mukaisesti Moikka maailma! Liek\u00f6 joku mielenh\u00e4iri\u00f6 t\u00e4ss\u00e4 iski vai mik\u00e4 n\u00e4in illasta. Niin moni tuntuu kirjottelevan jonkunlaista blogia, ett\u00e4 luovuuden puuskassani ajattelin ittekkin t\u00e4t\u00e4 kokeilla. Ihan hakusessahan t\u00e4\u00e4 homma on. Mutta jonkunlaista ns. p\u00e4iv\u00e4kirjaa olis kiva jakaa muille, kun en naamakirjan ihmeellisess\u00e4 maailmassakaan oo. Mun perheeseen kuuluu avopuoliso, kissa Turbo ja 5-vuotias poika. Leip\u00e4ni &hellip; <a href=\"https:\/\/pakkoneuloosi86.blogaaja.fi\/?page_id=246\" class=\"more-link\">Jatka artikkeliin <span class=\"screen-reader-text\">Moikka maailma! 23.10.2016<\/span><\/a><\/p>\n","protected":false},"author":15737,"featured_media":0,"parent":0,"menu_order":0,"comment_status":"open","ping_status":"closed","template":"","meta":[],"yoast_head":"<!-- This site is optimized with the Yoast SEO plugin v15.6.2 - https:\/\/yoast.com\/wordpress\/plugins\/seo\/ -->\n<title>Moikka maailma! 23.10.2016 - Pakkoneulootikon el\u00e4m\u00e4\u00e4<\/title>\n<meta name=\"robots\" content=\"index, follow, max-snippet:-1, max-image-preview:large, max-video-preview:-1\" \/>\n<link rel=\"canonical\" href=\"https:\/\/pakkoneuloosi86.blogaaja.fi\/?page_id=246\" \/>\n<meta property=\"og:locale\" content=\"fi_FI\" \/>\n<meta property=\"og:type\" content=\"article\" \/>\n<meta property=\"og:title\" content=\"Moikka maailma! 23.10.2016 - Pakkoneulootikon el\u00e4m\u00e4\u00e4\" \/>\n<meta property=\"og:description\" content=\"Otsikon mukaisesti Moikka maailma! Liek\u00f6 joku mielenh\u00e4iri\u00f6 t\u00e4ss\u00e4 iski vai mik\u00e4 n\u00e4in illasta. Niin moni tuntuu kirjottelevan jonkunlaista blogia, ett\u00e4 luovuuden puuskassani ajattelin ittekkin t\u00e4t\u00e4 kokeilla. Ihan hakusessahan t\u00e4\u00e4 homma on. Mutta jonkunlaista ns. p\u00e4iv\u00e4kirjaa olis kiva jakaa muille, kun en naamakirjan ihmeellisess\u00e4 maailmassakaan oo. Mun perheeseen kuuluu avopuoliso, kissa Turbo ja 5-vuotias poika. Leip\u00e4ni &hellip; Jatka artikkeliin Moikka maailma! 23.10.2016\" \/>\n<meta property=\"og:url\" content=\"https:\/\/pakkoneuloosi86.blogaaja.fi\/?page_id=246\" \/>\n<meta property=\"og:site_name\" content=\"Pakkoneulootikon el\u00e4m\u00e4\u00e4\" \/>\n<meta property=\"article:modified_time\" content=\"2016-11-15T06:55:30+00:00\" \/>\n<meta name=\"twitter:card\" content=\"summary_large_image\" \/>\n<meta name=\"twitter:label1\" content=\"Est. reading time\">\n\t<meta name=\"twitter:data1\" content=\"2 minuuttia\">\n<script type=\"application\/ld+json\" class=\"yoast-schema-graph\">{\"@context\":\"https:\/\/schema.org\",\"@graph\":[{\"@type\":\"WebSite\",\"@id\":\"https:\/\/pakkoneuloosi86.blogaaja.fi\/#website\",\"url\":\"https:\/\/pakkoneuloosi86.blogaaja.fi\/\",\"name\":\"Pakkoneulootikon el\\u00e4m\\u00e4\\u00e4\",\"description\":\"Asiasta aidanseip\\u00e4\\u00e4seen ja takasin ;)\",\"potentialAction\":[{\"@type\":\"SearchAction\",\"target\":\"https:\/\/pakkoneuloosi86.blogaaja.fi\/?s={search_term_string}\",\"query-input\":\"required name=search_term_string\"}],\"inLanguage\":\"fi\"},{\"@type\":\"WebPage\",\"@id\":\"https:\/\/pakkoneuloosi86.blogaaja.fi\/?page_id=246#webpage\",\"url\":\"https:\/\/pakkoneuloosi86.blogaaja.fi\/?page_id=246\",\"name\":\"Moikka maailma! 23.10.2016 - Pakkoneulootikon el\\u00e4m\\u00e4\\u00e4\",\"isPartOf\":{\"@id\":\"https:\/\/pakkoneuloosi86.blogaaja.fi\/#website\"},\"datePublished\":\"2016-11-13T19:43:55+00:00\",\"dateModified\":\"2016-11-15T06:55:30+00:00\",\"inLanguage\":\"fi\",\"potentialAction\":[{\"@type\":\"ReadAction\",\"target\":[\"https:\/\/pakkoneuloosi86.blogaaja.fi\/?page_id=246\"]}]}]}<\/script>\n<!-- \/ Yoast SEO plugin. -->","_links":{"self":[{"href":"https:\/\/pakkoneuloosi86.blogaaja.fi\/index.php?rest_route=\/wp\/v2\/pages\/246"}],"collection":[{"href":"https:\/\/pakkoneuloosi86.blogaaja.fi\/index.php?rest_route=\/wp\/v2\/pages"}],"about":[{"href":"https:\/\/pakkoneuloosi86.blogaaja.fi\/index.php?rest_route=\/wp\/v2\/types\/page"}],"author":[{"embeddable":true,"href":"https:\/\/pakkoneuloosi86.blogaaja.fi\/index.php?rest_route=\/wp\/v2\/users\/15737"}],"replies":[{"embeddable":true,"href":"https:\/\/pakkoneuloosi86.blogaaja.fi\/index.php?rest_route=%2Fwp%2Fv2%2Fcomments&post=246"}],"version-history":[{"count":0,"href":"https:\/\/pakkoneuloosi86.blogaaja.fi\/index.php?rest_route=\/wp\/v2\/pages\/246\/revisions"}],"wp:attachment":[{"href":"https:\/\/pakkoneuloosi86.blogaaja.fi\/index.php?rest_route=%2Fwp%2Fv2%2Fmedia&parent=246"}],"curies":[{"name":"wp","href":"https:\/\/api.w.org\/{rel}","templated":true}]}}