{"id":242,"date":"2016-11-13T21:39:05","date_gmt":"2016-11-13T19:39:05","guid":{"rendered":"http:\/\/pakkoneuloosi86.blogaaja.fi\/?page_id=242"},"modified":"2016-12-01T07:08:33","modified_gmt":"2016-12-01T05:08:33","slug":"kontrollifriikki-aiti-9-11-2016","status":"publish","type":"page","link":"https:\/\/pakkoneuloosi86.blogaaja.fi\/?page_id=242","title":{"rendered":"-Kontrollifriikki \u00e4iti 9.11.2016"},"content":{"rendered":"<p>Jokainenhan tiet\u00e4\u00e4 sen t\u00e4ydellisen perinteisen joulutortun luumuhillolla.<\/p>\n<p><img loading=\"lazy\" class=\"alignnone size-medium wp-image-410\" src=\"http:\/\/pakkoneuloosi86.blogaaja.fi\/files\/2016\/11\/20161109_103242-262x300.jpg\" alt=\"_20161109_103242\" width=\"262\" height=\"300\" srcset=\"https:\/\/pakkoneuloosi86.blogaaja.fi\/files\/2016\/11\/20161109_103242-262x300.jpg 262w, https:\/\/pakkoneuloosi86.blogaaja.fi\/files\/2016\/11\/20161109_103242.jpg 513w\" sizes=\"(max-width: 262px) 100vw, 262px\" \/><\/p>\n<p>Yhten\u00e4 p\u00e4iv\u00e4n\u00e4 leivottiin pojan kanssa siis joulutorttuja omenakanelimarmeladilla. Yritin h\u00e4lle n\u00e4ytt\u00e4\u00e4 miten perinteinen t\u00e4hti tehd\u00e4\u00e4n. Pari kappaletta h\u00e4n niit\u00e4 teki mun ohjaamana, mutta sitten ei en\u00e4\u00e4 jaksanu siihen kesktty\u00e4 vaan alko taittelemaan sakaroita oman mielens\u00e4 mukaan.<\/p>\n<p><img loading=\"lazy\" class=\"alignnone size-medium wp-image-411\" src=\"http:\/\/pakkoneuloosi86.blogaaja.fi\/files\/2016\/11\/2016-11-04_11.21.18-1-300x300.jpg\" alt=\"2016-11-04_11-21-18\" width=\"300\" height=\"300\" srcset=\"https:\/\/pakkoneuloosi86.blogaaja.fi\/files\/2016\/11\/2016-11-04_11.21.18-1-300x300.jpg 300w, https:\/\/pakkoneuloosi86.blogaaja.fi\/files\/2016\/11\/2016-11-04_11.21.18-1-150x150.jpg 150w, https:\/\/pakkoneuloosi86.blogaaja.fi\/files\/2016\/11\/2016-11-04_11.21.18-1-768x768.jpg 768w, https:\/\/pakkoneuloosi86.blogaaja.fi\/files\/2016\/11\/2016-11-04_11.21.18-1.jpg 1024w\" sizes=\"(max-width: 300px) 100vw, 300px\" \/><\/p>\n<p>Kesken muotoilun poika kysy multa:&#8221; \u00c4iti, eth\u00e4n sin\u00e4 suutu kun teen t\u00e4m\u00e4nn\u00e4k\u00f6isi\u00e4?&#8221; Multa meinas p\u00e4\u00e4st\u00e4 itku. Siin\u00e4 paikassa pys\u00e4hdyin miettim\u00e4\u00e4n, ett\u00e4 oonko todellakin niin perfektionisti ja kontrollifriikki, et torttujenkin pit\u00e4\u00e4 n\u00e4ytt\u00e4\u00e4 just silt\u00e4 milt\u00e4 ne on AINA n\u00e4ytt\u00e4neet. Mill\u00e4 oikeudella mi\u00e4 sanelen ja m\u00e4\u00e4r\u00e4\u00e4n milt\u00e4 sen tortun pit\u00e4\u00e4 n\u00e4ytt\u00e4\u00e4. Siit\u00e4 seuraava ajatus oli, et teenk\u00f6 mi\u00e4 samalla tavalla kun askarrellaan. Ett\u00e4 kuvittelen pojan askartelevan, mut lopulta sanelen ja teenkin itte, koska mulla on just se tietty kuva mimmonen lopputuloksesta pit\u00e4\u00e4 tulla. Ei enemp\u00e4\u00e4 eik\u00e4 v\u00e4hemp\u00e4\u00e4 erin\u00e4k\u00f6nen. Tukahdutanko lapsen luovuuden ja innon h\u00f6nkim\u00e4ll\u00e4 p\u00e4\u00e4lle, ett\u00e4 annappas kun \u00e4iti nyt n\u00e4ytt\u00e4\u00e4! Ja jos ei onnistukkaan niin lannistan toista h\u00f6nkim\u00e4ll\u00e4 lis\u00e4\u00e4 p\u00e4\u00e4lle, ett\u00e4 eiei kun kato teet n\u00e4in niinkun \u00e4iti tekee! Ja sit ihmettelen miksi poika hermostuu ja luovuttaa kesken askartelun.<\/p>\n<p>On sent\u00e4\u00e4n kyse tavallaan VAAN \u00a0luovuudesta ja mielikuvituksen k\u00e4yt\u00f6st\u00e4, eik\u00e4 suinkaan esimerkiks liikennes\u00e4\u00e4nn\u00f6ist\u00e4, joita pit\u00e4\u00e4 opetella, kerrata ja todellakin noudattaa. Eih\u00e4n luovuuden k\u00e4yt\u00f6ss\u00e4 t\u00e4mm\u00f6sess\u00e4 tilanteessa ket\u00e4\u00e4n satu tai aiheudu haittaa\/vaaraa muille. Eih\u00e4n mun avopuolisokaan tuu mulle sanomaan, ett\u00e4 eth\u00e4n si\u00e4 nyt noin voi leikata tai tehd\u00e4 tommosta villasukkaa tai eth\u00e4n si\u00e4 nyt viel\u00e4 voi laittaa joulukoristeita. Ei mun avopuoliso rajota mun luovuutta, intoa ja mielikuvitusta. Miks mi\u00e4 niin helposti teen sit\u00e4 omalle lapselleni toisinaan. Kyll\u00e4h\u00e4n meill\u00e4 poika saa kaikki pahvilaatikot k\u00e4ytt\u00f6\u00f6ns\u00e4 tuunattavaks, h\u00e4n saa sakset sillon kun niit\u00e4 pyyt\u00e4\u00e4 ja saa leikell\u00e4 ja silputa vaikka mainospostia jos haluaa ja sekotella maaleja testaten mit\u00e4 v\u00e4riyhdistelmi\u00e4 niist\u00e4 tulee. Ja pojalla on siis oma askartelutarvikelaatikko, jolle saa menn\u00e4 kun haluaa, ja mulla on sitten oma laatikko. Mutta esim. mun laatikolle menness\u00e4 se oon mi\u00e4 joka sanelee mit\u00e4 ja miten tehd\u00e4\u00e4n. Mit\u00e4 jos seuraavalla kerralla antaskin pojan ottaa ohjat k\u00e4siins\u00e4 ja pyyt\u00e4is h\u00e4nt\u00e4 kertomaan mit\u00e4 \u00e4itin pit\u00e4\u00e4 tehd\u00e4? Tuskin olis mik\u00e4\u00e4n maailmanloppu. Aika moni on mulle muihin asioihin liittyen sanonu, ett\u00e4 mit\u00e4 jos kokeilisit p\u00e4\u00e4st\u00e4\u00e4 naruista irti v\u00e4lill\u00e4. T\u00e4st\u00e4h\u00e4n olis hyv\u00e4 alottaa harjottelemaan, eik\u00f6?<\/p>\n<p>T\u00e4n\u00e4\u00e4n tehtiin joulutorttuja luumumarmeladilla, siell\u00e4 on se yks \u00e4itin oma t\u00e4htitorttu ihan t\u00e4t\u00e4 blogikirjotusta varten ja loput sai improvisoida poika.<\/p>\n<p><img loading=\"lazy\" class=\"alignnone size-medium wp-image-413\" src=\"http:\/\/pakkoneuloosi86.blogaaja.fi\/files\/2016\/11\/20161109_103330-300x249.jpg\" alt=\"_20161109_103330\" width=\"300\" height=\"249\" srcset=\"https:\/\/pakkoneuloosi86.blogaaja.fi\/files\/2016\/11\/20161109_103330-300x249.jpg 300w, https:\/\/pakkoneuloosi86.blogaaja.fi\/files\/2016\/11\/20161109_103330.jpg 757w\" sizes=\"(max-width: 300px) 100vw, 300px\" \/><\/p>\n<p><img loading=\"lazy\" class=\"alignnone size-medium wp-image-414\" src=\"http:\/\/pakkoneuloosi86.blogaaja.fi\/files\/2016\/11\/20161109_111905-300x238.jpg\" alt=\"_20161109_111905\" width=\"300\" height=\"238\" srcset=\"https:\/\/pakkoneuloosi86.blogaaja.fi\/files\/2016\/11\/20161109_111905-300x238.jpg 300w, https:\/\/pakkoneuloosi86.blogaaja.fi\/files\/2016\/11\/20161109_111905.jpg 604w\" sizes=\"(max-width: 300px) 100vw, 300px\" \/><\/p>\n<p>Olisittepa n\u00e4hneet ne onnesta loistavat silm\u00e4t ja keitti\u00f6st\u00e4 kantautuvan pojan kikatuksen. Millon oli linnunpes\u00e4, millon ruusu, kukka, vene tai maja. Ja kun tortut oli paistettu, poika ruokap\u00f6yd\u00e4st\u00e4 tullessaan totesi:&#8221; Kato \u00e4iti, tuolla on ne ihan mun itte tekem\u00e4t tortut nyt valmiit!&#8221;.<\/p>\n<p><img loading=\"lazy\" class=\"alignnone size-medium wp-image-415\" src=\"http:\/\/pakkoneuloosi86.blogaaja.fi\/files\/2016\/11\/20161109_103311-300x230.jpg\" alt=\"_20161109_103311\" width=\"300\" height=\"230\" srcset=\"https:\/\/pakkoneuloosi86.blogaaja.fi\/files\/2016\/11\/20161109_103311-300x230.jpg 300w, https:\/\/pakkoneuloosi86.blogaaja.fi\/files\/2016\/11\/20161109_103311.jpg 733w\" sizes=\"(max-width: 300px) 100vw, 300px\" \/><\/p>\n<p><img loading=\"lazy\" class=\"alignnone size-medium wp-image-417\" src=\"http:\/\/pakkoneuloosi86.blogaaja.fi\/files\/2016\/11\/20161109_104530-251x300.jpg\" alt=\"_20161109_104530\" width=\"251\" height=\"300\" srcset=\"https:\/\/pakkoneuloosi86.blogaaja.fi\/files\/2016\/11\/20161109_104530-251x300.jpg 251w, https:\/\/pakkoneuloosi86.blogaaja.fi\/files\/2016\/11\/20161109_104530.jpg 596w\" sizes=\"(max-width: 251px) 100vw, 251px\" \/><\/p>\n<p>&lt;3 Heidi<\/p>\n","protected":false},"excerpt":{"rendered":"<p>Jokainenhan tiet\u00e4\u00e4 sen t\u00e4ydellisen perinteisen joulutortun luumuhillolla. Yhten\u00e4 p\u00e4iv\u00e4n\u00e4 leivottiin pojan kanssa siis joulutorttuja omenakanelimarmeladilla. Yritin h\u00e4lle n\u00e4ytt\u00e4\u00e4 miten perinteinen t\u00e4hti tehd\u00e4\u00e4n. Pari kappaletta h\u00e4n niit\u00e4 teki mun ohjaamana, mutta sitten ei en\u00e4\u00e4 jaksanu siihen kesktty\u00e4 vaan alko taittelemaan sakaroita oman mielens\u00e4 mukaan. Kesken muotoilun poika kysy multa:&#8221; \u00c4iti, eth\u00e4n sin\u00e4 suutu kun teen t\u00e4m\u00e4nn\u00e4k\u00f6isi\u00e4?&#8221; &hellip; <a href=\"https:\/\/pakkoneuloosi86.blogaaja.fi\/?page_id=242\" class=\"more-link\">Jatka artikkeliin <span class=\"screen-reader-text\">-Kontrollifriikki \u00e4iti 9.11.2016<\/span><\/a><\/p>\n","protected":false},"author":15737,"featured_media":0,"parent":232,"menu_order":4,"comment_status":"open","ping_status":"closed","template":"","meta":[],"yoast_head":"<!-- This site is optimized with the Yoast SEO plugin v15.6.2 - https:\/\/yoast.com\/wordpress\/plugins\/seo\/ -->\n<title>-Kontrollifriikki \u00e4iti 9.11.2016 - Pakkoneulootikon el\u00e4m\u00e4\u00e4<\/title>\n<meta name=\"robots\" content=\"index, follow, max-snippet:-1, max-image-preview:large, max-video-preview:-1\" \/>\n<link rel=\"canonical\" href=\"https:\/\/pakkoneuloosi86.blogaaja.fi\/?page_id=242\" \/>\n<meta property=\"og:locale\" content=\"fi_FI\" \/>\n<meta property=\"og:type\" content=\"article\" \/>\n<meta property=\"og:title\" content=\"-Kontrollifriikki \u00e4iti 9.11.2016 - Pakkoneulootikon el\u00e4m\u00e4\u00e4\" \/>\n<meta property=\"og:description\" content=\"Jokainenhan tiet\u00e4\u00e4 sen t\u00e4ydellisen perinteisen joulutortun luumuhillolla. Yhten\u00e4 p\u00e4iv\u00e4n\u00e4 leivottiin pojan kanssa siis joulutorttuja omenakanelimarmeladilla. Yritin h\u00e4lle n\u00e4ytt\u00e4\u00e4 miten perinteinen t\u00e4hti tehd\u00e4\u00e4n. Pari kappaletta h\u00e4n niit\u00e4 teki mun ohjaamana, mutta sitten ei en\u00e4\u00e4 jaksanu siihen kesktty\u00e4 vaan alko taittelemaan sakaroita oman mielens\u00e4 mukaan. Kesken muotoilun poika kysy multa:&#8221; \u00c4iti, eth\u00e4n sin\u00e4 suutu kun teen t\u00e4m\u00e4nn\u00e4k\u00f6isi\u00e4?&#8221; &hellip; Jatka artikkeliin -Kontrollifriikki \u00e4iti 9.11.2016\" \/>\n<meta property=\"og:url\" content=\"https:\/\/pakkoneuloosi86.blogaaja.fi\/?page_id=242\" \/>\n<meta property=\"og:site_name\" content=\"Pakkoneulootikon el\u00e4m\u00e4\u00e4\" \/>\n<meta property=\"article:modified_time\" content=\"2016-12-01T05:08:33+00:00\" \/>\n<meta property=\"og:image\" content=\"http:\/\/pakkoneuloosi86.blogaaja.fi\/files\/2016\/11\/20161109_103242-262x300.jpg\" \/>\n<meta name=\"twitter:card\" content=\"summary_large_image\" \/>\n<meta name=\"twitter:label1\" content=\"Est. reading time\">\n\t<meta name=\"twitter:data1\" content=\"2 minuuttia\">\n<script type=\"application\/ld+json\" class=\"yoast-schema-graph\">{\"@context\":\"https:\/\/schema.org\",\"@graph\":[{\"@type\":\"WebSite\",\"@id\":\"https:\/\/pakkoneuloosi86.blogaaja.fi\/#website\",\"url\":\"https:\/\/pakkoneuloosi86.blogaaja.fi\/\",\"name\":\"Pakkoneulootikon el\\u00e4m\\u00e4\\u00e4\",\"description\":\"Asiasta aidanseip\\u00e4\\u00e4seen ja takasin ;)\",\"potentialAction\":[{\"@type\":\"SearchAction\",\"target\":\"https:\/\/pakkoneuloosi86.blogaaja.fi\/?s={search_term_string}\",\"query-input\":\"required name=search_term_string\"}],\"inLanguage\":\"fi\"},{\"@type\":\"ImageObject\",\"@id\":\"https:\/\/pakkoneuloosi86.blogaaja.fi\/?page_id=242#primaryimage\",\"inLanguage\":\"fi\",\"url\":\"http:\/\/pakkoneuloosi86.blogaaja.fi\/files\/2016\/11\/20161109_103242-262x300.jpg\"},{\"@type\":\"WebPage\",\"@id\":\"https:\/\/pakkoneuloosi86.blogaaja.fi\/?page_id=242#webpage\",\"url\":\"https:\/\/pakkoneuloosi86.blogaaja.fi\/?page_id=242\",\"name\":\"-Kontrollifriikki \\u00e4iti 9.11.2016 - Pakkoneulootikon el\\u00e4m\\u00e4\\u00e4\",\"isPartOf\":{\"@id\":\"https:\/\/pakkoneuloosi86.blogaaja.fi\/#website\"},\"primaryImageOfPage\":{\"@id\":\"https:\/\/pakkoneuloosi86.blogaaja.fi\/?page_id=242#primaryimage\"},\"datePublished\":\"2016-11-13T19:39:05+00:00\",\"dateModified\":\"2016-12-01T05:08:33+00:00\",\"inLanguage\":\"fi\",\"potentialAction\":[{\"@type\":\"ReadAction\",\"target\":[\"https:\/\/pakkoneuloosi86.blogaaja.fi\/?page_id=242\"]}]}]}<\/script>\n<!-- \/ Yoast SEO plugin. -->","_links":{"self":[{"href":"https:\/\/pakkoneuloosi86.blogaaja.fi\/index.php?rest_route=\/wp\/v2\/pages\/242"}],"collection":[{"href":"https:\/\/pakkoneuloosi86.blogaaja.fi\/index.php?rest_route=\/wp\/v2\/pages"}],"about":[{"href":"https:\/\/pakkoneuloosi86.blogaaja.fi\/index.php?rest_route=\/wp\/v2\/types\/page"}],"author":[{"embeddable":true,"href":"https:\/\/pakkoneuloosi86.blogaaja.fi\/index.php?rest_route=\/wp\/v2\/users\/15737"}],"replies":[{"embeddable":true,"href":"https:\/\/pakkoneuloosi86.blogaaja.fi\/index.php?rest_route=%2Fwp%2Fv2%2Fcomments&post=242"}],"version-history":[{"count":0,"href":"https:\/\/pakkoneuloosi86.blogaaja.fi\/index.php?rest_route=\/wp\/v2\/pages\/242\/revisions"}],"up":[{"embeddable":true,"href":"https:\/\/pakkoneuloosi86.blogaaja.fi\/index.php?rest_route=\/wp\/v2\/pages\/232"}],"wp:attachment":[{"href":"https:\/\/pakkoneuloosi86.blogaaja.fi\/index.php?rest_route=%2Fwp%2Fv2%2Fmedia&parent=242"}],"curies":[{"name":"wp","href":"https:\/\/api.w.org\/{rel}","templated":true}]}}