{"id":240,"date":"2016-11-13T21:37:41","date_gmt":"2016-11-13T19:37:41","guid":{"rendered":"http:\/\/pakkoneuloosi86.blogaaja.fi\/?page_id=240"},"modified":"2016-12-01T07:08:21","modified_gmt":"2016-12-01T05:08:21","slug":"3-lapsen-kuvatuki-meillekko-7-11-2016","status":"publish","type":"page","link":"https:\/\/pakkoneuloosi86.blogaaja.fi\/?page_id=240","title":{"rendered":"-Lapsen kuvatuki &#8211; Meillekk\u00f6? 7.11.2016"},"content":{"rendered":"<p>En unissanikaan kuvitellut, ett\u00e4 joku p\u00e4iv\u00e4 tultas opettelemaan kuvatuen k\u00e4ytt\u00f6\u00e4 tai ett\u00e4 edes sit\u00e4 tarvittas. En kyll\u00e4 osannu kuvitella sit\u00e4 epilepsiaakaan pojalle. Poika siirtyi kes\u00e4kuussa perhep\u00e4iv\u00e4hoitajalta p\u00e4iv\u00e4kotiin. Ryhm\u00e4koko suureni huomattavasti, eik\u00e4 aikuinen ollutkaan en\u00e4\u00e4 saatavilla pelk\u00e4st\u00e4\u00e4n h\u00e4nelle. P\u00e4iv\u00e4kodin maailma olikin aivan erilaista, kun perhep\u00e4iv\u00e4hoidossa. Onneks poika viihtyy p\u00e4iv\u00e4kodissa.<\/p>\n<p><img loading=\"lazy\" class=\"alignnone size-medium wp-image-402\" src=\"http:\/\/pakkoneuloosi86.blogaaja.fi\/files\/2016\/11\/20161120_214941-300x236.jpg\" alt=\"_20161120_214941\" width=\"300\" height=\"236\" srcset=\"https:\/\/pakkoneuloosi86.blogaaja.fi\/files\/2016\/11\/20161120_214941-300x236.jpg 300w, https:\/\/pakkoneuloosi86.blogaaja.fi\/files\/2016\/11\/20161120_214941-768x605.jpg 768w, https:\/\/pakkoneuloosi86.blogaaja.fi\/files\/2016\/11\/20161120_214941.jpg 808w\" sizes=\"(max-width: 300px) 100vw, 300px\" \/><\/p>\n<p>Kes\u00e4st\u00e4 l\u00e4htien meill\u00e4 on huomattu, ett\u00e4 pojalla on ongelmia keskittymisess\u00e4, asioiden alottamisessa ja ajoittain loppuun tekemisess\u00e4. Pettymyksien siet\u00e4minen on pojalle hankalaa, h\u00e4n on hyvin tarkka annetuista lupauksista. H\u00e4n pahoittaa hyvin helposti mielens\u00e4, mik\u00e4 sitten n\u00e4kyy itkuherkkyyten\u00e4. Tunteiden s\u00e4\u00e4tely on my\u00f6s hankalaa, h\u00e4n on hyvin spontaani ja se miten muita ihmisi\u00e4 l\u00e4hestyt\u00e4\u00e4n ja miten tietyiss\u00e4 tilanteissa k\u00e4ytt\u00e4ydyt\u00e4\u00e4n vaatii ty\u00f6st\u00e4mist\u00e4. Toisaalta h\u00e4n on hyvin empaattinen, vilpit\u00f6n ja huolehtivainen, sek\u00e4 kohtelias. Samat asiat on huomattu my\u00f6s p\u00e4iv\u00e4kodissa. Pojalla oli my\u00f6s tavattoman huono itsetunto aiemmin ja koki, ettei osaa mit\u00e4\u00e4n eik\u00e4 pysty mihink\u00e4\u00e4n. Onneks itsetunto on parantunu huomattavasti!<\/p>\n<p><img loading=\"lazy\" class=\"alignnone size-medium wp-image-403\" src=\"http:\/\/pakkoneuloosi86.blogaaja.fi\/files\/2016\/11\/20161120_215208-221x300.jpg\" alt=\"_20161120_215208\" width=\"221\" height=\"300\" srcset=\"https:\/\/pakkoneuloosi86.blogaaja.fi\/files\/2016\/11\/20161120_215208-221x300.jpg 221w, https:\/\/pakkoneuloosi86.blogaaja.fi\/files\/2016\/11\/20161120_215208.jpg 527w\" sizes=\"(max-width: 221px) 100vw, 221px\" \/><\/p>\n<p>Ohella on huomattu, ett\u00e4 poika on hyvin huomionhakuinen. Kotona tilanne on se, ett\u00e4 h\u00e4n haluaisi jatkuvasti aikuisen seuraa, etenkin jos leikkikaveria samanik\u00e4isest\u00e4 ei ole saatavilla. \u00a0Omahuoneleikit h\u00e4n kokee rangaistuksena, leikit sujuvat paremmin jos h\u00e4n saa tehd\u00e4 sen olohuoneessa aikuisen l\u00e4hell\u00e4. Toisina p\u00e4ivin\u00e4 en saa nousta edes tuolilta, kun h\u00e4n jo kysyy minne menet. Jos ovi k\u00e4y tai en oo n\u00e4kyviss\u00e4 niin heti kuuluu huuto:&#8221;\u00c4iti miss\u00e4 olet?&#8221; Se, ett\u00e4 mi\u00e4 l\u00e4hen iltavuoroon on maailman loppu ja kotiin saattaa j\u00e4\u00e4d\u00e4 itkuinen viisvuotias. L\u00e4heisyytt\u00e4 ja hellyytt\u00e4 h\u00e4n hakee meilt\u00e4 molemmilta, multa ja is\u00e4puoleltaan. Ja sit\u00e4 h\u00e4n my\u00f6s saa. H\u00e4n varmistelee, ett\u00e4 rakastetaanhan h\u00e4nt\u00e4 ja miss\u00e4 h\u00e4nen pusut ja halit on jos jompi kumpi on l\u00e4hd\u00f6s\u00e4 johonkin. Hyvin usein molemmat meist\u00e4 kertoo pojalle, ett\u00e4 h\u00e4nt\u00e4 rakastetaan. Joskus montamontamonta kertaa p\u00e4iv\u00e4ss\u00e4.<\/p>\n<p><img loading=\"lazy\" class=\"alignnone size-medium wp-image-404\" src=\"http:\/\/pakkoneuloosi86.blogaaja.fi\/files\/2016\/11\/20161120_215143-278x300.jpg\" alt=\"_20161120_215143\" width=\"278\" height=\"300\" srcset=\"https:\/\/pakkoneuloosi86.blogaaja.fi\/files\/2016\/11\/20161120_215143-278x300.jpg 278w, https:\/\/pakkoneuloosi86.blogaaja.fi\/files\/2016\/11\/20161120_215143.jpg 584w\" sizes=\"(max-width: 278px) 100vw, 278px\" \/><\/p>\n<p>Pojan keskittyminen herpaantuu helposti ja h\u00e4net pit\u00e4\u00e4 usein palauttaa takaisin tekem\u00e4ns\u00e4 asian pariin. Etenkin siirtym\u00e4tilanteissa asia on haastava. Spontaanit tapahtumat sekottaa pojan pasmat t\u00e4ysin. Heti aamusta pojalle on kerrottava mit\u00e4 p\u00e4iv\u00e4n aikana tapahtuu, samoin p\u00e4iv\u00e4kodissa on kerrottava p\u00e4iv\u00e4ohjelma tarkkaan aamupiirill\u00e4. H\u00e4nt\u00e4 on valmistettava tulevaan tapahtumaan hyviss\u00e4 ajoin, ett\u00e4 h\u00e4n ehtii valmistautua niihin. P\u00e4iv\u00e4kodissa huomattiin kuvatuen helpottavan pojan toimimista, h\u00e4n omaehtoisesti otti kuvakortit mukaan toimintaansa. Tuetun varhaiskasvatusssuunnitelman teossa todettiin, ett\u00e4 on hyv\u00e4 ottaa kuvatuki my\u00f6s kodin arkeen.<\/p>\n<p><img loading=\"lazy\" class=\"alignnone size-medium wp-image-405\" src=\"http:\/\/pakkoneuloosi86.blogaaja.fi\/files\/2016\/11\/20161120_215120-274x300.jpg\" alt=\"_20161120_215120\" width=\"274\" height=\"300\" srcset=\"https:\/\/pakkoneuloosi86.blogaaja.fi\/files\/2016\/11\/20161120_215120-274x300.jpg 274w, https:\/\/pakkoneuloosi86.blogaaja.fi\/files\/2016\/11\/20161120_215120.jpg 606w\" sizes=\"(max-width: 274px) 100vw, 274px\" \/><\/p>\n<p>Sit\u00e4h\u00e4n sitten l\u00e4hdettiin surffaamaan Papunetin saloihin;\u00a0<a href=\"http:\/\/papunet.net\/materiaalia\">http:\/\/papunet.net\/materiaalia<\/a>\u00a0Sielt\u00e4 etittiin yhes\u00e4 pojan kanssa kuvia. Tulostettiin niit\u00e4, v\u00e4ritin ne ja lopulta teippailin meid\u00e4n seinille. P\u00e4iv\u00e4kodissa kuvatuen k\u00e4ytt\u00e4minen on tietysti hoitajille osa p\u00e4ivitt\u00e4ist\u00e4 rutiinia. Mulle se on kyll\u00e4 v\u00e4h\u00e4n hankalaa. Meill\u00e4 kuvat l\u00e4hinn\u00e4 muistuttaa k\u00e4sien pesusta, valojen sammuttamisesta, oven sulkemisesta ja niin edelleen.<\/p>\n<p><img loading=\"lazy\" class=\"alignnone size-medium wp-image-406\" src=\"http:\/\/pakkoneuloosi86.blogaaja.fi\/files\/2016\/11\/20161120_215055-300x157.jpg\" alt=\"_20161120_215055\" width=\"300\" height=\"157\" srcset=\"https:\/\/pakkoneuloosi86.blogaaja.fi\/files\/2016\/11\/20161120_215055-300x157.jpg 300w, https:\/\/pakkoneuloosi86.blogaaja.fi\/files\/2016\/11\/20161120_215055-768x401.jpg 768w, https:\/\/pakkoneuloosi86.blogaaja.fi\/files\/2016\/11\/20161120_215055.jpg 945w\" sizes=\"(max-width: 300px) 100vw, 300px\" \/><\/p>\n<p>P\u00f6yt\u00e4\u00e4n on liimattu kuva ruoasta ja sy\u00f6misest\u00e4 ja, ett\u00e4 sy\u00f6misen j\u00e4lkeen astiat vied\u00e4\u00e4n p\u00f6yd\u00e4st\u00e4 pois. Kylpp\u00e4rin oven vieress\u00e4 on kuva lampusta, ett\u00e4 muistaa sammuttaa valot, kuva hiustenpesusta, kynsien leikkuusta ja hampaiden pesusta. Eteisess\u00e4 on esim. kuvat siit\u00e4 mit\u00e4 vaatetta pit\u00e4\u00e4 olla p\u00e4\u00e4ll\u00e4, kun l\u00e4htee ulos vaikka talvella.<\/p>\n<p><img loading=\"lazy\" class=\"alignnone size-medium wp-image-407\" src=\"http:\/\/pakkoneuloosi86.blogaaja.fi\/files\/2016\/11\/20161120_215033-210x300.jpg\" alt=\"_20161120_215033\" width=\"210\" height=\"300\" srcset=\"https:\/\/pakkoneuloosi86.blogaaja.fi\/files\/2016\/11\/20161120_215033-210x300.jpg 210w, https:\/\/pakkoneuloosi86.blogaaja.fi\/files\/2016\/11\/20161120_215033.jpg 500w\" sizes=\"(max-width: 210px) 100vw, 210px\" \/><\/p>\n<p>My\u00f6s erilaisista tunnetiloista on kuvat. Kun n\u00e4kee kuvasta ilmeen on helppo n\u00e4ytt\u00e4\u00e4 milt\u00e4 itsest\u00e4 tuntuu ja n\u00e4in yhteistuumin l\u00f6ydet\u00e4\u00e4n ilmeelle sanallinen vastine.<\/p>\n<p><img loading=\"lazy\" class=\"alignnone size-medium wp-image-408\" src=\"http:\/\/pakkoneuloosi86.blogaaja.fi\/files\/2016\/11\/20161120_215005-300x117.jpg\" alt=\"_20161120_215005\" width=\"300\" height=\"117\" srcset=\"https:\/\/pakkoneuloosi86.blogaaja.fi\/files\/2016\/11\/20161120_215005-300x117.jpg 300w, https:\/\/pakkoneuloosi86.blogaaja.fi\/files\/2016\/11\/20161120_215005-768x299.jpg 768w, https:\/\/pakkoneuloosi86.blogaaja.fi\/files\/2016\/11\/20161120_215005.jpg 1024w\" sizes=\"(max-width: 300px) 100vw, 300px\" \/><\/p>\n<p>My\u00f6s kehut, varotukset ja kiellot on helpompi ymm\u00e4rt\u00e4\u00e4, kun siihen liitt\u00e4\u00e4 oikeanv\u00e4risen ympyr\u00e4n. En osaa sanoo t\u00e4ss\u00e4 kohtaa viel\u00e4, onko n\u00e4\u00e4 helpottanut meid\u00e4n arjen sujuvuutta. Ehk\u00e4 niin, ettei kaikesta tarviikkaan en\u00e4\u00e4 joka kerta muistuttaa. N\u00e4in poikaa ei rassaa jatkuva muistuttelu ja jankkaaminen, jolloin hermotkin menee harvemmin. Mut sitten on niit\u00e4 huonompiakin p\u00e4ivi\u00e4 olemassa, kun ei auta kuvat eik\u00e4 puheet. Niit\u00e4 on yleens\u00e4 sillon, kun h\u00e4n tulee is\u00e4n luota kotiin.<\/p>\n<p>T\u00e4ss\u00e4 kohtaa ei pystyt\u00e4 sanomaan johtuuko edell\u00e4mainitut haasteet epilepsiasta, l\u00e4\u00e4kityksest\u00e4 vai onko mahdollisesti muu syy kyseess\u00e4. Epilepsial\u00e4\u00e4kityst\u00e4 puretaan parhaillaan. 5-vuotis neuvolassa sanottiin, ettei neuvolan t\u00e4ti olis osannu ep\u00e4ill\u00e4 mit\u00e4\u00e4n ellei palautetta olis tullu p\u00e4iv\u00e4kodista h\u00e4nelle, niin hyvin poika keskittyi kahden kesken teht\u00e4viin. Noh sillon ei ollukkaan muita h\u00e4iri\u00f6tekij\u00f6it\u00e4 ja poikahan sai aikuisen huomion ihan itelleen. Joskus tunnen itteni ihan natsimutsiks, kun poika harjottelee omahuoneaikaa ja h\u00e4n k\u00e4ytt\u00e4\u00e4kin ajan huutamiseen, itkemiseen ja yritt\u00e4\u00e4 kaikilla mahdollisilla tavoilla saada meid\u00e4t muuttamaan mielt\u00e4mme, ettei tarttis omassa huoneessa leikki\u00e4 yksin. Vaikka leikkiminen taatusti olis kivempaa. Hommattiin jopa munakello, jonka soidessa voi sitten omahuoneleikit siirt\u00e4\u00e4 aikuisten luo. Seh\u00e4n meni sit soiihen, et h\u00e4n tuijottaa kelloa ja oottaa millon se soi \ud83d\ude00 Ulkona kaverin kanssa \u00e4idintarve sitten unohtuu kyll\u00e4 ja kaikki sujuu kohtuu mallikkaasti leikkiess\u00e4.\u00a0Ja kyse ei oo siit\u00e4, ett\u00e4 ei haluttas pojan kanssa olla. Me tehd\u00e4\u00e4n vaikka mit\u00e4 yhdess\u00e4 ja vietet\u00e4\u00e4n paljonkin aikaa perheen\u00e4. Kuka tahansa saa tulla kokeilemaan meille mit\u00e4 el\u00e4m\u00e4 on, kun 23kg poikaa roikkuu jalassa ja huutaa:&#8221; \u00c4l\u00e4 \u00e4iti l\u00e4hde t\u00f6ihin!!!&#8221; tai seuraa 24\/7 per\u00e4ss\u00e4 jopa vessan ovenkin taakse.<\/p>\n<p>Vasta tuossa muutama p\u00e4iv\u00e4 sitten sain palautetta, ett\u00e4 miten voin p\u00e4\u00e4st\u00e4\u00e4 5-vuotiaan pojan yksin ulos. Hyvin, vaikka se multakin vaati aikamoista ty\u00f6t\u00e4 katkasta napanuoraa! Parvekkeen ovi ja ikkuna on aina raollaan, ett\u00e4 kuulen jos pojalla on asiaa. Eilen viimeks avopuoliso istu pipo p\u00e4\u00e4ss\u00e4, ku muka sen takia paleli sis\u00e4ll\u00e4 \ud83d\ude09 Ja hyvin h\u00e4n tiet\u00e4\u00e4 mihin tulla huutamaan kun asiaa on. \u00a0Pojalla on aina kaveri ulkona, h\u00e4n ei oo siell\u00e4 yksin. Ja kaiken lis\u00e4ks juoksen 10 min v\u00e4lein vahtaamassa, ett\u00e4 kaikki on hyvin. Pojalle se on tehny \u00e4\u00e4rett\u00f6m\u00e4n hyv\u00e4\u00e4, ett\u00e4 saa olla ulkona ilman vieress\u00e4 m\u00e4k\u00e4tt\u00e4v\u00e4\u00e4 \u00e4iti\u00e4 \ud83d\ude09 itseluottamus ja uskallus on kasvanu, sosiaaliset taidot on kehittyny ja poika kokee, ett\u00e4 \u00e4iti my\u00f6s luottaa h\u00e4neen. Ja my\u00f6s mi\u00e4 koen, ett\u00e4 pystyn luottamaan poikaan. Meill\u00e4 on selke\u00e4t ohjeet ja rajat pihalla olemiselle. Eik\u00e4 t\u00e4h\u00e4n menness\u00e4 oo tarvinnu hakea poikaa kylilt\u00e4 eik\u00e4 h\u00e4lytell\u00e4 poliisipartioita ettim\u00e4\u00e4n, eik\u00e4 auton allekkaan o j\u00e4\u00e4ny. Aina on poika joko n\u00e4kyviss\u00e4 tai kuultavissa.<\/p>\n<p>T\u00e4ll\u00e4 hetkell\u00e4 meill\u00e4 odotetaan Kelan p\u00e4\u00e4t\u00f6st\u00e4 Laku-kuntoutuksesta;<a href=\"http:\/\/www.kela.fi\/kehittamistoiminta_lasten-perhekuntoutus\">http:\/\/www.kela.fi\/kehittamistoiminta_lasten-perhekuntoutus<\/a>\u00a0mutta jos sinne ei p\u00e4\u00e4st\u00e4 niin sitte edet\u00e4\u00e4n perheneuvolan tuella. Koska kun epilepsial\u00e4\u00e4kitys kun on purettu joulukuussa, ei meill\u00e4 oo en\u00e4\u00e4 hoitosuhdetta lasten neurologian poliklinikalle mist\u00e4 neuvoja\/apua hakea, niin ne on saatava muualta. Ja onneks asioihin tartutaan jo n\u00e4in varhaisessa vaiheessa, ettei sitte koulun alettua aleta ihmettelem\u00e4\u00e4n, ett\u00e4 mit\u00e4s nyt tehh\u00e4\u00e4n..<\/p>\n<p>Ajoittain arki on haastavaa ja uuvuttavaa, mut parhaimmillaan se on antoisaa, aktiivista, rakkaudent\u00e4ytteist\u00e4, yhdess\u00e4 tekemist\u00e4, nauramista, hassuttelua, hulluttelua, halauksia, suukkoja, uuden opettelua, hellyytt\u00e4, kauniita sanoja ja v\u00e4litt\u00e4mist\u00e4 &lt;3<\/p>\n<p>Ihanaa viikkoa!<\/p>\n<p>&lt;3 Heidi<\/p>\n","protected":false},"excerpt":{"rendered":"<p>En unissanikaan kuvitellut, ett\u00e4 joku p\u00e4iv\u00e4 tultas opettelemaan kuvatuen k\u00e4ytt\u00f6\u00e4 tai ett\u00e4 edes sit\u00e4 tarvittas. En kyll\u00e4 osannu kuvitella sit\u00e4 epilepsiaakaan pojalle. Poika siirtyi kes\u00e4kuussa perhep\u00e4iv\u00e4hoitajalta p\u00e4iv\u00e4kotiin. Ryhm\u00e4koko suureni huomattavasti, eik\u00e4 aikuinen ollutkaan en\u00e4\u00e4 saatavilla pelk\u00e4st\u00e4\u00e4n h\u00e4nelle. P\u00e4iv\u00e4kodin maailma olikin aivan erilaista, kun perhep\u00e4iv\u00e4hoidossa. Onneks poika viihtyy p\u00e4iv\u00e4kodissa. Kes\u00e4st\u00e4 l\u00e4htien meill\u00e4 on huomattu, ett\u00e4 pojalla &hellip; <a href=\"https:\/\/pakkoneuloosi86.blogaaja.fi\/?page_id=240\" class=\"more-link\">Jatka artikkeliin <span class=\"screen-reader-text\">-Lapsen kuvatuki &#8211; Meillekk\u00f6? 7.11.2016<\/span><\/a><\/p>\n","protected":false},"author":15737,"featured_media":0,"parent":232,"menu_order":3,"comment_status":"open","ping_status":"closed","template":"","meta":[],"yoast_head":"<!-- This site is optimized with the Yoast SEO plugin v15.6.2 - https:\/\/yoast.com\/wordpress\/plugins\/seo\/ -->\n<title>-Lapsen kuvatuki - Meillekk\u00f6? 7.11.2016 - Pakkoneulootikon el\u00e4m\u00e4\u00e4<\/title>\n<meta name=\"robots\" content=\"index, follow, max-snippet:-1, max-image-preview:large, max-video-preview:-1\" \/>\n<link rel=\"canonical\" href=\"https:\/\/pakkoneuloosi86.blogaaja.fi\/?page_id=240\" \/>\n<meta property=\"og:locale\" content=\"fi_FI\" \/>\n<meta property=\"og:type\" content=\"article\" \/>\n<meta property=\"og:title\" content=\"-Lapsen kuvatuki - Meillekk\u00f6? 7.11.2016 - Pakkoneulootikon el\u00e4m\u00e4\u00e4\" \/>\n<meta property=\"og:description\" content=\"En unissanikaan kuvitellut, ett\u00e4 joku p\u00e4iv\u00e4 tultas opettelemaan kuvatuen k\u00e4ytt\u00f6\u00e4 tai ett\u00e4 edes sit\u00e4 tarvittas. En kyll\u00e4 osannu kuvitella sit\u00e4 epilepsiaakaan pojalle. Poika siirtyi kes\u00e4kuussa perhep\u00e4iv\u00e4hoitajalta p\u00e4iv\u00e4kotiin. Ryhm\u00e4koko suureni huomattavasti, eik\u00e4 aikuinen ollutkaan en\u00e4\u00e4 saatavilla pelk\u00e4st\u00e4\u00e4n h\u00e4nelle. P\u00e4iv\u00e4kodin maailma olikin aivan erilaista, kun perhep\u00e4iv\u00e4hoidossa. Onneks poika viihtyy p\u00e4iv\u00e4kodissa. Kes\u00e4st\u00e4 l\u00e4htien meill\u00e4 on huomattu, ett\u00e4 pojalla &hellip; Jatka artikkeliin -Lapsen kuvatuki &#8211; Meillekk\u00f6? 7.11.2016\" \/>\n<meta property=\"og:url\" content=\"https:\/\/pakkoneuloosi86.blogaaja.fi\/?page_id=240\" \/>\n<meta property=\"og:site_name\" content=\"Pakkoneulootikon el\u00e4m\u00e4\u00e4\" \/>\n<meta property=\"article:modified_time\" content=\"2016-12-01T05:08:21+00:00\" \/>\n<meta property=\"og:image\" content=\"http:\/\/pakkoneuloosi86.blogaaja.fi\/files\/2016\/11\/20161120_214941-300x236.jpg\" \/>\n<meta name=\"twitter:card\" content=\"summary_large_image\" \/>\n<meta name=\"twitter:label1\" content=\"Est. reading time\">\n\t<meta name=\"twitter:data1\" content=\"6 minuuttia\">\n<script type=\"application\/ld+json\" class=\"yoast-schema-graph\">{\"@context\":\"https:\/\/schema.org\",\"@graph\":[{\"@type\":\"WebSite\",\"@id\":\"https:\/\/pakkoneuloosi86.blogaaja.fi\/#website\",\"url\":\"https:\/\/pakkoneuloosi86.blogaaja.fi\/\",\"name\":\"Pakkoneulootikon el\\u00e4m\\u00e4\\u00e4\",\"description\":\"Asiasta aidanseip\\u00e4\\u00e4seen ja takasin ;)\",\"potentialAction\":[{\"@type\":\"SearchAction\",\"target\":\"https:\/\/pakkoneuloosi86.blogaaja.fi\/?s={search_term_string}\",\"query-input\":\"required name=search_term_string\"}],\"inLanguage\":\"fi\"},{\"@type\":\"ImageObject\",\"@id\":\"https:\/\/pakkoneuloosi86.blogaaja.fi\/?page_id=240#primaryimage\",\"inLanguage\":\"fi\",\"url\":\"http:\/\/pakkoneuloosi86.blogaaja.fi\/files\/2016\/11\/20161120_214941-300x236.jpg\"},{\"@type\":\"WebPage\",\"@id\":\"https:\/\/pakkoneuloosi86.blogaaja.fi\/?page_id=240#webpage\",\"url\":\"https:\/\/pakkoneuloosi86.blogaaja.fi\/?page_id=240\",\"name\":\"-Lapsen kuvatuki - Meillekk\\u00f6? 7.11.2016 - Pakkoneulootikon el\\u00e4m\\u00e4\\u00e4\",\"isPartOf\":{\"@id\":\"https:\/\/pakkoneuloosi86.blogaaja.fi\/#website\"},\"primaryImageOfPage\":{\"@id\":\"https:\/\/pakkoneuloosi86.blogaaja.fi\/?page_id=240#primaryimage\"},\"datePublished\":\"2016-11-13T19:37:41+00:00\",\"dateModified\":\"2016-12-01T05:08:21+00:00\",\"inLanguage\":\"fi\",\"potentialAction\":[{\"@type\":\"ReadAction\",\"target\":[\"https:\/\/pakkoneuloosi86.blogaaja.fi\/?page_id=240\"]}]}]}<\/script>\n<!-- \/ Yoast SEO plugin. -->","_links":{"self":[{"href":"https:\/\/pakkoneuloosi86.blogaaja.fi\/index.php?rest_route=\/wp\/v2\/pages\/240"}],"collection":[{"href":"https:\/\/pakkoneuloosi86.blogaaja.fi\/index.php?rest_route=\/wp\/v2\/pages"}],"about":[{"href":"https:\/\/pakkoneuloosi86.blogaaja.fi\/index.php?rest_route=\/wp\/v2\/types\/page"}],"author":[{"embeddable":true,"href":"https:\/\/pakkoneuloosi86.blogaaja.fi\/index.php?rest_route=\/wp\/v2\/users\/15737"}],"replies":[{"embeddable":true,"href":"https:\/\/pakkoneuloosi86.blogaaja.fi\/index.php?rest_route=%2Fwp%2Fv2%2Fcomments&post=240"}],"version-history":[{"count":0,"href":"https:\/\/pakkoneuloosi86.blogaaja.fi\/index.php?rest_route=\/wp\/v2\/pages\/240\/revisions"}],"up":[{"embeddable":true,"href":"https:\/\/pakkoneuloosi86.blogaaja.fi\/index.php?rest_route=\/wp\/v2\/pages\/232"}],"wp:attachment":[{"href":"https:\/\/pakkoneuloosi86.blogaaja.fi\/index.php?rest_route=%2Fwp%2Fv2%2Fmedia&parent=240"}],"curies":[{"name":"wp","href":"https:\/\/api.w.org\/{rel}","templated":true}]}}