{"id":237,"date":"2016-11-13T21:34:44","date_gmt":"2016-11-13T19:34:44","guid":{"rendered":"http:\/\/pakkoneuloosi86.blogaaja.fi\/?page_id=237"},"modified":"2016-12-01T07:07:55","modified_gmt":"2016-12-01T05:07:55","slug":"2-ne-helsingin-terveiset-29-30-10-2016-3-11-2016","status":"publish","type":"page","link":"https:\/\/pakkoneuloosi86.blogaaja.fi\/?page_id=237","title":{"rendered":"-Ne Helsingin terveiset 29.-30.10.2016 (3.11.2016)"},"content":{"rendered":"<p>Viime vuonna avopuoliso k\u00e4vi lakritsi- ja salmiakkifestivaaleilla n\u00e4ihin samoihin aikoihin. N\u00e4hty\u00e4ni valokuvat, saatuani tuliaiset ja todistettuani toisen ylitsepursuavan innon, halusin ehdottomasti itte mukaan seuraavalla kerralla kun ne olis. Ja niinh\u00e4n se j\u00e4rjesty, ett\u00e4 t\u00e4n\u00e4 vuonna l\u00e4hdettiin yhdess\u00e4. Lakritsi- ja salmiakkifestivaalit onkin sit oma blogipostauksensa. Olin pitk\u00e4\u00e4n siin\u00e4 uskossa, ett\u00e4 menn\u00e4\u00e4n ja tullaan lauantaina. Mut avopuoliso olikin ajatellu meid\u00e4n vuosip\u00e4iv\u00e4\u00e4, joka oli muutama p\u00e4iv\u00e4 aiemmin. H\u00e4\u00e4 olikin hommannu lauantaille menoliput Onnibussilla, liput festivaalialueelle, illaks liput stand up-keikalle, y\u00f6n hotellissa ja paluun seuraavalle p\u00e4iv\u00e4lle takasin kotiin Onnibussilla. Ja mun ei tarvinnu kun pakata tavarat ja nauttia siit\u00e4, ett\u00e4 toinen oli hoitanu kaiken valmiiks ja olla onnellinen &lt;3<\/p>\n<p>Lauantai aamuna, kun l\u00e4hettiin kotoa, sato vett\u00e4. Meid\u00e4n Onnibussi l\u00e4hti Sutelan pikavuoropys\u00e4kilt\u00e4 klo 10. Ikin\u00e4h\u00e4n en ollu Onnibussilla matkustanu, ett\u00e4 nyt on sekin neitsyys menny. Avopuolisolla ehk\u00e4 oli hiukan kest\u00e4mist\u00e4 mun jankuttamisessa, ett\u00e4 menn\u00e4\u00e4nh\u00e4n sitten yl\u00f6s istumaan jookojooko!!! Ja hei, mi\u00e4 p\u00e4\u00e4sin sinne yl\u00e4kertaan. Matkanteko oli oikeen mukavaa, mi\u00e4 mahuin hyvin istumaan, pieni ja lyhytjalkanen kun oon. Avopuolisolla oli sit v\u00e4h\u00e4n ahtaampaa. Mut t\u00e4ys oli bussi Porvoosta matkan jatkuessa! Miten kiva olikaan katella tutun reitin maisemia eri perspektiivist\u00e4, maisemat sai t\u00e4ysin uuden ulottuvuuden. Nautin joka hetkest\u00e4. Helsingiss\u00e4 Kampissa oltiin noin klo 12. Helsingiss\u00e4 ei satanu, kiva oli ilma \ud83d\ude42<\/p>\n<p>Ennen kun l\u00e4hettiin salmiakki- ja lakritsifestivaaleille, k\u00e4ytiin Subwayn kautta. Olipa ekakertalaisena kokemus sekin. Omissa kuvitelmissani oon luullu, et meet vaan tiskille ja sanot mink\u00e4 leiv\u00e4n haluat ja ne tekee sen. Mut hehheh, ei se ookka niin yksinkertasta. Ekana sun pit\u00e4\u00e4 valita leip\u00e4, sit siirryt eteenp\u00e4in ja valkkaat mit\u00e4 lihapuolta haluat, sit ne alkaa sekottaa sun p\u00e4\u00e4t\u00e4 juustolla. Ja \u00e4kki\u00e4 eteenp\u00e4in, kun seuraava asiakas hengitt\u00e4\u00e4 niskaan. Valikoi mit\u00e4 kasviksia tai vihanneksia otat, mit\u00e4 kastiketta, otatko etikkaa ym. mausteita. Ja viel\u00e4 juoma, miks isompi juoma on vaan 10 sentti\u00e4 kalliimpi, kun pieni?? Ja mit\u00e4h\u00e4n juomaa t\u00e4ss\u00e4 nyt ehtii valkata ennen kun seuraava asiakas tulee niskaan. Sitten maksat, k\u00e4teisell\u00e4 tottakai t\u00e4ss\u00e4 tapauksessa. Saat ne s\u00e4mpyl\u00e4t k\u00e4teen ja sen tyhj\u00e4n mukin, kun otit hanajuoman, mutta&#8230; Miss\u00e4 ne vaihtorahat? Miksei se kassa ojenna mulle niit\u00e4? T\u00e4hh\u00e4h? Ne vaihtorahat hei? P\u00e4\u00e4 py\u00f6rii ku p\u00f6ll\u00f6npojalla, kunnes kassa ilmottaa, vaihtorahat on t\u00e4ss\u00e4 kourussa (joka tulee kassakoneesta). Ai aha, kiitos, onpa n\u00e4pp\u00e4r\u00e4\u00e4, mutta tyhm\u00e4\u00e4 silti. Onneks osasin edes sy\u00f6d\u00e4 sen s\u00e4mpyl\u00e4n ja juoda juoman \ud83d\ude00 Ihmiselle, jolle on muutenkin vaikeeta p\u00e4\u00e4tt\u00e4\u00e4 asioista puolessa minuutissa, kokemus oli eka kertaa kovin h\u00e4mment\u00e4v\u00e4 ja hitusen ahdistavakin.<\/p>\n<p><img loading=\"lazy\" class=\"alignnone size-medium wp-image-385\" src=\"http:\/\/pakkoneuloosi86.blogaaja.fi\/files\/2016\/11\/20161120_213029-300x300.jpg\" alt=\"_20161120_213029\" width=\"300\" height=\"300\" srcset=\"https:\/\/pakkoneuloosi86.blogaaja.fi\/files\/2016\/11\/20161120_213029-300x300.jpg 300w, https:\/\/pakkoneuloosi86.blogaaja.fi\/files\/2016\/11\/20161120_213029-150x150.jpg 150w, https:\/\/pakkoneuloosi86.blogaaja.fi\/files\/2016\/11\/20161120_213029-768x771.jpg 768w, https:\/\/pakkoneuloosi86.blogaaja.fi\/files\/2016\/11\/20161120_213029.jpg 1020w\" sizes=\"(max-width: 300px) 100vw, 300px\" \/><\/p>\n<p>Kampin subwaysta matka jatku raitiovaunulle. Enp\u00e4 ollu semmosellakaan ikin\u00e4 ajanu. Taisin avopuolisollekkin todeta, et nyt oon kyll\u00e4 niin ep\u00e4mukavuusalueella, ett\u00e4 huhhei. Mulla ei taaskaan ollu mit\u00e4\u00e4n k\u00e4ry\u00e4, miten asiat toimii. Onneks avopuoliso oli t\u00e4ss\u00e4kin asiassa viisaampi. Wanhaan Satamaan Katajanokalle piti p\u00e4\u00e4st\u00e4. Ja p\u00e4\u00e4stiinh\u00e4n me.<\/p>\n<p><img loading=\"lazy\" class=\"alignnone size-medium wp-image-386\" src=\"http:\/\/pakkoneuloosi86.blogaaja.fi\/files\/2016\/11\/20161120_213116-263x300.jpg\" alt=\"_20161120_213116\" width=\"263\" height=\"300\" srcset=\"https:\/\/pakkoneuloosi86.blogaaja.fi\/files\/2016\/11\/20161120_213116-263x300.jpg 263w, https:\/\/pakkoneuloosi86.blogaaja.fi\/files\/2016\/11\/20161120_213116.jpg 488w\" sizes=\"(max-width: 263px) 100vw, 263px\" \/><\/p>\n<p>Lakritsi- ja salmiakkifestivaaleilla oltiin joskus yhen maissa. Onneks oli liput valmiiks, niin jonottamiseen sis\u00e4lle ei menny kauheesti aikaa. Sen enemp\u00e4\u00e4 en t\u00e4ss\u00e4 postauksessa niihin syvenny, vaan teen ihan oman postauksen tapahtumasta.<\/p>\n<p><img loading=\"lazy\" class=\"alignnone size-medium wp-image-387\" src=\"http:\/\/pakkoneuloosi86.blogaaja.fi\/files\/2016\/11\/20161120_213134-215x300.jpg\" alt=\"_20161120_213134\" width=\"215\" height=\"300\" srcset=\"https:\/\/pakkoneuloosi86.blogaaja.fi\/files\/2016\/11\/20161120_213134-215x300.jpg 215w, https:\/\/pakkoneuloosi86.blogaaja.fi\/files\/2016\/11\/20161120_213134.jpg 531w\" sizes=\"(max-width: 215px) 100vw, 215px\" \/><\/p>\n<p>&nbsp;<\/p>\n<p>Kyll\u00e4h\u00e4n siel aikaa sai menem\u00e4\u00e4n monta tuntia. Hotellilla oltiin joskus puoli viiden pintaan. Hotelli oli Scandic Paasi ja k\u00e4vellen meni puolisen tuntia sinne, matkaa oli alta 2km. Asiakaspalvelu oli hyvin yst\u00e4v\u00e4llist\u00e4 ja vastaanotto l\u00e4mmin. Huone meill\u00e4 oli ylimm\u00e4ss\u00e4, eli 6. kerroksessa. Meilt\u00e4 l\u00f6yty oma parveke ja oma sauna!! Miten parasta, hotellihuone, jossa oma sauna!! &lt;3 Hissi\u00e4 v\u00e4h\u00e4n ensin ihmeteltiin, et miksei liiku, mutta avainkortilla asia ratkes.<\/p>\n<p><img loading=\"lazy\" class=\"alignnone size-medium wp-image-388\" src=\"http:\/\/pakkoneuloosi86.blogaaja.fi\/files\/2016\/11\/20161120_213216-168x300.jpg\" alt=\"_20161120_213216\" width=\"168\" height=\"300\" srcset=\"https:\/\/pakkoneuloosi86.blogaaja.fi\/files\/2016\/11\/20161120_213216-168x300.jpg 168w, https:\/\/pakkoneuloosi86.blogaaja.fi\/files\/2016\/11\/20161120_213216.jpg 558w\" sizes=\"(max-width: 168px) 100vw, 168px\" \/>\u00a0<img loading=\"lazy\" class=\"alignnone size-medium wp-image-389\" src=\"http:\/\/pakkoneuloosi86.blogaaja.fi\/files\/2016\/11\/20161120_213254-171x300.jpg\" alt=\"_20161120_213254\" width=\"171\" height=\"300\" srcset=\"https:\/\/pakkoneuloosi86.blogaaja.fi\/files\/2016\/11\/20161120_213254-171x300.jpg 171w, https:\/\/pakkoneuloosi86.blogaaja.fi\/files\/2016\/11\/20161120_213254.jpg 521w\" sizes=\"(max-width: 171px) 100vw, 171px\" \/><\/p>\n<p>S\u00e4ngyll\u00e4 oli oikeen s\u00f6p\u00f6t syd\u00e4ntyynyt. Arvatkaa vaan, kuinka juhlaa oli p\u00e4\u00e4st\u00e4 leveeseen s\u00e4nkyyn nukkumaan, kun t\u00e4h\u00e4n menness\u00e4 ollaan jaettu kotona 120cm levee s\u00e4nky \ud83d\ude00<\/p>\n<p><img loading=\"lazy\" class=\"alignnone size-medium wp-image-390\" src=\"http:\/\/pakkoneuloosi86.blogaaja.fi\/files\/2016\/11\/20161120_213413-170x300.jpg\" alt=\"_20161120_213413\" width=\"170\" height=\"300\" srcset=\"https:\/\/pakkoneuloosi86.blogaaja.fi\/files\/2016\/11\/20161120_213413-170x300.jpg 170w, https:\/\/pakkoneuloosi86.blogaaja.fi\/files\/2016\/11\/20161120_213413.jpg 542w\" sizes=\"(max-width: 170px) 100vw, 170px\" \/><\/p>\n<p>&nbsp;<\/p>\n<p>Ja parvekkeellakin olis ollu kiva istuskella jos olis ollu aikaa ja s\u00e4\u00e4 l\u00e4mpim\u00e4mpi<\/p>\n<p><img loading=\"lazy\" class=\"alignnone size-medium wp-image-391\" src=\"http:\/\/pakkoneuloosi86.blogaaja.fi\/files\/2016\/11\/20161120_213320-171x300.jpg\" alt=\"_20161120_213320\" width=\"171\" height=\"300\" srcset=\"https:\/\/pakkoneuloosi86.blogaaja.fi\/files\/2016\/11\/20161120_213320-171x300.jpg 171w, https:\/\/pakkoneuloosi86.blogaaja.fi\/files\/2016\/11\/20161120_213320.jpg 528w\" sizes=\"(max-width: 171px) 100vw, 171px\" \/>\u00a0<img loading=\"lazy\" class=\"alignnone size-medium wp-image-392\" src=\"http:\/\/pakkoneuloosi86.blogaaja.fi\/files\/2016\/11\/20161120_213339-300x163.jpg\" alt=\"_20161120_213339\" width=\"300\" height=\"163\" srcset=\"https:\/\/pakkoneuloosi86.blogaaja.fi\/files\/2016\/11\/20161120_213339-300x163.jpg 300w, https:\/\/pakkoneuloosi86.blogaaja.fi\/files\/2016\/11\/20161120_213339-768x418.jpg 768w, https:\/\/pakkoneuloosi86.blogaaja.fi\/files\/2016\/11\/20161120_213339.jpg 1024w\" sizes=\"(max-width: 300px) 100vw, 300px\" \/><\/p>\n<p>Respasta kysyttiin mink\u00e4laista ruokapaikkaa olis l\u00e4hell\u00e4, johon ei tarvis varata p\u00f6yt\u00e4\u00e4 ja olis kohtuu edullinen. Suosittelivat tietysti heid\u00e4n ravintolaa Graniittilinnaa. Koska avopuoliso on Scandicin etuasiakas, ruoasta sais -20% ja mukana olis viel\u00e4 5\u20ac alennus hotelliasiakkaalle. P\u00e4\u00e4dyttiin siis Graniittilinnaan, koska aikaa ei kauheesti ollu muuta l\u00e4htee ettim\u00e4\u00e4n. Ravintola oli ihan kiva ja tunnelmallinen, istumapaikka huono. Ulko-ovesta ihmisten liikkuessa, meid\u00e4n p\u00f6yt\u00e4\u00e4n tuli kylm\u00e4 heti. Avopuoliso s\u00f6i Grillattua poroa ja mi\u00e4 ankanrintaa. Hyv\u00e4\u00e4 oli ja alennusten j\u00e4lkeen kokonaishinnaks j\u00e4i 41\u20ac. Alennusta tuli p\u00e4\u00e4lt\u00e4 16\u20ac.<\/p>\n<p><img loading=\"lazy\" class=\"alignnone size-medium wp-image-393\" src=\"http:\/\/pakkoneuloosi86.blogaaja.fi\/files\/2016\/11\/unnamed-file-300x169.jpg\" alt=\"\" width=\"300\" height=\"169\" srcset=\"https:\/\/pakkoneuloosi86.blogaaja.fi\/files\/2016\/11\/unnamed-file-300x169.jpg 300w, https:\/\/pakkoneuloosi86.blogaaja.fi\/files\/2016\/11\/unnamed-file-768x432.jpg 768w, https:\/\/pakkoneuloosi86.blogaaja.fi\/files\/2016\/11\/unnamed-file.jpg 970w\" sizes=\"(max-width: 300px) 100vw, 300px\" \/><\/p>\n<p>Ruoan j\u00e4lkeen l\u00e4hettiin k\u00e4velem\u00e4\u00e4n Apollo Live Clubille. Sinne oli liput siis stand up-keikalle varattu. Sis\u00e4\u00e4n p\u00e4\u00e4si klo 19 alkaen ja show alko klo 20. Ennen sis\u00e4\u00e4np\u00e4\u00e4sy\u00e4 mulle minttukaakkaota ja avopuolisolle Baileys-kahvia. Eniten taisin ihastuu Apollon katossa olevaan koristeeseen;<\/p>\n<p><img loading=\"lazy\" class=\"alignnone size-medium wp-image-394\" src=\"http:\/\/pakkoneuloosi86.blogaaja.fi\/files\/2016\/11\/20161120_213516-300x164.jpg\" alt=\"_20161120_213516\" width=\"300\" height=\"164\" srcset=\"https:\/\/pakkoneuloosi86.blogaaja.fi\/files\/2016\/11\/20161120_213516-300x164.jpg 300w, https:\/\/pakkoneuloosi86.blogaaja.fi\/files\/2016\/11\/20161120_213516-768x421.jpg 768w, https:\/\/pakkoneuloosi86.blogaaja.fi\/files\/2016\/11\/20161120_213516.jpg 946w\" sizes=\"(max-width: 300px) 100vw, 300px\" \/><\/p>\n<p>Illan esiintyjin\u00e4 oli;<\/p>\n<figure id=\"attachment_395\" aria-describedby=\"caption-attachment-395\" style=\"width: 149px\" class=\"wp-caption alignnone\"><img loading=\"lazy\" class=\"size-medium wp-image-395\" src=\"http:\/\/pakkoneuloosi86.blogaaja.fi\/files\/2016\/11\/20161120_214514-149x300.jpg\" alt=\"Jussi Simola\" width=\"149\" height=\"300\" srcset=\"https:\/\/pakkoneuloosi86.blogaaja.fi\/files\/2016\/11\/20161120_214514-149x300.jpg 149w, https:\/\/pakkoneuloosi86.blogaaja.fi\/files\/2016\/11\/20161120_214514.jpg 449w\" sizes=\"(max-width: 149px) 100vw, 149px\" \/><figcaption id=\"caption-attachment-395\" class=\"wp-caption-text\">Jussi Simola<\/figcaption><\/figure>\n<figure id=\"attachment_396\" aria-describedby=\"caption-attachment-396\" style=\"width: 169px\" class=\"wp-caption alignnone\"><img loading=\"lazy\" class=\"size-medium wp-image-396\" src=\"http:\/\/pakkoneuloosi86.blogaaja.fi\/files\/2016\/11\/20161120_213549-169x300.jpg\" alt=\"Hegleikur Dagsson\" width=\"169\" height=\"300\" srcset=\"https:\/\/pakkoneuloosi86.blogaaja.fi\/files\/2016\/11\/20161120_213549-169x300.jpg 169w, https:\/\/pakkoneuloosi86.blogaaja.fi\/files\/2016\/11\/20161120_213549.jpg 573w\" sizes=\"(max-width: 169px) 100vw, 169px\" \/><figcaption id=\"caption-attachment-396\" class=\"wp-caption-text\">Hugleikur Dagsson<\/figcaption><\/figure>\n<p>Sek\u00e4 tietysti Niko Kivel\u00e4 &lt;3<\/p>\n<p><img loading=\"lazy\" class=\"alignnone size-medium wp-image-397\" src=\"http:\/\/pakkoneuloosi86.blogaaja.fi\/files\/2016\/11\/20161120_213618-164x300.jpg\" alt=\"_20161120_213618\" width=\"164\" height=\"300\" srcset=\"https:\/\/pakkoneuloosi86.blogaaja.fi\/files\/2016\/11\/20161120_213618-164x300.jpg 164w, https:\/\/pakkoneuloosi86.blogaaja.fi\/files\/2016\/11\/20161120_213618.jpg 560w\" sizes=\"(max-width: 164px) 100vw, 164px\" \/><\/p>\n<p>Kuvan laaduthan ei taas oo mit\u00e4\u00e4n parhaita puhelimen kameralla otettuna, siit\u00e4 pahottelut.<\/p>\n<p>Show kesti klo 22 asti. En muista millon viimeks olisin nauranu niin kovasti. K\u00e4veltiin McDonaldsin kautta hotellille. Siell\u00e4 saunaan ja unten maille. Sunnuntaina k\u00e4ytiin eritt\u00e4in runsaalla ja hyv\u00e4ll\u00e4 aamiaisella tietysti hotellilla. Aamiaiselle oli keitetty kahdenlaisia munia, 7min ja 4min. Ja koska tykk\u00e4\u00e4n l\u00f6ysemm\u00e4st\u00e4 \ud83d\ude00 otin j\u00e4lkimm\u00e4isen. Avopuoliso yritti, et ottaisin semmosen munakupin. Kissanviikset, on sit\u00e4 3min muniaki ilman sy\u00f6ty. Olis ehk\u00e4 kannattanu ottaa kumminkin. Sit\u00e4 munaa kuoriessa huomasin, et se on oikeesti TOSI l\u00f6ys\u00e4. Oli kirjaimellisesti munat sormilla. Oli siell\u00e4 siis muutakin aamiaista tarjolla, kun vaan munia \ud83d\ude00 muut vaan onnistuin sy\u00f6m\u00e4\u00e4n sotkematta \ud83d\ude00<\/p>\n<p>Huone piti luovuttaa klo 12. Toki sit\u00e4 mielell\u00e4\u00e4n olis ollu pidemp\u00e4\u00e4n, mut talouspuoli ja arki kotopuolessa v\u00e4h\u00e4n oli rajottavia tekij\u00f6it\u00e4 \ud83d\ude00 Bussihan meill\u00e4 l\u00e4htis vasta 15:05 takasin.<\/p>\n<p>K\u00e4veltiin Kamppiin ja matkalla k\u00e4ytiin jossain Euronliikkeess\u00e4 ostamassa turhaa kr\u00e4\u00e4s\u00e4\u00e4 ja Kookoksen tuoksusia kynttil\u00f6it\u00e4, sek\u00e4 appelsiini-greippi-marja-sekotus tuoksukynttil\u00f6it\u00e4. Ne kynttil\u00e4t ei siis ollu yht\u00e4\u00e4n turhaa kr\u00e4\u00e4s\u00e4\u00e4, vaan ne muut \ud83d\ude00 Kampissa py\u00f6r\u00e4hdin Ninja liikkeess\u00e4. Siell\u00e4 oli korujen alennusmyynti -50% remontin tielt\u00e4. Tovi meni, mutta kaks paria omasta mielest\u00e4ni kauniita ja mun tyylisi\u00e4 korvakoruja l\u00f6ysin lopulta;<\/p>\n<p><img loading=\"lazy\" class=\"alignnone size-medium wp-image-398\" src=\"http:\/\/pakkoneuloosi86.blogaaja.fi\/files\/2016\/11\/20161120_213821-300x211.jpg\" alt=\"_20161120_213821\" width=\"300\" height=\"211\" srcset=\"https:\/\/pakkoneuloosi86.blogaaja.fi\/files\/2016\/11\/20161120_213821-300x211.jpg 300w, https:\/\/pakkoneuloosi86.blogaaja.fi\/files\/2016\/11\/20161120_213821-768x539.jpg 768w, https:\/\/pakkoneuloosi86.blogaaja.fi\/files\/2016\/11\/20161120_213821.jpg 1024w\" sizes=\"(max-width: 300px) 100vw, 300px\" \/><\/p>\n<p><img loading=\"lazy\" class=\"alignnone size-medium wp-image-399\" src=\"http:\/\/pakkoneuloosi86.blogaaja.fi\/files\/2016\/11\/20161120_213901-300x261.jpg\" alt=\"_20161120_213901\" width=\"300\" height=\"261\" srcset=\"https:\/\/pakkoneuloosi86.blogaaja.fi\/files\/2016\/11\/20161120_213901-300x261.jpg 300w, https:\/\/pakkoneuloosi86.blogaaja.fi\/files\/2016\/11\/20161120_213901-768x668.jpg 768w, https:\/\/pakkoneuloosi86.blogaaja.fi\/files\/2016\/11\/20161120_213901.jpg 1024w\" sizes=\"(max-width: 300px) 100vw, 300px\" \/><\/p>\n<p>&nbsp;<\/p>\n<p>&nbsp;<\/p>\n<p>Viel\u00e4 johonkin sporttibaariin mentiin hetkeks ennen l\u00e4ht\u00f6\u00e4, kun avopuolison intohimosesti kannattamaa Aston Villa peli\u00e4 oli mahollisuus seurata. Pitih\u00e4n sit\u00e4 avopuolisonkin jotaa viihdett\u00e4 saada mun korushoppailulta \ud83d\ude00 ja sainhan mi\u00e4 l\u00e4mmint\u00e4 kaakkaota \ud83d\ude00 Mit\u00e4 sit\u00e4 ei toisen eteen tekis &lt;3<\/p>\n<p>Bussi siis l\u00e4hti 15:05, yl\u00e4kerran paikat ja bussi ihan t\u00e4ysi. Pois j\u00e4\u00e4tiin Sutelan pikavuoropys\u00e4kill\u00e4 ja k\u00e4psyteltiin kotio kantamusten kanssa. Noin puoli kuuden j\u00e4lkeen oltiin kotona. Hyv\u00e4 reissu, nautin joka hetkest\u00e4, parasta seuraa ja ihana paussi arjen keskelle vaan oman murun kanssa &lt;3 Ja parasta varmaan kaikessa oli se, ett\u00e4 kaikki oli valmiiks hoidettu ja suunniteltu, itte sain vaan nauttia, parhautta &lt;3<\/p>\n<p>Alla viel\u00e4 l\u00f6ytyy muutamia linkkej\u00e4 liikkeiden\/eri tahojen nettisivuille \ud83d\ude42<\/p>\n<p>&lt;3 Heidi<\/p>\n<p>Ps. Jos et tied\u00e4 kuka Hugleikur Dagsson on niin;<\/p>\n<p><a href=\"https:\/\/fi.m.wikipedia.org\/wiki\/Hugleikur_Dagsson\">https:\/\/fi.m.wikipedia.org\/wiki\/Hugleikur_Dagsson<\/a><\/p>\n<p>Ja ne muut linkit;<\/p>\n<p><a href=\"http:\/\/www.lakritsifestivaalit.com\">http:\/\/www.lakritsifestivaalit.com<\/a><\/p>\n<p><a href=\"http:\/\/www.subway.fi\/?gclid=CjwKEAjwnebABRCjpvr13dHL8DsSJABB-ILJXDH5Gnt09iNT7pyAtsUDJtQAhaNW65isCRQLEoPsJxoCqFDw_wcB&amp;gclsrc=aw.ds\">http:\/\/www.subway.fi\/?gclid=CjwKEAjwnebABRCjpvr13dHL8DsSJABB-ILJXDH5Gnt09iNT7pyAtsUDJtQAhaNW65isCRQLEoPsJxoCqFDw_wcB&amp;gclsrc=aw.ds<\/a><\/p>\n<p><a href=\"http:\/\/www.onnibus.com\/fi\/index.htm\">http:\/\/www.onnibus.com\/fi\/index.htm<\/a><\/p>\n<p><a href=\"http:\/\/www.graniittilinna.com\">http:\/\/www.graniittilinna.com<\/a><\/p>\n<p><a href=\"http:\/\/www.apolloliveclub.fi\/helsinki\/\">http:\/\/www.apolloliveclub.fi\/helsinki\/<\/a><\/p>\n<p><a href=\"https:\/\/www.ninja.fi\/myymalat\">https:\/\/www.ninja.fi\/myymalat<\/a><\/p>\n<p><a href=\"https:\/\/www.scandichotels.fi\/hotellit\/suomi\/helsinki\/scandic-paasi\">https:\/\/www.scandichotels.fi\/hotellit\/suomi\/helsinki\/scandic-paasi<\/a><\/p>\n","protected":false},"excerpt":{"rendered":"<p>Viime vuonna avopuoliso k\u00e4vi lakritsi- ja salmiakkifestivaaleilla n\u00e4ihin samoihin aikoihin. N\u00e4hty\u00e4ni valokuvat, saatuani tuliaiset ja todistettuani toisen ylitsepursuavan innon, halusin ehdottomasti itte mukaan seuraavalla kerralla kun ne olis. Ja niinh\u00e4n se j\u00e4rjesty, ett\u00e4 t\u00e4n\u00e4 vuonna l\u00e4hdettiin yhdess\u00e4. Lakritsi- ja salmiakkifestivaalit onkin sit oma blogipostauksensa. Olin pitk\u00e4\u00e4n siin\u00e4 uskossa, ett\u00e4 menn\u00e4\u00e4n ja tullaan lauantaina. Mut avopuoliso &hellip; <a href=\"https:\/\/pakkoneuloosi86.blogaaja.fi\/?page_id=237\" class=\"more-link\">Jatka artikkeliin <span class=\"screen-reader-text\">-Ne Helsingin terveiset 29.-30.10.2016 (3.11.2016)<\/span><\/a><\/p>\n","protected":false},"author":15737,"featured_media":0,"parent":232,"menu_order":2,"comment_status":"open","ping_status":"closed","template":"","meta":[],"yoast_head":"<!-- This site is optimized with the Yoast SEO plugin v15.6.2 - https:\/\/yoast.com\/wordpress\/plugins\/seo\/ -->\n<title>-Ne Helsingin terveiset 29.-30.10.2016 (3.11.2016) - Pakkoneulootikon el\u00e4m\u00e4\u00e4<\/title>\n<meta name=\"robots\" content=\"index, follow, max-snippet:-1, max-image-preview:large, max-video-preview:-1\" \/>\n<link rel=\"canonical\" href=\"https:\/\/pakkoneuloosi86.blogaaja.fi\/?page_id=237\" \/>\n<meta property=\"og:locale\" content=\"fi_FI\" \/>\n<meta property=\"og:type\" content=\"article\" \/>\n<meta property=\"og:title\" content=\"-Ne Helsingin terveiset 29.-30.10.2016 (3.11.2016) - Pakkoneulootikon el\u00e4m\u00e4\u00e4\" \/>\n<meta property=\"og:description\" content=\"Viime vuonna avopuoliso k\u00e4vi lakritsi- ja salmiakkifestivaaleilla n\u00e4ihin samoihin aikoihin. N\u00e4hty\u00e4ni valokuvat, saatuani tuliaiset ja todistettuani toisen ylitsepursuavan innon, halusin ehdottomasti itte mukaan seuraavalla kerralla kun ne olis. Ja niinh\u00e4n se j\u00e4rjesty, ett\u00e4 t\u00e4n\u00e4 vuonna l\u00e4hdettiin yhdess\u00e4. Lakritsi- ja salmiakkifestivaalit onkin sit oma blogipostauksensa. Olin pitk\u00e4\u00e4n siin\u00e4 uskossa, ett\u00e4 menn\u00e4\u00e4n ja tullaan lauantaina. Mut avopuoliso &hellip; Jatka artikkeliin -Ne Helsingin terveiset 29.-30.10.2016 (3.11.2016)\" \/>\n<meta property=\"og:url\" content=\"https:\/\/pakkoneuloosi86.blogaaja.fi\/?page_id=237\" \/>\n<meta property=\"og:site_name\" content=\"Pakkoneulootikon el\u00e4m\u00e4\u00e4\" \/>\n<meta property=\"article:modified_time\" content=\"2016-12-01T05:07:55+00:00\" \/>\n<meta property=\"og:image\" content=\"http:\/\/pakkoneuloosi86.blogaaja.fi\/files\/2016\/11\/20161120_213029-300x300.jpg\" \/>\n<meta name=\"twitter:card\" content=\"summary_large_image\" \/>\n<meta name=\"twitter:label1\" content=\"Est. reading time\">\n\t<meta name=\"twitter:data1\" content=\"6 minuuttia\">\n<script type=\"application\/ld+json\" class=\"yoast-schema-graph\">{\"@context\":\"https:\/\/schema.org\",\"@graph\":[{\"@type\":\"WebSite\",\"@id\":\"https:\/\/pakkoneuloosi86.blogaaja.fi\/#website\",\"url\":\"https:\/\/pakkoneuloosi86.blogaaja.fi\/\",\"name\":\"Pakkoneulootikon el\\u00e4m\\u00e4\\u00e4\",\"description\":\"Asiasta aidanseip\\u00e4\\u00e4seen ja takasin ;)\",\"potentialAction\":[{\"@type\":\"SearchAction\",\"target\":\"https:\/\/pakkoneuloosi86.blogaaja.fi\/?s={search_term_string}\",\"query-input\":\"required name=search_term_string\"}],\"inLanguage\":\"fi\"},{\"@type\":\"ImageObject\",\"@id\":\"https:\/\/pakkoneuloosi86.blogaaja.fi\/?page_id=237#primaryimage\",\"inLanguage\":\"fi\",\"url\":\"http:\/\/pakkoneuloosi86.blogaaja.fi\/files\/2016\/11\/20161120_213029-300x300.jpg\"},{\"@type\":\"WebPage\",\"@id\":\"https:\/\/pakkoneuloosi86.blogaaja.fi\/?page_id=237#webpage\",\"url\":\"https:\/\/pakkoneuloosi86.blogaaja.fi\/?page_id=237\",\"name\":\"-Ne Helsingin terveiset 29.-30.10.2016 (3.11.2016) - Pakkoneulootikon el\\u00e4m\\u00e4\\u00e4\",\"isPartOf\":{\"@id\":\"https:\/\/pakkoneuloosi86.blogaaja.fi\/#website\"},\"primaryImageOfPage\":{\"@id\":\"https:\/\/pakkoneuloosi86.blogaaja.fi\/?page_id=237#primaryimage\"},\"datePublished\":\"2016-11-13T19:34:44+00:00\",\"dateModified\":\"2016-12-01T05:07:55+00:00\",\"inLanguage\":\"fi\",\"potentialAction\":[{\"@type\":\"ReadAction\",\"target\":[\"https:\/\/pakkoneuloosi86.blogaaja.fi\/?page_id=237\"]}]}]}<\/script>\n<!-- \/ Yoast SEO plugin. -->","_links":{"self":[{"href":"https:\/\/pakkoneuloosi86.blogaaja.fi\/index.php?rest_route=\/wp\/v2\/pages\/237"}],"collection":[{"href":"https:\/\/pakkoneuloosi86.blogaaja.fi\/index.php?rest_route=\/wp\/v2\/pages"}],"about":[{"href":"https:\/\/pakkoneuloosi86.blogaaja.fi\/index.php?rest_route=\/wp\/v2\/types\/page"}],"author":[{"embeddable":true,"href":"https:\/\/pakkoneuloosi86.blogaaja.fi\/index.php?rest_route=\/wp\/v2\/users\/15737"}],"replies":[{"embeddable":true,"href":"https:\/\/pakkoneuloosi86.blogaaja.fi\/index.php?rest_route=%2Fwp%2Fv2%2Fcomments&post=237"}],"version-history":[{"count":0,"href":"https:\/\/pakkoneuloosi86.blogaaja.fi\/index.php?rest_route=\/wp\/v2\/pages\/237\/revisions"}],"up":[{"embeddable":true,"href":"https:\/\/pakkoneuloosi86.blogaaja.fi\/index.php?rest_route=\/wp\/v2\/pages\/232"}],"wp:attachment":[{"href":"https:\/\/pakkoneuloosi86.blogaaja.fi\/index.php?rest_route=%2Fwp%2Fv2%2Fmedia&parent=237"}],"curies":[{"name":"wp","href":"https:\/\/api.w.org\/{rel}","templated":true}]}}