{"id":232,"date":"2016-11-13T21:30:46","date_gmt":"2016-11-13T19:30:46","guid":{"rendered":"http:\/\/pakkoneuloosi86.blogaaja.fi\/?page_id=232"},"modified":"2016-11-18T21:05:00","modified_gmt":"2016-11-18T19:05:00","slug":"meidan-perheen-arkea","status":"publish","type":"page","link":"https:\/\/pakkoneuloosi86.blogaaja.fi\/?page_id=232","title":{"rendered":"Meid\u00e4n perheen arkea :)"},"content":{"rendered":"<p>T\u00e4m\u00e4n sivun alta l\u00f6ytyy asioita ja juttuja meid\u00e4n perheest\u00e4, johon kuulun min\u00e4, miun avopuoliso, 5-vuotias poika, sek\u00e4 mei\u00e4n kissa Turbo \ud83d\ude42<\/p>\n<p>Valmistuin 2005 l\u00e4hihoitajaks ja 2014 neuleenvalmistajakis\u00e4lliksi. Itse koen olevani t\u00e4mm\u00f6nen luova hullu, joka saattaa olla jokseenkin j\u00e4\u00e4r\u00e4p\u00e4inen ja \u00e4rsytt\u00e4v\u00e4 &#8211; joskus vahingossa ja toisinaan tahallaan. Syd\u00e4nt\u00e4 l\u00e4hell\u00e4 on kaikki n\u00e4pertely ja k\u00e4sity\u00f6t, joskus innostun my\u00f6s leipomisesta ja ruoan laitosta. Huumorinkukka on ajoittain hyvin mustaa eik\u00e4 kaksmielisyyksilt\u00e4k\u00e4\u00e4n v\u00e4lty mun seurassa. Alkuun saattaa saada kuvan, ett\u00e4 oon ujo ja sis\u00e4\u00e4np\u00e4ink\u00e4\u00e4ntyv\u00e4, mutta usein ihmiset lopulta toivoo, et olisin kerrankin hiljaa \ud83d\ude00 Oon my\u00f6s jonkunasteinen kontrollifriikki ja perfektionisti, mik\u00e4 tuo omat haasteensa meid\u00e4n arkeen ja el\u00e4m\u00e4\u00e4n muutenkin. Kotiel\u00e4m\u00e4ss\u00e4 usein meill\u00e4 muut mokaa, min\u00e4 en \ud83d\ude09 \ud83d\ude09 Enk\u00e4 my\u00f6sk\u00e4\u00e4n taatusti ikin\u00e4 koskaan hukkaa mit\u00e4\u00e4n \ud83d\ude09 Mutta ajoissa oon aina!<\/p>\n<p><img loading=\"lazy\" class=\"alignnone size-medium wp-image-321\" src=\"http:\/\/pakkoneuloosi86.blogaaja.fi\/files\/2016\/11\/20161113_222227-300x157.jpg\" alt=\"_20161113_222227\" width=\"300\" height=\"157\" srcset=\"https:\/\/pakkoneuloosi86.blogaaja.fi\/files\/2016\/11\/20161113_222227-300x157.jpg 300w, https:\/\/pakkoneuloosi86.blogaaja.fi\/files\/2016\/11\/20161113_222227.jpg 543w\" sizes=\"(max-width: 300px) 100vw, 300px\" \/><\/p>\n<p><img loading=\"lazy\" class=\"alignnone size-medium wp-image-322\" src=\"http:\/\/pakkoneuloosi86.blogaaja.fi\/files\/2016\/11\/20161113_222125-300x177.jpg\" alt=\"_20161113_222125\" width=\"300\" height=\"177\" srcset=\"https:\/\/pakkoneuloosi86.blogaaja.fi\/files\/2016\/11\/20161113_222125-300x177.jpg 300w, https:\/\/pakkoneuloosi86.blogaaja.fi\/files\/2016\/11\/20161113_222125-768x453.jpg 768w, https:\/\/pakkoneuloosi86.blogaaja.fi\/files\/2016\/11\/20161113_222125.jpg 1024w\" sizes=\"(max-width: 300px) 100vw, 300px\" \/><\/p>\n<p>Lukemisen iloa!<\/p>\n<p>&lt;3 Heidi<\/p>\n","protected":false},"excerpt":{"rendered":"<p>T\u00e4m\u00e4n sivun alta l\u00f6ytyy asioita ja juttuja meid\u00e4n perheest\u00e4, johon kuulun min\u00e4, miun avopuoliso, 5-vuotias poika, sek\u00e4 mei\u00e4n kissa Turbo \ud83d\ude42 Valmistuin 2005 l\u00e4hihoitajaks ja 2014 neuleenvalmistajakis\u00e4lliksi. Itse koen olevani t\u00e4mm\u00f6nen luova hullu, joka saattaa olla jokseenkin j\u00e4\u00e4r\u00e4p\u00e4inen ja \u00e4rsytt\u00e4v\u00e4 &#8211; joskus vahingossa ja toisinaan tahallaan. Syd\u00e4nt\u00e4 l\u00e4hell\u00e4 on kaikki n\u00e4pertely ja k\u00e4sity\u00f6t, joskus innostun &hellip; <a href=\"https:\/\/pakkoneuloosi86.blogaaja.fi\/?page_id=232\" class=\"more-link\">Jatka artikkeliin <span class=\"screen-reader-text\">Meid\u00e4n perheen arkea \ud83d\ude42<\/span><\/a><\/p>\n","protected":false},"author":15737,"featured_media":0,"parent":0,"menu_order":0,"comment_status":"open","ping_status":"closed","template":"","meta":[],"yoast_head":"<!-- This site is optimized with the Yoast SEO plugin v15.6.2 - https:\/\/yoast.com\/wordpress\/plugins\/seo\/ -->\n<title>Meid\u00e4n perheen arkea :) - Pakkoneulootikon el\u00e4m\u00e4\u00e4<\/title>\n<meta name=\"robots\" content=\"index, follow, max-snippet:-1, max-image-preview:large, max-video-preview:-1\" \/>\n<link rel=\"canonical\" href=\"https:\/\/pakkoneuloosi86.blogaaja.fi\/?page_id=232\" \/>\n<meta property=\"og:locale\" content=\"fi_FI\" \/>\n<meta property=\"og:type\" content=\"article\" \/>\n<meta property=\"og:title\" content=\"Meid\u00e4n perheen arkea :) - Pakkoneulootikon el\u00e4m\u00e4\u00e4\" \/>\n<meta property=\"og:description\" content=\"T\u00e4m\u00e4n sivun alta l\u00f6ytyy asioita ja juttuja meid\u00e4n perheest\u00e4, johon kuulun min\u00e4, miun avopuoliso, 5-vuotias poika, sek\u00e4 mei\u00e4n kissa Turbo \ud83d\ude42 Valmistuin 2005 l\u00e4hihoitajaks ja 2014 neuleenvalmistajakis\u00e4lliksi. Itse koen olevani t\u00e4mm\u00f6nen luova hullu, joka saattaa olla jokseenkin j\u00e4\u00e4r\u00e4p\u00e4inen ja \u00e4rsytt\u00e4v\u00e4 &#8211; joskus vahingossa ja toisinaan tahallaan. Syd\u00e4nt\u00e4 l\u00e4hell\u00e4 on kaikki n\u00e4pertely ja k\u00e4sity\u00f6t, joskus innostun &hellip; Jatka artikkeliin Meid\u00e4n perheen arkea :)\" \/>\n<meta property=\"og:url\" content=\"https:\/\/pakkoneuloosi86.blogaaja.fi\/?page_id=232\" \/>\n<meta property=\"og:site_name\" content=\"Pakkoneulootikon el\u00e4m\u00e4\u00e4\" \/>\n<meta property=\"article:modified_time\" content=\"2016-11-18T19:05:00+00:00\" \/>\n<meta property=\"og:image\" content=\"http:\/\/pakkoneuloosi86.blogaaja.fi\/files\/2016\/11\/20161113_222227-300x157.jpg\" \/>\n<meta name=\"twitter:card\" content=\"summary_large_image\" \/>\n<meta name=\"twitter:label1\" content=\"Est. reading time\">\n\t<meta name=\"twitter:data1\" content=\"1 minuutti\">\n<script type=\"application\/ld+json\" class=\"yoast-schema-graph\">{\"@context\":\"https:\/\/schema.org\",\"@graph\":[{\"@type\":\"WebSite\",\"@id\":\"https:\/\/pakkoneuloosi86.blogaaja.fi\/#website\",\"url\":\"https:\/\/pakkoneuloosi86.blogaaja.fi\/\",\"name\":\"Pakkoneulootikon el\\u00e4m\\u00e4\\u00e4\",\"description\":\"Asiasta aidanseip\\u00e4\\u00e4seen ja takasin ;)\",\"potentialAction\":[{\"@type\":\"SearchAction\",\"target\":\"https:\/\/pakkoneuloosi86.blogaaja.fi\/?s={search_term_string}\",\"query-input\":\"required name=search_term_string\"}],\"inLanguage\":\"fi\"},{\"@type\":\"ImageObject\",\"@id\":\"https:\/\/pakkoneuloosi86.blogaaja.fi\/?page_id=232#primaryimage\",\"inLanguage\":\"fi\",\"url\":\"http:\/\/pakkoneuloosi86.blogaaja.fi\/files\/2016\/11\/20161113_222227-300x157.jpg\"},{\"@type\":\"WebPage\",\"@id\":\"https:\/\/pakkoneuloosi86.blogaaja.fi\/?page_id=232#webpage\",\"url\":\"https:\/\/pakkoneuloosi86.blogaaja.fi\/?page_id=232\",\"name\":\"Meid\\u00e4n perheen arkea :) - Pakkoneulootikon el\\u00e4m\\u00e4\\u00e4\",\"isPartOf\":{\"@id\":\"https:\/\/pakkoneuloosi86.blogaaja.fi\/#website\"},\"primaryImageOfPage\":{\"@id\":\"https:\/\/pakkoneuloosi86.blogaaja.fi\/?page_id=232#primaryimage\"},\"datePublished\":\"2016-11-13T19:30:46+00:00\",\"dateModified\":\"2016-11-18T19:05:00+00:00\",\"inLanguage\":\"fi\",\"potentialAction\":[{\"@type\":\"ReadAction\",\"target\":[\"https:\/\/pakkoneuloosi86.blogaaja.fi\/?page_id=232\"]}]}]}<\/script>\n<!-- \/ Yoast SEO plugin. -->","_links":{"self":[{"href":"https:\/\/pakkoneuloosi86.blogaaja.fi\/index.php?rest_route=\/wp\/v2\/pages\/232"}],"collection":[{"href":"https:\/\/pakkoneuloosi86.blogaaja.fi\/index.php?rest_route=\/wp\/v2\/pages"}],"about":[{"href":"https:\/\/pakkoneuloosi86.blogaaja.fi\/index.php?rest_route=\/wp\/v2\/types\/page"}],"author":[{"embeddable":true,"href":"https:\/\/pakkoneuloosi86.blogaaja.fi\/index.php?rest_route=\/wp\/v2\/users\/15737"}],"replies":[{"embeddable":true,"href":"https:\/\/pakkoneuloosi86.blogaaja.fi\/index.php?rest_route=%2Fwp%2Fv2%2Fcomments&post=232"}],"version-history":[{"count":0,"href":"https:\/\/pakkoneuloosi86.blogaaja.fi\/index.php?rest_route=\/wp\/v2\/pages\/232\/revisions"}],"wp:attachment":[{"href":"https:\/\/pakkoneuloosi86.blogaaja.fi\/index.php?rest_route=%2Fwp%2Fv2%2Fmedia&parent=232"}],"curies":[{"name":"wp","href":"https:\/\/api.w.org\/{rel}","templated":true}]}}