{"id":229,"date":"2016-11-13T21:28:24","date_gmt":"2016-11-13T19:28:24","guid":{"rendered":"http:\/\/pakkoneuloosi86.blogaaja.fi\/?page_id=229"},"modified":"2016-12-01T07:06:17","modified_gmt":"2016-12-01T05:06:17","slug":"1-joulukalenteri-idea-27-10-2016","status":"publish","type":"page","link":"https:\/\/pakkoneuloosi86.blogaaja.fi\/?page_id=229","title":{"rendered":"-Joulukalenteri-idea 27.10.2016"},"content":{"rendered":"<p>Siit\u00e4h\u00e4n se taas lokakuun alussa l\u00e4hti koko jouluh\u00f6ps\u00e4hdys. Ajatuksesta, ett\u00e4 tekisin pojalle itse joulukalenterin, koska kaupan suklaakalenterit ei houkuttanu miuta mill\u00e4\u00e4n lailla. Ja muutenkin halusin jotain erilaista pojalle. Ja tietysti sit\u00e4 jouluh\u00f6mp\u00f6tysfiilist\u00e4 itelleni \ud83d\ude09<\/p>\n<p>Juuri syksyll\u00e4 sain 30-vuotislahjaks Singerin ompelukoneen. Viimeset 5 vuotta varmaan olin ompelukonetta himoinnu, mut aina tuli jotain muuta akuutimpaa ostettavaa tilalle. Mut nyt.. Ompelukone &lt;3<\/p>\n<p>Vaatehuoneesta kaivoin v\u00e4h\u00e4nk\u00e4ytetyn ikeasta ostetun viininpunasen lakanan ja pesin sen viel Euca-pesuainetiivisteell\u00e4 pesukoneessa. Ihan silm\u00e4m\u00e4\u00e4r\u00e4sesti leikkasin sopivan kokosia, mutta kuitenkin eri kokosia suorakulmioita lakanasta 24kpl, taitoin ne kahtia, ompelin kolme sivua umpeen siksak-ompeleella ja viel\u00e4 pussin suun reunat taitoin nurjalle puolelle ja ompelin nekin siksak-ompeleella. Sen enempi\u00e4 en pussukoita huolitellu.<\/p>\n<p>Kirjakaupasta olin ostanu luonnonvalkosta huopaa, josta leikkelin numeroita pussukoihin. Helpommalla olisin p\u00e4\u00e4ssy, kun olisin ostanu valmiit numerot. Mutta sis\u00e4inen masokisti vaati tekem\u00e4\u00e4n nekin itte. Kun pussit oli ommeltu, silitin oikeelta puolelta ne. Clas Ohlsonilta olin ostanu kuumaliimapyssyn, jolla sitten liimailin numerot paikalleen. Omista varastoista l\u00f6yty pieni\u00e4 kuminauhoja, joilla sain pussin suut pysym\u00e4\u00e4n napakasti kiinni. Eurokankaasta olin ostanu kultasta nauhaa, jota sidoin peitt\u00e4m\u00e4\u00e4n kuminauhat ja helpottamaan pussien ripustamisesta.<\/p>\n<p>&nbsp;<\/p>\n<p><img loading=\"lazy\" class=\"alignnone size-medium wp-image-368\" src=\"http:\/\/pakkoneuloosi86.blogaaja.fi\/files\/2016\/11\/20161120_211501-240x300.jpg\" alt=\"_20161120_211501\" width=\"240\" height=\"300\" srcset=\"https:\/\/pakkoneuloosi86.blogaaja.fi\/files\/2016\/11\/20161120_211501-240x300.jpg 240w, https:\/\/pakkoneuloosi86.blogaaja.fi\/files\/2016\/11\/20161120_211501.jpg 607w\" sizes=\"(max-width: 240px) 100vw, 240px\" \/><\/p>\n<p>Ja mihink\u00e4 mi\u00e4 ne ripustan? No ajattelin hommata pojallle huoneeseen oman tekokuusen, siihen oon hommannu jo pojalle oman North-valosarjankin. Kuusen ajattelin vied\u00e4 pojan huoneeseen marraskuun viimesen\u00e4 p\u00e4iv\u00e4\u00e4, kun h\u00e4n on nukahtanu, jotta aamulla sitten l\u00f6yt\u00e4\u00e4 kuusen jossa joulupussit roikkuu. Sielt\u00e4 sitten etsit\u00e4\u00e4n oikean p\u00e4iv\u00e4n pussi ja katotaan mit\u00e4 pussista l\u00f6ytyy. \u00c4iti on ehk\u00e4 himpunverran tosi innoissaan asiasta \ud83d\ude42<\/p>\n<p>Ja mit\u00e4p\u00e4 sitten joulupussien sis\u00e4\u00e4n? Sielt\u00e4 tulee l\u00f6ytym\u00e4\u00e4n vaikka mit\u00e4 \ud83d\ude09 pysyk\u00f6\u00f6n se osittain yll\u00e4tyksen\u00e4. Osan voin kuitenkin paljastaa. Halusin teh\u00e4 pojalle itte kuuseen uniikkeja kuusenkoristeita. Hankin Suomalaisesta kirjakaupasta valkosta Darwi-muovailumassaa, joka kuivuu itekseen huoneenl\u00e4mm\u00f6ss\u00e4. Ei tarvi siis paistella sit\u00e4 erikseen uunissa niinkun taikataikinalle pit\u00e4\u00e4 teh\u00e4. Kosteilla k\u00e4sill\u00e4 muotoilet, j\u00e4t\u00e4t kuivumaan, kuivuttua voit hioa ja lopuks maalata. Ite k\u00e4ytin muotoiluun pojan muovailuvahamuotteja ja normaalia kaulinta. Kuvioiden reunat siistin vesilasissa kostutetulla sormella ja rei\u00e4t tein ohuella sukkapuikolla. T\u00e4\u00e4 salamuovailuhan piti teh\u00e4 sillon, kun poika ei ollu kotona vaan is\u00e4ll\u00e4\u00e4n, koska mihink\u00e4s mi\u00e4 olisin ne kuivumaan saanu piilotettua uteliaalta 5-vuotiaalta \ud83d\ude00 Kuivumaan j\u00e4tin ne leivinpaperilla vuoratuille uunipelleille keitti\u00f6n p\u00f6yd\u00e4lle ja annoin varmuuden vuoks kuivua siin\u00e4 kolme p\u00e4iv\u00e4\u00e4 \ud83d\ude00<\/p>\n<p><img loading=\"lazy\" class=\"alignnone size-medium wp-image-371\" src=\"http:\/\/pakkoneuloosi86.blogaaja.fi\/files\/2016\/11\/20161120_211434-141x300.jpg\" alt=\"_20161120_211434\" width=\"141\" height=\"300\" srcset=\"https:\/\/pakkoneuloosi86.blogaaja.fi\/files\/2016\/11\/20161120_211434-141x300.jpg 141w, https:\/\/pakkoneuloosi86.blogaaja.fi\/files\/2016\/11\/20161120_211434.jpg 480w\" sizes=\"(max-width: 141px) 100vw, 141px\" \/><\/p>\n<p>Ja sitten, kun ne oli siin\u00e4 kolme p\u00e4iv\u00e4\u00e4 kuivunu, siirryin maalausvaiheeseen. Olin Suomalaisesta kirjakaupasta ostanu Kapel kulta- ja pronssisprayta. Pronssispraylla alotin, mut se loppu ihan kesken. Piti sitten Prismasta l\u00e4ht\u00e4 hakemaan maalia lis\u00e4\u00e4. P\u00e4\u00e4dyin Maston-merkkiseen spraymaaliin. Ja yll\u00e4tys oli tosiaan suuri, koska Mastonin kuparispray oli ihan toista luokkaa tummuudeltaan, kun Kapelin oma. Kultasia koristeita en alkanu edes Kapelin v\u00e4rill\u00e4 sprayaamaan vaan suoraan Mastonin omalla. Kahteen kertaan molemmat puolet ja reunat. Kun spray oli kuivunu, levitin viel\u00e4 siveltimell\u00e4 Suomalaisesta kirjakaupasta ostettua kimalleliimaa p\u00e4\u00e4lle. Vaalealla paksummalla paperinarulla, joka sekin Suomalaisesta kirjakaupasta hommattu, tein lenkit koristeisiin.<\/p>\n<p><img loading=\"lazy\" class=\"alignnone size-medium wp-image-372\" src=\"http:\/\/pakkoneuloosi86.blogaaja.fi\/files\/2016\/11\/20161120_211548-300x172.jpg\" alt=\"_20161120_211548\" width=\"300\" height=\"172\" srcset=\"https:\/\/pakkoneuloosi86.blogaaja.fi\/files\/2016\/11\/20161120_211548-300x172.jpg 300w, https:\/\/pakkoneuloosi86.blogaaja.fi\/files\/2016\/11\/20161120_211548-768x441.jpg 768w, https:\/\/pakkoneuloosi86.blogaaja.fi\/files\/2016\/11\/20161120_211548.jpg 882w\" sizes=\"(max-width: 300px) 100vw, 300px\" \/><\/p>\n<p>Kuvausvaiheessa totesin, et on kamalan vaikea saada v\u00e4rit oikeanlaisiksi.<\/p>\n<p>&nbsp;<\/p>\n<p>Yhteen joulupussiin laitoin aina samoja koristeita.<\/p>\n<p><img loading=\"lazy\" class=\"alignnone size-medium wp-image-373\" src=\"http:\/\/pakkoneuloosi86.blogaaja.fi\/files\/2016\/11\/20161120_211610-166x300.jpg\" alt=\"_20161120_211610\" width=\"166\" height=\"300\" srcset=\"https:\/\/pakkoneuloosi86.blogaaja.fi\/files\/2016\/11\/20161120_211610-166x300.jpg 166w, https:\/\/pakkoneuloosi86.blogaaja.fi\/files\/2016\/11\/20161120_211610.jpg 468w\" sizes=\"(max-width: 166px) 100vw, 166px\" \/>\u00a0<img loading=\"lazy\" class=\"alignnone size-medium wp-image-374\" src=\"http:\/\/pakkoneuloosi86.blogaaja.fi\/files\/2016\/11\/20161120_211625-300x294.jpg\" alt=\"_20161120_211625\" width=\"300\" height=\"294\" srcset=\"https:\/\/pakkoneuloosi86.blogaaja.fi\/files\/2016\/11\/20161120_211625-300x294.jpg 300w, https:\/\/pakkoneuloosi86.blogaaja.fi\/files\/2016\/11\/20161120_211625.jpg 591w\" sizes=\"(max-width: 300px) 100vw, 300px\" \/><\/p>\n<p>Se j\u00e4\u00e4kin yll\u00e4tykseks mik\u00e4 koristeryhm\u00e4 mist\u00e4kin pussista paljastuu \ud83d\ude09 Loppupeleiss\u00e4 oli kohtuu pitk\u00e4kestonen projekti, mutta helppo. Ja n\u00e4it\u00e4 oli mukava teh\u00e4. Viel\u00e4 mukavampaa ja j\u00e4nnemp\u00e4\u00e4 on n\u00e4hd\u00e4 mit\u00e4 poika tykk\u00e4\u00e4 pusseista paljastuvista yll\u00e4tyksist\u00e4, jotka saa itte kuuseen ripustaa.<\/p>\n<p>Uusia jouluh\u00f6ps\u00e4hdyksi\u00e4 ootellessa, rauhallista iltaa. Nyt pojan iltasatu ja sitte gl\u00f6gi\u00e4 ja joulusuklaata.<\/p>\n<p>&lt;3 Heidi<\/p>\n","protected":false},"excerpt":{"rendered":"<p>Siit\u00e4h\u00e4n se taas lokakuun alussa l\u00e4hti koko jouluh\u00f6ps\u00e4hdys. Ajatuksesta, ett\u00e4 tekisin pojalle itse joulukalenterin, koska kaupan suklaakalenterit ei houkuttanu miuta mill\u00e4\u00e4n lailla. Ja muutenkin halusin jotain erilaista pojalle. Ja tietysti sit\u00e4 jouluh\u00f6mp\u00f6tysfiilist\u00e4 itelleni \ud83d\ude09 Juuri syksyll\u00e4 sain 30-vuotislahjaks Singerin ompelukoneen. Viimeset 5 vuotta varmaan olin ompelukonetta himoinnu, mut aina tuli jotain muuta akuutimpaa ostettavaa tilalle. &hellip; <a href=\"https:\/\/pakkoneuloosi86.blogaaja.fi\/?page_id=229\" class=\"more-link\">Jatka artikkeliin <span class=\"screen-reader-text\">-Joulukalenteri-idea 27.10.2016<\/span><\/a><\/p>\n","protected":false},"author":15737,"featured_media":0,"parent":218,"menu_order":1,"comment_status":"open","ping_status":"closed","template":"","meta":[],"yoast_head":"<!-- This site is optimized with the Yoast SEO plugin v15.6.2 - https:\/\/yoast.com\/wordpress\/plugins\/seo\/ -->\n<title>-Joulukalenteri-idea 27.10.2016 - Pakkoneulootikon el\u00e4m\u00e4\u00e4<\/title>\n<meta name=\"robots\" content=\"index, follow, max-snippet:-1, max-image-preview:large, max-video-preview:-1\" \/>\n<link rel=\"canonical\" href=\"https:\/\/pakkoneuloosi86.blogaaja.fi\/?page_id=229\" \/>\n<meta property=\"og:locale\" content=\"fi_FI\" \/>\n<meta property=\"og:type\" content=\"article\" \/>\n<meta property=\"og:title\" content=\"-Joulukalenteri-idea 27.10.2016 - Pakkoneulootikon el\u00e4m\u00e4\u00e4\" \/>\n<meta property=\"og:description\" content=\"Siit\u00e4h\u00e4n se taas lokakuun alussa l\u00e4hti koko jouluh\u00f6ps\u00e4hdys. Ajatuksesta, ett\u00e4 tekisin pojalle itse joulukalenterin, koska kaupan suklaakalenterit ei houkuttanu miuta mill\u00e4\u00e4n lailla. Ja muutenkin halusin jotain erilaista pojalle. Ja tietysti sit\u00e4 jouluh\u00f6mp\u00f6tysfiilist\u00e4 itelleni \ud83d\ude09 Juuri syksyll\u00e4 sain 30-vuotislahjaks Singerin ompelukoneen. Viimeset 5 vuotta varmaan olin ompelukonetta himoinnu, mut aina tuli jotain muuta akuutimpaa ostettavaa tilalle. &hellip; Jatka artikkeliin -Joulukalenteri-idea 27.10.2016\" \/>\n<meta property=\"og:url\" content=\"https:\/\/pakkoneuloosi86.blogaaja.fi\/?page_id=229\" \/>\n<meta property=\"og:site_name\" content=\"Pakkoneulootikon el\u00e4m\u00e4\u00e4\" \/>\n<meta property=\"article:modified_time\" content=\"2016-12-01T05:06:17+00:00\" \/>\n<meta property=\"og:image\" content=\"http:\/\/pakkoneuloosi86.blogaaja.fi\/files\/2016\/11\/20161120_211501-240x300.jpg\" \/>\n<meta name=\"twitter:card\" content=\"summary_large_image\" \/>\n<meta name=\"twitter:label1\" content=\"Est. reading time\">\n\t<meta name=\"twitter:data1\" content=\"3 minuuttia\">\n<script type=\"application\/ld+json\" class=\"yoast-schema-graph\">{\"@context\":\"https:\/\/schema.org\",\"@graph\":[{\"@type\":\"WebSite\",\"@id\":\"https:\/\/pakkoneuloosi86.blogaaja.fi\/#website\",\"url\":\"https:\/\/pakkoneuloosi86.blogaaja.fi\/\",\"name\":\"Pakkoneulootikon el\\u00e4m\\u00e4\\u00e4\",\"description\":\"Asiasta aidanseip\\u00e4\\u00e4seen ja takasin ;)\",\"potentialAction\":[{\"@type\":\"SearchAction\",\"target\":\"https:\/\/pakkoneuloosi86.blogaaja.fi\/?s={search_term_string}\",\"query-input\":\"required name=search_term_string\"}],\"inLanguage\":\"fi\"},{\"@type\":\"ImageObject\",\"@id\":\"https:\/\/pakkoneuloosi86.blogaaja.fi\/?page_id=229#primaryimage\",\"inLanguage\":\"fi\",\"url\":\"http:\/\/pakkoneuloosi86.blogaaja.fi\/files\/2016\/11\/20161120_211501-240x300.jpg\"},{\"@type\":\"WebPage\",\"@id\":\"https:\/\/pakkoneuloosi86.blogaaja.fi\/?page_id=229#webpage\",\"url\":\"https:\/\/pakkoneuloosi86.blogaaja.fi\/?page_id=229\",\"name\":\"-Joulukalenteri-idea 27.10.2016 - Pakkoneulootikon el\\u00e4m\\u00e4\\u00e4\",\"isPartOf\":{\"@id\":\"https:\/\/pakkoneuloosi86.blogaaja.fi\/#website\"},\"primaryImageOfPage\":{\"@id\":\"https:\/\/pakkoneuloosi86.blogaaja.fi\/?page_id=229#primaryimage\"},\"datePublished\":\"2016-11-13T19:28:24+00:00\",\"dateModified\":\"2016-12-01T05:06:17+00:00\",\"inLanguage\":\"fi\",\"potentialAction\":[{\"@type\":\"ReadAction\",\"target\":[\"https:\/\/pakkoneuloosi86.blogaaja.fi\/?page_id=229\"]}]}]}<\/script>\n<!-- \/ Yoast SEO plugin. -->","_links":{"self":[{"href":"https:\/\/pakkoneuloosi86.blogaaja.fi\/index.php?rest_route=\/wp\/v2\/pages\/229"}],"collection":[{"href":"https:\/\/pakkoneuloosi86.blogaaja.fi\/index.php?rest_route=\/wp\/v2\/pages"}],"about":[{"href":"https:\/\/pakkoneuloosi86.blogaaja.fi\/index.php?rest_route=\/wp\/v2\/types\/page"}],"author":[{"embeddable":true,"href":"https:\/\/pakkoneuloosi86.blogaaja.fi\/index.php?rest_route=\/wp\/v2\/users\/15737"}],"replies":[{"embeddable":true,"href":"https:\/\/pakkoneuloosi86.blogaaja.fi\/index.php?rest_route=%2Fwp%2Fv2%2Fcomments&post=229"}],"version-history":[{"count":0,"href":"https:\/\/pakkoneuloosi86.blogaaja.fi\/index.php?rest_route=\/wp\/v2\/pages\/229\/revisions"}],"up":[{"embeddable":true,"href":"https:\/\/pakkoneuloosi86.blogaaja.fi\/index.php?rest_route=\/wp\/v2\/pages\/218"}],"wp:attachment":[{"href":"https:\/\/pakkoneuloosi86.blogaaja.fi\/index.php?rest_route=%2Fwp%2Fv2%2Fmedia&parent=229"}],"curies":[{"name":"wp","href":"https:\/\/api.w.org\/{rel}","templated":true}]}}