{"id":224,"date":"2016-11-13T21:24:55","date_gmt":"2016-11-13T19:24:55","guid":{"rendered":"http:\/\/pakkoneuloosi86.blogaaja.fi\/?page_id=224"},"modified":"2016-12-01T07:06:32","modified_gmt":"2016-12-01T05:06:32","slug":"2-joulukortit-28-10-2016","status":"publish","type":"page","link":"https:\/\/pakkoneuloosi86.blogaaja.fi\/?page_id=224","title":{"rendered":"-Joulukortit 28.10.2016"},"content":{"rendered":"<p>&#8221;Ootpas ajoissa!&#8221; on kuulunu monen suusta, kun oon kertonu tehneeni jo joulukortit. Per\u00e4\u00e4n on kuulunu my\u00f6s naureskelua ja hekottelua. Siihen oon yleens\u00e4 kuitannu:&#8221; Sopii nauraa, mi\u00e4 nauran sit, kun teill\u00e4 tulee kiire omien kortienne kanssa ;)&#8221;. Vaikka tosiasiassa mulle tulee kiire sit muiden joulujuttujen kanssa todenn\u00e4k\u00f6sesti \ud83d\ude00<\/p>\n<p>Alotettiin pojan kanssa joulukorttien teko tosiaan lokakuun alussa. Suurin syy siihen oli se, ett\u00e4 pojan keskittymiskyky ja jaksaminen ei o parhainta (sek\u00e4 tietysti yht\u00e4\u00e4n v\u00e4h\u00e4ttelem\u00e4tt\u00e4 mun jouluh\u00f6ps\u00e4hdyst\u00e4 :D) ja tiesin, et korttien valmiiks saaminen voi kest\u00e4\u00e4 kauankin. 20 kortin askartelu, sek\u00e4 pojan kanssa sopimus siit\u00e4, ett\u00e4 h\u00e4n kirjottaa tekstit; HYV\u00c4\u00c4 JOULUA. Voi menn\u00e4 tovi.<\/p>\n<p>Yll\u00e4tys, yll\u00e4tys siihen menikin vaan kaks viikkoa, koska poika oli joka p\u00e4iv\u00e4 innoissaan kysym\u00e4ss\u00e4, et tehd\u00e4\u00e4nk\u00f6 \u00e4iti taas joulukortteja!! Kirjottaminen oli haastavin osuus, koska aivot ja kyn\u00e4 ei aina tehny yhteisty\u00f6t\u00e4. Tein paperille mallin tekstist\u00e4. Poika n\u00e4ki ja tunnisti mik\u00e4 kirjain tulee seuraavaks ja aina sen \u00e4\u00e4neen sano samalla, mutta sit kuitenkin kyn\u00e4st\u00e4 tuli muu kirjain, kun mik\u00e4 ois pit\u00e4ny. Suurtakin mielipahaa v\u00e4lill\u00e4 aiheutu sen takia, mutta yhteistuumin ja rauhassa tehden oli poika lopulta ylpee lopputuloksesta kuitenkin ja ylpee oli \u00e4itikin \ud83d\ude42 Mi\u00e4 kirjotin oman ja avopuolison nimet ja poika omansa, joka korttiin.<\/p>\n<p><img loading=\"lazy\" class=\"alignnone size-medium wp-image-362\" src=\"http:\/\/pakkoneuloosi86.blogaaja.fi\/files\/2016\/11\/20161120_210958-300x152.jpg\" alt=\"_20161120_210958\" width=\"300\" height=\"152\" srcset=\"https:\/\/pakkoneuloosi86.blogaaja.fi\/files\/2016\/11\/20161120_210958-300x152.jpg 300w, https:\/\/pakkoneuloosi86.blogaaja.fi\/files\/2016\/11\/20161120_210958-768x389.jpg 768w, https:\/\/pakkoneuloosi86.blogaaja.fi\/files\/2016\/11\/20161120_210958-825x418.jpg 825w, https:\/\/pakkoneuloosi86.blogaaja.fi\/files\/2016\/11\/20161120_210958.jpg 826w\" sizes=\"(max-width: 300px) 100vw, 300px\" \/><\/p>\n<p><img loading=\"lazy\" class=\"alignnone size-medium wp-image-363\" src=\"http:\/\/pakkoneuloosi86.blogaaja.fi\/files\/2016\/11\/20161120_211126-300x202.jpg\" alt=\"_20161120_211126\" width=\"300\" height=\"202\" srcset=\"https:\/\/pakkoneuloosi86.blogaaja.fi\/files\/2016\/11\/20161120_211126-300x202.jpg 300w, https:\/\/pakkoneuloosi86.blogaaja.fi\/files\/2016\/11\/20161120_211126-768x516.jpg 768w, https:\/\/pakkoneuloosi86.blogaaja.fi\/files\/2016\/11\/20161120_211126.jpg 814w\" sizes=\"(max-width: 300px) 100vw, 300px\" \/><\/p>\n<p>Suomalaisesta kirjakaupasta ostin taitettuja punasia helmi\u00e4skorttipohjia, jotka poika leikkasi kahtia. Omista k\u00e4tk\u00f6ist\u00e4 kaivoin vanhoja nappeja ja kullannhohtosta lankaa. Ja paikallisesta s-marketista l\u00f6ysin tollasta hiutalenauhaa. Hiutalenauhassa oli pohjassa tarranauhaa, jolla sai sen liimattua korttiin kiinni. Langan yl\u00e4reunan sai kiinni hiutalenauhan ja korttipohjan v\u00e4liin viritetty\u00e4. Alap\u00e4\u00e4 j\u00e4i napin alle. Napit kuvastaa siis korteissa joulupalloja. Napit liimattiin korttiin kiinni kuumaliimalla. Ja sormenp\u00e4it\u00e4 poltti kuumaliima noin 30 kertaa ainakin. Poika valikoi napit joka korttiin. Lopulta viel\u00e4 siveltimell\u00e4 levitettiin nappien p\u00e4\u00e4lle kimalleliimaa ja j\u00e4tettiin kuivumaan. Korttien kuivuttua liimattiin erilliselle paperille kirjotetut Hyv\u00e4n joulun-toivotukset kiinni korttien nurjalle puolelle, sek\u00e4 ne nimet kirjotettiin alle ja valmista tuli.<\/p>\n<p>Eilen sitten hain postista kirjekuoria ja kirjotin osotteet paikalleen. Kortit sis\u00e4\u00e4n, kuoret kiinni ja odottamaan l\u00e4hett\u00e4mist\u00e4. Kohta voi sit siirtyy uusiin jouluaskarteluihin \ud83d\ude09<\/p>\n<p>Huomenna kuitenkin l\u00e4hdet\u00e4\u00e4n avopuolison kanssa Helsinkiin Lakritsi- ja salmiakkifestivaaleille (eik\u00e4 askarrella ;)), illalla stand up-keikkaa ja y\u00f6 hotellissa, sunnuntaina kotiin. Vuosip\u00e4iv\u00e4 &lt;3 \u00c4iti on luvannu k\u00e4yd\u00e4 ruokkimassa kissan ja poika menikin is\u00e4lleen koko viikonlopuks n\u00e4ill\u00e4 n\u00e4kymin. Ja ihan just nyt meill\u00e4 aletaan kattomaan neloselta alkavaa Vain el\u00e4m\u00e4\u00e4 &lt;3<\/p>\n<p>Mukavaa viikonloppua kaikille! \ud83d\ude42<\/p>\n<p>&lt;3 Heidi<\/p>\n","protected":false},"excerpt":{"rendered":"<p>&#8221;Ootpas ajoissa!&#8221; on kuulunu monen suusta, kun oon kertonu tehneeni jo joulukortit. Per\u00e4\u00e4n on kuulunu my\u00f6s naureskelua ja hekottelua. Siihen oon yleens\u00e4 kuitannu:&#8221; Sopii nauraa, mi\u00e4 nauran sit, kun teill\u00e4 tulee kiire omien kortienne kanssa ;)&#8221;. Vaikka tosiasiassa mulle tulee kiire sit muiden joulujuttujen kanssa todenn\u00e4k\u00f6sesti \ud83d\ude00 Alotettiin pojan kanssa joulukorttien teko tosiaan lokakuun alussa. &hellip; <a href=\"https:\/\/pakkoneuloosi86.blogaaja.fi\/?page_id=224\" class=\"more-link\">Jatka artikkeliin <span class=\"screen-reader-text\">-Joulukortit 28.10.2016<\/span><\/a><\/p>\n","protected":false},"author":15737,"featured_media":0,"parent":218,"menu_order":2,"comment_status":"open","ping_status":"closed","template":"","meta":[],"yoast_head":"<!-- This site is optimized with the Yoast SEO plugin v15.6.2 - https:\/\/yoast.com\/wordpress\/plugins\/seo\/ -->\n<title>-Joulukortit 28.10.2016 - Pakkoneulootikon el\u00e4m\u00e4\u00e4<\/title>\n<meta name=\"robots\" content=\"index, follow, max-snippet:-1, max-image-preview:large, max-video-preview:-1\" \/>\n<link rel=\"canonical\" href=\"https:\/\/pakkoneuloosi86.blogaaja.fi\/?page_id=224\" \/>\n<meta property=\"og:locale\" content=\"fi_FI\" \/>\n<meta property=\"og:type\" content=\"article\" \/>\n<meta property=\"og:title\" content=\"-Joulukortit 28.10.2016 - Pakkoneulootikon el\u00e4m\u00e4\u00e4\" \/>\n<meta property=\"og:description\" content=\"&#8221;Ootpas ajoissa!&#8221; on kuulunu monen suusta, kun oon kertonu tehneeni jo joulukortit. Per\u00e4\u00e4n on kuulunu my\u00f6s naureskelua ja hekottelua. Siihen oon yleens\u00e4 kuitannu:&#8221; Sopii nauraa, mi\u00e4 nauran sit, kun teill\u00e4 tulee kiire omien kortienne kanssa ;)&#8221;. Vaikka tosiasiassa mulle tulee kiire sit muiden joulujuttujen kanssa todenn\u00e4k\u00f6sesti \ud83d\ude00 Alotettiin pojan kanssa joulukorttien teko tosiaan lokakuun alussa. &hellip; Jatka artikkeliin -Joulukortit 28.10.2016\" \/>\n<meta property=\"og:url\" content=\"https:\/\/pakkoneuloosi86.blogaaja.fi\/?page_id=224\" \/>\n<meta property=\"og:site_name\" content=\"Pakkoneulootikon el\u00e4m\u00e4\u00e4\" \/>\n<meta property=\"article:modified_time\" content=\"2016-12-01T05:06:32+00:00\" \/>\n<meta property=\"og:image\" content=\"http:\/\/pakkoneuloosi86.blogaaja.fi\/files\/2016\/11\/20161120_210958-300x152.jpg\" \/>\n<meta name=\"twitter:card\" content=\"summary_large_image\" \/>\n<meta name=\"twitter:label1\" content=\"Est. reading time\">\n\t<meta name=\"twitter:data1\" content=\"2 minuuttia\">\n<script type=\"application\/ld+json\" class=\"yoast-schema-graph\">{\"@context\":\"https:\/\/schema.org\",\"@graph\":[{\"@type\":\"WebSite\",\"@id\":\"https:\/\/pakkoneuloosi86.blogaaja.fi\/#website\",\"url\":\"https:\/\/pakkoneuloosi86.blogaaja.fi\/\",\"name\":\"Pakkoneulootikon el\\u00e4m\\u00e4\\u00e4\",\"description\":\"Asiasta aidanseip\\u00e4\\u00e4seen ja takasin ;)\",\"potentialAction\":[{\"@type\":\"SearchAction\",\"target\":\"https:\/\/pakkoneuloosi86.blogaaja.fi\/?s={search_term_string}\",\"query-input\":\"required name=search_term_string\"}],\"inLanguage\":\"fi\"},{\"@type\":\"ImageObject\",\"@id\":\"https:\/\/pakkoneuloosi86.blogaaja.fi\/?page_id=224#primaryimage\",\"inLanguage\":\"fi\",\"url\":\"http:\/\/pakkoneuloosi86.blogaaja.fi\/files\/2016\/11\/20161120_210958-300x152.jpg\"},{\"@type\":\"WebPage\",\"@id\":\"https:\/\/pakkoneuloosi86.blogaaja.fi\/?page_id=224#webpage\",\"url\":\"https:\/\/pakkoneuloosi86.blogaaja.fi\/?page_id=224\",\"name\":\"-Joulukortit 28.10.2016 - Pakkoneulootikon el\\u00e4m\\u00e4\\u00e4\",\"isPartOf\":{\"@id\":\"https:\/\/pakkoneuloosi86.blogaaja.fi\/#website\"},\"primaryImageOfPage\":{\"@id\":\"https:\/\/pakkoneuloosi86.blogaaja.fi\/?page_id=224#primaryimage\"},\"datePublished\":\"2016-11-13T19:24:55+00:00\",\"dateModified\":\"2016-12-01T05:06:32+00:00\",\"inLanguage\":\"fi\",\"potentialAction\":[{\"@type\":\"ReadAction\",\"target\":[\"https:\/\/pakkoneuloosi86.blogaaja.fi\/?page_id=224\"]}]}]}<\/script>\n<!-- \/ Yoast SEO plugin. -->","_links":{"self":[{"href":"https:\/\/pakkoneuloosi86.blogaaja.fi\/index.php?rest_route=\/wp\/v2\/pages\/224"}],"collection":[{"href":"https:\/\/pakkoneuloosi86.blogaaja.fi\/index.php?rest_route=\/wp\/v2\/pages"}],"about":[{"href":"https:\/\/pakkoneuloosi86.blogaaja.fi\/index.php?rest_route=\/wp\/v2\/types\/page"}],"author":[{"embeddable":true,"href":"https:\/\/pakkoneuloosi86.blogaaja.fi\/index.php?rest_route=\/wp\/v2\/users\/15737"}],"replies":[{"embeddable":true,"href":"https:\/\/pakkoneuloosi86.blogaaja.fi\/index.php?rest_route=%2Fwp%2Fv2%2Fcomments&post=224"}],"version-history":[{"count":0,"href":"https:\/\/pakkoneuloosi86.blogaaja.fi\/index.php?rest_route=\/wp\/v2\/pages\/224\/revisions"}],"up":[{"embeddable":true,"href":"https:\/\/pakkoneuloosi86.blogaaja.fi\/index.php?rest_route=\/wp\/v2\/pages\/218"}],"wp:attachment":[{"href":"https:\/\/pakkoneuloosi86.blogaaja.fi\/index.php?rest_route=%2Fwp%2Fv2%2Fmedia&parent=224"}],"curies":[{"name":"wp","href":"https:\/\/api.w.org\/{rel}","templated":true}]}}