{"id":220,"date":"2016-11-13T21:21:51","date_gmt":"2016-11-13T19:21:51","guid":{"rendered":"http:\/\/pakkoneuloosi86.blogaaja.fi\/?page_id=220"},"modified":"2016-12-01T07:06:48","modified_gmt":"2016-12-01T05:06:48","slug":"1-joulupusikko-8-11-2016","status":"publish","type":"page","link":"https:\/\/pakkoneuloosi86.blogaaja.fi\/?page_id=220","title":{"rendered":"-Joulupusikko ;) 8.11.2016"},"content":{"rendered":"<p>K\u00e4vin tuossa yhten\u00e4 aamuna viem\u00e4ss\u00e4 pojan p\u00e4iv\u00e4kotiin. Takasin tullessa kirmasin pururadan pusikoiden kautta ja k\u00e4vin ker\u00e4\u00e4m\u00e4ss\u00e4 oksia joissa olis paljon haaroja.<\/p>\n<p>Kotiin tultua kaivoin kaapista vanhan l\u00e4pin\u00e4kyv\u00e4n maljakon ja Mastonin kuparisprayn jolla k\u00e4sittelin maljakon kolmeen kertaan.<\/p>\n<p><img loading=\"lazy\" class=\"alignnone size-medium wp-image-377\" src=\"http:\/\/pakkoneuloosi86.blogaaja.fi\/files\/2016\/11\/20161120_212120-190x300.jpg\" alt=\"_20161120_212120\" width=\"190\" height=\"300\" srcset=\"https:\/\/pakkoneuloosi86.blogaaja.fi\/files\/2016\/11\/20161120_212120-190x300.jpg 190w, https:\/\/pakkoneuloosi86.blogaaja.fi\/files\/2016\/11\/20161120_212120.jpg 485w\" sizes=\"(max-width: 190px) 100vw, 190px\" \/><\/p>\n<p>Risut k\u00e4vin pihalla vet\u00e4m\u00e4ss\u00e4 Mastonin mattavalkosella spraymaalilla. Joka loppu v\u00e4h\u00e4n keskenkin, mut eih\u00e4n ne risut joka kohasta ulkonakaan oo valkosia, joten annettakoon anteeks.<\/p>\n<p><img loading=\"lazy\" class=\"alignnone size-medium wp-image-378\" src=\"http:\/\/pakkoneuloosi86.blogaaja.fi\/files\/2016\/11\/20161120_212330-193x300.jpg\" alt=\"_20161120_212330\" width=\"193\" height=\"300\" srcset=\"https:\/\/pakkoneuloosi86.blogaaja.fi\/files\/2016\/11\/20161120_212330-193x300.jpg 193w, https:\/\/pakkoneuloosi86.blogaaja.fi\/files\/2016\/11\/20161120_212330.jpg 267w\" sizes=\"(max-width: 193px) 100vw, 193px\" \/><\/p>\n<p>Noi spraymaalit haisee muuten j\u00e4rkytt\u00e4v\u00e4n pahalle \ud83d\ude00 ett\u00e4 kannattaa maalata joko ulkona tai tositositosi hyvin tuulettuvassa tilassa jossa ei pieneen hetkeen oleilla homman j\u00e4lkeen.<\/p>\n<p>Maalailujen j\u00e4lkeen lopputulos n\u00e4ytti t\u00e4lt\u00e4<\/p>\n<p><img loading=\"lazy\" class=\"alignnone size-medium wp-image-379\" src=\"http:\/\/pakkoneuloosi86.blogaaja.fi\/files\/2016\/11\/20161120_212241-202x300.jpg\" alt=\"_20161120_212241\" width=\"202\" height=\"300\" srcset=\"https:\/\/pakkoneuloosi86.blogaaja.fi\/files\/2016\/11\/20161120_212241-202x300.jpg 202w, https:\/\/pakkoneuloosi86.blogaaja.fi\/files\/2016\/11\/20161120_212241.jpg 531w\" sizes=\"(max-width: 202px) 100vw, 202px\" \/><\/p>\n<p>Prismasta olin her\u00e4teostoksena ostanu erikokosia kultasia kulkusia ja Eurokankaasta hopeista nauhaa. Niist\u00e4 tuli koristeet.<\/p>\n<p><img loading=\"lazy\" class=\"alignnone size-medium wp-image-380\" src=\"http:\/\/pakkoneuloosi86.blogaaja.fi\/files\/2016\/11\/20161120_212138-300x181.jpg\" alt=\"_20161120_212138\" width=\"300\" height=\"181\" srcset=\"https:\/\/pakkoneuloosi86.blogaaja.fi\/files\/2016\/11\/20161120_212138-300x181.jpg 300w, https:\/\/pakkoneuloosi86.blogaaja.fi\/files\/2016\/11\/20161120_212138-768x463.jpg 768w, https:\/\/pakkoneuloosi86.blogaaja.fi\/files\/2016\/11\/20161120_212138.jpg 983w\" sizes=\"(max-width: 300px) 100vw, 300px\" \/><\/p>\n<p>Tuontitukusta\u00a0<a href=\"https:\/\/www.tuontitukku.fi\">https:\/\/www.tuontitukku.fi<\/a>\u00a0tilasin jouluvalot ja lopputulos n\u00e4ytt\u00e4\u00e4 t\u00e4lt\u00e4 nyt sitten<\/p>\n<p><img loading=\"lazy\" class=\"alignnone size-medium wp-image-381\" src=\"http:\/\/pakkoneuloosi86.blogaaja.fi\/files\/2016\/11\/20161120_212157-300x222.jpg\" alt=\"_20161120_212157\" width=\"300\" height=\"222\" srcset=\"https:\/\/pakkoneuloosi86.blogaaja.fi\/files\/2016\/11\/20161120_212157-300x222.jpg 300w, https:\/\/pakkoneuloosi86.blogaaja.fi\/files\/2016\/11\/20161120_212157.jpg 668w\" sizes=\"(max-width: 300px) 100vw, 300px\" \/><\/p>\n<p><img loading=\"lazy\" class=\"alignnone size-medium wp-image-342\" src=\"http:\/\/pakkoneuloosi86.blogaaja.fi\/files\/2016\/11\/20161115_162840-300x163.jpg\" alt=\"_20161115_162840\" width=\"300\" height=\"163\" srcset=\"https:\/\/pakkoneuloosi86.blogaaja.fi\/files\/2016\/11\/20161115_162840-300x163.jpg 300w, https:\/\/pakkoneuloosi86.blogaaja.fi\/files\/2016\/11\/20161115_162840-768x418.jpg 768w, https:\/\/pakkoneuloosi86.blogaaja.fi\/files\/2016\/11\/20161115_162840.jpg 1024w\" sizes=\"(max-width: 300px) 100vw, 300px\" \/><\/p>\n<p>Kuvassa tietysti n\u00e4ytt\u00e4\u00e4 v\u00e4h\u00e4n erilaiselta, kun oikeesti luonnossa. Mutta mi\u00e4 tykk\u00e4\u00e4n, tuo tunnelmaa ja on kaunis &lt;3<\/p>\n<p>T\u00e4n\u00e4 aamuna kun vein pojan p\u00e4iv\u00e4kotiin, tulin postin kautta ja hain sielt\u00e4 ton tuontitukun paketin miss\u00e4 oli just noi jouluvalot, kuusen latvat\u00e4hti ja 120cm vihre\u00e4 tekokuusi. Ja ehdittiinh\u00e4n me yhten\u00e4 p\u00e4iv\u00e4n\u00e4 joulutorttujakin tekem\u00e4\u00e4n omenakanelimarmeladilla pojan kanssa<\/p>\n<p><img loading=\"lazy\" class=\"alignnone size-medium wp-image-382\" src=\"http:\/\/pakkoneuloosi86.blogaaja.fi\/files\/2016\/11\/2016-11-04_11.21.18-300x300.jpg\" alt=\"2016-11-04_11-21-18\" width=\"300\" height=\"300\" srcset=\"https:\/\/pakkoneuloosi86.blogaaja.fi\/files\/2016\/11\/2016-11-04_11.21.18-300x300.jpg 300w, https:\/\/pakkoneuloosi86.blogaaja.fi\/files\/2016\/11\/2016-11-04_11.21.18-150x150.jpg 150w, https:\/\/pakkoneuloosi86.blogaaja.fi\/files\/2016\/11\/2016-11-04_11.21.18-768x768.jpg 768w, https:\/\/pakkoneuloosi86.blogaaja.fi\/files\/2016\/11\/2016-11-04_11.21.18.jpg 1024w\" sizes=\"(max-width: 300px) 100vw, 300px\" \/><\/p>\n<p>Tai no poika muotoili ja mi\u00e4 pistin marmeladit \ud83d\ude00 Kynttelik\u00f6nkin laitoin ikkunalaudalle ja jostain syyst\u00e4 meid\u00e4n Turbo k\u00e4y jyrsim\u00e4ss\u00e4 niit\u00e4 lamppuja, miten kovin v\u00e4lkky kissa\u00a0 \ud83d\ude2f Sit\u00e4 odotellessa millon risut ja kulkuset l\u00e4htee, kun se keksii tehd\u00e4 niist\u00e4 leluja ittelleen \ud83d\ude00<\/p>\n<p>Nyt se olis l\u00e4hdett\u00e4v\u00e4 lumisateeseen hakemaan poikaa kotiin ja samalla reissulla kirjastoon lainaamaan uusia Risto R\u00e4pp\u00e4\u00e4ji\u00e4. Mukavaa talvip\u00e4iv\u00e4\u00e4!<\/p>\n<p>&lt;3 Heidi<\/p>\n","protected":false},"excerpt":{"rendered":"<p>K\u00e4vin tuossa yhten\u00e4 aamuna viem\u00e4ss\u00e4 pojan p\u00e4iv\u00e4kotiin. Takasin tullessa kirmasin pururadan pusikoiden kautta ja k\u00e4vin ker\u00e4\u00e4m\u00e4ss\u00e4 oksia joissa olis paljon haaroja. Kotiin tultua kaivoin kaapista vanhan l\u00e4pin\u00e4kyv\u00e4n maljakon ja Mastonin kuparisprayn jolla k\u00e4sittelin maljakon kolmeen kertaan. Risut k\u00e4vin pihalla vet\u00e4m\u00e4ss\u00e4 Mastonin mattavalkosella spraymaalilla. Joka loppu v\u00e4h\u00e4n keskenkin, mut eih\u00e4n ne risut joka kohasta ulkonakaan oo &hellip; <a href=\"https:\/\/pakkoneuloosi86.blogaaja.fi\/?page_id=220\" class=\"more-link\">Jatka artikkeliin <span class=\"screen-reader-text\">-Joulupusikko \ud83d\ude09 8.11.2016<\/span><\/a><\/p>\n","protected":false},"author":15737,"featured_media":0,"parent":218,"menu_order":3,"comment_status":"open","ping_status":"closed","template":"","meta":[],"yoast_head":"<!-- This site is optimized with the Yoast SEO plugin v15.6.2 - https:\/\/yoast.com\/wordpress\/plugins\/seo\/ -->\n<title>-Joulupusikko ;) 8.11.2016 - Pakkoneulootikon el\u00e4m\u00e4\u00e4<\/title>\n<meta name=\"robots\" content=\"index, follow, max-snippet:-1, max-image-preview:large, max-video-preview:-1\" \/>\n<link rel=\"canonical\" href=\"https:\/\/pakkoneuloosi86.blogaaja.fi\/?page_id=220\" \/>\n<meta property=\"og:locale\" content=\"fi_FI\" \/>\n<meta property=\"og:type\" content=\"article\" \/>\n<meta property=\"og:title\" content=\"-Joulupusikko ;) 8.11.2016 - Pakkoneulootikon el\u00e4m\u00e4\u00e4\" \/>\n<meta property=\"og:description\" content=\"K\u00e4vin tuossa yhten\u00e4 aamuna viem\u00e4ss\u00e4 pojan p\u00e4iv\u00e4kotiin. Takasin tullessa kirmasin pururadan pusikoiden kautta ja k\u00e4vin ker\u00e4\u00e4m\u00e4ss\u00e4 oksia joissa olis paljon haaroja. Kotiin tultua kaivoin kaapista vanhan l\u00e4pin\u00e4kyv\u00e4n maljakon ja Mastonin kuparisprayn jolla k\u00e4sittelin maljakon kolmeen kertaan. Risut k\u00e4vin pihalla vet\u00e4m\u00e4ss\u00e4 Mastonin mattavalkosella spraymaalilla. Joka loppu v\u00e4h\u00e4n keskenkin, mut eih\u00e4n ne risut joka kohasta ulkonakaan oo &hellip; Jatka artikkeliin -Joulupusikko ;) 8.11.2016\" \/>\n<meta property=\"og:url\" content=\"https:\/\/pakkoneuloosi86.blogaaja.fi\/?page_id=220\" \/>\n<meta property=\"og:site_name\" content=\"Pakkoneulootikon el\u00e4m\u00e4\u00e4\" \/>\n<meta property=\"article:modified_time\" content=\"2016-12-01T05:06:48+00:00\" \/>\n<meta property=\"og:image\" content=\"http:\/\/pakkoneuloosi86.blogaaja.fi\/files\/2016\/11\/20161120_212120-190x300.jpg\" \/>\n<meta name=\"twitter:card\" content=\"summary_large_image\" \/>\n<meta name=\"twitter:label1\" content=\"Est. reading time\">\n\t<meta name=\"twitter:data1\" content=\"1 minuutti\">\n<script type=\"application\/ld+json\" class=\"yoast-schema-graph\">{\"@context\":\"https:\/\/schema.org\",\"@graph\":[{\"@type\":\"WebSite\",\"@id\":\"https:\/\/pakkoneuloosi86.blogaaja.fi\/#website\",\"url\":\"https:\/\/pakkoneuloosi86.blogaaja.fi\/\",\"name\":\"Pakkoneulootikon el\\u00e4m\\u00e4\\u00e4\",\"description\":\"Asiasta aidanseip\\u00e4\\u00e4seen ja takasin ;)\",\"potentialAction\":[{\"@type\":\"SearchAction\",\"target\":\"https:\/\/pakkoneuloosi86.blogaaja.fi\/?s={search_term_string}\",\"query-input\":\"required name=search_term_string\"}],\"inLanguage\":\"fi\"},{\"@type\":\"ImageObject\",\"@id\":\"https:\/\/pakkoneuloosi86.blogaaja.fi\/?page_id=220#primaryimage\",\"inLanguage\":\"fi\",\"url\":\"http:\/\/pakkoneuloosi86.blogaaja.fi\/files\/2016\/11\/20161120_212120-190x300.jpg\"},{\"@type\":\"WebPage\",\"@id\":\"https:\/\/pakkoneuloosi86.blogaaja.fi\/?page_id=220#webpage\",\"url\":\"https:\/\/pakkoneuloosi86.blogaaja.fi\/?page_id=220\",\"name\":\"-Joulupusikko ;) 8.11.2016 - Pakkoneulootikon el\\u00e4m\\u00e4\\u00e4\",\"isPartOf\":{\"@id\":\"https:\/\/pakkoneuloosi86.blogaaja.fi\/#website\"},\"primaryImageOfPage\":{\"@id\":\"https:\/\/pakkoneuloosi86.blogaaja.fi\/?page_id=220#primaryimage\"},\"datePublished\":\"2016-11-13T19:21:51+00:00\",\"dateModified\":\"2016-12-01T05:06:48+00:00\",\"inLanguage\":\"fi\",\"potentialAction\":[{\"@type\":\"ReadAction\",\"target\":[\"https:\/\/pakkoneuloosi86.blogaaja.fi\/?page_id=220\"]}]}]}<\/script>\n<!-- \/ Yoast SEO plugin. -->","_links":{"self":[{"href":"https:\/\/pakkoneuloosi86.blogaaja.fi\/index.php?rest_route=\/wp\/v2\/pages\/220"}],"collection":[{"href":"https:\/\/pakkoneuloosi86.blogaaja.fi\/index.php?rest_route=\/wp\/v2\/pages"}],"about":[{"href":"https:\/\/pakkoneuloosi86.blogaaja.fi\/index.php?rest_route=\/wp\/v2\/types\/page"}],"author":[{"embeddable":true,"href":"https:\/\/pakkoneuloosi86.blogaaja.fi\/index.php?rest_route=\/wp\/v2\/users\/15737"}],"replies":[{"embeddable":true,"href":"https:\/\/pakkoneuloosi86.blogaaja.fi\/index.php?rest_route=%2Fwp%2Fv2%2Fcomments&post=220"}],"version-history":[{"count":0,"href":"https:\/\/pakkoneuloosi86.blogaaja.fi\/index.php?rest_route=\/wp\/v2\/pages\/220\/revisions"}],"up":[{"embeddable":true,"href":"https:\/\/pakkoneuloosi86.blogaaja.fi\/index.php?rest_route=\/wp\/v2\/pages\/218"}],"wp:attachment":[{"href":"https:\/\/pakkoneuloosi86.blogaaja.fi\/index.php?rest_route=%2Fwp%2Fv2%2Fmedia&parent=220"}],"curies":[{"name":"wp","href":"https:\/\/api.w.org\/{rel}","templated":true}]}}