{"id":211,"date":"2016-11-13T21:08:32","date_gmt":"2016-11-13T19:08:32","guid":{"rendered":"http:\/\/pakkoneuloosi86.blogaaja.fi\/?page_id=211"},"modified":"2016-12-01T07:10:32","modified_gmt":"2016-12-01T05:10:32","slug":"1-omituinen-hiihtaja","status":"publish","type":"page","link":"https:\/\/pakkoneuloosi86.blogaaja.fi\/?page_id=211","title":{"rendered":"-Omituinen hiiht\u00e4j\u00e4 12.11.2016"},"content":{"rendered":"<p>Siis joo&#8230; Sainpa tuossa p\u00e4iv\u00e4n\u00e4 er\u00e4\u00e4n\u00e4 kerrassaan mahtavan idean omasta mielest\u00e4ni, kuten yleens\u00e4 muutenkin mun ideat on niin loistavia \ud83d\ude00 Kattelin ulkona olevaa lumisadetta ja lumim\u00e4\u00e4r\u00e4\u00e4. Ja ihan kesken ulkoilun poikaa hakiessa p\u00e4iv\u00e4kodista se iski ekan kerran! Seuraavan kerran se tuli keitti\u00f6n p\u00f6yd\u00e4n \u00e4\u00e4ress\u00e4. Joku mielenh\u00e4iri\u00f6 sen oli pakko olla, koska en oo tehny sit\u00e4 18 vuoteen. Viimeks oon tehny sit\u00e4 ala-asteen kuudennella &#8211; nimitt\u00e4in hiiht\u00e4ny. \u00a0Jostain se vaan tuli ja kun se tuli, ei sit\u00e4 ajatusta en\u00e4\u00e4 voinu pys\u00e4ytt\u00e4\u00e4. Halusin just silt\u00e4 seisomalta sukset, halusin hiiht\u00e4m\u00e4\u00e4n! Ja jos mi\u00e4 jotain p\u00e4\u00e4t\u00e4n niin sit\u00e4 on ainakin pakko kokeilla, vaikka idea tuntuis kuinka tyhm\u00e4lt\u00e4 tai huonolta. Ja ottaen viel\u00e4 huomioon sen, ett\u00e4 en todellakaan oo talvi-ihminen, niin mun vapaaehtonen hiiht\u00e4minen on ihme. Mutta pit\u00e4\u00e4h\u00e4n mun toki itte kans hiiht\u00e4\u00e4 jos meinaan joskus pojan siihen opettaa \ud83d\ude00 se se vasta tuleeki olee hurrrrjan fantastista puuhaa \ud83d\ude00<\/p>\n<p>Ja eikun tuumasta toimeen. Koska pienempi\u00e4 sisaruksia mulla on niin monta, k\u00e4\u00e4nnyin suoraan whatsappissa perhekeskustelun puoleen ja kyselin l\u00f6ytysk\u00f6 kelt\u00e4\u00e4n joutilaita suksia ja monoja. Kuulemma porukoiden kellarissa olis monoja ja suksia, ett\u00e4 sielt\u00e4 vaan valkkaamaan. T\u00e4n\u00e4\u00e4n sitten aamuvuoron j\u00e4lkeen menin porukoille is\u00e4np\u00e4iv\u00e4kahveille etuk\u00e4teen ja pikkusiskon kanssa l\u00e4hin penkomaan kellaria. Sielt\u00e4 l\u00f6yty sukset, monot ja sauvat. Sauvoista en kyll\u00e4 o varma, et onko ihan oikeen kokoset, ehk\u00e4 v\u00e4h\u00e4 liian pitk\u00e4t. Muutamaan otteeseen sielt\u00e4 kuulu porukoiden suusta, ett\u00e4 suksi kuuseen \ud83d\ude00 ja v\u00e4h\u00e4n muuallekkin \ud83d\ude00<\/p>\n<p>Nohevana palasin suksien ja sauvojen kanssa kotiin puoli kuuden maissa. Ja eik\u00f6h\u00e4n se heti pit\u00e4ny p\u00e4\u00e4st\u00e4 hiiht\u00e4m\u00e4\u00e4n. Vaikka vihaan pimeell\u00e4 ulkoilua. Sujuvasti monot jalkaan, sukset ja sauvat kainaloon ja menoks.<\/p>\n<p><img loading=\"lazy\" class=\"alignnone size-medium wp-image-433\" src=\"http:\/\/pakkoneuloosi86.blogaaja.fi\/files\/2016\/11\/20161112_185505-300x221.jpg\" alt=\"_20161112_185505\" width=\"300\" height=\"221\" srcset=\"https:\/\/pakkoneuloosi86.blogaaja.fi\/files\/2016\/11\/20161112_185505-300x221.jpg 300w, https:\/\/pakkoneuloosi86.blogaaja.fi\/files\/2016\/11\/20161112_185505-768x566.jpg 768w, https:\/\/pakkoneuloosi86.blogaaja.fi\/files\/2016\/11\/20161112_185505.jpg 787w\" sizes=\"(max-width: 300px) 100vw, 300px\" \/><\/p>\n<p>Tallustelin k\u00e4yt\u00e4nn\u00f6ss\u00e4 takapihalla olevalle pururadalle.<\/p>\n<p><img loading=\"lazy\" class=\"alignnone size-medium wp-image-434\" src=\"http:\/\/pakkoneuloosi86.blogaaja.fi\/files\/2016\/11\/20161112_185533-300x154.jpg\" alt=\"_20161112_185533\" width=\"300\" height=\"154\" srcset=\"https:\/\/pakkoneuloosi86.blogaaja.fi\/files\/2016\/11\/20161112_185533-300x154.jpg 300w, https:\/\/pakkoneuloosi86.blogaaja.fi\/files\/2016\/11\/20161112_185533-768x395.jpg 768w, https:\/\/pakkoneuloosi86.blogaaja.fi\/files\/2016\/11\/20161112_185533.jpg 1024w\" sizes=\"(max-width: 300px) 100vw, 300px\" \/><\/p>\n<p>Piti v\u00e4liss\u00e4 vakuutella ittelleni ettei se nyt niin vaikeeta voi olla. Varmasti helpompaa kun luistelu. Ja kun on pimeet\u00e4 niin ei kukaan kumminkaan n\u00e4\u00e4. Noh, miten meni noin niinku omasta mielest\u00e4? Luistelu on helpompaa, sanonpa vaan.<\/p>\n<p><img loading=\"lazy\" class=\"alignnone size-medium wp-image-435\" src=\"http:\/\/pakkoneuloosi86.blogaaja.fi\/files\/2016\/11\/20161112_185604-178x300.jpg\" alt=\"_20161112_185604\" width=\"178\" height=\"300\" srcset=\"https:\/\/pakkoneuloosi86.blogaaja.fi\/files\/2016\/11\/20161112_185604-178x300.jpg 178w, https:\/\/pakkoneuloosi86.blogaaja.fi\/files\/2016\/11\/20161112_185604.jpg 541w\" sizes=\"(max-width: 178px) 100vw, 178px\" \/><\/p>\n<p>Mut menih\u00e4n se. Heti ekojen ty\u00f6nt\u00f6jen j\u00e4lkeen ajattelin, ett\u00e4 kuolen. Aivan varmasti k\u00e4det irtoo ennen ekaa kilometri\u00e4. Onpa kiva sit jonkun vastaantulijan kattoo, ett\u00e4 miss\u00e4s ton k\u00e4det on. \u00a0Tai jos ei ne satu irtoomaan niin pumppu ainakin pett\u00e4\u00e4 tai happi loppuu, ett\u00e4 suoraan saa ambulanssia soittaa keskelle mett\u00e4\u00e4. Ja tekniikkaa ei ollu niin mink\u00e4\u00e4nlaista. Hiihdin huonommin, kun se pikkupoika, jonka ohitin ladulla s\u00e4\u00e4litt\u00e4v\u00e4sti r\u00e4pik\u00f6iden. Mi\u00e4 en ymm\u00e4rr\u00e4 miten se n\u00e4ytt\u00e4\u00e4 niin vaivattomalta muiden tekem\u00e4n\u00e4. Kuuluuko niiden suksien lipsuu niin paljon vai onko mun tekniikka huono vai pidossa vikaa? Vai ihan olemattomat lihakset ja kehonhallinta? Varmaan kaikkia noita. Kumminkin viiden kilometrin j\u00e4lkeen mulla oli viel\u00e4 k\u00e4det j\u00e4ljell\u00e4, el\u00e4k\u00f6\u00f6n!! Eik\u00e4 pumppukaan tiltannu ja henkikin kulki. Eik\u00e4 ees ollu r\u00e4k\u00e4 poskella niinku telkkarissa n\u00e4kee hiiht\u00e4jill\u00e4 joskus \ud83d\ude00 Kolmesti kaatusin, kun sukset meni solmuun. Mutta en kyll\u00e4 kehtaa edes kertoo kuinka paljon mieless\u00e4ni kirosin hiihtolenkin aikana. Kuitenkin jollain sadistisella tavalla nautin hommasta \ud83d\ude00<\/p>\n<p><img loading=\"lazy\" class=\"alignnone size-medium wp-image-437\" src=\"http:\/\/pakkoneuloosi86.blogaaja.fi\/files\/2016\/11\/20161112_185641-1-163x300.jpg\" alt=\"_20161112_185641\" width=\"163\" height=\"300\" srcset=\"https:\/\/pakkoneuloosi86.blogaaja.fi\/files\/2016\/11\/20161112_185641-1-163x300.jpg 163w, https:\/\/pakkoneuloosi86.blogaaja.fi\/files\/2016\/11\/20161112_185641-1.jpg 558w\" sizes=\"(max-width: 163px) 100vw, 163px\" \/><\/p>\n<p>Jos ei huomenna muualle koske niin ainakin niska voi olla jumissa, kun koko ajan piti keskitty\u00e4 pit\u00e4m\u00e4\u00e4n asento hyv\u00e4n\u00e4 ja hartiat mahdollisimman rentona. Mik\u00e4li huomenna meen hiiht\u00e4m\u00e4\u00e4n, teen sen aivan varmasti taas pimeess\u00e4 \ud83d\ude00 Ettei kukaan vaan n\u00e4\u00e4. Kotiin tullessa taisin avopuolisolle heitt\u00e4\u00e4, ett\u00e4 onneks tiistaina sataa vett\u00e4 \ud83d\ude00 Mutta n\u00e4in suihkussa k\u00e4yneen\u00e4, viltin alla ja teemuki vieress\u00e4, ei ajatus hiiht\u00e4misest\u00e4 huomennakin tunnu yht\u00e4\u00e4n pahalta \ud83d\ude42 Vaikka vasemmassa kantap\u00e4\u00e4ss\u00e4 on muistona rakkula jo nyt \ud83d\ude00 Mutta oon ylpee itest\u00e4ni! Mi\u00e4 kumminkin hiihdin &#8211; tai jotain sen tapasta, reilu 5km \ud83d\ude42<\/p>\n<p>Nautinnollista lauantai-iltaa kaikille!<\/p>\n<p>&lt;3 Heidi<\/p>\n","protected":false},"excerpt":{"rendered":"<p>Siis joo&#8230; Sainpa tuossa p\u00e4iv\u00e4n\u00e4 er\u00e4\u00e4n\u00e4 kerrassaan mahtavan idean omasta mielest\u00e4ni, kuten yleens\u00e4 muutenkin mun ideat on niin loistavia \ud83d\ude00 Kattelin ulkona olevaa lumisadetta ja lumim\u00e4\u00e4r\u00e4\u00e4. Ja ihan kesken ulkoilun poikaa hakiessa p\u00e4iv\u00e4kodista se iski ekan kerran! Seuraavan kerran se tuli keitti\u00f6n p\u00f6yd\u00e4n \u00e4\u00e4ress\u00e4. Joku mielenh\u00e4iri\u00f6 sen oli pakko olla, koska en oo tehny sit\u00e4 &hellip; <a href=\"https:\/\/pakkoneuloosi86.blogaaja.fi\/?page_id=211\" class=\"more-link\">Jatka artikkeliin <span class=\"screen-reader-text\">-Omituinen hiiht\u00e4j\u00e4 12.11.2016<\/span><\/a><\/p>\n","protected":false},"author":15737,"featured_media":0,"parent":195,"menu_order":3,"comment_status":"open","ping_status":"closed","template":"","meta":[],"yoast_head":"<!-- This site is optimized with the Yoast SEO plugin v15.6.2 - https:\/\/yoast.com\/wordpress\/plugins\/seo\/ -->\n<title>-Omituinen hiiht\u00e4j\u00e4 12.11.2016 - Pakkoneulootikon el\u00e4m\u00e4\u00e4<\/title>\n<meta name=\"robots\" content=\"index, follow, max-snippet:-1, max-image-preview:large, max-video-preview:-1\" \/>\n<link rel=\"canonical\" href=\"https:\/\/pakkoneuloosi86.blogaaja.fi\/?page_id=211\" \/>\n<meta property=\"og:locale\" content=\"fi_FI\" \/>\n<meta property=\"og:type\" content=\"article\" \/>\n<meta property=\"og:title\" content=\"-Omituinen hiiht\u00e4j\u00e4 12.11.2016 - Pakkoneulootikon el\u00e4m\u00e4\u00e4\" \/>\n<meta property=\"og:description\" content=\"Siis joo&#8230; Sainpa tuossa p\u00e4iv\u00e4n\u00e4 er\u00e4\u00e4n\u00e4 kerrassaan mahtavan idean omasta mielest\u00e4ni, kuten yleens\u00e4 muutenkin mun ideat on niin loistavia \ud83d\ude00 Kattelin ulkona olevaa lumisadetta ja lumim\u00e4\u00e4r\u00e4\u00e4. Ja ihan kesken ulkoilun poikaa hakiessa p\u00e4iv\u00e4kodista se iski ekan kerran! Seuraavan kerran se tuli keitti\u00f6n p\u00f6yd\u00e4n \u00e4\u00e4ress\u00e4. Joku mielenh\u00e4iri\u00f6 sen oli pakko olla, koska en oo tehny sit\u00e4 &hellip; Jatka artikkeliin -Omituinen hiiht\u00e4j\u00e4 12.11.2016\" \/>\n<meta property=\"og:url\" content=\"https:\/\/pakkoneuloosi86.blogaaja.fi\/?page_id=211\" \/>\n<meta property=\"og:site_name\" content=\"Pakkoneulootikon el\u00e4m\u00e4\u00e4\" \/>\n<meta property=\"article:modified_time\" content=\"2016-12-01T05:10:32+00:00\" \/>\n<meta property=\"og:image\" content=\"http:\/\/pakkoneuloosi86.blogaaja.fi\/files\/2016\/11\/20161112_185505-300x221.jpg\" \/>\n<meta name=\"twitter:card\" content=\"summary_large_image\" \/>\n<meta name=\"twitter:label1\" content=\"Est. reading time\">\n\t<meta name=\"twitter:data1\" content=\"3 minuuttia\">\n<script type=\"application\/ld+json\" class=\"yoast-schema-graph\">{\"@context\":\"https:\/\/schema.org\",\"@graph\":[{\"@type\":\"WebSite\",\"@id\":\"https:\/\/pakkoneuloosi86.blogaaja.fi\/#website\",\"url\":\"https:\/\/pakkoneuloosi86.blogaaja.fi\/\",\"name\":\"Pakkoneulootikon el\\u00e4m\\u00e4\\u00e4\",\"description\":\"Asiasta aidanseip\\u00e4\\u00e4seen ja takasin ;)\",\"potentialAction\":[{\"@type\":\"SearchAction\",\"target\":\"https:\/\/pakkoneuloosi86.blogaaja.fi\/?s={search_term_string}\",\"query-input\":\"required name=search_term_string\"}],\"inLanguage\":\"fi\"},{\"@type\":\"ImageObject\",\"@id\":\"https:\/\/pakkoneuloosi86.blogaaja.fi\/?page_id=211#primaryimage\",\"inLanguage\":\"fi\",\"url\":\"http:\/\/pakkoneuloosi86.blogaaja.fi\/files\/2016\/11\/20161112_185505-300x221.jpg\"},{\"@type\":\"WebPage\",\"@id\":\"https:\/\/pakkoneuloosi86.blogaaja.fi\/?page_id=211#webpage\",\"url\":\"https:\/\/pakkoneuloosi86.blogaaja.fi\/?page_id=211\",\"name\":\"-Omituinen hiiht\\u00e4j\\u00e4 12.11.2016 - Pakkoneulootikon el\\u00e4m\\u00e4\\u00e4\",\"isPartOf\":{\"@id\":\"https:\/\/pakkoneuloosi86.blogaaja.fi\/#website\"},\"primaryImageOfPage\":{\"@id\":\"https:\/\/pakkoneuloosi86.blogaaja.fi\/?page_id=211#primaryimage\"},\"datePublished\":\"2016-11-13T19:08:32+00:00\",\"dateModified\":\"2016-12-01T05:10:32+00:00\",\"inLanguage\":\"fi\",\"potentialAction\":[{\"@type\":\"ReadAction\",\"target\":[\"https:\/\/pakkoneuloosi86.blogaaja.fi\/?page_id=211\"]}]}]}<\/script>\n<!-- \/ Yoast SEO plugin. -->","_links":{"self":[{"href":"https:\/\/pakkoneuloosi86.blogaaja.fi\/index.php?rest_route=\/wp\/v2\/pages\/211"}],"collection":[{"href":"https:\/\/pakkoneuloosi86.blogaaja.fi\/index.php?rest_route=\/wp\/v2\/pages"}],"about":[{"href":"https:\/\/pakkoneuloosi86.blogaaja.fi\/index.php?rest_route=\/wp\/v2\/types\/page"}],"author":[{"embeddable":true,"href":"https:\/\/pakkoneuloosi86.blogaaja.fi\/index.php?rest_route=\/wp\/v2\/users\/15737"}],"replies":[{"embeddable":true,"href":"https:\/\/pakkoneuloosi86.blogaaja.fi\/index.php?rest_route=%2Fwp%2Fv2%2Fcomments&post=211"}],"version-history":[{"count":0,"href":"https:\/\/pakkoneuloosi86.blogaaja.fi\/index.php?rest_route=\/wp\/v2\/pages\/211\/revisions"}],"up":[{"embeddable":true,"href":"https:\/\/pakkoneuloosi86.blogaaja.fi\/index.php?rest_route=\/wp\/v2\/pages\/195"}],"wp:attachment":[{"href":"https:\/\/pakkoneuloosi86.blogaaja.fi\/index.php?rest_route=%2Fwp%2Fv2%2Fmedia&parent=211"}],"curies":[{"name":"wp","href":"https:\/\/api.w.org\/{rel}","templated":true}]}}