{"id":206,"date":"2016-11-13T21:04:23","date_gmt":"2016-11-13T19:04:23","guid":{"rendered":"http:\/\/pakkoneuloosi86.blogaaja.fi\/?page_id=206"},"modified":"2016-12-01T07:10:18","modified_gmt":"2016-12-01T05:10:18","slug":"2-lakritsi-ja-salmiakkifestivaalit-29-30-10-2016","status":"publish","type":"page","link":"https:\/\/pakkoneuloosi86.blogaaja.fi\/?page_id=206","title":{"rendered":"-Lakritsi- ja salmiakkifestivaalit 29.-30.10.2016 (5.11.2016)"},"content":{"rendered":"<p><img loading=\"lazy\" class=\"alignnone size-medium wp-image-387\" src=\"http:\/\/pakkoneuloosi86.blogaaja.fi\/files\/2016\/11\/20161120_213134-215x300.jpg\" alt=\"_20161120_213134\" width=\"215\" height=\"300\" srcset=\"https:\/\/pakkoneuloosi86.blogaaja.fi\/files\/2016\/11\/20161120_213134-215x300.jpg 215w, https:\/\/pakkoneuloosi86.blogaaja.fi\/files\/2016\/11\/20161120_213134.jpg 531w\" sizes=\"(max-width: 215px) 100vw, 215px\" \/><\/p>\n<p>Lakritsi- ja salmiakkifestivaalit j\u00e4rjestettiin Wanhassa Satamassa Helsingin Katajanokalla. Festivaalit oli kaksp\u00e4iv\u00e4set. Me k\u00e4ytiin niill\u00e4 lauantaina avopuolison kanssa. Liput olis ovelta ollut 12\u20ac, ennakkoon ostettuna 10\u20ac. Onneks v\u00e4ltyttiin lippujen jonottamiselta, kun avopuoliso oli liput ostanu ennakkoon. Muuta jonottamista riittikin sitte p\u00e4iv\u00e4n aikana kuitenkin.<\/p>\n<p><img loading=\"lazy\" class=\"alignnone size-medium wp-image-440\" src=\"http:\/\/pakkoneuloosi86.blogaaja.fi\/files\/2016\/11\/20161120_221631-300x91.jpg\" alt=\"_20161120_221631\" width=\"300\" height=\"91\" srcset=\"https:\/\/pakkoneuloosi86.blogaaja.fi\/files\/2016\/11\/20161120_221631-300x91.jpg 300w, https:\/\/pakkoneuloosi86.blogaaja.fi\/files\/2016\/11\/20161120_221631-768x234.jpg 768w, https:\/\/pakkoneuloosi86.blogaaja.fi\/files\/2016\/11\/20161120_221631.jpg 1024w\" sizes=\"(max-width: 300px) 100vw, 300px\" \/><\/p>\n<p>Tilana alue n\u00e4ytt\u00e4\u00e4 t\u00e4lt\u00e4 ilman myyntip\u00f6yti\u00e4. Molemmin puolin k\u00e4yt\u00e4v\u00e4\u00e4 oli nyt myyntip\u00f6yti\u00e4 ja lis\u00e4n\u00e4 iso m\u00e4\u00e4r\u00e4 ihmisi\u00e4. Parhaiten myyntip\u00f6ydille p\u00e4\u00e4sy tapahtu kiltisti vaan jonottamalla. Koska keskelle ei muutenkaan kauheesti j\u00e4\u00e4ny tilaa luovia ja liikkua. Jonottaminen ja odottaminen ei niink\u00e4\u00e4n \u00e4rsytt\u00e4ny vaan ihmiset, jotka tunki v\u00e4liin ja kiilaili. Ei siin\u00e4 mit\u00e4\u00e4n jos tiesiv\u00e4t mit\u00e4 ostavat suoraan ja likimain saman tien poistuivat ostosten kanssa. Omaa luokkaansa oli ne, jotka ei tienneet ja n\u00e4in muiden jonottajien jonotusaika piteni lis\u00e4\u00e4 heid\u00e4n \u00e4ngetess\u00e4 v\u00e4liin ja p\u00e4hkiess\u00e4 sek\u00e4 haaveilleissa mit\u00e4 ostavat. Noin kolme tuntia saatiin pieness\u00e4 tilassa menem\u00e4\u00e4n. Maistiaisia oli joka pisteell\u00e4. Periaatteena mulla ainakin itell\u00e4ni oli tutustua uusiin tuotteisiin ja makuihin ja sponsata niit\u00e4. Perinteisi\u00e4 tuttuja makuja kun saa ihan marketistakin. Osallitujia festivaaleille oli ollut 6300.<\/p>\n<p>N\u00e4ytteilleasettajat l\u00f6yd\u00e4t t\u00e4\u00e4lt\u00e4;\u00a0<a href=\"http:\/\/www.lakritsifestivaalit.com\/naytteilleasettajat\/\">http:\/\/www.lakritsifestivaalit.com\/naytteilleasettajat\/<\/a><\/p>\n<p>Festivaaleilla oli toki muutakin ohjelmaa;\u00a0<a href=\"http:\/\/www.lakritsifestivaalit.com\/tapahtumat\/ohjelmaa-lavalla\/\">http:\/\/www.lakritsifestivaalit.com\/tapahtumat\/ohjelmaa-lavalla\/<\/a>\u00a0Me tosin keskityttiin vaan myyntip\u00f6ytien antimiin t\u00e4ll\u00e4 kertaa.<\/p>\n<p><img loading=\"lazy\" class=\"alignnone size-medium wp-image-441\" src=\"http:\/\/pakkoneuloosi86.blogaaja.fi\/files\/2016\/11\/20161120_221659-300x168.jpg\" alt=\"_20161120_221659\" width=\"300\" height=\"168\" srcset=\"https:\/\/pakkoneuloosi86.blogaaja.fi\/files\/2016\/11\/20161120_221659-300x168.jpg 300w, https:\/\/pakkoneuloosi86.blogaaja.fi\/files\/2016\/11\/20161120_221659-768x430.jpg 768w, https:\/\/pakkoneuloosi86.blogaaja.fi\/files\/2016\/11\/20161120_221659.jpg 958w\" sizes=\"(max-width: 300px) 100vw, 300px\" \/><\/p>\n<p><img loading=\"lazy\" class=\"alignnone size-medium wp-image-442\" src=\"http:\/\/pakkoneuloosi86.blogaaja.fi\/files\/2016\/11\/20161120_221735-300x166.jpg\" alt=\"_20161120_221735\" width=\"300\" height=\"166\" srcset=\"https:\/\/pakkoneuloosi86.blogaaja.fi\/files\/2016\/11\/20161120_221735-300x166.jpg 300w, https:\/\/pakkoneuloosi86.blogaaja.fi\/files\/2016\/11\/20161120_221735-768x424.jpg 768w, https:\/\/pakkoneuloosi86.blogaaja.fi\/files\/2016\/11\/20161120_221735.jpg 879w\" sizes=\"(max-width: 300px) 100vw, 300px\" \/><\/p>\n<p>Koko ostossetti kahdelta ihmiselt\u00e4 n\u00e4ytti t\u00e4lt\u00e4<\/p>\n<p><img loading=\"lazy\" class=\"alignnone size-medium wp-image-443\" src=\"http:\/\/pakkoneuloosi86.blogaaja.fi\/files\/2016\/11\/20161120_221803-300x295.jpg\" alt=\"_20161120_221803\" width=\"300\" height=\"295\" srcset=\"https:\/\/pakkoneuloosi86.blogaaja.fi\/files\/2016\/11\/20161120_221803-300x295.jpg 300w, https:\/\/pakkoneuloosi86.blogaaja.fi\/files\/2016\/11\/20161120_221803.jpg 660w\" sizes=\"(max-width: 300px) 100vw, 300px\" \/><\/p>\n<p>Ja ihan ekana ennenkun alan muuta kertomaan, niin on pakko hehkuttaa. Ehdottomasti paras ja esteettisesti kaunein myyntipiste oli n\u00e4ill\u00e4 kavereilla;\u00a0<a href=\"https:\/\/lakrids.nu\">https:\/\/lakrids.nu<\/a><\/p>\n<p><img loading=\"lazy\" class=\"alignnone size-medium wp-image-444\" src=\"http:\/\/pakkoneuloosi86.blogaaja.fi\/files\/2016\/11\/20161120_221839-167x300.jpg\" alt=\"_20161120_221839\" width=\"167\" height=\"300\" srcset=\"https:\/\/pakkoneuloosi86.blogaaja.fi\/files\/2016\/11\/20161120_221839-167x300.jpg 167w, https:\/\/pakkoneuloosi86.blogaaja.fi\/files\/2016\/11\/20161120_221839.jpg 504w\" sizes=\"(max-width: 167px) 100vw, 167px\" \/><\/p>\n<p>Jonottaminen pisteelle oli kovin tuskasta ja hidasta, heill\u00e4 oli ehdottomasti pisimm\u00e4t jonot. Olisin voinu viett\u00e4\u00e4 monta tuntia tuijotten hylly\u00e4 ja pelk\u00e4st\u00e4\u00e4n hipel\u00f6iden noita purkkeja. Fiilis oli kirjaimellisesti, kun olis p\u00e4\u00e4st\u00e4ny lapsen karkkikauppaan. Heid\u00e4n tuotteitaan ei voi edes mill\u00e4\u00e4n sanoillaan kuvata oikeesti. Voiton vei ehdottomasti;<\/p>\n<p><img loading=\"lazy\" class=\"alignnone size-medium wp-image-445\" src=\"http:\/\/pakkoneuloosi86.blogaaja.fi\/files\/2016\/11\/20161120_221911-176x300.jpg\" alt=\"_20161120_221911\" width=\"176\" height=\"300\" srcset=\"https:\/\/pakkoneuloosi86.blogaaja.fi\/files\/2016\/11\/20161120_221911-176x300.jpg 176w, https:\/\/pakkoneuloosi86.blogaaja.fi\/files\/2016\/11\/20161120_221911.jpg 483w\" sizes=\"(max-width: 176px) 100vw, 176px\" \/><\/p>\n<p>P\u00f6yd\u00e4n ensimm\u00e4inen maistiainen ja olin jo myyty, py\u00f6rtyminen oli l\u00e4hell\u00e4. Niin t\u00e4ydellinen yhdistelm\u00e4 suolasta, makeaa, suklaata ja lakritsia. Sit\u00e4 sitten piti ostaa kaks purkkia, molemmille oma, koska t\u00e4t\u00e4 herkkua ei jaeta!! Ja aivan varmasti n\u00e4it\u00e4 tulee ostettua my\u00f6s jatkossa, vaikka sitte netin kautta \ud83d\ude42<\/p>\n<p><img loading=\"lazy\" class=\"alignnone size-medium wp-image-447\" src=\"http:\/\/pakkoneuloosi86.blogaaja.fi\/files\/2016\/11\/20161120_221947-e1479673488220-300x266.jpg\" alt=\"_20161120_221947\" width=\"300\" height=\"266\" srcset=\"https:\/\/pakkoneuloosi86.blogaaja.fi\/files\/2016\/11\/20161120_221947-e1479673488220-300x266.jpg 300w, https:\/\/pakkoneuloosi86.blogaaja.fi\/files\/2016\/11\/20161120_221947-e1479673488220.jpg 652w\" sizes=\"(max-width: 300px) 100vw, 300px\" \/><\/p>\n<p>Ehdottomasti esteettisyyden takia tarttui mukaan kolme purkkia maailman kauneimpia lakritsipalloja. Awwwww &lt;3 mie romahan!!! \u00a0Ja toki makukin oli taivaallinen, koska ei sit\u00e4 muuten olis lyk\u00e4nny 29\u20ac kolmeen purkkiin \ud83d\ude00 Jepjep.. Mut se esteettisyys &lt;3<\/p>\n<p><img loading=\"lazy\" class=\"alignnone size-medium wp-image-449\" src=\"http:\/\/pakkoneuloosi86.blogaaja.fi\/files\/2016\/11\/20161120_222043-300x138.jpg\" alt=\"_20161120_222043\" width=\"300\" height=\"138\" srcset=\"https:\/\/pakkoneuloosi86.blogaaja.fi\/files\/2016\/11\/20161120_222043-300x138.jpg 300w, https:\/\/pakkoneuloosi86.blogaaja.fi\/files\/2016\/11\/20161120_222043-768x353.jpg 768w, https:\/\/pakkoneuloosi86.blogaaja.fi\/files\/2016\/11\/20161120_222043.jpg 1024w\" sizes=\"(max-width: 300px) 100vw, 300px\" \/><\/p>\n<p><img loading=\"lazy\" class=\"alignnone size-medium wp-image-448\" src=\"http:\/\/pakkoneuloosi86.blogaaja.fi\/files\/2016\/11\/20161120_222016-300x130.jpg\" alt=\"_20161120_222016\" width=\"300\" height=\"130\" srcset=\"https:\/\/pakkoneuloosi86.blogaaja.fi\/files\/2016\/11\/20161120_222016-300x130.jpg 300w, https:\/\/pakkoneuloosi86.blogaaja.fi\/files\/2016\/11\/20161120_222016-768x332.jpg 768w, https:\/\/pakkoneuloosi86.blogaaja.fi\/files\/2016\/11\/20161120_222016.jpg 999w\" sizes=\"(max-width: 300px) 100vw, 300px\" \/><\/p>\n<p>Ja lopuks avopuoliso osti mukaan viel\u00e4 heilt\u00e4<\/p>\n<p><img loading=\"lazy\" class=\"alignnone size-medium wp-image-450\" src=\"http:\/\/pakkoneuloosi86.blogaaja.fi\/files\/2016\/11\/20161120_222114-233x300.jpg\" alt=\"_20161120_222114\" width=\"233\" height=\"300\" srcset=\"https:\/\/pakkoneuloosi86.blogaaja.fi\/files\/2016\/11\/20161120_222114-233x300.jpg 233w, https:\/\/pakkoneuloosi86.blogaaja.fi\/files\/2016\/11\/20161120_222114.jpg 593w\" sizes=\"(max-width: 233px) 100vw, 233px\" \/><\/p>\n<p>Fazerilta mukaan tarttui;<\/p>\n<p><img loading=\"lazy\" class=\"alignnone size-medium wp-image-451\" src=\"http:\/\/pakkoneuloosi86.blogaaja.fi\/files\/2016\/11\/20161120_222141-e1479673604903-300x182.jpg\" alt=\"_20161120_222141\" width=\"300\" height=\"182\" srcset=\"https:\/\/pakkoneuloosi86.blogaaja.fi\/files\/2016\/11\/20161120_222141-e1479673604903-300x182.jpg 300w, https:\/\/pakkoneuloosi86.blogaaja.fi\/files\/2016\/11\/20161120_222141-e1479673604903-768x466.jpg 768w, https:\/\/pakkoneuloosi86.blogaaja.fi\/files\/2016\/11\/20161120_222141-e1479673604903.jpg 794w\" sizes=\"(max-width: 300px) 100vw, 300px\" \/><\/p>\n<p>Sek\u00e4<\/p>\n<p><img loading=\"lazy\" class=\"alignnone size-medium wp-image-452\" src=\"http:\/\/pakkoneuloosi86.blogaaja.fi\/files\/2016\/11\/20161120_222208-300x178.jpg\" alt=\"_20161120_222208\" width=\"300\" height=\"178\" srcset=\"https:\/\/pakkoneuloosi86.blogaaja.fi\/files\/2016\/11\/20161120_222208-300x178.jpg 300w, https:\/\/pakkoneuloosi86.blogaaja.fi\/files\/2016\/11\/20161120_222208-768x456.jpg 768w, https:\/\/pakkoneuloosi86.blogaaja.fi\/files\/2016\/11\/20161120_222208.jpg 989w\" sizes=\"(max-width: 300px) 100vw, 300px\" \/><\/p>\n<p>Fazerin nettisivut;\u00a0<a href=\"http:\/\/www.fazer.fi\">http:\/\/www.fazer.fi<\/a><\/p>\n<p>My\u00f6s Tomi Bj\u00f6rk on suunnitellut lakritsimakuja ja mukaan tarttukin kolmea makua<\/p>\n<p><img loading=\"lazy\" class=\"alignnone size-medium wp-image-453\" src=\"http:\/\/pakkoneuloosi86.blogaaja.fi\/files\/2016\/11\/20161120_222232-e1479673663974-300x108.jpg\" alt=\"_20161120_222232\" width=\"300\" height=\"108\" srcset=\"https:\/\/pakkoneuloosi86.blogaaja.fi\/files\/2016\/11\/20161120_222232-e1479673663974-300x108.jpg 300w, https:\/\/pakkoneuloosi86.blogaaja.fi\/files\/2016\/11\/20161120_222232-e1479673663974-768x276.jpg 768w, https:\/\/pakkoneuloosi86.blogaaja.fi\/files\/2016\/11\/20161120_222232-e1479673663974.jpg 854w\" sizes=\"(max-width: 300px) 100vw, 300px\" \/><\/p>\n<p>Mun ehdoton suosikki on tuo appelsiini-mustapippuri. Mustapippurin maku tulee viipyilev\u00e4sti vasta hetken p\u00e4\u00e4st\u00e4 lakritsin sy\u00f6misest\u00e4. Mukavasti my\u00f6s kurkussa l\u00e4mmitt\u00e4\u00e4 n\u00e4in pakkasen keskell\u00e4. Sivut n\u00e4ille;\u00a0<a href=\"http:\/\/www.liq.fi\/#ylos\">http:\/\/www.liq.fi\/#ylos<\/a><\/p>\n<p>Lakritsfabriken\u00a0<a href=\"https:\/\/www.ceestashop.fi\">https:\/\/www.ceestashop.fi<\/a>\u00a0tuotteista mukaan tarttu;<\/p>\n<p><img loading=\"lazy\" class=\"alignnone size-medium wp-image-454\" src=\"http:\/\/pakkoneuloosi86.blogaaja.fi\/files\/2016\/11\/20161120_222310-189x300.jpg\" alt=\"_20161120_222310\" width=\"189\" height=\"300\" srcset=\"https:\/\/pakkoneuloosi86.blogaaja.fi\/files\/2016\/11\/20161120_222310-189x300.jpg 189w, https:\/\/pakkoneuloosi86.blogaaja.fi\/files\/2016\/11\/20161120_222310.jpg 440w\" sizes=\"(max-width: 189px) 100vw, 189px\" \/>\u00a0<img loading=\"lazy\" class=\"alignnone size-medium wp-image-455\" src=\"http:\/\/pakkoneuloosi86.blogaaja.fi\/files\/2016\/11\/20161120_222335-193x300.jpg\" alt=\"_20161120_222335\" width=\"193\" height=\"300\" srcset=\"https:\/\/pakkoneuloosi86.blogaaja.fi\/files\/2016\/11\/20161120_222335-193x300.jpg 193w, https:\/\/pakkoneuloosi86.blogaaja.fi\/files\/2016\/11\/20161120_222335.jpg 361w\" sizes=\"(max-width: 193px) 100vw, 193px\" \/><\/p>\n<p><img loading=\"lazy\" class=\"alignnone size-medium wp-image-456\" src=\"http:\/\/pakkoneuloosi86.blogaaja.fi\/files\/2016\/11\/20161120_222358-300x244.jpg\" alt=\"_20161120_222358\" width=\"300\" height=\"244\" srcset=\"https:\/\/pakkoneuloosi86.blogaaja.fi\/files\/2016\/11\/20161120_222358-300x244.jpg 300w, https:\/\/pakkoneuloosi86.blogaaja.fi\/files\/2016\/11\/20161120_222358.jpg 489w\" sizes=\"(max-width: 300px) 100vw, 300px\" \/><\/p>\n<p><img loading=\"lazy\" class=\"alignnone size-medium wp-image-457\" src=\"http:\/\/pakkoneuloosi86.blogaaja.fi\/files\/2016\/11\/20161120_222426-226x300.jpg\" alt=\"_20161120_222426\" width=\"226\" height=\"300\" srcset=\"https:\/\/pakkoneuloosi86.blogaaja.fi\/files\/2016\/11\/20161120_222426-226x300.jpg 226w, https:\/\/pakkoneuloosi86.blogaaja.fi\/files\/2016\/11\/20161120_222426.jpg 532w\" sizes=\"(max-width: 226px) 100vw, 226px\" \/><\/p>\n<p>Itteh\u00e4n tyk\u00e4styin vaan noihin super salty-lakritseihin.<\/p>\n<p>Namituvalta mukaan;<\/p>\n<p><img loading=\"lazy\" class=\"alignnone size-medium wp-image-458\" src=\"http:\/\/pakkoneuloosi86.blogaaja.fi\/files\/2016\/11\/20161120_222455-e1479673816265-300x150.jpg\" alt=\"_20161120_222455\" width=\"300\" height=\"150\" srcset=\"https:\/\/pakkoneuloosi86.blogaaja.fi\/files\/2016\/11\/20161120_222455-e1479673816265-300x150.jpg 300w, https:\/\/pakkoneuloosi86.blogaaja.fi\/files\/2016\/11\/20161120_222455-e1479673816265-768x383.jpg 768w, https:\/\/pakkoneuloosi86.blogaaja.fi\/files\/2016\/11\/20161120_222455-e1479673816265.jpg 806w\" sizes=\"(max-width: 300px) 100vw, 300px\" \/><\/p>\n<p>sek\u00e4 avopuolisolle<\/p>\n<p><img loading=\"lazy\" class=\"alignnone size-medium wp-image-459\" src=\"http:\/\/pakkoneuloosi86.blogaaja.fi\/files\/2016\/11\/20161120_222524-109x300.jpg\" alt=\"_20161120_222524\" width=\"109\" height=\"300\" srcset=\"https:\/\/pakkoneuloosi86.blogaaja.fi\/files\/2016\/11\/20161120_222524-109x300.jpg 109w, https:\/\/pakkoneuloosi86.blogaaja.fi\/files\/2016\/11\/20161120_222524.jpg 340w\" sizes=\"(max-width: 109px) 100vw, 109px\" \/><\/p>\n<p>&nbsp;<\/p>\n<p>Mun suosikki on tietysti mango \ud83d\ude09 ja nettisivut;\u00a0<a href=\"http:\/\/www.namitupa.fi\">http:\/\/www.namitupa.fi<\/a><\/p>\n<p>Sweetheartin p\u00f6yd\u00e4lt\u00e4 tarttu mukaan hunajan makusta lakritsia. N\u00e4it\u00e4kin \u00a0voisin ostaa ehdottomasti lis\u00e4\u00e4!<\/p>\n<p><img loading=\"lazy\" class=\"alignnone wp-image-460 size-medium\" src=\"http:\/\/pakkoneuloosi86.blogaaja.fi\/files\/2016\/11\/20161120_222547-e1479673893608-237x300.jpg\" alt=\"_20161120_222547\" width=\"237\" height=\"300\" srcset=\"https:\/\/pakkoneuloosi86.blogaaja.fi\/files\/2016\/11\/20161120_222547-e1479673893608-237x300.jpg 237w, https:\/\/pakkoneuloosi86.blogaaja.fi\/files\/2016\/11\/20161120_222547-e1479673893608.jpg 406w\" sizes=\"(max-width: 237px) 100vw, 237px\" \/><\/p>\n<p>Nettisivut;\u00a0<a href=\"http:\/\/www.sweetheart.fi\">http:\/\/www.sweetheart.fi<\/a><\/p>\n<p>Mukaan tartui my\u00f6s avopuolison Sahlmanin pehme\u00e4t toffeet<\/p>\n<p><img loading=\"lazy\" class=\"alignnone size-medium wp-image-461\" src=\"http:\/\/pakkoneuloosi86.blogaaja.fi\/files\/2016\/11\/20161120_222616-300x200.jpg\" alt=\"_20161120_222616\" width=\"300\" height=\"200\" srcset=\"https:\/\/pakkoneuloosi86.blogaaja.fi\/files\/2016\/11\/20161120_222616-300x200.jpg 300w, https:\/\/pakkoneuloosi86.blogaaja.fi\/files\/2016\/11\/20161120_222616.jpg 675w\" sizes=\"(max-width: 300px) 100vw, 300px\" \/><\/p>\n<p>Kouvolan lakritsilta valitsin habaneron makusta lakritsia, koska avopuoliso halus vied\u00e4 lahjaks n\u00e4it\u00e4<\/p>\n<p><img loading=\"lazy\" class=\"alignnone size-medium wp-image-462\" src=\"http:\/\/pakkoneuloosi86.blogaaja.fi\/files\/2016\/11\/20161120_222642-e1479673960834-190x300.jpg\" alt=\"_20161120_222642\" width=\"190\" height=\"300\" srcset=\"https:\/\/pakkoneuloosi86.blogaaja.fi\/files\/2016\/11\/20161120_222642-e1479673960834-190x300.jpg 190w, https:\/\/pakkoneuloosi86.blogaaja.fi\/files\/2016\/11\/20161120_222642-e1479673960834.jpg 391w\" sizes=\"(max-width: 190px) 100vw, 190px\" \/><\/p>\n<p>&nbsp;<\/p>\n<p>Sek\u00e4 2 pussia tervan makusta lakritsia ihan ittelleni \ud83d\ude09<\/p>\n<p><img loading=\"lazy\" class=\"alignnone size-medium wp-image-463\" src=\"http:\/\/pakkoneuloosi86.blogaaja.fi\/files\/2016\/11\/20161120_222712-300x142.jpg\" alt=\"_20161120_222712\" width=\"300\" height=\"142\" srcset=\"https:\/\/pakkoneuloosi86.blogaaja.fi\/files\/2016\/11\/20161120_222712-300x142.jpg 300w, https:\/\/pakkoneuloosi86.blogaaja.fi\/files\/2016\/11\/20161120_222712-768x365.jpg 768w, https:\/\/pakkoneuloosi86.blogaaja.fi\/files\/2016\/11\/20161120_222712.jpg 1019w\" sizes=\"(max-width: 300px) 100vw, 300px\" \/><\/p>\n<p>&nbsp;<\/p>\n<p>Rehellisesti sanottuna noista kolmesta viimesest\u00e4 pussista mulla ei o hajuaka milt\u00e4 ne ostettiin, mut hyvi\u00e4 olivat \ud83d\ude00 Kouvolan lakritsin sivut;\u00a0<a href=\"https:\/\/www.kouvolanlakritsi.fi\/fi\/\">https:\/\/www.kouvolanlakritsi.fi\/fi\/<\/a><\/p>\n<p>Haupt lakritsilta mukaan l\u00e4hti Mets\u00e4lakritsia ja mulle God Jul lakritsia.<\/p>\n<p><img loading=\"lazy\" class=\"alignnone size-medium wp-image-464\" src=\"http:\/\/pakkoneuloosi86.blogaaja.fi\/files\/2016\/11\/20161120_222735-300x135.jpg\" alt=\"_20161120_222735\" width=\"300\" height=\"135\" srcset=\"https:\/\/pakkoneuloosi86.blogaaja.fi\/files\/2016\/11\/20161120_222735-300x135.jpg 300w, https:\/\/pakkoneuloosi86.blogaaja.fi\/files\/2016\/11\/20161120_222735-768x345.jpg 768w, https:\/\/pakkoneuloosi86.blogaaja.fi\/files\/2016\/11\/20161120_222735.jpg 869w\" sizes=\"(max-width: 300px) 100vw, 300px\" \/><\/p>\n<p>&nbsp;<\/p>\n<p>Nettsivua en teille saanut linkattua, kun google huusi jotain turvavarotusta, mutta n\u00e4in sanottiin n\u00e4ytteilleasettajien sivulla;<\/p>\n<p><strong>&#8221;Haupt Lakrits<\/strong><br \/>\nHaupt Lakrits valmistaa ja myy sek\u00e4 makeata ett\u00e4 suolaista lakritsia, suklaap\u00e4\u00e4llysteist\u00e4 lakritsia sek\u00e4 lakritsituotteita ruoanlaittoon ja leipomiseen. Yhteist\u00e4 yrityksen kaikille tuotteille on tarkkuus alkuper\u00e4st\u00e4, valmistusmenetelmist\u00e4 ja valmistusaineista. Haupt Lakritsin p\u00e4\u00e4m\u00e4\u00e4r\u00e4n\u00e4 on tuottaa maailman parhainta lakritsia.&#8221;<\/p>\n<p>N\u00e4ist\u00e4 oikeasti tuli maultaan mets\u00e4nen ja joulunen fiilis, koska mausteet n\u00e4ihin oli valittu teeman mukasesti. Mets\u00e4lakritsissa on mm. mustikka, kuusi\u00f6ljy, timjamu, t\u00e4htianis. Kun taas joululakritsissa on t\u00e4htianista, kanelia, inkiv\u00e4\u00e4ri\u00e4, neilikkaa ja kardemummaa. Ei ehk\u00e4 yll\u00e4tys, mutta mun suosikki n\u00e4ist\u00e4 ehottomasti. Ja mun mielest\u00e4 pakkauksetkin on kauniit ja esteettisesti miellytt\u00e4\u00e4 mun silm\u00e4\u00e4 todella paljon.<\/p>\n<p>Avopuolison matkaan oli viel\u00e4 tarttunu t\u00e4mm\u00f6nen, mut ei mit\u00e4\u00e4n hajua mist\u00e4 se sen nappasi mukaan \ud83d\ude00<\/p>\n<p><img loading=\"lazy\" class=\"alignnone size-medium wp-image-465\" src=\"http:\/\/pakkoneuloosi86.blogaaja.fi\/files\/2016\/11\/20161120_222801-258x300.jpg\" alt=\"_20161120_222801\" width=\"258\" height=\"300\" srcset=\"https:\/\/pakkoneuloosi86.blogaaja.fi\/files\/2016\/11\/20161120_222801-258x300.jpg 258w, https:\/\/pakkoneuloosi86.blogaaja.fi\/files\/2016\/11\/20161120_222801.jpg 460w\" sizes=\"(max-width: 258px) 100vw, 258px\" \/><\/p>\n<p>&nbsp;<\/p>\n<p>Hartwallin salmiakki vichy\u00e4 maistettiin my\u00f6s, mut se oli kyll\u00e4 niin kamalaa.. Etenkin, kun en pahemmin vichyst\u00e4 edes tykk\u00e4\u00e4 itte \ud83d\ude00 ett\u00e4 ei kahta kertaa tarttennu mietti\u00e4 ostetaanko vai ei.. Ei ostettu..<\/p>\n<p>Hyv\u00e4 reissu oli siis tosiaankin ja varmasti menn\u00e4\u00e4n uudestaan. Toivottavasti seuraavaks on mietitty tilaratkasua eri tavalla. Mahdollisesti jopa tilavampaan paikkaan \ud83d\ude42<\/p>\n<p>Pahottelen jos jotkut linkit ei toimi tai on kirjotusvirheit\u00e4, palaan kyll\u00e4 korjailemaan asiaa, mutta nyt on alettava ty\u00f6maalle l\u00e4ht\u00f6\u00f6n valmistautumaan. Ihanaa viikonloppua!<\/p>\n<p>&lt;3 Heidi<\/p>\n","protected":false},"excerpt":{"rendered":"<p>Lakritsi- ja salmiakkifestivaalit j\u00e4rjestettiin Wanhassa Satamassa Helsingin Katajanokalla. Festivaalit oli kaksp\u00e4iv\u00e4set. Me k\u00e4ytiin niill\u00e4 lauantaina avopuolison kanssa. Liput olis ovelta ollut 12\u20ac, ennakkoon ostettuna 10\u20ac. Onneks v\u00e4ltyttiin lippujen jonottamiselta, kun avopuoliso oli liput ostanu ennakkoon. Muuta jonottamista riittikin sitte p\u00e4iv\u00e4n aikana kuitenkin. Tilana alue n\u00e4ytt\u00e4\u00e4 t\u00e4lt\u00e4 ilman myyntip\u00f6yti\u00e4. Molemmin puolin k\u00e4yt\u00e4v\u00e4\u00e4 oli nyt myyntip\u00f6yti\u00e4 ja &hellip; <a href=\"https:\/\/pakkoneuloosi86.blogaaja.fi\/?page_id=206\" class=\"more-link\">Jatka artikkeliin <span class=\"screen-reader-text\">-Lakritsi- ja salmiakkifestivaalit 29.-30.10.2016 (5.11.2016)<\/span><\/a><\/p>\n","protected":false},"author":15737,"featured_media":0,"parent":195,"menu_order":2,"comment_status":"open","ping_status":"closed","template":"","meta":[],"yoast_head":"<!-- This site is optimized with the Yoast SEO plugin v15.6.2 - https:\/\/yoast.com\/wordpress\/plugins\/seo\/ -->\n<title>-Lakritsi- ja salmiakkifestivaalit 29.-30.10.2016 (5.11.2016) - Pakkoneulootikon el\u00e4m\u00e4\u00e4<\/title>\n<meta name=\"robots\" content=\"index, follow, max-snippet:-1, max-image-preview:large, max-video-preview:-1\" \/>\n<link rel=\"canonical\" href=\"https:\/\/pakkoneuloosi86.blogaaja.fi\/?page_id=206\" \/>\n<meta property=\"og:locale\" content=\"fi_FI\" \/>\n<meta property=\"og:type\" content=\"article\" \/>\n<meta property=\"og:title\" content=\"-Lakritsi- ja salmiakkifestivaalit 29.-30.10.2016 (5.11.2016) - Pakkoneulootikon el\u00e4m\u00e4\u00e4\" \/>\n<meta property=\"og:description\" content=\"Lakritsi- ja salmiakkifestivaalit j\u00e4rjestettiin Wanhassa Satamassa Helsingin Katajanokalla. Festivaalit oli kaksp\u00e4iv\u00e4set. Me k\u00e4ytiin niill\u00e4 lauantaina avopuolison kanssa. Liput olis ovelta ollut 12\u20ac, ennakkoon ostettuna 10\u20ac. Onneks v\u00e4ltyttiin lippujen jonottamiselta, kun avopuoliso oli liput ostanu ennakkoon. Muuta jonottamista riittikin sitte p\u00e4iv\u00e4n aikana kuitenkin. Tilana alue n\u00e4ytt\u00e4\u00e4 t\u00e4lt\u00e4 ilman myyntip\u00f6yti\u00e4. Molemmin puolin k\u00e4yt\u00e4v\u00e4\u00e4 oli nyt myyntip\u00f6yti\u00e4 ja &hellip; Jatka artikkeliin -Lakritsi- ja salmiakkifestivaalit 29.-30.10.2016 (5.11.2016)\" \/>\n<meta property=\"og:url\" content=\"https:\/\/pakkoneuloosi86.blogaaja.fi\/?page_id=206\" \/>\n<meta property=\"og:site_name\" content=\"Pakkoneulootikon el\u00e4m\u00e4\u00e4\" \/>\n<meta property=\"article:modified_time\" content=\"2016-12-01T05:10:18+00:00\" \/>\n<meta property=\"og:image\" content=\"http:\/\/pakkoneuloosi86.blogaaja.fi\/files\/2016\/11\/20161120_213134-215x300.jpg\" \/>\n<meta name=\"twitter:card\" content=\"summary_large_image\" \/>\n<meta name=\"twitter:label1\" content=\"Est. reading time\">\n\t<meta name=\"twitter:data1\" content=\"4 minuuttia\">\n<script type=\"application\/ld+json\" class=\"yoast-schema-graph\">{\"@context\":\"https:\/\/schema.org\",\"@graph\":[{\"@type\":\"WebSite\",\"@id\":\"https:\/\/pakkoneuloosi86.blogaaja.fi\/#website\",\"url\":\"https:\/\/pakkoneuloosi86.blogaaja.fi\/\",\"name\":\"Pakkoneulootikon el\\u00e4m\\u00e4\\u00e4\",\"description\":\"Asiasta aidanseip\\u00e4\\u00e4seen ja takasin ;)\",\"potentialAction\":[{\"@type\":\"SearchAction\",\"target\":\"https:\/\/pakkoneuloosi86.blogaaja.fi\/?s={search_term_string}\",\"query-input\":\"required name=search_term_string\"}],\"inLanguage\":\"fi\"},{\"@type\":\"ImageObject\",\"@id\":\"https:\/\/pakkoneuloosi86.blogaaja.fi\/?page_id=206#primaryimage\",\"inLanguage\":\"fi\",\"url\":\"http:\/\/pakkoneuloosi86.blogaaja.fi\/files\/2016\/11\/20161120_213134-215x300.jpg\"},{\"@type\":\"WebPage\",\"@id\":\"https:\/\/pakkoneuloosi86.blogaaja.fi\/?page_id=206#webpage\",\"url\":\"https:\/\/pakkoneuloosi86.blogaaja.fi\/?page_id=206\",\"name\":\"-Lakritsi- ja salmiakkifestivaalit 29.-30.10.2016 (5.11.2016) - Pakkoneulootikon el\\u00e4m\\u00e4\\u00e4\",\"isPartOf\":{\"@id\":\"https:\/\/pakkoneuloosi86.blogaaja.fi\/#website\"},\"primaryImageOfPage\":{\"@id\":\"https:\/\/pakkoneuloosi86.blogaaja.fi\/?page_id=206#primaryimage\"},\"datePublished\":\"2016-11-13T19:04:23+00:00\",\"dateModified\":\"2016-12-01T05:10:18+00:00\",\"inLanguage\":\"fi\",\"potentialAction\":[{\"@type\":\"ReadAction\",\"target\":[\"https:\/\/pakkoneuloosi86.blogaaja.fi\/?page_id=206\"]}]}]}<\/script>\n<!-- \/ Yoast SEO plugin. -->","_links":{"self":[{"href":"https:\/\/pakkoneuloosi86.blogaaja.fi\/index.php?rest_route=\/wp\/v2\/pages\/206"}],"collection":[{"href":"https:\/\/pakkoneuloosi86.blogaaja.fi\/index.php?rest_route=\/wp\/v2\/pages"}],"about":[{"href":"https:\/\/pakkoneuloosi86.blogaaja.fi\/index.php?rest_route=\/wp\/v2\/types\/page"}],"author":[{"embeddable":true,"href":"https:\/\/pakkoneuloosi86.blogaaja.fi\/index.php?rest_route=\/wp\/v2\/users\/15737"}],"replies":[{"embeddable":true,"href":"https:\/\/pakkoneuloosi86.blogaaja.fi\/index.php?rest_route=%2Fwp%2Fv2%2Fcomments&post=206"}],"version-history":[{"count":0,"href":"https:\/\/pakkoneuloosi86.blogaaja.fi\/index.php?rest_route=\/wp\/v2\/pages\/206\/revisions"}],"up":[{"embeddable":true,"href":"https:\/\/pakkoneuloosi86.blogaaja.fi\/index.php?rest_route=\/wp\/v2\/pages\/195"}],"wp:attachment":[{"href":"https:\/\/pakkoneuloosi86.blogaaja.fi\/index.php?rest_route=%2Fwp%2Fv2%2Fmedia&parent=206"}],"curies":[{"name":"wp","href":"https:\/\/api.w.org\/{rel}","templated":true}]}}