{"id":204,"date":"2016-11-13T21:00:56","date_gmt":"2016-11-13T19:00:56","guid":{"rendered":"http:\/\/pakkoneuloosi86.blogaaja.fi\/?page_id=204"},"modified":"2016-12-01T07:10:07","modified_gmt":"2016-12-01T05:10:07","slug":"1-asennevammalasta-paivaa-2-11-2016","status":"publish","type":"page","link":"https:\/\/pakkoneuloosi86.blogaaja.fi\/?page_id=204","title":{"rendered":"-Asennevammalasta p\u00e4iv\u00e4\u00e4 ;) 2.11.2016"},"content":{"rendered":"<p>Alunperin mun piti kirjottaa viikonlopun mahtavasta Helsinginreissusta, mut sitten tuli t\u00e4m\u00e4 eteen, kun l\u00e4hin t\u00f6ist\u00e4 yhen j\u00e4lkeen;<\/p>\n<p><img loading=\"lazy\" class=\"alignnone size-medium wp-image-426\" src=\"http:\/\/pakkoneuloosi86.blogaaja.fi\/files\/2016\/11\/20161120_220354-289x300.jpg\" alt=\"_20161120_220354\" width=\"289\" height=\"300\" srcset=\"https:\/\/pakkoneuloosi86.blogaaja.fi\/files\/2016\/11\/20161120_220354-289x300.jpg 289w, https:\/\/pakkoneuloosi86.blogaaja.fi\/files\/2016\/11\/20161120_220354-768x798.jpg 768w, https:\/\/pakkoneuloosi86.blogaaja.fi\/files\/2016\/11\/20161120_220354.jpg 986w\" sizes=\"(max-width: 289px) 100vw, 289px\" \/><\/p>\n<p>Alunperink\u00e4\u00e4n en oo syksyihminen, vaikka syksyll\u00e4 oon syntyny. Ainut hieno asia syksyss\u00e4 on alkusyksyn v\u00e4riloisto ja pimein\u00e4 iltoina ja h\u00e4m\u00e4rin\u00e4 p\u00e4ivin\u00e4 kynttil\u00f6iden polttaminen. Eik\u00e4 ne kuivat, kirpakat ja aurinkoiset aamutkaan pahoja oo. Mut sit on se varjopuoli. Kylm\u00e4\u00e4, m\u00e4rk\u00e4\u00e4, pime\u00e4\u00e4, kalseeta, tuulista, vesisadetta,m\u00e4rk\u00e4\u00e4, pime\u00e4\u00e4, kylm\u00e4\u00e4, vett\u00e4, vett\u00e4, tuulta.. \u00c4ll\u00f6tt\u00e4v\u00e4\u00e4!! Ellei k\u00e4yny selv\u00e4ks jo \ud83d\ude00 Joka aamu t\u00f6ihin l\u00e4htiess\u00e4 v\u00e4sytt\u00e4\u00e4, kun on pimeet\u00e4 kun m\u00f6r\u00f6n pyllyss\u00e4. Ja mit\u00e4 pidemm\u00e4lle syksyss\u00e4 menn\u00e4\u00e4n talvea kohti, niin aina pahenee.. Onneks \u00a0kuitenkin on Joulu edes v\u00e4h\u00e4n helpottamassa t\u00e4t\u00e4 tuskaa, kun ei kotiin tullessakaan oo kohta en\u00e4\u00e4 valosaa, kellojen edestakasesta renkkaamisesta en viitti edes sanoa mit\u00e4\u00e4n. Ja ai ett\u00e4 se tunne, kun pit\u00e4\u00e4 topata vaatekertoja p\u00e4\u00e4lle sata, ett\u00e4 tarkenee. Jos nyt jo on toppavaatteet k\u00e4yt\u00f6ss\u00e4, niin miten tarkenen, kun pakkaset alkaa?? Jonain p\u00e4iv\u00e4n\u00e4, mi\u00e4 viel\u00e4 viet\u00e4n syksyt ja talvet jossain l\u00e4mpim\u00e4mm\u00e4ss\u00e4 maassa.. Sit\u00e4 ootellessa \ud83d\ude00<\/p>\n<p><img loading=\"lazy\" class=\"alignnone size-medium wp-image-427\" src=\"http:\/\/pakkoneuloosi86.blogaaja.fi\/files\/2016\/11\/20161120_220012-1-300x166.jpg\" alt=\"_20161120_220012\" width=\"300\" height=\"166\" srcset=\"https:\/\/pakkoneuloosi86.blogaaja.fi\/files\/2016\/11\/20161120_220012-1-300x166.jpg 300w, https:\/\/pakkoneuloosi86.blogaaja.fi\/files\/2016\/11\/20161120_220012-1-768x426.jpg 768w, https:\/\/pakkoneuloosi86.blogaaja.fi\/files\/2016\/11\/20161120_220012-1.jpg 1024w\" sizes=\"(max-width: 300px) 100vw, 300px\" \/><\/p>\n<p>Nyt kello on 17:40 ja ulkona n\u00e4ytt\u00e4\u00e4 v\u00e4h\u00e4n siedett\u00e4v\u00e4mm\u00e4lt\u00e4, mut kylm\u00e4 siell\u00e4 on edelleen. Ja mi\u00e4 en vaan kest\u00e4 kylm\u00e4\u00e4, mik\u00e4li se ei jo tullu selv\u00e4ks t\u00e4ss\u00e4 aiemmin \ud83d\ude00 Parhaimmillaan talvi on esteettisesti tosi upeeta aikaa, mut mik\u00e4li olis mahollista ihailisin sit\u00e4 mieluummin sis\u00e4lt\u00e4 ikkunasta, kun olisin ulkona palelemassa. Silkkaa asennevammaahan t\u00e4\u00e4 on, tiedostan sen t\u00e4ysin. Eik\u00e4 se murmuttamisella parane yht\u00e4\u00e4n. Ehk\u00e4 se lievenee v\u00e4h\u00e4n semmosena kauniina talvip\u00e4iv\u00e4n\u00e4, kun on pikku pakkanen ja aurinko paistaa. Niit\u00e4kin odotellessa.<\/p>\n<p>Ja jotta ei ihan valittamiseks menis, tehtiin meill\u00e4 t\u00e4n\u00e4\u00e4n t\u00e4ll\u00e4st\u00e4 t\u00f6iden ja pojan hoitop\u00e4iv\u00e4n j\u00e4lkeen;<\/p>\n<p><img loading=\"lazy\" class=\"alignnone size-medium wp-image-428\" src=\"http:\/\/pakkoneuloosi86.blogaaja.fi\/files\/2016\/11\/20161120_220634-178x300.jpg\" alt=\"_20161120_220634\" width=\"178\" height=\"300\" srcset=\"https:\/\/pakkoneuloosi86.blogaaja.fi\/files\/2016\/11\/20161120_220634-178x300.jpg 178w, https:\/\/pakkoneuloosi86.blogaaja.fi\/files\/2016\/11\/20161120_220634.jpg 574w\" sizes=\"(max-width: 178px) 100vw, 178px\" \/><\/p>\n<p>Kaivettiin luistimet esiin ja k\u00e4ytiin yhdess\u00e4 mun kahden siskon ja mun pojan kanssa luistelemassa j\u00e4\u00e4hallissa. Ei siell\u00e4 ollu yht\u00e4\u00e4n kylm\u00e4 \ud83d\ude09 kun oli pukeutunu niinkun olis Siperiaan menossa keskitalvella \ud83d\ude09 Ja nuorempana luistelu oli hyvinkin aktiivisesti el\u00e4m\u00e4ss\u00e4 mukana, sittemmin aktiiviset luistelijat on ollu mun kiekkoilevat sisarukset \ud83d\ude00 Osa kiekkoilee edelleenkin.. Kev\u00e4ttalvella pojalla oli oltava sel\u00e4n takana joku tukemassa ja varmistamassa sen lis\u00e4ks, ett\u00e4 piti luistelutelineest\u00e4 kiinni. Poika on varmaan unissaan oppinu kes\u00e4n aikana luistelemaan, koska t\u00e4n\u00e4\u00e4n puolen vuoden j\u00e4lkeen h\u00e4\u00e4 luisteli itsen\u00e4isesti luistelutelineen kanssa \ud83d\ude42 Aivan mahtavaa &lt;3 Karhulan j\u00e4\u00e4hallissahan j\u00e4rjestet\u00e4\u00e4n siis sek\u00e4 mailallista, ett\u00e4 mailatonta yleis\u00f6luistelua seuraavasti;<\/p>\n<h2><strong><em>Yleis\u00f6luisteluvuorot Kotkan j\u00e4\u00e4halleilla<\/em><\/strong><\/h2>\n<p><strong><em>Huom!<br \/>\nYlim\u00e4\u00e4r\u00e4iset vuorot<\/em><\/strong><\/p>\n<p><strong><em>La 5.11. mailaton vuoro kilpahalli klo 10.00-14.00<\/em><\/strong><br \/>\n<strong><em>La 5.11. mailallinen vuoro kilpahalli klo 14.15-18.00<\/em><\/strong><\/p>\n<p><strong><em>Su 6.11. mailaton vuoro kilpahalli klo 9.15-12.00<\/em><\/strong><br \/>\n<strong><em>Su 6.11. mailallinen vuoro kilpahalli klo 12.15-14.00<\/em><\/strong><\/p>\n<p><strong><em>Vakiovuorot joka viikko:<\/em><\/strong><\/p>\n<p><strong><em>Mailallinen vuoro<\/em><\/strong><br \/>\n<strong><em>Ti-pe harjoitushalli klo 14.00-15.15<\/em><\/strong><br \/>\n<strong><em>Su kilpahalli klo 10.00-10.45 (su 6.11. eri aika kts. yll\u00e4)<\/em><\/strong><\/p>\n<p><strong><em>Mailaton vuoro<\/em><\/strong><br \/>\n<strong><em>Ma kilpahalli klo 13.30-15.00<\/em><\/strong><br \/>\n<strong><em>Ti-to kilpahalli klo 14.00-15.30<\/em><\/strong><br \/>\n<strong><em>Su kilpahalli klo 9.15-10.00 (su 6.11. eri aika kts. yll\u00e4)<\/em><\/strong><\/p>\n<p><strong><em>Muutoksista esim. turnauksista johtuen ilmoitetaan t\u00e4ll\u00e4 palstalla.<\/em><\/strong><\/p>\n<p><strong><em>Molemmissa halleissa yleis\u00f6luistelu on aikuisilta 2 \u20ac, lapsilta (alle 18-v) 1 \u20ac ja alle 8-vuotiaat p\u00e4\u00e4sev\u00e4t aikuisen seurassa ilmaiseksi.<\/em><\/strong><\/p>\n<p>Ett\u00e4 ei muuta, kun sekaan vaan \ud83d\ude42<\/p>\n<p>P\u00e4iv\u00e4n p\u00e4\u00e4tteeks k\u00e4ytiin pojan mummilassa, eli mun porukoilla kattomassa pojan enoja ja t\u00e4tej\u00e4 ja mummia ja vaaria ja muuta paikalla olevaa porukkaa. Ja siell\u00e4h\u00e4n oli porukoiden 4,5 vkon ik\u00e4set Suomenlapinkoiranpennutkin, oli ne vaan niin lumoavia &lt;3 Olis tehny mieli ottaa taskuun ja tuoda kotiin &lt;3 Kissa olis voinu kyll\u00e4 olla eri mielt\u00e4.<\/p>\n<p><img loading=\"lazy\" class=\"alignnone size-medium wp-image-429\" src=\"http:\/\/pakkoneuloosi86.blogaaja.fi\/files\/2016\/11\/20161120_220703-166x300.jpg\" alt=\"_20161120_220703\" width=\"166\" height=\"300\" srcset=\"https:\/\/pakkoneuloosi86.blogaaja.fi\/files\/2016\/11\/20161120_220703-166x300.jpg 166w, https:\/\/pakkoneuloosi86.blogaaja.fi\/files\/2016\/11\/20161120_220703.jpg 533w\" sizes=\"(max-width: 166px) 100vw, 166px\" \/>\u00a0<img loading=\"lazy\" class=\"alignnone size-medium wp-image-430\" src=\"http:\/\/pakkoneuloosi86.blogaaja.fi\/files\/2016\/11\/20161120_220736-217x300.jpg\" alt=\"_20161120_220736\" width=\"217\" height=\"300\" srcset=\"https:\/\/pakkoneuloosi86.blogaaja.fi\/files\/2016\/11\/20161120_220736-217x300.jpg 217w, https:\/\/pakkoneuloosi86.blogaaja.fi\/files\/2016\/11\/20161120_220736.jpg 531w\" sizes=\"(max-width: 217px) 100vw, 217px\" \/><\/p>\n<p><img loading=\"lazy\" class=\"alignnone size-medium wp-image-422\" src=\"http:\/\/pakkoneuloosi86.blogaaja.fi\/files\/2016\/11\/20161120_220118-300x159.jpg\" alt=\"_20161120_220118\" width=\"300\" height=\"159\" srcset=\"https:\/\/pakkoneuloosi86.blogaaja.fi\/files\/2016\/11\/20161120_220118-300x159.jpg 300w, https:\/\/pakkoneuloosi86.blogaaja.fi\/files\/2016\/11\/20161120_220118-768x407.jpg 768w, https:\/\/pakkoneuloosi86.blogaaja.fi\/files\/2016\/11\/20161120_220118.jpg 1024w\" sizes=\"(max-width: 300px) 100vw, 300px\" \/><\/p>\n<p>N\u00e4in Pikku Kakkosen p\u00e4\u00e4tytty\u00e4 velvollisuudet kutsuu pojan iltatoimien merkeiss\u00e4. Mukavaa pikkulauantaita kaikille! \ud83d\ude42<\/p>\n<p>&lt;3 Heidi<\/p>\n","protected":false},"excerpt":{"rendered":"<p>Alunperin mun piti kirjottaa viikonlopun mahtavasta Helsinginreissusta, mut sitten tuli t\u00e4m\u00e4 eteen, kun l\u00e4hin t\u00f6ist\u00e4 yhen j\u00e4lkeen; Alunperink\u00e4\u00e4n en oo syksyihminen, vaikka syksyll\u00e4 oon syntyny. Ainut hieno asia syksyss\u00e4 on alkusyksyn v\u00e4riloisto ja pimein\u00e4 iltoina ja h\u00e4m\u00e4rin\u00e4 p\u00e4ivin\u00e4 kynttil\u00f6iden polttaminen. Eik\u00e4 ne kuivat, kirpakat ja aurinkoiset aamutkaan pahoja oo. Mut sit on se varjopuoli. Kylm\u00e4\u00e4, &hellip; <a href=\"https:\/\/pakkoneuloosi86.blogaaja.fi\/?page_id=204\" class=\"more-link\">Jatka artikkeliin <span class=\"screen-reader-text\">-Asennevammalasta p\u00e4iv\u00e4\u00e4 \ud83d\ude09 2.11.2016<\/span><\/a><\/p>\n","protected":false},"author":15737,"featured_media":0,"parent":195,"menu_order":1,"comment_status":"open","ping_status":"closed","template":"","meta":[],"yoast_head":"<!-- This site is optimized with the Yoast SEO plugin v15.6.2 - https:\/\/yoast.com\/wordpress\/plugins\/seo\/ -->\n<title>-Asennevammalasta p\u00e4iv\u00e4\u00e4 ;) 2.11.2016 - Pakkoneulootikon el\u00e4m\u00e4\u00e4<\/title>\n<meta name=\"robots\" content=\"index, follow, max-snippet:-1, max-image-preview:large, max-video-preview:-1\" \/>\n<link rel=\"canonical\" href=\"https:\/\/pakkoneuloosi86.blogaaja.fi\/?page_id=204\" \/>\n<meta property=\"og:locale\" content=\"fi_FI\" \/>\n<meta property=\"og:type\" content=\"article\" \/>\n<meta property=\"og:title\" content=\"-Asennevammalasta p\u00e4iv\u00e4\u00e4 ;) 2.11.2016 - Pakkoneulootikon el\u00e4m\u00e4\u00e4\" \/>\n<meta property=\"og:description\" content=\"Alunperin mun piti kirjottaa viikonlopun mahtavasta Helsinginreissusta, mut sitten tuli t\u00e4m\u00e4 eteen, kun l\u00e4hin t\u00f6ist\u00e4 yhen j\u00e4lkeen; Alunperink\u00e4\u00e4n en oo syksyihminen, vaikka syksyll\u00e4 oon syntyny. Ainut hieno asia syksyss\u00e4 on alkusyksyn v\u00e4riloisto ja pimein\u00e4 iltoina ja h\u00e4m\u00e4rin\u00e4 p\u00e4ivin\u00e4 kynttil\u00f6iden polttaminen. Eik\u00e4 ne kuivat, kirpakat ja aurinkoiset aamutkaan pahoja oo. Mut sit on se varjopuoli. Kylm\u00e4\u00e4, &hellip; Jatka artikkeliin -Asennevammalasta p\u00e4iv\u00e4\u00e4 ;) 2.11.2016\" \/>\n<meta property=\"og:url\" content=\"https:\/\/pakkoneuloosi86.blogaaja.fi\/?page_id=204\" \/>\n<meta property=\"og:site_name\" content=\"Pakkoneulootikon el\u00e4m\u00e4\u00e4\" \/>\n<meta property=\"article:modified_time\" content=\"2016-12-01T05:10:07+00:00\" \/>\n<meta property=\"og:image\" content=\"http:\/\/pakkoneuloosi86.blogaaja.fi\/files\/2016\/11\/20161120_220354-289x300.jpg\" \/>\n<meta name=\"twitter:card\" content=\"summary_large_image\" \/>\n<meta name=\"twitter:label1\" content=\"Est. reading time\">\n\t<meta name=\"twitter:data1\" content=\"3 minuuttia\">\n<script type=\"application\/ld+json\" class=\"yoast-schema-graph\">{\"@context\":\"https:\/\/schema.org\",\"@graph\":[{\"@type\":\"WebSite\",\"@id\":\"https:\/\/pakkoneuloosi86.blogaaja.fi\/#website\",\"url\":\"https:\/\/pakkoneuloosi86.blogaaja.fi\/\",\"name\":\"Pakkoneulootikon el\\u00e4m\\u00e4\\u00e4\",\"description\":\"Asiasta aidanseip\\u00e4\\u00e4seen ja takasin ;)\",\"potentialAction\":[{\"@type\":\"SearchAction\",\"target\":\"https:\/\/pakkoneuloosi86.blogaaja.fi\/?s={search_term_string}\",\"query-input\":\"required name=search_term_string\"}],\"inLanguage\":\"fi\"},{\"@type\":\"ImageObject\",\"@id\":\"https:\/\/pakkoneuloosi86.blogaaja.fi\/?page_id=204#primaryimage\",\"inLanguage\":\"fi\",\"url\":\"http:\/\/pakkoneuloosi86.blogaaja.fi\/files\/2016\/11\/20161120_220354-289x300.jpg\"},{\"@type\":\"WebPage\",\"@id\":\"https:\/\/pakkoneuloosi86.blogaaja.fi\/?page_id=204#webpage\",\"url\":\"https:\/\/pakkoneuloosi86.blogaaja.fi\/?page_id=204\",\"name\":\"-Asennevammalasta p\\u00e4iv\\u00e4\\u00e4 ;) 2.11.2016 - Pakkoneulootikon el\\u00e4m\\u00e4\\u00e4\",\"isPartOf\":{\"@id\":\"https:\/\/pakkoneuloosi86.blogaaja.fi\/#website\"},\"primaryImageOfPage\":{\"@id\":\"https:\/\/pakkoneuloosi86.blogaaja.fi\/?page_id=204#primaryimage\"},\"datePublished\":\"2016-11-13T19:00:56+00:00\",\"dateModified\":\"2016-12-01T05:10:07+00:00\",\"inLanguage\":\"fi\",\"potentialAction\":[{\"@type\":\"ReadAction\",\"target\":[\"https:\/\/pakkoneuloosi86.blogaaja.fi\/?page_id=204\"]}]}]}<\/script>\n<!-- \/ Yoast SEO plugin. -->","_links":{"self":[{"href":"https:\/\/pakkoneuloosi86.blogaaja.fi\/index.php?rest_route=\/wp\/v2\/pages\/204"}],"collection":[{"href":"https:\/\/pakkoneuloosi86.blogaaja.fi\/index.php?rest_route=\/wp\/v2\/pages"}],"about":[{"href":"https:\/\/pakkoneuloosi86.blogaaja.fi\/index.php?rest_route=\/wp\/v2\/types\/page"}],"author":[{"embeddable":true,"href":"https:\/\/pakkoneuloosi86.blogaaja.fi\/index.php?rest_route=\/wp\/v2\/users\/15737"}],"replies":[{"embeddable":true,"href":"https:\/\/pakkoneuloosi86.blogaaja.fi\/index.php?rest_route=%2Fwp%2Fv2%2Fcomments&post=204"}],"version-history":[{"count":0,"href":"https:\/\/pakkoneuloosi86.blogaaja.fi\/index.php?rest_route=\/wp\/v2\/pages\/204\/revisions"}],"up":[{"embeddable":true,"href":"https:\/\/pakkoneuloosi86.blogaaja.fi\/index.php?rest_route=\/wp\/v2\/pages\/195"}],"wp:attachment":[{"href":"https:\/\/pakkoneuloosi86.blogaaja.fi\/index.php?rest_route=%2Fwp%2Fv2%2Fmedia&parent=204"}],"curies":[{"name":"wp","href":"https:\/\/api.w.org\/{rel}","templated":true}]}}