{"id":193,"date":"2016-11-13T20:43:46","date_gmt":"2016-11-13T18:43:46","guid":{"rendered":"http:\/\/pakkoneuloosi86.blogaaja.fi\/?page_id=193"},"modified":"2016-12-01T07:11:59","modified_gmt":"2016-12-01T05:11:59","slug":"toinen-testi","status":"publish","type":"page","link":"https:\/\/pakkoneuloosi86.blogaaja.fi\/?page_id=193","title":{"rendered":"-Syysterveiset 24.10.2016"},"content":{"rendered":"<p><img loading=\"lazy\" class=\"alignnone size-medium wp-image-356\" src=\"http:\/\/pakkoneuloosi86.blogaaja.fi\/files\/2016\/11\/20161120_210519-300x193.jpg\" alt=\"_20161120_210519\" width=\"300\" height=\"193\" srcset=\"https:\/\/pakkoneuloosi86.blogaaja.fi\/files\/2016\/11\/20161120_210519-300x193.jpg 300w, https:\/\/pakkoneuloosi86.blogaaja.fi\/files\/2016\/11\/20161120_210519-768x494.jpg 768w, https:\/\/pakkoneuloosi86.blogaaja.fi\/files\/2016\/11\/20161120_210519.jpg 881w\" sizes=\"(max-width: 300px) 100vw, 300px\" \/><\/p>\n<p>Hain t\u00e4n\u00e4\u00e4n pojan p\u00e4iv\u00e4kodista t\u00f6iden j\u00e4lkeen ja siin\u00e4 k\u00e4si k\u00e4dess\u00e4 kotiin k\u00e4velless\u00e4 mietittiin mit\u00e4 t\u00e4n\u00e4\u00e4n teht\u00e4isiin loppup\u00e4iv\u00e4. Normaalisti siis haen pojan klo 13:30, jolloin j\u00e4\u00e4 reilusti aikaa iltap\u00e4iv\u00e4st\u00e4, mutta t\u00e4n\u00e4\u00e4n hain poikkeuksellisesti 15:30.<\/p>\n<p>Kotona tuppasi tulemaan k\u00e4nkk\u00e4r\u00e4nkk\u00e4 vaatteiden riisumisen kanssa ja aamun uhmailun takia iltapiirretytkin oli menny jo pannaan. Piti siis todenteolla keksi\u00e4 tekemist\u00e4 jotta ilta menis rattosasti. Pelattiin ensin er\u00e4 Afrikan t\u00e4hte\u00e4, sen j\u00e4lkeen muumi numeromuistipeli\u00e4 ja lopuksi pari er\u00e4\u00e4 pomppivia kaneja. Poika muistikin pelien j\u00e4lkeen, ett\u00e4 olin kotimatkalla maininnut kuivumassa olevat vaahteranlehdet, jotka oltiin ker\u00e4tty jo kuukausi sitten ja laitettu painumaan kirjojen v\u00e4liin.<\/p>\n<p>Kaivettiin ne esille, sek\u00e4 paperia, kuumaliimapyssy ja sopivia koristeluelementtej\u00e4, joita tietenkin olin k\u00e4yny viikko aiemmin \u201dlainaamassa\u201d \u00e4itin askartelukaapista <img class=\"wp-smiley\" src=\"http:\/\/pakkoneuloosi86.blogaaja.fi\/wp-includes\/images\/smilies\/icon_wink.gif\" alt=\";)\" \/> Sovittiin pojan kanssa, ett\u00e4 h\u00e4n neuvoo ja min\u00e4 liimaan, ettei sitten k\u00e4y vahinkoa kuumaliimapyssyn kanssa. Tokihan tuo innoissaan kumminkin ranteensa siihen tuuppasi ohimennen, mut hienosti osasi k\u00e4yd\u00e4 laittamassa kylm\u00e4\u00e4 tapaturmakohdan p\u00e4\u00e4lle ihan itte. J\u00e4lki h\u00e4dintuskin oli edes havaittavissa tosin <img class=\"wp-smiley\" src=\"http:\/\/pakkoneuloosi86.blogaaja.fi\/wp-includes\/images\/smilies\/icon_biggrin.gif\" alt=\":D\" \/><\/p>\n<p>Ylimm\u00e4ss\u00e4 kuvassa pojan kertoman mukaan on meid\u00e4n rokkit\u00e4htiperhe. Vasemmalta lukien mun avopuoliso eli pojan is\u00e4puoli ja siin\u00e4 vieress\u00e4 min\u00e4, meid\u00e4n v\u00e4liss\u00e4 on kyseinen poika ja oikealle yl\u00e4kulmaan h\u00e4n halusi tehd\u00e4 viel\u00e4 pikku vauvan, vaikkei semmosesta kyll\u00e4 oo h\u00e4nen kanssaan ollu puhetta, eik\u00e4 vauvaa oo viel\u00e4 olemassakaan <img class=\"wp-smiley\" src=\"http:\/\/pakkoneuloosi86.blogaaja.fi\/wp-includes\/images\/smilies\/icon_biggrin.gif\" alt=\":D\" \/> Hassu poika &lt;3<\/p>\n<p>Alakuvassa on sitten pojan mummi ja pari enoa ja \u00e4itikoira, is\u00e4koira ja lapsikoira. Luovana osapuolena t\u00e4ss\u00e4 siis oli mun poika tosiaankin. H\u00e4n ohjeisti mit\u00e4 liimataan ja mihin liimataan ja ojenteli koristeita ja v\u00e4lill\u00e4 kehaisi:\u201d Hyv\u00e4 \u00e4iti, hienosti sin\u00e4 teet niinkun min\u00e4 sanon!\u201d Samalla siin\u00e4 pohdittiin, ett\u00e4 ketk\u00e4 on minun siskoja ja ketk\u00e4 velji\u00e4, eli pojan enoja ja t\u00e4tej\u00e4. Loppuillasta viel\u00e4 tehtiin lettutaikina ja niist\u00e4 letuista tuli todellista lettumuussia <img class=\"wp-smiley\" src=\"http:\/\/pakkoneuloosi86.blogaaja.fi\/wp-includes\/images\/smilies\/icon_biggrin.gif\" alt=\":D\" \/> Liek\u00f6 liian v\u00e4h\u00e4n jauhoja tuli laitettua ja olivat liian l\u00f6r\u00f6j\u00e4 k\u00e4\u00e4nt\u00e4\u00e4 ja meniv\u00e4t sen takia rikki.<\/p>\n<p>Jotta selvittiinh\u00e4n t\u00e4st\u00e4 illasta kumminkin ilman hermoromahdusta pojankin suunnalta vaikka piirretyt j\u00e4ikin v\u00e4list\u00e4. Nyt on poika peitetty s\u00e4nkyyn ja kunhan pyykit saa koneesta on teehetki kera sukkapuikkojen ja Netflixin.<\/p>\n<p>Mukavaa alkanutta viikkoa kaikille<\/p>\n<p>&lt;3 Heidi<\/p>\n<p><img loading=\"lazy\" class=\"alignnone size-medium wp-image-354\" src=\"http:\/\/pakkoneuloosi86.blogaaja.fi\/files\/2016\/11\/20161120_210449-300x193.jpg\" alt=\"_20161120_210449\" width=\"300\" height=\"193\" srcset=\"https:\/\/pakkoneuloosi86.blogaaja.fi\/files\/2016\/11\/20161120_210449-300x193.jpg 300w, https:\/\/pakkoneuloosi86.blogaaja.fi\/files\/2016\/11\/20161120_210449-768x494.jpg 768w, https:\/\/pakkoneuloosi86.blogaaja.fi\/files\/2016\/11\/20161120_210449.jpg 881w\" sizes=\"(max-width: 300px) 100vw, 300px\" \/><\/p>\n","protected":false},"excerpt":{"rendered":"<p>Hain t\u00e4n\u00e4\u00e4n pojan p\u00e4iv\u00e4kodista t\u00f6iden j\u00e4lkeen ja siin\u00e4 k\u00e4si k\u00e4dess\u00e4 kotiin k\u00e4velless\u00e4 mietittiin mit\u00e4 t\u00e4n\u00e4\u00e4n teht\u00e4isiin loppup\u00e4iv\u00e4. Normaalisti siis haen pojan klo 13:30, jolloin j\u00e4\u00e4 reilusti aikaa iltap\u00e4iv\u00e4st\u00e4, mutta t\u00e4n\u00e4\u00e4n hain poikkeuksellisesti 15:30. Kotona tuppasi tulemaan k\u00e4nkk\u00e4r\u00e4nkk\u00e4 vaatteiden riisumisen kanssa ja aamun uhmailun takia iltapiirretytkin oli menny jo pannaan. Piti siis todenteolla keksi\u00e4 tekemist\u00e4 jotta &hellip; <a href=\"https:\/\/pakkoneuloosi86.blogaaja.fi\/?page_id=193\" class=\"more-link\">Jatka artikkeliin <span class=\"screen-reader-text\">-Syysterveiset 24.10.2016<\/span><\/a><\/p>\n","protected":false},"author":15737,"featured_media":0,"parent":186,"menu_order":1,"comment_status":"open","ping_status":"closed","template":"","meta":[],"yoast_head":"<!-- This site is optimized with the Yoast SEO plugin v15.6.2 - https:\/\/yoast.com\/wordpress\/plugins\/seo\/ -->\n<title>-Syysterveiset 24.10.2016 - Pakkoneulootikon el\u00e4m\u00e4\u00e4<\/title>\n<meta name=\"robots\" content=\"index, follow, max-snippet:-1, max-image-preview:large, max-video-preview:-1\" \/>\n<link rel=\"canonical\" href=\"https:\/\/pakkoneuloosi86.blogaaja.fi\/?page_id=193\" \/>\n<meta property=\"og:locale\" content=\"fi_FI\" \/>\n<meta property=\"og:type\" content=\"article\" \/>\n<meta property=\"og:title\" content=\"-Syysterveiset 24.10.2016 - Pakkoneulootikon el\u00e4m\u00e4\u00e4\" \/>\n<meta property=\"og:description\" content=\"Hain t\u00e4n\u00e4\u00e4n pojan p\u00e4iv\u00e4kodista t\u00f6iden j\u00e4lkeen ja siin\u00e4 k\u00e4si k\u00e4dess\u00e4 kotiin k\u00e4velless\u00e4 mietittiin mit\u00e4 t\u00e4n\u00e4\u00e4n teht\u00e4isiin loppup\u00e4iv\u00e4. Normaalisti siis haen pojan klo 13:30, jolloin j\u00e4\u00e4 reilusti aikaa iltap\u00e4iv\u00e4st\u00e4, mutta t\u00e4n\u00e4\u00e4n hain poikkeuksellisesti 15:30. Kotona tuppasi tulemaan k\u00e4nkk\u00e4r\u00e4nkk\u00e4 vaatteiden riisumisen kanssa ja aamun uhmailun takia iltapiirretytkin oli menny jo pannaan. Piti siis todenteolla keksi\u00e4 tekemist\u00e4 jotta &hellip; Jatka artikkeliin -Syysterveiset 24.10.2016\" \/>\n<meta property=\"og:url\" content=\"https:\/\/pakkoneuloosi86.blogaaja.fi\/?page_id=193\" \/>\n<meta property=\"og:site_name\" content=\"Pakkoneulootikon el\u00e4m\u00e4\u00e4\" \/>\n<meta property=\"article:modified_time\" content=\"2016-12-01T05:11:59+00:00\" \/>\n<meta property=\"og:image\" content=\"http:\/\/pakkoneuloosi86.blogaaja.fi\/files\/2016\/11\/20161120_210519-300x193.jpg\" \/>\n<meta name=\"twitter:card\" content=\"summary_large_image\" \/>\n<meta name=\"twitter:label1\" content=\"Est. reading time\">\n\t<meta name=\"twitter:data1\" content=\"2 minuuttia\">\n<script type=\"application\/ld+json\" class=\"yoast-schema-graph\">{\"@context\":\"https:\/\/schema.org\",\"@graph\":[{\"@type\":\"WebSite\",\"@id\":\"https:\/\/pakkoneuloosi86.blogaaja.fi\/#website\",\"url\":\"https:\/\/pakkoneuloosi86.blogaaja.fi\/\",\"name\":\"Pakkoneulootikon el\\u00e4m\\u00e4\\u00e4\",\"description\":\"Asiasta aidanseip\\u00e4\\u00e4seen ja takasin ;)\",\"potentialAction\":[{\"@type\":\"SearchAction\",\"target\":\"https:\/\/pakkoneuloosi86.blogaaja.fi\/?s={search_term_string}\",\"query-input\":\"required name=search_term_string\"}],\"inLanguage\":\"fi\"},{\"@type\":\"ImageObject\",\"@id\":\"https:\/\/pakkoneuloosi86.blogaaja.fi\/?page_id=193#primaryimage\",\"inLanguage\":\"fi\",\"url\":\"http:\/\/pakkoneuloosi86.blogaaja.fi\/files\/2016\/11\/20161120_210519-300x193.jpg\"},{\"@type\":\"WebPage\",\"@id\":\"https:\/\/pakkoneuloosi86.blogaaja.fi\/?page_id=193#webpage\",\"url\":\"https:\/\/pakkoneuloosi86.blogaaja.fi\/?page_id=193\",\"name\":\"-Syysterveiset 24.10.2016 - Pakkoneulootikon el\\u00e4m\\u00e4\\u00e4\",\"isPartOf\":{\"@id\":\"https:\/\/pakkoneuloosi86.blogaaja.fi\/#website\"},\"primaryImageOfPage\":{\"@id\":\"https:\/\/pakkoneuloosi86.blogaaja.fi\/?page_id=193#primaryimage\"},\"datePublished\":\"2016-11-13T18:43:46+00:00\",\"dateModified\":\"2016-12-01T05:11:59+00:00\",\"inLanguage\":\"fi\",\"potentialAction\":[{\"@type\":\"ReadAction\",\"target\":[\"https:\/\/pakkoneuloosi86.blogaaja.fi\/?page_id=193\"]}]}]}<\/script>\n<!-- \/ Yoast SEO plugin. -->","_links":{"self":[{"href":"https:\/\/pakkoneuloosi86.blogaaja.fi\/index.php?rest_route=\/wp\/v2\/pages\/193"}],"collection":[{"href":"https:\/\/pakkoneuloosi86.blogaaja.fi\/index.php?rest_route=\/wp\/v2\/pages"}],"about":[{"href":"https:\/\/pakkoneuloosi86.blogaaja.fi\/index.php?rest_route=\/wp\/v2\/types\/page"}],"author":[{"embeddable":true,"href":"https:\/\/pakkoneuloosi86.blogaaja.fi\/index.php?rest_route=\/wp\/v2\/users\/15737"}],"replies":[{"embeddable":true,"href":"https:\/\/pakkoneuloosi86.blogaaja.fi\/index.php?rest_route=%2Fwp%2Fv2%2Fcomments&post=193"}],"version-history":[{"count":0,"href":"https:\/\/pakkoneuloosi86.blogaaja.fi\/index.php?rest_route=\/wp\/v2\/pages\/193\/revisions"}],"up":[{"embeddable":true,"href":"https:\/\/pakkoneuloosi86.blogaaja.fi\/index.php?rest_route=\/wp\/v2\/pages\/186"}],"wp:attachment":[{"href":"https:\/\/pakkoneuloosi86.blogaaja.fi\/index.php?rest_route=%2Fwp%2Fv2%2Fmedia&parent=193"}],"curies":[{"name":"wp","href":"https:\/\/api.w.org\/{rel}","templated":true}]}}